{"id":1020,"date":"2019-03-28T22:59:04","date_gmt":"2019-03-28T22:59:04","guid":{"rendered":"https:\/\/epg.unp.edu.pe\/eposgrado\/?page_id=1020"},"modified":"2025-02-24T18:29:24","modified_gmt":"2025-02-24T18:29:24","slug":"agricultura-sostenible-para-exportacion","status":"publish","type":"page","link":"https:\/\/epg.unp.edu.pe\/eposgrado\/maestrias\/promagro\/agricultura-sostenible-para-exportacion\/","title":{"rendered":" Maestr\u00eda en Ciencias Agrarias con menci\u00f3n en Agricultura Sostenible para Exportaci\u00f3n"},"content":{"rendered":"<h2 style=\"text-align: justify;\"><strong>Presentaci\u00f3n<\/strong><\/h2>\n<p style=\"text-align: justify;\">El Programa de Maestr\u00eda en Ciencias Agrarias con Menci\u00f3n en Agricultura Sostenible para Exportaci\u00f3n ofrece una formaci\u00f3n posgradual proporcionando informaci\u00f3n y conocimientos b\u00e1sicos en agricultura y t\u00e9cnicas de exportaci\u00f3n, orientada a resolver problemas del agro especialmente en el aumento de la productividad, calidad y duraci\u00f3n en el tiempo de los vol\u00famenes de cosecha, para propiciar una adecuada comercializaci\u00f3n que genere mayores ingresos en los productores agrarios.<\/p>\n<h3 style=\"text-align: justify;\"><strong>Objetivos<\/strong><\/h3>\n<ul class=\"omsc-icons-ul fa-ul\">\n<li style=\"text-align: justify; margin-left: 20px;\"><i class=\"fa-li fa fa-chevron-right\"><\/i>Formar profesionales capaces de realizar innovaciones tecnol\u00f3gicas que hagan posible una agricultura sostenible para exportaci\u00f3n.<\/li>\n<li style=\"text-align: justify; margin-left: 20px;\"><i class=\"fa-li fa fa-chevron-right\"><\/i>El mag\u00edster, estar\u00e1 preparado para brindar asesoramiento en \u00e1reas espec\u00edficas del manejo de cultivos.<\/li>\n<li style=\"text-align: justify; margin-left: 20px;\"><i class=\"fa-li fa fa-chevron-right\"><\/i>Propiciar un uso y manejo adecuado de los recursos naturales para elevar la producci\u00f3n de los principales cultivos industriales.<\/li>\n<li style=\"text-align: justify; margin-left: 20px;\"><i class=\"fa-li fa fa-chevron-right\"><\/i>Fomentar la capacitaci\u00f3n de los profesionales con conocimientos amplios y actualizados de la producci\u00f3n agraria, con el fin de realizar investigaci\u00f3n y contribuir al bienestar de los agricultores.<\/li>\n<li style=\"text-align: justify; margin-left: 20px;\"><i class=\"fa-li fa fa-chevron-right\"><\/i>Promover el trabajo interdisciplinario y el contacto con los diferentes centros de investigaci\u00f3n como estrategia para el progreso en la generaci\u00f3n del conocimiento cient\u00edfico y tecnol\u00f3gico.<\/li>\n<\/ul>\n<div class=\"omsc-tabs\"><ul class=\"omsc-tabs-control omsc-clearfix\"><li><a href=\"#tab-plan-de-estudios\"><span>Plan de Estudios<\/span><\/a><\/li><li><a href=\"#tab-horario-de-clases\"><span>Horario de clases<\/span><\/a><\/li><li><a href=\"#tab-inversion-economica\"><span>Inversi\u00f3n Econ\u00f3mica<\/span><\/a><\/li><\/ul><div class=\"omsc-tabs-tabs\"><\/p>\n<p><div class=\"omsc-tabs-tab omsc-tab-plan-de-estudios\"><\/p>\n<table class=\"tabla\" border=\"1\">\n<tbody>\n<tr class=\"encabezado\">\n<td><strong>ASIGNATURA<\/strong><\/td>\n<td><strong>CREDITOS<\/strong><\/td>\n<\/tr>\n<tr class=\"resaltado\">\n<td class=\"tab1\" colspan=\"4\"><strong>I CICLO<\/strong><\/td>\n<\/tr>\n<tr class=\"alternar\">\n<td class=\"tab1\">FRUTALES Y HORTALIZAS DE EXPORTACI\u00d3N<\/td>\n<td align=\"center\">03<\/td>\n<\/tr>\n<tr class=\"alternar\">\n<td class=\"tab1\">AGRICULTURA ORG\u00c1NICA<\/td>\n<td align=\"center\">04<\/td>\n<\/tr>\n<tr class=\"alternar\">\n<td class=\"tab1\">SEMINARIO EN AGROEXPORTACI\u00d3N I<\/td>\n<td align=\"center\">02<\/td>\n<\/tr>\n<tr class=\"alternar\">\n<td class=\"tab1\">ECOFISIOLOGIA DE CULTIVOS<\/td>\n<td align=\"center\">04<\/td>\n<\/tr>\n<tr class=\"resaltado\">\n<td class=\"tab1\" colspan=\"4\"><strong>II CICLO<\/strong><\/td>\n<\/tr>\n<tr class=\"alternar\">\n<td class=\"tab1\">SEMINARIO EN AGROEXPORTACI\u00d3N II<\/td>\n<td align=\"center\">02<\/td>\n<\/tr>\n<tr class=\"alternar\">\n<td class=\"tab1\">TECNICAS DE EXPORTACI\u00d3N AGR\u00cdCOLA Y TLC<\/td>\n<td align=\"center\">03<\/td>\n<\/tr>\n<tr class=\"alternar\">\n<td class=\"tab1\">TRATAMIENTO POSCOSECHA<\/td>\n<td align=\"center\">03<\/td>\n<\/tr>\n<tr class=\"alternar\">\n<td class=\"tab1\">RESIDUOS DE AGROQU\u00cdMICOS EN PRODUCTOS AGR\u00cdCOLAS<\/td>\n<td align=\"center\">03<\/td>\n<\/tr>\n<tr class=\"alternar\">\n<td class=\"tab1\">AGRONEGOCIOS Y COMERCIO EXTERIOR<\/td>\n<td align=\"center\">03<\/td>\n<\/tr>\n<tr class=\"resaltado\">\n<td class=\"tab1\" colspan=\"4\"><strong>III CICLO<\/strong><\/td>\n<\/tr>\n<tr class=\"alternar\">\n<td class=\"tab1\">PROYECTO DE INVERSI\u00d3N AGR\u00cdCOLA<\/td>\n<td align=\"center\">03<\/td>\n<\/tr>\n<tr class=\"alternar\">\n<td class=\"tab1\">MANEJO Y VALOR DEL RECURSO AGUA Y SUELO<\/td>\n<td align=\"center\">02<\/td>\n<\/tr>\n<tr class=\"alternar\">\n<td class=\"tab1\">INVESTIGACION AGR\u00cdCOLA I<\/td>\n<td align=\"center\">03<\/td>\n<\/tr>\n<tr class=\"alternar\">\n<td class=\"tab1\">AGROECOSISTEMAS SOSTENIBLES<\/td>\n<td align=\"center\">04<\/td>\n<\/tr>\n<tr class=\"resaltado\">\n<td class=\"tab1\" colspan=\"4\"><strong>IV CICLO<\/strong><\/td>\n<\/tr>\n<tr class=\"alternar\">\n<td class=\"tab1\">BUENAS PRACTICAS AGR\u00cdCOLAS PARA EXPORTACI\u00d3N<\/td>\n<td align=\"center\">02<\/td>\n<\/tr>\n<tr class=\"alternar\">\n<td class=\"tab1\">AGRICULTURA Y CAMBIO CLIM\u00c1TICO<\/td>\n<td align=\"center\">02<\/td>\n<\/tr>\n<tr class=\"alternar\">\n<td class=\"tab1\">INVESTIGACION AGR\u00cdCOLA II<\/td>\n<td align=\"center\">04<\/td>\n<\/tr>\n<tr class=\"alternar\">\n<td class=\"tab1\">CULTIVOS INDUSTRIALES<\/td>\n<td align=\"center\">04<\/td>\n<\/tr>\n<tr class=\"encabezado\">\n<td style=\"text-align: center;\"><strong>TOTAL DE CR\u00c9DITOS<\/strong><\/td>\n<td align=\"center\"><strong>50<\/strong><\/td>\n<\/tr>\n<\/tbody>\n<\/table>\n<p><\/div><\/p>\n<p><div class=\"omsc-tabs-tab omsc-tab-horario-de-clases\"><\/p>\n<table class=\"tablahorario\">\n<tbody>\n<tr>\n<td><strong>S\u00e1bados:<\/strong><\/td>\n<td>3:30 p.m. &#8211; 7:30 p.m.<\/td>\n<\/tr>\n<tr>\n<td><strong>Domingos:<\/strong><\/td>\n<td>8:00 a.m. &#8211; 12:00 p.m.<\/td>\n<\/tr>\n<\/tbody>\n<\/table>\n<p style=\"text-align: justify; margin-left: 10px;\"><strong>\u00abMODALIDAD DE ESTUDIOS: A DISTANCIA\u00bb<\/strong><\/p>\n<p><\/div><\/p>\n<p><div class=\"omsc-tabs-tab omsc-tab-inversion-economica\"><\/p>\n<table class=\"tabla\" border=\"1\">\n<tbody>\n<tr class=\"resaltado\" align=\"center\">\n<td><strong>CONCEPTO<\/strong><\/td>\n<td><strong>MONTO<\/strong><\/td>\n<\/tr>\n<tr class=\"alternar\">\n<td class=\"tab1\"><strong>Admisi\u00f3n (\u00fanica)<\/strong><\/td>\n<td align=\"center\">S\/. 510.60<\/td>\n<\/tr>\n<tr class=\"alternar\">\n<td class=\"tab1\"><strong>Matr\u00edcula Anual (2, anuales)<\/strong><\/td>\n<td align=\"center\">S\/. 662<\/td>\n<\/tr>\n<tr class=\"alternar\">\n<td class=\"tab1\"><strong>Pensi\u00f3n de Ense\u00f1anza (24, mensuales)<\/strong><\/td>\n<td align=\"center\">S\/. 250.00<\/td>\n<\/tr>\n<\/tbody>\n<\/table>\n<p><div class=\"omsc-divider omsc-border-large omsc-style-single\" style=\"\"><\/div><\/p>\n<table class=\"tabla\" border=\"1\">\n<tbody>\n<tr class=\"resaltado\" align=\"center\">\n<td colspan=\"2\"><strong>INFORMACI\u00d3N GENERAL<br \/>\nTRANSACCI\u00d3N (9135) &#8211; BANCO DE LA NACI\u00d3N<\/strong><\/td>\n<\/tr>\n<tr class=\"resaltado\" align=\"center\">\n<td><strong>CONCEPTO<\/strong><\/td>\n<td><strong>C\u00d3DIGO<\/strong><\/td>\n<\/tr>\n<tr class=\"alternar\">\n<td class=\"tab1\">Derecho de Admisi\u00f3n<\/td>\n<td align=\"center\">15<\/td>\n<\/tr>\n<tr class=\"alternar\">\n<td class=\"tab1\">Matr\u00edcula de Posgrado<\/td>\n<td align=\"center\">57<\/td>\n<\/tr>\n<tr class=\"alternar\">\n<td class=\"tab1\">Pensi\u00f3n de Ense\u00f1anza Posgrado<\/td>\n<td align=\"center\">61<\/td>\n<\/tr>\n<\/tbody>\n<\/table>\n<ul class=\"omsc-icons-ul fa-ul\">\n<li style=\"text-align: justify;\"><i class=\"fa-li fa fa-check\"><\/i><strong>Los pagos deben ser realizados mediante Ventanilla del Banco de la Naci\u00f3n o Pagalo.pe.<\/strong><\/li>\n<li style=\"text-align: justify;\"><i class=\"fa-li fa fa-check\"><\/i><strong>Realizar los pagos por concepto de Pensi\u00f3n de Ense\u00f1anza Posgrado en un solo voucher (m\u00e1s de una pensi\u00f3n).<\/strong><\/li>\n<li style=\"text-align: justify;\"><i class=\"fa-li fa fa-check\"><\/i><strong>El pago por concepto de Matr\u00edcula se debe realizar en un \u00fanico voucher.<\/strong><\/li>\n<li style=\"text-align: justify;\"><i class=\"fa-li fa fa-check\"><\/i><strong>Los pagos realizados deber\u00e1n ser reportados dentro del mismo mes.<\/strong><\/li>\n<\/ul>\n<p><\/div><br \/>\n<\/div><div class=\"omsc-clear\"><\/div><\/div>\n<a class=\"omsc-button omsc-no-custom-hover omsc-size-medium omsc-with-icon omsc-style-emboss omsc-text-bright\" href=\"https:\/\/drive.google.com\/open?id=1_87maxPI4q0ZUo3lNGWRi9ORM1RRtGd8\" target=\"_blank\" style=\"background-color:#922446;border-color:#922446;color:#ffffff\"><i class=\"fa fa-arrow-circle-o-down\"><\/i>PLAN CURRICULAR<\/a>\n<p><strong>Coordinador de la Maestr\u00eda en Ciencias Agrarias (PROMAGRO):<\/strong><br \/>\n<strong>Dr. Cesar Ra\u00fal Tuesta Alban<\/strong><br \/>\n<strong>Celular:<\/strong> 969825457<br \/>\n<strong>E-mail:<\/strong> ctuestaa@unp.edu.pe<\/p>\n<p><strong>Personal Administrativo &#8211; Informes:<\/strong><br \/>\n<strong>Mg. Sra. Betty Villalta V.<\/strong><br \/>\n<strong>E-mail:<\/strong> promagro@unp.edu.pe<br \/>\n<strong>Celular:<\/strong> 965982285<\/p>\n<p><strong>Horario de atenci\u00f3n:<\/strong> Lun-Vie: 8:00am &#8211; 3:00pm<\/p>\n<p><a href=\"https:\/\/epg.unp.edu.pe\/eposgrado\/maestrias\/promagro\/\">&larr; Maestr\u00eda en Ciencias Agrarias<\/a><\/p>","protected":false},"excerpt":{"rendered":"<p>Presentaci\u00f3n El Programa de Maestr\u00eda en Ciencias Agrarias con Menci\u00f3n en Agricultura Sostenible para Exportaci\u00f3n ofrece una formaci\u00f3n posgradual proporcionando informaci\u00f3n y conocimientos b\u00e1sicos en agricultura y t\u00e9cnicas de exportaci\u00f3n, orientada a resolver problemas del agro especialmente en el aumento de la productividad, calidad y duraci\u00f3n en el tiempo de los vol\u00famenes de cosecha, para [&hellip;]<\/p>\n","protected":false},"author":1,"featured_media":1175,"parent":441,"menu_order":0,"comment_status":"closed","ping_status":"closed","template":"","meta":{"footnotes":""},"categories":[],"tags":[31,13],"class_list":["post-1020","page","type-page","status-publish","has-post-thumbnail","hentry","tag-agrarias","tag-ciencias"],"_links":{"self":[{"href":"https:\/\/epg.unp.edu.pe\/eposgrado\/wp-json\/wp\/v2\/pages\/1020","targetHints":{"allow":["GET"]}}],"collection":[{"href":"https:\/\/epg.unp.edu.pe\/eposgrado\/wp-json\/wp\/v2\/pages"}],"about":[{"href":"https:\/\/epg.unp.edu.pe\/eposgrado\/wp-json\/wp\/v2\/types\/page"}],"author":[{"embeddable":true,"href":"https:\/\/epg.unp.edu.pe\/eposgrado\/wp-json\/wp\/v2\/users\/1"}],"replies":[{"embeddable":true,"href":"https:\/\/epg.unp.edu.pe\/eposgrado\/wp-json\/wp\/v2\/comments?post=1020"}],"version-history":[{"count":5,"href":"https:\/\/epg.unp.edu.pe\/eposgrado\/wp-json\/wp\/v2\/pages\/1020\/revisions"}],"predecessor-version":[{"id":3644,"href":"https:\/\/epg.unp.edu.pe\/eposgrado\/wp-json\/wp\/v2\/pages\/1020\/revisions\/3644"}],"up":[{"embeddable":true,"href":"https:\/\/epg.unp.edu.pe\/eposgrado\/wp-json\/wp\/v2\/pages\/441"}],"wp:featuredmedia":[{"embeddable":true,"href":"https:\/\/epg.unp.edu.pe\/eposgrado\/wp-json\/wp\/v2\/media\/1175"}],"wp:attachment":[{"href":"https:\/\/epg.unp.edu.pe\/eposgrado\/wp-json\/wp\/v2\/media?parent=1020"}],"wp:term":[{"taxonomy":"category","embeddable":true,"href":"https:\/\/epg.unp.edu.pe\/eposgrado\/wp-json\/wp\/v2\/categories?post=1020"},{"taxonomy":"post_tag","embeddable":true,"href":"https:\/\/epg.unp.edu.pe\/eposgrado\/wp-json\/wp\/v2\/tags?post=1020"}],"curies":[{"name":"wp","href":"https:\/\/api.w.org\/{rel}","templated":true}]}}