{"id":1061,"date":"2019-03-29T05:56:43","date_gmt":"2019-03-29T05:56:43","guid":{"rendered":"https:\/\/epg.unp.edu.pe\/eposgrado\/?page_id=1061"},"modified":"2024-11-20T18:22:24","modified_gmt":"2024-11-20T18:22:24","slug":"gestion-educativa","status":"publish","type":"page","link":"https:\/\/epg.unp.edu.pe\/eposgrado\/maestrias\/promaedu\/gestion-educativa\/","title":{"rendered":" Maestr\u00eda en Ciencias de la Educaci\u00f3n con menci\u00f3n en Gesti\u00f3n Educativa"},"content":{"rendered":"<h2 style=\"text-align: justify;\"><strong>Presentaci\u00f3n<\/strong><\/h2>\n<p style=\"text-align: justify;\">El Programa de Maestr\u00eda en Ciencias de la Educaci\u00f3n con menci\u00f3n en Gesti\u00f3n Educativa tiene como objeto la especializaci\u00f3n en Gesti\u00f3n Educativa, que es inherente, no s\u00f3lo a las instituciones educativas concebidas como tales en el \u00e1mbito de la funci\u00f3n p\u00fablica y en el \u00e1mbito privado, sino tambi\u00e9n a las organizaciones que asumen como funci\u00f3n la implementaci\u00f3n de acciones tendientes a la formaci\u00f3n, capacitaci\u00f3n y actualizaci\u00f3n de los ciudadanos desde la perspectiva de la funci\u00f3n social pedag\u00f3gica.<\/p>\n<h3 style=\"text-align: justify;\"><strong>Objetivos<\/strong><\/h3>\n<ul class=\"omsc-icons-ul fa-ul\">\n<li style=\"text-align: justify; margin-left: 20px;\"><i class=\"fa-li fa fa-chevron-right\"><\/i>Formar profesionales capaces de gestionar y dirigir una Instituci\u00f3n Educativa, aplicando estrategias de alta direcci\u00f3n e implementando y ejecutando proyectos de innovaci\u00f3n que contribuyan a la educaci\u00f3n de personas competentes.<\/li>\n<li style=\"text-align: justify; margin-left: 20px;\"><i class=\"fa-li fa fa-chevron-right\"><\/i>Preparar a profesionales competentes que contribuyan al campo de la gesti\u00f3n de la educaci\u00f3n con propuestas alternativas pertinentes a los diferentes contextos.<\/li>\n<li style=\"text-align: justify; margin-left: 20px;\"><i class=\"fa-li fa fa-chevron-right\"><\/i>Dise\u00f1ar y desarrollar investigaciones que aporten al conocimiento y mejora de los procesos de la gesti\u00f3n educativa en el marco de la innovaci\u00f3n y la mejora de la calidad educativa.<\/li>\n<\/ul>\n<div class=\"omsc-tabs\"><ul class=\"omsc-tabs-control omsc-clearfix\"><li><a href=\"#tab-plan-de-estudios\"><span>Plan de Estudios<\/span><\/a><\/li><li><a href=\"#tab-horario-de-clases\"><span>Horario de clases<\/span><\/a><\/li><li><a href=\"#tab-inversion-economica\"><span>Inversi\u00f3n Econ\u00f3mica<\/span><\/a><\/li><\/ul><div class=\"omsc-tabs-tabs\"><\/p>\n<p><div class=\"omsc-tabs-tab omsc-tab-plan-de-estudios\"><\/p>\n<table class=\"tabla\" border=\"1\">\n<tbody>\n<tr class=\"encabezado\">\n<td class=\"tab1\"><strong>ASIGNATURA<\/strong><\/td>\n<td class=\"tab1\"><strong>CR\u00c9DITOS<\/strong><\/td>\n<\/tr>\n<tr class=\"resaltado\">\n<td class=\"tab1\" colspan=\"2\"><strong>I CICLO<\/strong><\/td>\n<\/tr>\n<tr class=\"alternar\">\n<td class=\"tab1\">FILOSOF\u00cdA DE LA EDUCACI\u00d3N Y \u00c9TICA PROFESIONAL<\/td>\n<td align=\"center\">03<\/td>\n<\/tr>\n<tr class=\"alternar\">\n<td class=\"tab1\">HERRAMIENTAS TECNOL\u00d3GICAS<\/td>\n<td align=\"center\">03<\/td>\n<\/tr>\n<tr class=\"alternar\">\n<td class=\"tab1\">REDACCI\u00d3N CIENT\u00cdFICA<\/td>\n<td align=\"center\">03<\/td>\n<\/tr>\n<tr class=\"alternar\">\n<td class=\"tab1\">INVESTIGACI\u00d3N CIENT\u00cdFICA<\/td>\n<td align=\"center\">04<\/td>\n<\/tr>\n<tr class=\"resaltado\">\n<td class=\"tab1\" colspan=\"2\"><strong>II CICLO<\/strong><\/td>\n<\/tr>\n<tr class=\"alternar\">\n<td class=\"tab1\">GESTI\u00d3N DE RECURSOS HUMANOS Y LIDERAZGO<\/td>\n<td align=\"center\">03<\/td>\n<\/tr>\n<tr class=\"alternar\">\n<td class=\"tab1\">GESTI\u00d3N Y PLANIFICACI\u00d3N EDUCATIVA<\/td>\n<td align=\"center\">03<\/td>\n<\/tr>\n<tr class=\"alternar\">\n<td class=\"tab1\">GESTI\u00d3N DE LA CALIDAD EDUCATIVA<\/td>\n<td align=\"center\">03<\/td>\n<\/tr>\n<tr class=\"alternar\">\n<td class=\"tab1\">TALLER DE TESIS I: ELABORACI\u00d3N DEL ANTEPROYECTO DE INVESTIGACI\u00d3N<\/td>\n<td align=\"center\">04<\/td>\n<\/tr>\n<tr class=\"resaltado\">\n<td class=\"tab1\" colspan=\"2\"><strong>III CICLO<\/strong><\/td>\n<\/tr>\n<tr class=\"alternar\">\n<td class=\"tab1\">INNOVACI\u00d3N Y MEJORA CONTINUA<\/td>\n<td align=\"center\">03<\/td>\n<\/tr>\n<tr class=\"alternar\">\n<td class=\"tab1\">ESTAD\u00cdSTICA APLICADA A LA INVESTIGACI\u00d3N EDUCATIVA<\/td>\n<td align=\"center\">03<\/td>\n<\/tr>\n<tr class=\"alternar\">\n<td class=\"tab1\">TESIS II: ELABORACI\u00d3N Y VALIDACI\u00d3N DE INSTRUMENTOS DE RECOLECCI\u00d3N DE DATOS<\/td>\n<td align=\"center\">06<\/td>\n<\/tr>\n<tr class=\"resaltado\">\n<td class=\"tab1\" colspan=\"2\"><strong>IV CICLO<\/strong><\/td>\n<\/tr>\n<tr class=\"alternar\">\n<td class=\"tab1\">TESIS III: AN\u00c1LISIS DE DATOS<\/td>\n<td align=\"center\">06<\/td>\n<\/tr>\n<tr class=\"alternar\">\n<td class=\"tab1\">TESIS IV: ELABORACI\u00d3N DE INFORME FINAL, SUSTENTACI\u00d3N Y PUBLICACI\u00d3N<\/td>\n<td align=\"center\">06<\/td>\n<\/tr>\n<tr class=\"encabezado\">\n<td style=\"text-align: center;\"><strong>TOTAL DE CR\u00c9DITOS<\/strong><\/td>\n<td align=\"center\"><strong>50<\/strong><\/td>\n<\/tr>\n<\/tbody>\n<\/table>\n<p><\/div><\/p>\n<p><div class=\"omsc-tabs-tab omsc-tab-horario-de-clases\"><\/p>\n<table class=\"tablahorario\">\n<tbody>\n<tr>\n<td><strong>S\u00e1bados:<\/strong><\/td>\n<td>8:00 a.m. &#8211; 1:00 p.m. y 2:00 p.m. &#8211; 7:00 p.m.<\/td>\n<\/tr>\n<\/tbody>\n<\/table>\n<p style=\"text-align: justify; margin-left: 10px;\"><strong>\u00abMODALIDAD DE ESTUDIOS: A DISTANCIA\u00bb<\/strong><\/p>\n<p><\/div><\/p>\n<p><div class=\"omsc-tabs-tab omsc-tab-inversion-economica\"><\/p>\n<table class=\"tabla\" border=\"1\">\n<tbody>\n<tr class=\"resaltado\" align=\"center\">\n<td><strong>CONCEPTO<\/strong><\/td>\n<td><strong>MONTO<\/strong><\/td>\n<\/tr>\n<tr class=\"alternar\">\n<td class=\"tab1\"><strong>Admisi\u00f3n (\u00fanica)<\/strong><\/td>\n<td align=\"center\">S\/. 510.60<\/td>\n<\/tr>\n<tr class=\"alternar\">\n<td class=\"tab1\"><strong>Matr\u00edcula Anual (2, anuales)<\/strong><\/td>\n<td align=\"center\">S\/. 662<\/td>\n<\/tr>\n<tr class=\"alternar\">\n<td class=\"tab1\"><strong>Pensi\u00f3n de Ense\u00f1anza (20, mensuales)<\/strong><\/td>\n<td align=\"center\">S\/. 300.00<\/td>\n<\/tr>\n<\/tbody>\n<\/table>\n<p><div class=\"omsc-divider omsc-border-large omsc-style-single\" style=\"\"><\/div><\/p>\n<table class=\"tabla\" border=\"1\">\n<tbody>\n<tr class=\"resaltado\" align=\"center\">\n<td colspan=\"2\"><strong>INFORMACI\u00d3N GENERAL<br \/>\nTRANSACCI\u00d3N (9135) &#8211; BANCO DE LA NACI\u00d3N<\/strong><\/td>\n<\/tr>\n<tr class=\"resaltado\" align=\"center\">\n<td><strong>CONCEPTO<\/strong><\/td>\n<td><strong>C\u00d3DIGO<\/strong><\/td>\n<\/tr>\n<tr class=\"alternar\">\n<td class=\"tab1\">Derecho de Admisi\u00f3n<\/td>\n<td align=\"center\">15<\/td>\n<\/tr>\n<tr class=\"alternar\">\n<td class=\"tab1\">Matr\u00edcula de Posgrado<\/td>\n<td align=\"center\">57<\/td>\n<\/tr>\n<tr class=\"alternar\">\n<td class=\"tab1\">Pensi\u00f3n de Ense\u00f1anza Posgrado<\/td>\n<td align=\"center\">66<\/td>\n<\/tr>\n<\/tbody>\n<\/table>\n<ul class=\"omsc-icons-ul fa-ul\">\n<li style=\"text-align: justify;\"><i class=\"fa-li fa fa-check\"><\/i><strong>Los pagos deben ser realizados mediante Ventanilla del Banco de la Naci\u00f3n o Pagalo.pe.<\/strong><\/li>\n<li style=\"text-align: justify;\"><i class=\"fa-li fa fa-check\"><\/i><strong>Realizar los pagos por concepto de Pensi\u00f3n de Ense\u00f1anza Posgrado en un solo voucher (m\u00e1s de una pensi\u00f3n).<\/strong><\/li>\n<li style=\"text-align: justify;\"><i class=\"fa-li fa fa-check\"><\/i><strong>El pago por concepto de Matr\u00edcula se debe realizar en un \u00fanico voucher.<\/strong><\/li>\n<li style=\"text-align: justify;\"><i class=\"fa-li fa fa-check\"><\/i><strong>Los pagos realizados deber\u00e1n ser reportados dentro del mismo mes.<\/strong><\/li>\n<\/ul>\n<p><\/div><br \/>\n<\/div><div class=\"omsc-clear\"><\/div><\/div>\n<a class=\"omsc-button omsc-no-custom-hover omsc-size-medium omsc-with-icon omsc-style-emboss omsc-text-bright\" href=\"https:\/\/drive.google.com\/open?id=1nGHEvcP_hiImPqq8WcX87_PFoMMwRpQj\" target=\"_blank\" style=\"background-color:#922446;border-color:#922446;color:#ffffff\"><i class=\"fa fa-arrow-circle-o-down\"><\/i>PLAN CURRICULAR<\/a>\n<p><strong>Coordinadora de la Maestr\u00eda (PROMAEDU):<\/strong><br \/>\n<strong>DR. Juan Jos\u00e9 Jacinto Chunga<\/strong><br \/>\n<strong>Celular:<\/strong> 995069587<br \/>\n<strong>E-mail:<\/strong> jjacintoc@unp.edu.pe<\/p>\n<p><strong>Asistente Administrativo<\/strong><br \/>\n<strong>Sra. Marcela Feria Rosas<\/strong><br \/>\n<strong>Celular:<\/strong> 967089635<\/p>\n<p><strong>Asistente Acad\u00e9mico<\/strong><br \/>\n<strong>Sr. Vladimir Max Yovera Sernaque<\/strong><br \/>\n<strong>Celular:<\/strong> 972843697<\/p>\n<p><strong>Sr. Giancarlo Benites Maticorena<\/strong><br \/>\n<strong>Celular:<\/strong> 994401109<\/p>\n<p><strong>Sra. Jessica Marquez Garcia<\/strong><br \/>\n<strong>Celular:<\/strong> 972226756<\/p>\n<p><strong>Horario de atenci\u00f3n:<\/strong> Lun-Vie: 8:00am &#8211; 3:00pm<\/p>\n<p><a href=\"https:\/\/epg.unp.edu.pe\/eposgrado\/maestrias\/promaedu\/\">&larr; Maestr\u00eda en Ciencias de la Educaci\u00f3n<\/a><\/p>","protected":false},"excerpt":{"rendered":"<p>Presentaci\u00f3n El Programa de Maestr\u00eda en Ciencias de la Educaci\u00f3n con menci\u00f3n en Gesti\u00f3n Educativa tiene como objeto la especializaci\u00f3n en Gesti\u00f3n Educativa, que es inherente, no s\u00f3lo a las instituciones educativas concebidas como tales en el \u00e1mbito de la funci\u00f3n p\u00fablica y en el \u00e1mbito privado, sino tambi\u00e9n a las organizaciones que asumen como [&hellip;]<\/p>\n","protected":false},"author":1,"featured_media":1167,"parent":338,"menu_order":0,"comment_status":"closed","ping_status":"closed","template":"","meta":{"footnotes":""},"categories":[],"tags":[14],"class_list":["post-1061","page","type-page","status-publish","has-post-thumbnail","hentry","tag-educacion"],"_links":{"self":[{"href":"https:\/\/epg.unp.edu.pe\/eposgrado\/wp-json\/wp\/v2\/pages\/1061","targetHints":{"allow":["GET"]}}],"collection":[{"href":"https:\/\/epg.unp.edu.pe\/eposgrado\/wp-json\/wp\/v2\/pages"}],"about":[{"href":"https:\/\/epg.unp.edu.pe\/eposgrado\/wp-json\/wp\/v2\/types\/page"}],"author":[{"embeddable":true,"href":"https:\/\/epg.unp.edu.pe\/eposgrado\/wp-json\/wp\/v2\/users\/1"}],"replies":[{"embeddable":true,"href":"https:\/\/epg.unp.edu.pe\/eposgrado\/wp-json\/wp\/v2\/comments?post=1061"}],"version-history":[{"count":5,"href":"https:\/\/epg.unp.edu.pe\/eposgrado\/wp-json\/wp\/v2\/pages\/1061\/revisions"}],"predecessor-version":[{"id":3517,"href":"https:\/\/epg.unp.edu.pe\/eposgrado\/wp-json\/wp\/v2\/pages\/1061\/revisions\/3517"}],"up":[{"embeddable":true,"href":"https:\/\/epg.unp.edu.pe\/eposgrado\/wp-json\/wp\/v2\/pages\/338"}],"wp:featuredmedia":[{"embeddable":true,"href":"https:\/\/epg.unp.edu.pe\/eposgrado\/wp-json\/wp\/v2\/media\/1167"}],"wp:attachment":[{"href":"https:\/\/epg.unp.edu.pe\/eposgrado\/wp-json\/wp\/v2\/media?parent=1061"}],"wp:term":[{"taxonomy":"category","embeddable":true,"href":"https:\/\/epg.unp.edu.pe\/eposgrado\/wp-json\/wp\/v2\/categories?post=1061"},{"taxonomy":"post_tag","embeddable":true,"href":"https:\/\/epg.unp.edu.pe\/eposgrado\/wp-json\/wp\/v2\/tags?post=1061"}],"curies":[{"name":"wp","href":"https:\/\/api.w.org\/{rel}","templated":true}]}}