{"id":1064,"date":"2019-03-29T06:03:01","date_gmt":"2019-03-29T06:03:01","guid":{"rendered":"https:\/\/epg.unp.edu.pe\/eposgrado\/?page_id=1064"},"modified":"2024-11-20T18:22:03","modified_gmt":"2024-11-20T18:22:03","slug":"psicopedagogia-e-inclusion","status":"publish","type":"page","link":"https:\/\/epg.unp.edu.pe\/eposgrado\/maestrias\/promaedu\/psicopedagogia-e-inclusion\/","title":{"rendered":" Maestr\u00eda en Ciencias de la Educaci\u00f3n con menci\u00f3n en Psicopedagog\u00eda e Inclusi\u00f3n"},"content":{"rendered":"<h2 style=\"text-align: justify;\"><strong>Presentaci\u00f3n<\/strong><\/h2>\n<p style=\"text-align: justify;\">El Programa de Maestr\u00eda en Ciencias de la Educaci\u00f3n con menci\u00f3n Psicopedagog\u00eda e Inclusi\u00f3n tiene como objeto la especializaci\u00f3n en Psicopedagog\u00eda e Inclusi\u00f3n, desde una perspectiva de investigaci\u00f3n, considerando que la Educaci\u00f3n debe promover el desarrollo integral, de manera especial de quienes presentaban dificultades; a trav\u00e9s de metodolog\u00edas de evaluaci\u00f3n de sus habilidades para aprender. Los ni\u00f1os de una comunidad aprendan juntos independientemente de sus caracter\u00edsticas f\u00edsicas, funcionales, sociales y culturales, lo que implica cambios en el sistema y las pol\u00edticas educativas, en el funcionamiento de las organizaciones educativas, en las actitudes y pr\u00e1cticas de los docentes y en los niveles de relaci\u00f3n de los distintos actores, para responder a sus necesidades educativas.<\/p>\n<h3 style=\"text-align: justify;\"><strong>Objetivos<\/strong><\/h3>\n<ul class=\"omsc-icons-ul fa-ul\">\n<li style=\"text-align: justify; margin-left: 20px;\"><i class=\"fa-li fa fa-chevron-right\"><\/i>Formar docentes especialistas capaces de conocer, diagnosticar, proponer y aplicar mejoras de intervenci\u00f3n en los diversos procesos psicopedag\u00f3gicos que presentan las actuales demandas educativas en los distintos niveles de la formaci\u00f3n escolar.<\/li>\n<li style=\"text-align: justify; margin-left: 20px;\"><i class=\"fa-li fa fa-chevron-right\"><\/i>Promover una cultura de orientaci\u00f3n escolar desde una perspectiva pr\u00e1ctica, humanizadora, centrada en la potencialidad del ni\u00f1o como persona, que identifique y comprenda las necesidades psicopedag\u00f3gicas y especiales desde una visi\u00f3n hol\u00edstica.<\/li>\n<li style=\"text-align: justify; margin-left: 20px;\"><i class=\"fa-li fa fa-chevron-right\"><\/i>Promover la formaci\u00f3n de docentes investigadores capaces de aportar significativamente a la soluci\u00f3n de problemas y necesidades de aprendizaje para el desarrollo de una Educaci\u00f3n de calidad.<\/li>\n<li style=\"text-align: justify; margin-left: 20px;\"><i class=\"fa-li fa fa-chevron-right\"><\/i>Constituir espacios de an\u00e1lisis y propuestas de soluci\u00f3n a los problemas educativos del pa\u00eds, propiciando el encuentro de intelectuales e investigadores y la difusi\u00f3n a trav\u00e9s de la publicaci\u00f3n en espacios acad\u00e9micos.<\/li>\n<\/ul>\n<div class=\"omsc-tabs\"><ul class=\"omsc-tabs-control omsc-clearfix\"><li><a href=\"#tab-plan-de-estudios\"><span>Plan de Estudios<\/span><\/a><\/li><li><a href=\"#tab-horario-de-clases\"><span>Horario de clases<\/span><\/a><\/li><li><a href=\"#tab-inversion-economica\"><span>Inversi\u00f3n Econ\u00f3mica<\/span><\/a><\/li><\/ul><div class=\"omsc-tabs-tabs\"><\/p>\n<p><div class=\"omsc-tabs-tab omsc-tab-plan-de-estudios\"><\/p>\n<table class=\"tabla\" border=\"1\">\n<tbody>\n<tr class=\"encabezado\">\n<td class=\"tab1\"><strong>ASIGNATURA<\/strong><\/td>\n<td class=\"tab1\"><strong>CREDITOS<\/strong><\/td>\n<\/tr>\n<tr class=\"resaltado\">\n<td class=\"tab1\" colspan=\"2\"><strong>I CICLO<\/strong><\/td>\n<\/tr>\n<tr class=\"alternar\">\n<td class=\"tab1\">FILOSOF\u00cdA DE LA DIVERSIDAD E INCLUSI\u00d3N<\/td>\n<td align=\"center\">03<\/td>\n<\/tr>\n<tr class=\"alternar\">\n<td class=\"tab1\">HERRAMIENTAS TECNOL\u00d3GICAS<\/td>\n<td align=\"center\">03<\/td>\n<\/tr>\n<tr class=\"alternar\">\n<td class=\"tab1\">REDACCI\u00d3N CIENT\u00cdFICA<\/td>\n<td align=\"center\">03<\/td>\n<\/tr>\n<tr class=\"alternar\">\n<td class=\"tab1\">INVESTIGACI\u00d3N CIENT\u00cdFICA<\/td>\n<td align=\"center\">04<\/td>\n<\/tr>\n<tr class=\"resaltado\">\n<td class=\"tab1\" colspan=\"2\"><strong>II CICLO<\/strong><\/td>\n<\/tr>\n<tr class=\"alternar\">\n<td class=\"tab1\">PSICOPEDAGOG\u00cdA Y NEUROPSICOLOG\u00cdA<\/td>\n<td align=\"center\">03<\/td>\n<\/tr>\n<tr class=\"alternar\">\n<td class=\"tab1\">PROBLEMAS DE APRENDIZAJE<\/td>\n<td align=\"center\">03<\/td>\n<\/tr>\n<tr class=\"alternar\">\n<td class=\"tab1\">INTERVENCI\u00d3N PSICOPEDAG\u00d3GICA Y TERAPIA DE CONDUCTA<\/td>\n<td align=\"center\">03<\/td>\n<\/tr>\n<tr class=\"alternar\">\n<td class=\"tab1\">TALLER DE TESIS I: ELABORACI\u00d3N DEL ANTEPROYECTO DE INVESTIGACI\u00d3N<\/td>\n<td align=\"center\">04<\/td>\n<\/tr>\n<tr class=\"resaltado\">\n<td class=\"tab1\" colspan=\"2\"><strong>III CICLO<\/strong><\/td>\n<\/tr>\n<tr class=\"alternar\">\n<td class=\"tab1\">NECESIDADES EDUCATIVAS ESPECIALES E INTERVENCI\u00d3N<\/td>\n<td align=\"center\">03<\/td>\n<\/tr>\n<tr class=\"alternar\">\n<td class=\"tab1\">ESTRATEGIAS Y T\u00c9CNICAS DE TUTOR\u00cdA Y CONVIVENCIA<\/td>\n<td align=\"center\">03<\/td>\n<\/tr>\n<tr class=\"alternar\">\n<td class=\"tab1\">TESIS II: ELABORACI\u00d3N Y VALIDACI\u00d3N DE INSTRUMENTOS DE RECOLECCI\u00d3N DE DATOS<\/td>\n<td align=\"center\">06<\/td>\n<\/tr>\n<tr class=\"resaltado\">\n<td class=\"tab1\" colspan=\"2\"><strong>IV CICLO<\/strong><\/td>\n<\/tr>\n<tr class=\"alternar\">\n<td class=\"tab1\">TESIS III: AN\u00c1LISIS DE DATOS<\/td>\n<td align=\"center\">06<\/td>\n<\/tr>\n<tr class=\"alternar\">\n<td class=\"tab1\">TESIS IV: ELABORACI\u00d3N DE INFORME FINAL, SUSTENTACI\u00d3N Y PUBLICACI\u00d3N<\/td>\n<td align=\"center\">06<\/td>\n<\/tr>\n<tr class=\"encabezado\">\n<td style=\"text-align: center;\"><strong>TOTAL DE CR\u00c9DITOS<\/strong><\/td>\n<td align=\"center\"><strong>50<\/strong><\/td>\n<\/tr>\n<\/tbody>\n<\/table>\n<p><\/div><\/p>\n<p><div class=\"omsc-tabs-tab omsc-tab-horario-de-clases\"><\/p>\n<table class=\"tablahorario\">\n<tbody>\n<tr>\n<td><strong>S\u00e1bados:<\/strong><\/td>\n<td>8:00 a.m. &#8211; 1:00 p.m. y 2:00 p.m. &#8211; 7:00 p.m.<\/td>\n<\/tr>\n<\/tbody>\n<\/table>\n<p style=\"text-align: justify; margin-left: 10px;\"><strong>\u00abMODALIDAD DE ESTUDIOS: A DISTANCIA<\/strong><strong>\u00ab<\/strong><\/p>\n<p><\/div><\/p>\n<p><div class=\"omsc-tabs-tab omsc-tab-inversion-economica\"><\/p>\n<table class=\"tabla\" border=\"1\">\n<tbody>\n<tr class=\"resaltado\" align=\"center\">\n<td><strong>CONCEPTO<\/strong><\/td>\n<td><strong>MONTO<\/strong><\/td>\n<\/tr>\n<tr class=\"alternar\">\n<td class=\"tab1\"><strong>Admisi\u00f3n (\u00fanica)<\/strong><\/td>\n<td align=\"center\">S\/. 510.60<\/td>\n<\/tr>\n<tr class=\"alternar\">\n<td class=\"tab1\"><strong>Matr\u00edcula Anual (2, anuales)<\/strong><\/td>\n<td align=\"center\">S\/. 662<\/td>\n<\/tr>\n<tr class=\"alternar\">\n<td class=\"tab1\"><strong>Pensi\u00f3n de Ense\u00f1anza (20, mensuales)<\/strong><\/td>\n<td align=\"center\">S\/. 300.00<\/td>\n<\/tr>\n<\/tbody>\n<\/table>\n<p><div class=\"omsc-divider omsc-border-large omsc-style-single\" style=\"\"><\/div><\/p>\n<table class=\"tabla\" border=\"1\">\n<tbody>\n<tr class=\"resaltado\" align=\"center\">\n<td colspan=\"2\"><strong>INFORMACI\u00d3N GENERAL<br \/>\nTRANSACCI\u00d3N (9135) &#8211; BANCO DE LA NACI\u00d3N<\/strong><\/td>\n<\/tr>\n<tr class=\"resaltado\" align=\"center\">\n<td><strong>CONCEPTO<\/strong><\/td>\n<td><strong>C\u00d3DIGO<\/strong><\/td>\n<\/tr>\n<tr class=\"alternar\">\n<td class=\"tab1\">Derecho de Admisi\u00f3n<\/td>\n<td align=\"center\">15<\/td>\n<\/tr>\n<tr class=\"alternar\">\n<td class=\"tab1\">Matr\u00edcula de Posgrado<\/td>\n<td align=\"center\">57<\/td>\n<\/tr>\n<tr class=\"alternar\">\n<td class=\"tab1\">Pensi\u00f3n de Ense\u00f1anza Posgrado<\/td>\n<td align=\"center\">66<\/td>\n<\/tr>\n<\/tbody>\n<\/table>\n<ul class=\"omsc-icons-ul fa-ul\">\n<li style=\"text-align: justify;\"><i class=\"fa-li fa fa-check\"><\/i><strong>Los pagos deben ser realizados mediante Ventanilla del Banco de la Naci\u00f3n o Pagalo.pe.<\/strong><\/li>\n<li style=\"text-align: justify;\"><i class=\"fa-li fa fa-check\"><\/i><strong>Realizar los pagos por concepto de Pensi\u00f3n de Ense\u00f1anza Posgrado en un solo voucher (m\u00e1s de una pensi\u00f3n).<\/strong><\/li>\n<li style=\"text-align: justify;\"><i class=\"fa-li fa fa-check\"><\/i><strong>El pago por concepto de Matr\u00edcula se debe realizar en un \u00fanico voucher.<\/strong><\/li>\n<li style=\"text-align: justify;\"><i class=\"fa-li fa fa-check\"><\/i><strong>Los pagos realizados deber\u00e1n ser reportados dentro del mismo mes.<\/strong><\/li>\n<\/ul>\n<p><\/div><br \/>\n<\/div><div class=\"omsc-clear\"><\/div><\/div>\n<a class=\"omsc-button omsc-no-custom-hover omsc-size-medium omsc-with-icon omsc-style-emboss omsc-text-bright\" href=\"https:\/\/drive.google.com\/open?id=1KUE58SuJI2v8_R5x0oLAtaiVF8jAZOqA\" target=\"_blank\" style=\"background-color:#922446;border-color:#922446;color:#ffffff\"><i class=\"fa fa-arrow-circle-o-down\"><\/i>PLAN CURRICULAR<\/a>\n<p><strong>Coordinadora de la Maestr\u00eda (PROMAEDU):<\/strong><br \/>\n<strong>DR. Victor Ismael Purizaca Aldana<\/strong><br \/>\n<strong>Celular:<\/strong> 96948587<br \/>\n<strong>E-mail:<\/strong> pquirogac@unp.edu.pe<\/p>\n<p><strong>Asistente Administrativo<\/strong><br \/>\n<strong>Sra. Marcela Feria Rosas<\/strong><br \/>\n<strong>Celular:<\/strong> 967089635<\/p>\n<p><strong>Asistente Acad\u00e9mico<\/strong><br \/>\n<strong>Sr. Vladimir Max Yovera Sernaque<\/strong><br \/>\n<strong>Celular:<\/strong> 972843697<\/p>\n<p><strong>Sr. Giancarlo Benites Maticorena<\/strong><br \/>\n<strong>Celular:<\/strong> 994401109<\/p>\n<p><strong>Sra. Jessica Marquez Garcia<\/strong><br \/>\n<strong>Celular:<\/strong> 972226756<\/p>\n<p><strong>Horario de atenci\u00f3n:<\/strong> Lun-Vie: 8:00am &#8211; 3:00pm<\/p>\n<p><a href=\"https:\/\/epg.unp.edu.pe\/eposgrado\/maestrias\/promaedu\/\">&larr; Maestr\u00eda en Ciencias de la Educaci\u00f3n<\/a><\/p>","protected":false},"excerpt":{"rendered":"<p>Presentaci\u00f3n El Programa de Maestr\u00eda en Ciencias de la Educaci\u00f3n con menci\u00f3n Psicopedagog\u00eda e Inclusi\u00f3n tiene como objeto la especializaci\u00f3n en Psicopedagog\u00eda e Inclusi\u00f3n, desde una perspectiva de investigaci\u00f3n, considerando que la Educaci\u00f3n debe promover el desarrollo integral, de manera especial de quienes presentaban dificultades; a trav\u00e9s de metodolog\u00edas de evaluaci\u00f3n de sus habilidades para [&hellip;]<\/p>\n","protected":false},"author":1,"featured_media":1180,"parent":338,"menu_order":0,"comment_status":"closed","ping_status":"closed","template":"","meta":{"footnotes":""},"categories":[],"tags":[14],"class_list":["post-1064","page","type-page","status-publish","has-post-thumbnail","hentry","tag-educacion"],"_links":{"self":[{"href":"https:\/\/epg.unp.edu.pe\/eposgrado\/wp-json\/wp\/v2\/pages\/1064","targetHints":{"allow":["GET"]}}],"collection":[{"href":"https:\/\/epg.unp.edu.pe\/eposgrado\/wp-json\/wp\/v2\/pages"}],"about":[{"href":"https:\/\/epg.unp.edu.pe\/eposgrado\/wp-json\/wp\/v2\/types\/page"}],"author":[{"embeddable":true,"href":"https:\/\/epg.unp.edu.pe\/eposgrado\/wp-json\/wp\/v2\/users\/1"}],"replies":[{"embeddable":true,"href":"https:\/\/epg.unp.edu.pe\/eposgrado\/wp-json\/wp\/v2\/comments?post=1064"}],"version-history":[{"count":5,"href":"https:\/\/epg.unp.edu.pe\/eposgrado\/wp-json\/wp\/v2\/pages\/1064\/revisions"}],"predecessor-version":[{"id":3515,"href":"https:\/\/epg.unp.edu.pe\/eposgrado\/wp-json\/wp\/v2\/pages\/1064\/revisions\/3515"}],"up":[{"embeddable":true,"href":"https:\/\/epg.unp.edu.pe\/eposgrado\/wp-json\/wp\/v2\/pages\/338"}],"wp:featuredmedia":[{"embeddable":true,"href":"https:\/\/epg.unp.edu.pe\/eposgrado\/wp-json\/wp\/v2\/media\/1180"}],"wp:attachment":[{"href":"https:\/\/epg.unp.edu.pe\/eposgrado\/wp-json\/wp\/v2\/media?parent=1064"}],"wp:term":[{"taxonomy":"category","embeddable":true,"href":"https:\/\/epg.unp.edu.pe\/eposgrado\/wp-json\/wp\/v2\/categories?post=1064"},{"taxonomy":"post_tag","embeddable":true,"href":"https:\/\/epg.unp.edu.pe\/eposgrado\/wp-json\/wp\/v2\/tags?post=1064"}],"curies":[{"name":"wp","href":"https:\/\/api.w.org\/{rel}","templated":true}]}}