{"id":1075,"date":"2019-03-29T06:45:56","date_gmt":"2019-03-29T06:45:56","guid":{"rendered":"https:\/\/epg.unp.edu.pe\/eposgrado\/?page_id=1075"},"modified":"2023-12-05T02:29:04","modified_gmt":"2023-12-05T02:29:04","slug":"microfinanzas-y-economia-para-pymes","status":"publish","type":"page","link":"https:\/\/epg.unp.edu.pe\/eposgrado\/maestrias\/promace\/microfinanzas-y-economia-para-pymes\/","title":{"rendered":" Maestr\u00eda en Ciencias Econ\u00f3micas con menci\u00f3n en Microfinanzas y Econom\u00eda para Pymes"},"content":{"rendered":"<h2 style=\"text-align: justify;\"><strong>Presentaci\u00f3n<\/strong><\/h2>\n<p style=\"text-align: justify;\">El programa de Maestr\u00eda en Ciencias Economicas (PROMACE), perteneciente a la Escuela de Posgrado de la Universidad Nacional de Piura, fue creada con resoluci\u00f3n 487-CU-96 del 15 de julio de 1996 iniciando sus labores acad\u00e9micas el 10 de marzo de 1997, en la actualidad se ha desarrollado la formaci\u00f3n de 26 promociones. El programa ha logrado ser accesible a profesionales de distintas especialidades, teniendo entre sus participantes a administradores de empresas, ingenieros, contadores, abogados, m\u00e9dicos, psic\u00f3logos, estad\u00edsticos, arquitectos, bi\u00f3logos y economistas.<\/p>\n<p style=\"text-align: justify;\">La oficina y aulas del programa se encuentran ubicadas en el pabell\u00f3n de la Escuela de Posgrado \u2013 Campus Universitario.<\/p>\n<p style=\"text-align: justify;\">El PROMACE, tiene su base fundamental en el capital humano de su plana docente integrada por docentes residentes con grados de Doctor y Maestros optados en universidades del pa\u00eds y del extranjero, lo cual asegura un alto nivel de formaci\u00f3n a sus futuros Maestros.<\/p>\n<h3 style=\"text-align: justify;\"><strong>Objetivos<\/strong><\/h3>\n<ul class=\"omsc-icons-ul fa-ul\">\n<li style=\"text-align: justify; margin-left: 20px;\"><i class=\"fa-li fa fa-chevron-right\"><\/i>El Programa de Maestr\u00eda en Ciencias Econ\u00f3micas con menci\u00f3n en Microfinanzas y Econom\u00eda para PYMES tiene como objetivo que los participantes adquieran la capacidad de un analista de PYMES, para lo cual se les dotar\u00e1 del instrumental te\u00f3rico y de sus respectivas aplicaciones en las \u00e1reas de teor\u00eda econ\u00f3mica, finanzas, marketing y recursos humanos.<\/li>\n<\/ul>\n<div class=\"omsc-tabs\"><ul class=\"omsc-tabs-control omsc-clearfix\"><li><a href=\"#tab-plan-de-estudios\"><span>Plan de Estudios<\/span><\/a><\/li><li><a href=\"#tab-horario-de-clases\"><span>Horario de clases<\/span><\/a><\/li><li><a href=\"#tab-inversion-economica\"><span>Inversi\u00f3n Econ\u00f3mica<\/span><\/a><\/li><\/ul><div class=\"omsc-tabs-tabs\"><\/p>\n<p><div class=\"omsc-tabs-tab omsc-tab-plan-de-estudios\"><\/p>\n<table class=\"tabla\" border=\"1\">\n<tbody>\n<tr class=\"encabezado\">\n<td class=\"tab1\"><strong>ASIGNATURA<\/strong><\/td>\n<td class=\"tab1\"><strong>CR\u00c9DITOS<\/strong><\/td>\n<\/tr>\n<tr class=\"resaltado\">\n<td class=\"tab1\" colspan=\"2\"><strong>I CICLO<\/strong><\/td>\n<\/tr>\n<tr class=\"alternar\">\n<td class=\"tab1\">MICROECONOM\u00cdA APLICADA<\/td>\n<td align=\"center\">03<\/td>\n<\/tr>\n<tr class=\"alternar\">\n<td class=\"tab1\">POL\u00cdTICA MACROECON\u00d3MICA<\/td>\n<td align=\"center\">03<\/td>\n<\/tr>\n<tr class=\"alternar\">\n<td class=\"tab1\">M\u00c9TODOS CUANTITATIVOS<\/td>\n<td align=\"center\">03<\/td>\n<\/tr>\n<tr class=\"alternar\">\n<td class=\"tab1\">LEGISLACI\u00d3N EMPRESARIAL<\/td>\n<td align=\"center\">03<\/td>\n<\/tr>\n<tr class=\"alternar\">\n<td class=\"tab1\">CONTABILIDAD GENERAL Y FINANCIERA<\/td>\n<td align=\"center\">02<\/td>\n<\/tr>\n<tr class=\"resaltado\">\n<td class=\"tab1\" colspan=\"2\"><strong>II CICLO<\/strong><\/td>\n<\/tr>\n<tr class=\"alternar\">\n<td class=\"tab1\">INTERMEDIACI\u00d3N FINANCIERA Y MERCADO DE CAPITAL PARA PYMES<\/td>\n<td align=\"center\">03<\/td>\n<\/tr>\n<tr class=\"alternar\">\n<td class=\"tab1\">MARKETING ESTRAT\u00c9GICO<\/td>\n<td align=\"center\">03<\/td>\n<\/tr>\n<tr class=\"alternar\">\n<td class=\"tab1\">FINANCIAMIENTO Y COOPERACI\u00d3N INTERNACIONAL PARA PYMES<\/td>\n<td align=\"center\">02<\/td>\n<\/tr>\n<tr class=\"alternar\">\n<td class=\"tab1\">INVESTIGACI\u00d3N DE MERCADOS<\/td>\n<td align=\"center\">02<\/td>\n<\/tr>\n<tr class=\"alternar\">\n<td class=\"tab1\">BANCA Y SEGUROS<\/td>\n<td align=\"center\">02<\/td>\n<\/tr>\n<tr class=\"alternar\">\n<td class=\"tab1\">CURSO ELECTIVO I<\/td>\n<td align=\"center\">02<\/td>\n<\/tr>\n<tr class=\"resaltado\">\n<td class=\"tab1\" colspan=\"2\"><strong>III CICLO<\/strong><\/td>\n<\/tr>\n<tr class=\"alternar\">\n<td class=\"tab1\">FORMULACI\u00d3N Y EVALUACI\u00d3N DE PROYECTOS DE INVERSI\u00d3N<\/td>\n<td align=\"center\">02<\/td>\n<\/tr>\n<tr class=\"alternar\">\n<td class=\"tab1\">SEMINARIO DE TESIS I<\/td>\n<td align=\"center\">02<\/td>\n<\/tr>\n<tr class=\"alternar\">\n<td class=\"tab1\">FINANZAS PARA PYMES<\/td>\n<td align=\"center\">03<\/td>\n<\/tr>\n<tr class=\"alternar\">\n<td class=\"tab1\">LEGISLACI\u00d3N Y NEGOCIOS INTERNACIONALES<\/td>\n<td align=\"center\">02<\/td>\n<\/tr>\n<tr class=\"alternar\">\n<td class=\"tab1\">ORGANIZACI\u00d3N Y ADMINISTRACI\u00d3N DE EMPRESAS<\/td>\n<td align=\"center\">02<\/td>\n<\/tr>\n<tr class=\"alternar\">\n<td class=\"tab1\">CURSO ELECTIVO II<\/td>\n<td align=\"center\">02<\/td>\n<\/tr>\n<tr class=\"resaltado\">\n<td class=\"tab1\" colspan=\"2\"><strong>IV CICLO<\/strong><\/td>\n<\/tr>\n<tr class=\"alternar\">\n<td class=\"tab1\">PLANEAMIENTO ESTRAT\u00c9GICO Y ELABORACI\u00d3N DE PLANES DE NEGOCIOS<\/td>\n<td align=\"center\">02<\/td>\n<\/tr>\n<tr class=\"alternar\">\n<td class=\"tab1\">GERENCIA DE PROYECTOS<\/td>\n<td align=\"center\">02<\/td>\n<\/tr>\n<tr class=\"alternar\">\n<td class=\"tab1\">GESTI\u00d3N Y CONTROL DE CALIDAD Y PREVENCI\u00d3N AMBIENTAL<\/td>\n<td align=\"center\">02<\/td>\n<\/tr>\n<tr class=\"alternar\">\n<td class=\"tab1\">ADMINISTRACI\u00d3N FINANCIERA<\/td>\n<td align=\"center\">02<\/td>\n<\/tr>\n<tr class=\"alternar\">\n<td class=\"tab1\">SEMINARIO DE TESIS II<\/td>\n<td align=\"center\">02<\/td>\n<\/tr>\n<tr class=\"encabezado\">\n<td style=\"text-align: center;\"><strong>TOTAL DE CR\u00c9DITOS<\/strong><\/td>\n<td align=\"center\"><strong>50<\/strong><\/td>\n<\/tr>\n<\/tbody>\n<\/table>\n<p><div class=\"omsc-divider omsc-border-large omsc-style-single\" style=\"\"><\/div><\/p>\n<table class=\"tabla\" border=\"1\">\n<tbody>\n<tr class=\"encabezado\">\n<td class=\"tab1\"><strong>CURSOS ELECTIVOS<\/strong><\/td>\n<td class=\"tab1\"><strong>CR\u00c9DITOS<\/strong><\/td>\n<\/tr>\n<tr class=\"alternar\">\n<td class=\"tab1\">AUDITOR\u00cdA  Y CONTROL<\/td>\n<td align=\"center\">02<\/td>\n<\/tr>\n<tr class=\"alternar\">\n<td class=\"tab1\">DESARROLLO DE HABILIDADES Y COMUNICACI\u00d3N INTERPERSONAL<\/td>\n<td align=\"center\">02<\/td>\n<\/tr>\n<tr class=\"alternar\">\n<td class=\"tab1\">PROYECTOS DE EXPORTACI\u00d3N  Y COMERCIO ELECTR\u00d3NICO<\/td>\n<td align=\"center\">02<\/td>\n<\/tr>\n<tr class=\"alternar\">\n<td class=\"tab1\">ORGANIZACI\u00d3N DE UN EVENTO MICROEMPRESARIAL REGIONAL <\/td>\n<td align=\"center\">02<\/td>\n<\/tr>\n<\/tbody>\n<\/table>\n<p><\/div><\/p>\n<p><div class=\"omsc-tabs-tab omsc-tab-horario-de-clases\"><\/p>\n<table class=\"tablahorario\">\n<tbody>\n<tr>\n<td><strong>S\u00e1bados:<\/strong><\/td>\n<td>4:00 p.m. &#8211; 8:00 p.m.<\/td>\n<\/tr>\n<tr>\n<td><strong>Domingos:<\/strong><\/td>\n<td>9:00 a.m. &#8211; 1:00 p.m.<\/td>\n<\/tr>\n<\/tbody>\n<\/table>\n<p style=\"text-align: justify; margin-left: 10px;\"><strong>\u00abDebido a la coyuntura y rigi\u00e9ndonos a la resoluci\u00f3n ministerial R.V N\u00b0 95-2020-MINEDU las clases se estar\u00e1n dando en modalidad virtual hasta que el Gobierno brinde otras disposiciones\u00bb<\/strong><\/p>\n<p><\/div><\/p>\n<p><div class=\"omsc-tabs-tab omsc-tab-inversion-economica\"><\/p>\n<table class=\"tabla\" border=\"1\">\n<tbody>\n<tr class=\"resaltado\" align=\"center\">\n<td><strong>CONCEPTO<\/strong><\/td>\n<td><strong>MONTO<\/strong><\/td>\n<\/tr>\n<tr class=\"alternar\">\n<td class=\"tab1\"><strong>Admisi\u00f3n (\u00fanica)<\/strong><\/td>\n<td align=\"center\">S\/. 207.40<\/td>\n<\/tr>\n<tr class=\"alternar\">\n<td class=\"tab1\"><strong>Matr\u00edcula Anual (2, anuales)<\/strong><\/td>\n<td align=\"center\">S\/. 661.70<\/td>\n<\/tr>\n<tr class=\"alternar\">\n<td class=\"tab1\"><strong>Pensi\u00f3n de Ense\u00f1anza (22, mensuales)<\/strong><\/td>\n<td align=\"center\">S\/. 385.00<\/td>\n<\/tr>\n<\/tbody>\n<\/table>\n<p><div class=\"omsc-divider omsc-border-large omsc-style-single\" style=\"\"><\/div><\/p>\n<table class=\"tabla\" border=\"1\">\n<tbody>\n<tr class=\"resaltado\" align=\"center\">\n<td colspan=\"2\"><strong>INFORMACI\u00d3N GENERAL<br \/>\nTRANSACCI\u00d3N (9135) &#8211; BANCO DE LA NACI\u00d3N<\/strong><\/td>\n<\/tr>\n<tr class=\"resaltado\" align=\"center\">\n<td><strong>CONCEPTO<\/strong><\/td>\n<td><strong>C\u00d3DIGO<\/strong><\/td>\n<\/tr>\n<tr class=\"alternar\">\n<td class=\"tab1\">Derecho de Admisi\u00f3n<\/td>\n<td align=\"center\">80<\/td>\n<\/tr>\n<tr class=\"alternar\">\n<td class=\"tab1\">Matr\u00edcula de Posgrado<\/td>\n<td align=\"center\">119<\/td>\n<\/tr>\n<tr class=\"alternar\">\n<td class=\"tab1\">Pensi\u00f3n de Ense\u00f1anza Posgrado<\/td>\n<td align=\"center\">140<\/td>\n<\/tr>\n<\/tbody>\n<\/table>\n<ul class=\"omsc-icons-ul fa-ul\">\n<li style=\"text-align: justify;\"><i class=\"fa-li fa fa-check\"><\/i><strong>Los pagos deben ser realizados mediante Ventanilla o Agente Multired del Banco de la Naci\u00f3n.<\/strong><\/li>\n<li style=\"text-align: justify;\"><i class=\"fa-li fa fa-check\"><\/i><strong>Realizar los pagos por concepto de Pensi\u00f3n de Ense\u00f1anza Posgrado en un solo voucher (m\u00e1s de una pensi\u00f3n).<\/strong><\/li>\n<li style=\"text-align: justify;\"><i class=\"fa-li fa fa-check\"><\/i><strong>El pago por concepto de Matr\u00edcula se debe realizar en un \u00fanico voucher.<\/strong><\/li>\n<li style=\"text-align: justify;\"><i class=\"fa-li fa fa-check\"><\/i><strong>Los pagos realizados deber\u00e1n ser reportados dentro del mismo mes.<\/strong><\/li>\n<\/ul>\n<p><\/div><br \/>\n<\/div><div class=\"omsc-clear\"><\/div><\/div>\n<a class=\"omsc-button omsc-no-custom-hover omsc-size-medium omsc-with-icon omsc-style-emboss omsc-text-bright\" href=\"https:\/\/drive.google.com\/open?id=1BGlLyg9ck5LHLVtSgoJouIoSH1I4vkve\" target=\"_blank\" style=\"background-color:#1e73be;border-color:#1e73be;color:#ffffff\"><i class=\"fa fa-arrow-circle-o-down\"><\/i>PLAN CURRICULAR<\/a>\n<p><strong>Coordinador de la Maestr\u00eda (PROMACE):<\/strong><br \/>\n<strong>Dr. Segundo Alejandro Calle Ruiz<\/strong><br \/>\n<strong>E-mail:<\/strong> scaller@unp.edu.pe<\/p>\n<p><strong>E-mail del programa:<\/strong> promace@unp.edu.pe<\/p>\n<p><strong>Sra. Mar\u00eda Isabel Rojas Peralta de Vega<\/strong><br \/>\n<strong>E-mail:<\/strong> irojasp@unp.edu.pe<\/p>\n<p><strong>Srta. Amelia Saldarriaga Moscol<\/strong><br \/>\n<strong>E-mail:<\/strong> asaldarriagam@unp.edu.pe<\/p>\n<p><strong>Horario de atenci\u00f3n:<\/strong> Lun-Vie: 8:00am &#8211; 3:00pm<\/p>\n<p><a href=\"https:\/\/epg.unp.edu.pe\/eposgrado\/maestrias\/promace\/\">&larr; Maestr\u00eda en Ciencias Econ\u00f3micas<\/a><\/p>","protected":false},"excerpt":{"rendered":"<p>Presentaci\u00f3n El programa de Maestr\u00eda en Ciencias Economicas (PROMACE), perteneciente a la Escuela de Posgrado de la Universidad Nacional de Piura, fue creada con resoluci\u00f3n 487-CU-96 del 15 de julio de 1996 iniciando sus labores acad\u00e9micas el 10 de marzo de 1997, en la actualidad se ha desarrollado la formaci\u00f3n de 26 promociones. El programa [&hellip;]<\/p>\n","protected":false},"author":1,"featured_media":1297,"parent":342,"menu_order":0,"comment_status":"closed","ping_status":"closed","template":"","meta":{"footnotes":""},"categories":[],"tags":[15],"class_list":["post-1075","page","type-page","status-publish","has-post-thumbnail","hentry","tag-economia"],"_links":{"self":[{"href":"https:\/\/epg.unp.edu.pe\/eposgrado\/wp-json\/wp\/v2\/pages\/1075","targetHints":{"allow":["GET"]}}],"collection":[{"href":"https:\/\/epg.unp.edu.pe\/eposgrado\/wp-json\/wp\/v2\/pages"}],"about":[{"href":"https:\/\/epg.unp.edu.pe\/eposgrado\/wp-json\/wp\/v2\/types\/page"}],"author":[{"embeddable":true,"href":"https:\/\/epg.unp.edu.pe\/eposgrado\/wp-json\/wp\/v2\/users\/1"}],"replies":[{"embeddable":true,"href":"https:\/\/epg.unp.edu.pe\/eposgrado\/wp-json\/wp\/v2\/comments?post=1075"}],"version-history":[{"count":5,"href":"https:\/\/epg.unp.edu.pe\/eposgrado\/wp-json\/wp\/v2\/pages\/1075\/revisions"}],"predecessor-version":[{"id":1821,"href":"https:\/\/epg.unp.edu.pe\/eposgrado\/wp-json\/wp\/v2\/pages\/1075\/revisions\/1821"}],"up":[{"embeddable":true,"href":"https:\/\/epg.unp.edu.pe\/eposgrado\/wp-json\/wp\/v2\/pages\/342"}],"wp:featuredmedia":[{"embeddable":true,"href":"https:\/\/epg.unp.edu.pe\/eposgrado\/wp-json\/wp\/v2\/media\/1297"}],"wp:attachment":[{"href":"https:\/\/epg.unp.edu.pe\/eposgrado\/wp-json\/wp\/v2\/media?parent=1075"}],"wp:term":[{"taxonomy":"category","embeddable":true,"href":"https:\/\/epg.unp.edu.pe\/eposgrado\/wp-json\/wp\/v2\/categories?post=1075"},{"taxonomy":"post_tag","embeddable":true,"href":"https:\/\/epg.unp.edu.pe\/eposgrado\/wp-json\/wp\/v2\/tags?post=1075"}],"curies":[{"name":"wp","href":"https:\/\/api.w.org\/{rel}","templated":true}]}}