{"id":1096,"date":"2019-03-29T16:40:15","date_gmt":"2019-03-29T16:40:15","guid":{"rendered":"https:\/\/epg.unp.edu.pe\/eposgrado\/?page_id=1096"},"modified":"2025-09-09T14:39:52","modified_gmt":"2025-09-09T14:39:52","slug":"derecho-penal","status":"publish","type":"page","link":"https:\/\/epg.unp.edu.pe\/eposgrado\/maestrias\/promade\/derecho-penal\/","title":{"rendered":" Maestr\u00eda en Derecho con menci\u00f3n en Derecho Penal"},"content":{"rendered":"<h2 style=\"text-align: justify;\"><strong>Presentaci\u00f3n<\/strong><\/h2>\n<p style=\"text-align: justify;\">El Programa de Maestr\u00eda en Derecho con Menci\u00f3n en Derecho Penal, implica el compromiso no solo de obtener un grado acad\u00e9mico luego de completar un plan de estudios de cuatro semestres de duraci\u00f3n y la posterior sustentaci\u00f3n de un trabajo de investigaci\u00f3n; sino que posibilita al egresado el perfeccionamiento profesional mediante la actualizaci\u00f3n y profundizaci\u00f3n de los conocimientos adquiridos, tanto en los estudios de posgrado como en el desarrollo cotidiano de la profesi\u00f3n; as\u00ed como la especializaci\u00f3n en los temas propios de la Maestr\u00eda en Derecho Penal, a fin de alcanzar altos niveles en la investigaci\u00f3n, la docencia universitaria, la asesor\u00eda profesional y la administraci\u00f3n de justicia.<\/p>\n<p style=\"text-align: justify;\">Su prop\u00f3sito es dotar al participante de las herramientas que lo habiliten como investigador espec\u00edficamente en la especialidad de Derecho Penal, Derecho Procesal Penal reforzando los conocimientos con disciplinas afines como la criminal\u00edstica, criminolog\u00eda y medicina legal que permiten al penalista ampliar sus conocimientos y desempe\u00f1arse de forma \u00f3ptima en el quehacer acad\u00e9mico y profesional.<\/p>\n<h3 style=\"text-align: justify;\"><strong>Objetivos<\/strong><\/h3>\n<ul class=\"omsc-icons-ul fa-ul\">\n<li style=\"text-align: justify; margin-left: 20px;\"><i class=\"fa-li fa fa-chevron-right\"><\/i>La formaci\u00f3n del profesional en derecho con Menci\u00f3n en Derecho Penal, le permite contar con las herramientas de alto contenido acad\u00e9mico, cient\u00edfico y tecnol\u00f3gico para la investigaci\u00f3n, la docencia y la pr\u00e1ctica profesional especializada.<\/li>\n<li style=\"text-align: justify; margin-left: 20px;\"><i class=\"fa-li fa fa-chevron-right\"><\/i>Facilitar y propiciar metodol\u00f3gicamente la formaci\u00f3n jur\u00eddica, te\u00f3rica y pr\u00e1ctica mediante el desarrollo de las habilidades, actitudes y conocimientos requeridos por nuestra realidad.<\/li>\n<li style=\"text-align: justify; margin-left: 20px;\"><i class=\"fa-li fa fa-chevron-right\"><\/i>Lograr a trav\u00e9s de sus egresados, que Programa de Maestr\u00eda en Derecho con Menci\u00f3n en Derecho Penal, cumpla su verdadera funci\u00f3n social de regular con justicia la convivencia humana, para que las personas asuman de manera responsable su rol en la sociedad.<\/li>\n<li style=\"text-align: justify; margin-left: 20px;\"><i class=\"fa-li fa fa-chevron-right\"><\/i>Analizar las causas econ\u00f3micas, pol\u00edticas y sociales que influyen en la transformaci\u00f3n del Derecho en el siglo XXI, con marcada incidencia en temas de coyuntura por la que atraviesa el pa\u00eds como la criminalidad organizada y delitos de corrupci\u00f3n de funcionarios.<\/li>\n<li style=\"text-align: justify; margin-left: 20px;\"><i class=\"fa-li fa fa-chevron-right\"><\/i>Fomentar el an\u00e1lisis cr\u00edtico jur\u00eddico de las propuestas de soluci\u00f3n a los problemas planteados en una realidad concreta.<\/li>\n<\/ul>\n<div class=\"omsc-tabs\"><ul class=\"omsc-tabs-control omsc-clearfix\"><li><a href=\"#tab-plana-docente\"><span>Plana Docente<\/span><\/a><\/li><li><a href=\"#tab-plan-de-estudios\"><span>Plan de Estudios<\/span><\/a><\/li><li><a href=\"#tab-horario-de-clases\"><span>Horario de clases<\/span><\/a><\/li><li><a href=\"#tab-inversion-economica\"><span>Inversi\u00f3n Econ\u00f3mica<\/span><\/a><\/li><\/ul><div class=\"omsc-tabs-tabs\"><\/p>\n<p><div class=\"omsc-tabs-tab omsc-tab-plana-docente\"><\/p>\n<p><div class=\"omsc-toggle\"><div class=\"omsc-toggle-title\"><strong>Edwin Figueroa Gutarra<\/strong><\/div><div class=\"omsc-toggle-inner\"><\/p>\n<table>\n<tbody>\n<tr>\n<td style=\"width: 180px;\"><img loading=\"lazy\" decoding=\"async\" class=\"wp-image-1864 aligncenter\" src=\"https:\/\/epg.unp.edu.pe\/eposgrado\/wp-content\/uploads\/2018\/11\/edwin-300x240.jpg\" alt=\"edwin\" width=\"143\" height=\"114\" \/><\/td>\n<td style=\"text-align: justify;\">Doctor en Derecho por la Universidad Nacional Mayor de San Marcos. Actual Juez Superior Titular Sala Constitucional de Lambayeque. Profesor Asociado AMAG. Profesor visitante Doctorado en Derecho Procesal Universidad de Medell\u00edn, Colombia. Profesor Universidad San Mart\u00edn de Porras filial Chiclayo. Profesor de Post Grado de las Universidades Nacional de Trujillo, Nacional de Piura y Pedro Ruiz Gallo de Lambayeque. Becario Consejo General del Poder Judicial de Espa\u00f1a CGPJ y AECID C\u00e1diz 2009, Montevideo 2010 (DD. HH.). Becario American University Programa DD.HH., Washington D.C. 2009.<\/td>\n<\/tr>\n<\/tbody>\n<\/table>\n<p><\/div><\/div><br \/>\n<div class=\"omsc-toggle\"><div class=\"omsc-toggle-title\"><strong>Javier Wilfredo Huaman\u00ed Mu\u00f1oz<\/strong><\/div><div class=\"omsc-toggle-inner\"><\/p>\n<table>\n<tbody>\n<tr>\n<td style=\"width: 180px;\"><img loading=\"lazy\" decoding=\"async\" class=\"wp-image-1887 aligncenter\" src=\"https:\/\/epg.unp.edu.pe\/eposgrado\/wp-content\/uploads\/2018\/11\/javier.png\" alt=\"javier\" width=\"114\" height=\"150\" \/><\/td>\n<td style=\"text-align: justify;\">Ph.D. Legal Estudie \u2013 EE.UU. Doctor en Derecho por la Universidad Alas Peruanas. Magister en Derecho Constitucional por la Universidad Alas Peruanas. Magister en Derecho Penal por la Universidad Nacional de Piura. Actual Fiscal Titular Superior del Callao. Capacitado en Chile, Colombia y Puerto Rico en el Sistema Procesal Penal Acusatorio. Docente de la Academia de la Magistratura. Expositor en Cert\u00e1menes Acad\u00e9micos a nivel nacional.<\/td>\n<\/tr>\n<\/tbody>\n<\/table>\n<p>&nbsp;<\/p>\n<p><\/div><\/div><br \/>\n<div class=\"omsc-toggle\"><div class=\"omsc-toggle-title\"><strong>Hernando Montoya Alberti<\/strong><\/div><div class=\"omsc-toggle-inner\"><\/p>\n<table>\n<tbody>\n<tr>\n<td style=\"width: 220px;\"><img loading=\"lazy\" decoding=\"async\" class=\" wp-image-1891 alignleft\" src=\"https:\/\/epg.unp.edu.pe\/eposgrado\/wp-content\/uploads\/2018\/11\/hernando-300x200.jpg\" alt=\"hernando\" width=\"210\" height=\"190\" \/><\/td>\n<td style=\"text-align: justify;\">Doctor en Derecho por la Universidad Nacional Mayor de San Marcos. Especialista por el Programa Especial de Administraci\u00f3n y Finanzas en ESAN. Presidente del Instituto Peruano de derecho Mercantil. Profesor de la Academia de la Magistratura. Profesor de Posgrado de la Universidad Nacional Mayor de San Marcos. Profesor de Derecho Comercial en la Universidad de LIMA y en la Maestr\u00eda de Derecho Empresarial, Civil y Comercial de las Universidades San Mart\u00edn de Porres, Pontificia Universidad Cat\u00f3lica, Nacional de Piura y Nacional de Lambayeque. \u00c1rbitro del Centro de Arbitraje Internacional de la C\u00e1mara de Comercio de Lima. Past Asesor de la Superintendencia del Mercado de Valores para la revisi\u00f3n de la normas sobre Buen Gobierno Corporativo.<\/td>\n<\/tr>\n<\/tbody>\n<\/table>\n<p><\/div><\/div><\/p>\n<p><div class=\"omsc-toggle\"><div class=\"omsc-toggle-title\"><strong>Nancy de la Cruz Chamilco<\/strong><\/div><div class=\"omsc-toggle-inner\"><\/p>\n<table>\n<tbody>\n<tr>\n<td style=\"width: 180px;\"><img loading=\"lazy\" decoding=\"async\" class=\"aligncenter wp-image-2505\" src=\"https:\/\/epg.unp.edu.pe\/eposgrado\/wp-content\/uploads\/2018\/11\/NEDCH.jpg\" alt=\"NEDCH\" width=\"139\" height=\"202\" \/><\/td>\n<td style=\"text-align: justify;\">M\u00e9dico Legista con un tiempo de servicio de 33 a\u00f1os en el sistema de administraci\u00f3n de justicia nacional. M\u00e9dico especialista en Medicina Legal por la Universidad Nacional Mayor de San Marcos. M\u00e9dico especialista en Psiquiatr\u00eda por la Universidad Peruana Cayetano Heredia. Grado Acad\u00e9mico de Mag\u00edster en Docencia Universitaria. Doctorado en Salud P\u00fablica. Diplomada en Auditoria M\u00e9dico Legal por la UNMSM. Diplomada en Desarrollo Gerencial por la Universidad ESAN. Diplomada en Cooperaci\u00f3n Internacional por la USMP. Diplomada en Proyectos de Inversi\u00f3n P\u00fablica por la USMP. Docente de la Academia de la Magistratura \u2013 Cursos de Medicina Legal y Criminal\u00edstica (PROFA). Docente de Medicina Legal en la Facultad de Medicina Humana de la Univ. Nac. Mayor de San Marcos. Docente de Medicina Legal en la Facultad de Derecho de la Universidad Femenina Sagrado Coraz\u00f3n (UNIFE). Docente de Medicina Legal en Maestr\u00eda en Ciencias Penales en la Universidad San Martin de Porres. Docente de la Maestr\u00eda en Derecho Penal de la Universidad Nacional de Piura \u2013 Curso de Medicina Legal y Ciencias Forenses. Ex Gerente Central de Capacitaci\u00f3n, Docencia e Investigaci\u00f3n del Instituto de Medicina Legal del Ministerio P\u00fablico. Ex Directora General de la Divisi\u00f3n de Ex\u00e1menes M\u00e9dico Legales del Instituto de Medicina Legal del Ministerio P\u00fablico. Expositor y Ponente de Eventos Cient\u00edficos y Acad\u00e9micos. Autor de INVESTIGACI\u00d3Nes y publicaciones cient\u00edficos forenses.<\/td>\n<\/tr>\n<\/tbody>\n<\/table>\n<p>&nbsp;<\/p>\n<p><\/div><\/div><br \/>\n<div class=\"omsc-toggle\"><div class=\"omsc-toggle-title\"><strong>Tulio Villacorta Calderon<\/strong><\/div><div class=\"omsc-toggle-inner\"><\/p>\n<table>\n<tbody>\n<tr>\n<td style=\"width: 180px;\"><img loading=\"lazy\" decoding=\"async\" class=\"aligncenter size-full wp-image-2509\" src=\"https:\/\/epg.unp.edu.pe\/eposgrado\/wp-content\/uploads\/2018\/11\/TULIO_VILLACORTA.png\" alt=\"TULIO_VILLACORTA\" width=\"105\" height=\"164\" \/><\/td>\n<td style=\"text-align: justify;\">Doctor en Derecho por la Universidad Nacional de Piura.\u00a0Magister en Derecho Civil y Comercial por la Universidad Nacional de Piura.\u00a0Abogado egresado de la Universidad Nacional de Trujillo.\u00a0Actualmente desempe\u00f1\u00e1ndose como Juez Superior Titular de la Segunda Sala Penal de apelaciones de la corte Superior de Piura.\u00a0Presidente de la comisi\u00f3n de capacitaci\u00f3n y perfeccionamiento de la Corte Superior de Justicia de Piura<br \/>\nEx \u2013 Presidente del Jurado Electoral Especial del departamento electoral de Piura<br \/>\nEx \u2013 Fiscal de los distritos judiciales de La Libertad y de Piura<\/td>\n<\/tr>\n<\/tbody>\n<\/table>\n<p><\/div><\/div><\/p>\n<p><div class=\"omsc-toggle\"><div class=\"omsc-toggle-title\"><strong>Jos\u00e9 Luis Pacheco De La Cruz<\/strong><\/div><div class=\"omsc-toggle-inner\"><\/p>\n<table>\n<tbody>\n<tr>\n<td style=\"width: 210px;\"><img loading=\"lazy\" decoding=\"async\" class=\"wp-image-2057 aligncenter\" src=\"https:\/\/epg.unp.edu.pe\/eposgrado\/wp-content\/uploads\/2018\/11\/josepacheco-150x150.png\" alt=\"adsd\" width=\"168\" height=\"168\" \/><\/td>\n<td style=\"text-align: justify;\">Doctor en Derecho y Mag\u00edster en Salud P\u00fablica por la Universidad Nacional Federico Villareal. Especialista en Criminal\u00edstica y Ciencias Forenses por la Universidad Nacional Mayor de San Marcos. Especialista en Investigaci\u00f3n Cient\u00edfica y Tesis. Profesor Principal en la Academia de la Magistratura. Doctor Honoris Causa por la Universidad Nacional Hermilio Valdiz\u00e1n. Profesor ordinario de la Universidad Nacional Mayor de San Marcos. Docente de la Universidad Cient\u00edfica del Sur, Universidad Nolbert Wiener, Universidad Peruana de Los Andes, Universidad Cient\u00edfica del Per\u00fa, Universidad Nacional Hermilio Valdiz\u00e1n, Universidad Nacional de Piura, entre otras. Experiencia acad\u00e9mica en Tokyo, Francia, Miami, New York, Brasil, Chile, Argentina y Ecuador.<\/td>\n<\/tr>\n<\/tbody>\n<\/table>\n<p><\/div><\/div><\/p>\n<p><div class=\"omsc-toggle\"><div class=\"omsc-toggle-title\"><strong>Napole\u00f3n Zapata Avellaneda<\/strong><\/div><div class=\"omsc-toggle-inner\"><\/div><\/div><\/p>\n<table>\n<tbody>\n<tr>\n<td style=\"width: 180px;\"><img loading=\"lazy\" decoding=\"async\" class=\"wp-image-1980 aligncenter\" src=\"https:\/\/epg.unp.edu.pe\/eposgrado\/wp-content\/uploads\/2018\/11\/napoleon-perfil.jpg\" alt=\"napo\" width=\"139\" height=\"180\" \/><\/td>\n<td style=\"text-align: justify;\">Doctor en Derecho y Ciencias Pol\u00edticas por la Universidad Nacional de Piura. Mag\u00edster en Derecho Civil con Menci\u00f3n en Derecho Civil y Comercial por la Universidad Nacional de Piura. Profesor Principal de la Universidad Nacional de Piura. Docente de Maestr\u00eda y Doctorado por la Universidad Nacional de Piura. Actual \u00c1rbitro de Derecho del Colegio de Ingenieros de Piura y de la C\u00e1mara de Comercio de Piura \u2013 Conciliador Extrajudicial. Ex Director Regional de Trabajo de Piura y Tumbes. Ex Jefe de la Oficina de Asesor\u00eda Legal de la Entidad Prestadora de Servicios de Saneamiento Grau Sociedad An\u00f3nima \u2013 Piura. Ex Presidente de la Comisi\u00f3n de Gobierno de la Facultad de Derecho y Ciencias Pol\u00edticas &#8211; Decano de la Universidad Nacional de Piura.<\/td>\n<\/tr>\n<\/tbody>\n<\/table>\n<p>&nbsp;<\/p>\n<p><\/div><br \/>\n<div class=\"omsc-tabs-tab omsc-tab-plan-de-estudios\"><\/p>\n<table class=\"tabla\" border=\"1\">\n<tbody>\n<tr class=\"encabezado\">\n<td><strong>ASIGNATURA<\/strong><\/td>\n<td><strong>CR\u00c9DITOS<\/strong><\/td>\n<\/tr>\n<tr class=\"resaltado\">\n<td class=\"tab1\" colspan=\"4\"><strong>I CICLO<\/strong><\/td>\n<\/tr>\n<tr class=\"alternar\">\n<td class=\"tab1\">METODOLOG\u00cdA DE LA INVESTIGACI\u00d3N CIENTIFICA<\/td>\n<td align=\"center\">04<\/td>\n<\/tr>\n<tr class=\"alternar\">\n<td class=\"tab1\">DERECHO PENAL I: TEOR\u00cdA DEL DELITO<\/td>\n<td align=\"center\">04<\/td>\n<\/tr>\n<tr class=\"alternar\">\n<td class=\"tab1\">DERECHO PROCESAL PENAL I: TEOR\u00cdA DEL PROCESAMIENTO INSTRUCTIVO<\/td>\n<td align=\"center\">04<\/td>\n<\/tr>\n<tr class=\"alternar\">\n<td class=\"tab1\">CRIMINOLOG\u00cdA<\/td>\n<td align=\"center\">04<\/td>\n<\/tr>\n<tr class=\"resaltado\">\n<td class=\"tab1\" colspan=\"4\"><strong>II CICLO<\/strong><\/td>\n<\/tr>\n<tr class=\"alternar\">\n<td class=\"tab1\">TESIS I<\/td>\n<td align=\"center\">04<\/td>\n<\/tr>\n<tr class=\"alternar\">\n<td class=\"tab1\">MEDICINA LEGAL<\/td>\n<td align=\"center\">04<\/td>\n<\/tr>\n<tr class=\"alternar\">\n<td class=\"tab1\">DERECHO PENAL II: TEOR\u00cdA DE LA PENA<\/td>\n<td align=\"center\">04<\/td>\n<\/tr>\n<tr class=\"alternar\">\n<td class=\"tab1\">DERECHO PROCESAL PENAL II: TEOR\u00cdA DE LA PRUEBA<\/td>\n<td align=\"center\">04<\/td>\n<\/tr>\n<tr class=\"resaltado\">\n<td class=\"tab1\" colspan=\"4\"><strong>III CICLO<\/strong><\/td>\n<\/tr>\n<tr class=\"alternar\">\n<td class=\"tab1\">TESIS II<\/td>\n<td align=\"center\">04<\/td>\n<\/tr>\n<tr class=\"alternar\">\n<td class=\"tab1\">DERECHOS HUMANOS<\/td>\n<td align=\"center\">04<\/td>\n<\/tr>\n<tr class=\"alternar\">\n<td class=\"tab1\">DERECHO PENAL ESPECIAL<\/td>\n<td align=\"center\">04<\/td>\n<\/tr>\n<tr class=\"alternar\">\n<td class=\"tab1\">CRIMINAL\u00cdSTICA<\/td>\n<td align=\"center\">04<\/td>\n<\/tr>\n<tr class=\"resaltado\">\n<td class=\"tab1\" colspan=\"4\"><strong>IV CICLO<\/strong><\/td>\n<\/tr>\n<tr class=\"alternar\">\n<td class=\"tab1\">TESIS III<\/td>\n<td align=\"center\">04<\/td>\n<\/tr>\n<tr class=\"alternar\">\n<td class=\"tab1\">DERECHO PENAL ECONOMICO<\/td>\n<td align=\"center\">04<\/td>\n<\/tr>\n<tr class=\"alternar\">\n<td class=\"tab1\">SEMINARIO DE DELITOS CONTRA LA ADMINISTRACI\u00d3N P\u00daBLICA<\/td>\n<td align=\"center\">04<\/td>\n<\/tr>\n<tr class=\"alternar\">\n<td class=\"tab1\">DERECHO PENAL PRIVATIVO<\/td>\n<td align=\"center\">04<\/td>\n<\/tr>\n<tr class=\"encabezado\">\n<td style=\"text-align: center;\"><strong>TOTAL DE CR\u00c9DITOS<\/strong><\/td>\n<td align=\"center\"><strong>64<\/strong><\/td>\n<\/tr>\n<\/tbody>\n<\/table>\n<p><\/div><\/p>\n<p><div class=\"omsc-tabs-tab omsc-tab-horario-de-clases\"><\/p>\n<table class=\"tablahorario\">\n<tbody>\n<tr>\n<td><strong>S\u00e1bados:<\/strong><\/td>\n<td>9:00 a.m. &#8211; 1:00 p.m. y 4:00 p.m. &#8211; 8:00 p.m.<\/td>\n<\/tr>\n<tr>\n<td><strong>Domingos:<\/strong><\/td>\n<td>9:00 a.m. &#8211; 1:00 p.m.<\/td>\n<\/tr>\n<\/tbody>\n<\/table>\n<p style=\"text-align: justify; margin-left: 10px;\"><strong>\u00abMODALIDAD DE ESTUDIOS: A DISTANCIA\u00bb<\/strong><\/p>\n<p><\/div><\/p>\n<p><div class=\"omsc-tabs-tab omsc-tab-inversion-economica\"><\/p>\n<table class=\"tabla\" border=\"1\">\n<tbody>\n<tr class=\"resaltado\" align=\"center\">\n<td><strong>CONCEPTO<\/strong><\/td>\n<td><strong>MONTO<\/strong><\/td>\n<\/tr>\n<tr class=\"alternar\">\n<td class=\"tab1\"><strong>Admisi\u00f3n (\u00fanica)<\/strong><\/td>\n<td align=\"center\">S\/. 510.60<\/td>\n<\/tr>\n<tr class=\"alternar\">\n<td class=\"tab1\"><strong>Matr\u00edcula Anual (2, anuales)<\/strong><\/td>\n<td align=\"center\">S\/. 662<\/td>\n<\/tr>\n<tr class=\"alternar\">\n<td class=\"tab1\"><strong>Pensi\u00f3n de Ense\u00f1anza (24, mensuales)<\/strong><\/td>\n<td align=\"center\">S\/. 437.50<\/td>\n<\/tr>\n<\/tbody>\n<\/table>\n<p><div class=\"omsc-divider omsc-border-large omsc-style-single\" style=\"\"><\/div><\/p>\n<table class=\"tabla\" border=\"1\">\n<tbody>\n<tr class=\"resaltado\" align=\"center\">\n<td colspan=\"2\"><strong>INFORMACI\u00d3N GENERAL<br \/>\nTRANSACCI\u00d3N (9135) &#8211; BANCO DE LA NACI\u00d3N<\/strong><\/td>\n<\/tr>\n<tr class=\"resaltado\" align=\"center\">\n<td><strong>CONCEPTO<\/strong><\/td>\n<td><strong>C\u00d3DIGO<\/strong><\/td>\n<\/tr>\n<tr class=\"alternar\">\n<td class=\"tab1\">Derecho de Admisi\u00f3n<\/td>\n<td align=\"center\">15<\/td>\n<\/tr>\n<tr class=\"alternar\">\n<td class=\"tab1\">Matr\u00edcula de Posgrado<\/td>\n<td align=\"center\">57<\/td>\n<\/tr>\n<tr class=\"alternar\">\n<td class=\"tab1\">Pensi\u00f3n de Ense\u00f1anza Posgrado<\/td>\n<td align=\"center\">78<\/td>\n<\/tr>\n<\/tbody>\n<\/table>\n<ul class=\"omsc-icons-ul fa-ul\">\n<li style=\"text-align: justify;\"><i class=\"fa-li fa fa-check\"><\/i><strong>Los pagos deben ser realizados mediante Ventanilla del Banco de la Naci\u00f3n o Pagalo.pe.<\/strong><\/li>\n<li style=\"text-align: justify;\"><i class=\"fa-li fa fa-check\"><\/i><strong>Realizar los pagos por concepto de Pensi\u00f3n de Ense\u00f1anza Posgrado en un solo voucher (m\u00e1s de una pensi\u00f3n).<\/strong><\/li>\n<li style=\"text-align: justify;\"><i class=\"fa-li fa fa-check\"><\/i><strong>El pago por concepto de Matr\u00edcula se debe realizar en un \u00fanico voucher.<\/strong><\/li>\n<li style=\"text-align: justify;\"><i class=\"fa-li fa fa-check\"><\/i><strong>Los pagos realizados deber\u00e1n ser reportados dentro del mismo mes.<\/strong><\/li>\n<\/ul>\n<p><\/div><br \/>\n<\/div><div class=\"omsc-clear\"><\/div><\/div>\n<a class=\"omsc-button omsc-no-custom-hover omsc-size-medium omsc-with-icon omsc-style-emboss omsc-text-bright\" href=\"https:\/\/drive.google.com\/open?id=1Kgdr3OuFwVWjoMbjSLbUYSa4oYuz6Igq\" target=\"_blank\" style=\"background-color:#922446;border-color:#922446;color:#ffffff\"><i class=\"fa fa-arrow-circle-o-down\"><\/i>PLAN CURRICULAR<\/a>\n<p><strong>Coordinador de la Maestr\u00eda en Derecho Penal\u00a0<\/strong><br \/>\n<strong>Dr. Luis Alberto Yaipen Hidalgo<\/strong><br \/>\n<strong>E-mail: lyaipenh<\/strong>@unp.edu.pe<\/p>\n<p><strong>\u00c1REA ACAD\u00c9MICA:<\/strong><\/p>\n<p>979328040- Lic. Betsi Calero Chumacero<br \/>\n991108804- Abg. Ana Paula Gonzales Pe\u00f1a<\/p>\n<p><strong>\u00c1REA ECON\u00d3MICA:<\/strong><\/p>\n<p>941837732- Cpc- Mar\u00eda Esperanza Sanchez Silva<br \/>\n969 063 134 &#8211; Abg. Noelia Guzm\u00e1n Palacios<\/p>\n<p><strong>Horario de atenci\u00f3n:<\/strong> Lun-Vie: 8:00am &#8211; 3:00pm<\/p>\n<p><a href=\"https:\/\/epg.unp.edu.pe\/eposgrado\/maestrias\/promade\/\">&larr; Maestr\u00eda en Derecho<\/a><\/p>","protected":false},"excerpt":{"rendered":"<p>Presentaci\u00f3n El Programa de Maestr\u00eda en Derecho con Menci\u00f3n en Derecho Penal, implica el compromiso no solo de obtener un grado acad\u00e9mico luego de completar un plan de estudios de cuatro semestres de duraci\u00f3n y la posterior sustentaci\u00f3n de un trabajo de investigaci\u00f3n; sino que posibilita al egresado el perfeccionamiento profesional mediante la actualizaci\u00f3n y [&hellip;]<\/p>\n","protected":false},"author":1,"featured_media":1159,"parent":347,"menu_order":0,"comment_status":"closed","ping_status":"closed","template":"","meta":{"footnotes":""},"categories":[],"tags":[],"class_list":["post-1096","page","type-page","status-publish","has-post-thumbnail","hentry"],"_links":{"self":[{"href":"https:\/\/epg.unp.edu.pe\/eposgrado\/wp-json\/wp\/v2\/pages\/1096","targetHints":{"allow":["GET"]}}],"collection":[{"href":"https:\/\/epg.unp.edu.pe\/eposgrado\/wp-json\/wp\/v2\/pages"}],"about":[{"href":"https:\/\/epg.unp.edu.pe\/eposgrado\/wp-json\/wp\/v2\/types\/page"}],"author":[{"embeddable":true,"href":"https:\/\/epg.unp.edu.pe\/eposgrado\/wp-json\/wp\/v2\/users\/1"}],"replies":[{"embeddable":true,"href":"https:\/\/epg.unp.edu.pe\/eposgrado\/wp-json\/wp\/v2\/comments?post=1096"}],"version-history":[{"count":5,"href":"https:\/\/epg.unp.edu.pe\/eposgrado\/wp-json\/wp\/v2\/pages\/1096\/revisions"}],"predecessor-version":[{"id":3989,"href":"https:\/\/epg.unp.edu.pe\/eposgrado\/wp-json\/wp\/v2\/pages\/1096\/revisions\/3989"}],"up":[{"embeddable":true,"href":"https:\/\/epg.unp.edu.pe\/eposgrado\/wp-json\/wp\/v2\/pages\/347"}],"wp:featuredmedia":[{"embeddable":true,"href":"https:\/\/epg.unp.edu.pe\/eposgrado\/wp-json\/wp\/v2\/media\/1159"}],"wp:attachment":[{"href":"https:\/\/epg.unp.edu.pe\/eposgrado\/wp-json\/wp\/v2\/media?parent=1096"}],"wp:term":[{"taxonomy":"category","embeddable":true,"href":"https:\/\/epg.unp.edu.pe\/eposgrado\/wp-json\/wp\/v2\/categories?post=1096"},{"taxonomy":"post_tag","embeddable":true,"href":"https:\/\/epg.unp.edu.pe\/eposgrado\/wp-json\/wp\/v2\/tags?post=1096"}],"curies":[{"name":"wp","href":"https:\/\/api.w.org\/{rel}","templated":true}]}}