{"id":1125,"date":"2019-03-29T18:16:44","date_gmt":"2019-03-29T18:16:44","guid":{"rendered":"https:\/\/epg.unp.edu.pe\/eposgrado\/?page_id=1125"},"modified":"2025-08-22T19:52:40","modified_gmt":"2025-08-22T19:52:40","slug":"gerencia-en-salud","status":"publish","type":"page","link":"https:\/\/epg.unp.edu.pe\/eposgrado\/maestrias\/promamed\/maestria-en-salud-publica\/gerencia-en-salud\/","title":{"rendered":"Gerencia en Salud"},"content":{"rendered":"<h2 style=\"text-align: justify;\"><strong>Presentaci\u00f3n<\/strong><\/h2>\n<p style=\"text-align: justify;\">El programa de Maestr\u00eda en Medicina se crea con la finalidad de ofrecer el m\u00e1s alto nivel de capacitaci\u00f3n para la docencia e investigaci\u00f3n a sus maestrantes, lo cual les permitir\u00e1 perfeccionar su formaci\u00f3n y lograr el liderazgo cient\u00edfico, acad\u00e9mico y human\u00edstico respondiendo de manera id\u00f3nea y oportuna a los cambios que se dar\u00e1n en nuestro pa\u00eds y en el mundo en este nuevo siglo.<\/p>\n<p style=\"text-align: justify;\">El Programa de Maestr\u00eda est\u00e1 orientado a ampliar el panorama del profesional m\u00e9dico m\u00e1s all\u00e1 de lo que representa su especialidad m\u00e9dica. Busca motivar al profesional para el auto perfeccionamiento no s\u00f3lo en el aspecto cient\u00edfico sino tambi\u00e9n en el aspecto human\u00edstico. Consideramos que \u00e9sta es la \u00fanica opci\u00f3n para lograr abordar de manera integral la realidad del pa\u00eds y del mundo.<\/p>\n<h3 style=\"text-align: justify;\"><strong>Objetivos<\/strong><\/h3>\n<ul class=\"omsc-icons-ul fa-ul\">\n<li style=\"text-align: justify; margin-left: 20px;\"><i class=\"fa-li fa fa-chevron-right\"><\/i>Desarrollar una adecuada conducci\u00f3n y liderazgo, resoluci\u00f3n de problemas, planificaci\u00f3n, programaci\u00f3n y administraci\u00f3n de sistemas operativos, para desarrollar capacidades de manejo gerencial dirigido a procesos socio-sanitarios.<\/li>\n<li style=\"text-align: justify; margin-left: 20px;\"><i class=\"fa-li fa fa-chevron-right\"><\/i>Analizar y describir la situaci\u00f3n social para permitir la compresi\u00f3n de los factores que facilitan y dificultan el desarrollo, as\u00ed como la implementaci\u00f3n y el logro de las intervenciones propuestas, que sirvan de base para su mejoramiento.<\/li>\n<li style=\"text-align: justify; margin-left: 20px;\"><i class=\"fa-li fa fa-chevron-right\"><\/i>Analizar y formular pol\u00edticas como respuesta a problemas relevantes en salud y desarrollo que optimicen la productividad y el uso racional de los recursos para mejorar el acceso y la calidad de atenci\u00f3n en salud.<\/li>\n<li style=\"text-align: justify; margin-left: 20px;\"><i class=\"fa-li fa fa-chevron-right\"><\/i>Propone cambios que faciliten el trabajo en las organizaciones de salud de acuerdo al an\u00e1lisis de sus fortalezas y debilidades, asignando recursos, inversi\u00f3n, fondos y mecanismos de pago.<\/li>\n<li style=\"text-align: justify; margin-left: 20px;\"><i class=\"fa-li fa fa-chevron-right\"><\/i>Desarrollar el inter\u00e9s por la investigaci\u00f3n cient\u00edfica de manera que los maestrandos sean agentes de cambio y desarrollo en el campo de la investigaci\u00f3n.<\/li>\n<\/ul>\n<div class=\"omsc-tabs\"><ul class=\"omsc-tabs-control omsc-clearfix\"><li><a href=\"#tab-plan-de-estudios\"><span>Plan de Estudios<\/span><\/a><\/li><li><a href=\"#tab-horario-de-clases\"><span>Horario de clases<\/span><\/a><\/li><li><a href=\"#tab-inversion-economica\"><span>Inversi\u00f3n Econ\u00f3mica<\/span><\/a><\/li><li><a href=\"#tab-inversion-economica\"><span>Inversi\u00f3n Econ\u00f3mica<\/span><\/a><\/li><\/ul><div class=\"omsc-tabs-tabs\"><\/p>\n<p><div class=\"omsc-tabs-tab omsc-tab-plan-de-estudios\"><\/p>\n<table class=\"tabla\" border=\"1\">\n<tbody>\n<tr class=\"encabezado\">\n<td class=\"tab1\"><strong>ASIGNATURA<\/strong><\/td>\n<td class=\"tab1\"><strong>CR\u00c9DITOS<\/strong><\/td>\n<\/tr>\n<tr class=\"resaltado\">\n<td class=\"tab1\" colspan=\"2\"><strong>I CICLO<\/strong><\/td>\n<\/tr>\n<tr class=\"alternar\">\n<td class=\"tab1\">SALUD P\u00daBLICA<\/td>\n<td align=\"center\">05<\/td>\n<\/tr>\n<tr class=\"alternar\">\n<td class=\"tab1\">EPIDEMIOLOG\u00cdA<\/td>\n<td align=\"center\">03<\/td>\n<\/tr>\n<tr class=\"alternar\">\n<td class=\"tab1\">BIOESTAD\u00cdSTICA Y DEMOGRAF\u00cdA EN SALUD<\/td>\n<td align=\"center\">03<\/td>\n<\/tr>\n<tr class=\"resaltado\">\n<td class=\"tab1\" colspan=\"2\"><strong>II CICLO<\/strong><\/td>\n<\/tr>\n<tr class=\"alternar\">\n<td class=\"tab1\">METODOLOG\u00cdA DE LA INVESTIGACI\u00d3N<\/td>\n<td align=\"center\">05<\/td>\n<\/tr>\n<tr class=\"alternar\">\n<td class=\"tab1\">DISE\u00d1O DE LA INVESTIGACI\u00d3N EN SALUD<\/td>\n<td align=\"center\">05<\/td>\n<\/tr>\n<tr class=\"alternar\">\n<td class=\"tab1\">TALLER DE INVESTIGACI\u00d3N EN SALUD I<\/td>\n<td align=\"center\">06<\/td>\n<\/tr>\n<tr class=\"resaltado\">\n<td class=\"tab1\" colspan=\"2\"><strong>III CICLO<\/strong><\/td>\n<\/tr>\n<tr class=\"alternar\">\n<td class=\"tab1\">BASES CONCEPTUALES DE LA GERENCIA MODERNA<\/td>\n<td align=\"center\">04<\/td>\n<\/tr>\n<tr class=\"alternar\">\n<td class=\"tab1\">APS Y MEDICINA FAMILIAR<\/td>\n<td align=\"center\">05<\/td>\n<\/tr>\n<tr class=\"alternar\">\n<td class=\"tab1\">GESTI\u00d3N DEL TALENTO HUMANO<\/td>\n<td align=\"center\">04<\/td>\n<\/tr>\n<tr class=\"alternar\">\n<td class=\"tab1\">TALLER DE INVESTIGACI\u00d3N EN SALUD II<\/td>\n<td align=\"center\">06<\/td>\n<\/tr>\n<tr class=\"resaltado\">\n<td class=\"tab1\" colspan=\"2\"><strong>IV CICLO<\/strong><\/td>\n<\/tr>\n<tr class=\"alternar\">\n<td class=\"tab1\">GESTI\u00d3N ESTRAT\u00c9GICA EN SALUD<\/td>\n<td align=\"center\">04<\/td>\n<\/tr>\n<tr class=\"alternar\">\n<td class=\"tab1\">GESTI\u00d3N DE CALIDAD Y ACREDITACI\u00d3N EN SALUD<\/td>\n<td align=\"center\">06<\/td>\n<\/tr>\n<tr class=\"alternar\">\n<td class=\"tab1\">ECONOM\u00cdA Y FINANCIAMIENTO DE LA SALUD<\/td>\n<td align=\"center\">04<\/td>\n<\/tr>\n<tr class=\"alternar\">\n<td class=\"tab1\">TALLER DE INVESTIGACI\u00d3N EN SALUD III<\/td>\n<td align=\"center\">06<\/td>\n<\/tr>\n<tr class=\"encabezado\">\n<td style=\"text-align: center;\"><strong>TOTAL DE CR\u00c9DITOS<\/strong><\/td>\n<td align=\"center\"><strong>66<\/strong><\/td>\n<\/tr>\n<\/tbody>\n<\/table>\n<p><\/div><\/p>\n<p><div class=\"omsc-tabs-tab omsc-tab-horario-de-clases\"><\/p>\n<table class=\"tablahorario\" style=\"height: 98px;\" width=\"439\">\n<tbody>\n<tr>\n<td><strong>Viernes:<\/strong><\/td>\n<td>18:00 pm. &#8211; 21:00 pm. (Sujeto a disponibilidad)<\/td>\n<\/tr>\n<tr>\n<td><strong>S\u00e1bados:<\/strong><\/td>\n<td>15:00 pm. &#8211; 21:00 pm. (Sujeto a disponibilidad)<\/td>\n<\/tr>\n<tr>\n<td><strong>Domingo:<\/strong><\/td>\n<td>8:00 am. &#8211; 13:30 pm. (Sujeto a disponibilidad)<\/td>\n<\/tr>\n<\/tbody>\n<\/table>\n<p style=\"text-align: justify; margin-left: 10px;\"><strong>\u00abMODALIDAD DE ESTUDIOS: A DISTANCIA\u00bb<\/strong><\/p>\n<p><\/div><\/p>\n<p><div class=\"omsc-tabs-tab omsc-tab-inversion-economica\"><\/p>\n<table class=\"tabla\" border=\"1\">\n<tbody>\n<tr class=\"resaltado\" align=\"center\">\n<td><strong>CONCEPTO<\/strong><\/td>\n<td><strong>MONTO<\/strong><\/td>\n<\/tr>\n<tr class=\"alternar\">\n<td class=\"\"><div class=\"omsc-tabs-tab omsc-tab-inversion-economica\"><\/div><\/p>\n<table class=\"tabla\" border=\"1\">\n<tbody>\n<tr class=\"resaltado\" align=\"center\">\n<td><strong>CONCEPTO<\/strong><\/td>\n<td><strong>MONTO<\/strong><\/td>\n<\/tr>\n<tr class=\"alternar\">\n<td class=\"tab1\"><strong>Admisi\u00f3n (\u00fanica)<\/strong><\/td>\n<td align=\"center\">S\/. 510.60<\/td>\n<\/tr>\n<tr class=\"alternar\">\n<td class=\"tab1\"><strong>Matr\u00edcula Anual (2, anuales)<\/strong><\/td>\n<td align=\"center\">S\/. 662<\/td>\n<\/tr>\n<tr class=\"alternar\">\n<td class=\"tab1\"><strong>Pensi\u00f3n de Ense\u00f1anza (20, mensuales)<\/strong><\/td>\n<td align=\"center\">S\/. 350.00<\/td>\n<\/tr>\n<\/tbody>\n<\/table>\n<p><div class=\"omsc-divider omsc-border-large omsc-style-single\" style=\"\"><\/div><\/p>\n<table class=\"tabla\" border=\"1\">\n<tbody>\n<tr class=\"resaltado\" align=\"center\">\n<td colspan=\"2\"><strong>INFORMACI\u00d3N GENERAL<br \/>\nTRANSACCI\u00d3N (9135) &#8211; BANCO DE LA NACI\u00d3N<\/strong><\/td>\n<\/tr>\n<tr class=\"resaltado\" align=\"center\">\n<td><strong>CONCEPTO<\/strong><\/td>\n<td><strong>C\u00d3DIGO<\/strong><\/td>\n<\/tr>\n<tr class=\"alternar\">\n<td class=\"tab1\">Derecho de Admisi\u00f3n<\/td>\n<td align=\"center\">15<\/td>\n<\/tr>\n<tr class=\"alternar\">\n<td class=\"tab1\">Matr\u00edcula de Posgrado<\/td>\n<td align=\"center\">57<\/td>\n<\/tr>\n<tr class=\"alternar\">\n<td class=\"tab1\">Pensi\u00f3n de Ense\u00f1anza Posgrado<\/td>\n<td align=\"center\">77<\/td>\n<\/tr>\n<\/tbody>\n<\/table>\n<ul class=\"omsc-icons-ul fa-ul\">\n<li style=\"text-align: justify;\"><i class=\"fa-li fa fa-check\"><\/i><strong>Los pagos deben ser realizados mediante Ventanilla del Banco de la Naci\u00f3n o Pagalo.pe.<\/strong><\/li>\n<li style=\"text-align: justify;\"><i class=\"fa-li fa fa-check\"><\/i><strong>Realizar los pagos por concepto de Pensi\u00f3n de Ense\u00f1anza Posgrado en un solo voucher (m\u00e1s de una pensi\u00f3n).<\/strong><\/li>\n<li style=\"text-align: justify;\"><i class=\"fa-li fa fa-check\"><\/i><strong>El pago por concepto de Matr\u00edcula se debe realizar en un \u00fanico voucher.<\/strong><\/li>\n<li style=\"text-align: justify;\"><i class=\"fa-li fa fa-check\"><\/i><strong>Los pagos realizados deber\u00e1n ser reportados dentro del mismo mes.<\/strong><\/li>\n<\/ul>\n<p><\/div><br \/>\n<\/div><div class=\"omsc-clear\"><\/div><\/div>\n<a class=\"omsc-button omsc-no-custom-hover omsc-size-medium omsc-with-icon omsc-style-emboss omsc-text-bright\" href=\"https:\/\/drive.google.com\/open?id=1mCDQ-C0-6WdFUXLm6cd6-ZzYyCMsLLyw\" target=\"_blank\" style=\"background-color:#922446;border-color:#922446;color:#ffffff\"><i class=\"fa fa-arrow-circle-o-down\"><\/i>PLAN CURRICULAR<\/a>\n<p><strong>Coordinador de la Maestr\u00eda (PROMAMED):<\/strong><br \/>\n<strong>Mag. Milagritos S\u00e1nchez Reto<\/strong><br \/>\n<strong>Celular:<\/strong> 968959090<br \/>\n<strong>E-mail:<\/strong> msanchezr@unp.edu.pe<\/p>\n<p><strong>Personal Administrativo &#8211; Informes<\/strong><br \/>\n<strong>E-mail:<\/strong> promamed@unp.edu.pe<br \/>\n<strong>Telf. fijo:<\/strong> 073 &#8211; 342998<\/p>\n<p><strong>Horario de atenci\u00f3n:<\/strong> Lun-Vie: 8:00am &#8211; 3:00pm<br \/>\n<strong>Oficina en el Campus Universitario<\/strong><br \/>\n<strong>Facultad de Ciencias de la Salud<\/strong><\/td>\n<\/tr>\n<\/tbody>\n<\/table>\n<p><a href=\"https:\/\/epg.unp.edu.pe\/eposgrado\/maestrias\/promamed\/maestria-en-salud-publica\/\">&larr; Maestr\u00eda en Salud P\u00fablica<\/a><\/p>","protected":false},"excerpt":{"rendered":"<p>Presentaci\u00f3n El programa de Maestr\u00eda en Medicina se crea con la finalidad de ofrecer el m\u00e1s alto nivel de capacitaci\u00f3n para la docencia e investigaci\u00f3n a sus maestrantes, lo cual les permitir\u00e1 perfeccionar su formaci\u00f3n y lograr el liderazgo cient\u00edfico, acad\u00e9mico y human\u00edstico respondiendo de manera id\u00f3nea y oportuna a los cambios que se dar\u00e1n [&hellip;]<\/p>\n","protected":false},"author":1,"featured_media":3980,"parent":1126,"menu_order":0,"comment_status":"closed","ping_status":"closed","template":"","meta":{"footnotes":""},"categories":[],"tags":[],"class_list":["post-1125","page","type-page","status-publish","has-post-thumbnail","hentry"],"_links":{"self":[{"href":"https:\/\/epg.unp.edu.pe\/eposgrado\/wp-json\/wp\/v2\/pages\/1125","targetHints":{"allow":["GET"]}}],"collection":[{"href":"https:\/\/epg.unp.edu.pe\/eposgrado\/wp-json\/wp\/v2\/pages"}],"about":[{"href":"https:\/\/epg.unp.edu.pe\/eposgrado\/wp-json\/wp\/v2\/types\/page"}],"author":[{"embeddable":true,"href":"https:\/\/epg.unp.edu.pe\/eposgrado\/wp-json\/wp\/v2\/users\/1"}],"replies":[{"embeddable":true,"href":"https:\/\/epg.unp.edu.pe\/eposgrado\/wp-json\/wp\/v2\/comments?post=1125"}],"version-history":[{"count":5,"href":"https:\/\/epg.unp.edu.pe\/eposgrado\/wp-json\/wp\/v2\/pages\/1125\/revisions"}],"predecessor-version":[{"id":3729,"href":"https:\/\/epg.unp.edu.pe\/eposgrado\/wp-json\/wp\/v2\/pages\/1125\/revisions\/3729"}],"up":[{"embeddable":true,"href":"https:\/\/epg.unp.edu.pe\/eposgrado\/wp-json\/wp\/v2\/pages\/1126"}],"wp:featuredmedia":[{"embeddable":true,"href":"https:\/\/epg.unp.edu.pe\/eposgrado\/wp-json\/wp\/v2\/media\/3980"}],"wp:attachment":[{"href":"https:\/\/epg.unp.edu.pe\/eposgrado\/wp-json\/wp\/v2\/media?parent=1125"}],"wp:term":[{"taxonomy":"category","embeddable":true,"href":"https:\/\/epg.unp.edu.pe\/eposgrado\/wp-json\/wp\/v2\/categories?post=1125"},{"taxonomy":"post_tag","embeddable":true,"href":"https:\/\/epg.unp.edu.pe\/eposgrado\/wp-json\/wp\/v2\/tags?post=1125"}],"curies":[{"name":"wp","href":"https:\/\/api.w.org\/{rel}","templated":true}]}}