{"id":1126,"date":"2019-03-29T18:11:15","date_gmt":"2019-03-29T18:11:15","guid":{"rendered":"https:\/\/epg.unp.edu.pe\/eposgrado\/?page_id=1126"},"modified":"2019-03-30T23:45:10","modified_gmt":"2019-03-30T23:45:10","slug":"maestria-en-salud-publica","status":"publish","type":"page","link":"https:\/\/epg.unp.edu.pe\/eposgrado\/maestrias\/promamed\/maestria-en-salud-publica\/","title":{"rendered":"Maestr\u00eda en Salud P\u00fablica"},"content":{"rendered":"<div class=\"pt-cv-wrapper\"><div class=\"pt-cv-view pt-cv-grid pt-cv-colsys pt-cv-post-border\" id=\"pt-cv-view-1de2279x8e\"><div data-id=\"pt-cv-page-1\" class=\"pt-cv-page\" data-cvc=\"2\"><div class=\"col-md-6 col-sm-6 col-xs-12 pt-cv-content-item pt-cv-1-col\"  data-pid=\"1123\"><div class='pt-cv-ifield'><a href=\"https:\/\/epg.unp.edu.pe\/eposgrado\/maestrias\/promamed\/maestria-en-salud-publica\/salud-familiar-y-comunitaria\/\" class=\"_self pt-cv-href-thumbnail pt-cv-thumb-default cvplbd\" target=\"_self\" ><img loading=\"lazy\" decoding=\"async\" width=\"938\" height=\"320\" src=\"https:\/\/epg.unp.edu.pe\/eposgrado\/wp-content\/uploads\/2025\/08\/SALUD-FAMILIAR-Y-COMUNITARIA.png\" class=\"pt-cv-thumbnail img-none\" alt=\"Salud Familiar y Comunitaria\" srcset=\"https:\/\/epg.unp.edu.pe\/eposgrado\/wp-content\/uploads\/2025\/08\/SALUD-FAMILIAR-Y-COMUNITARIA.png 938w, https:\/\/epg.unp.edu.pe\/eposgrado\/wp-content\/uploads\/2025\/08\/SALUD-FAMILIAR-Y-COMUNITARIA-300x102.png 300w, https:\/\/epg.unp.edu.pe\/eposgrado\/wp-content\/uploads\/2025\/08\/SALUD-FAMILIAR-Y-COMUNITARIA-768x262.png 768w, https:\/\/epg.unp.edu.pe\/eposgrado\/wp-content\/uploads\/2025\/08\/SALUD-FAMILIAR-Y-COMUNITARIA-800x273.png 800w, https:\/\/epg.unp.edu.pe\/eposgrado\/wp-content\/uploads\/2025\/08\/SALUD-FAMILIAR-Y-COMUNITARIA-285x97.png 285w\" sizes=\"auto, (max-width: 938px) 100vw, 938px\" \/><\/a>\n<h4 class=\"pt-cv-title\"><a href=\"https:\/\/epg.unp.edu.pe\/eposgrado\/maestrias\/promamed\/maestria-en-salud-publica\/salud-familiar-y-comunitaria\/\" class=\"_self cvplbd\" target=\"_self\" > Maestr\u00eda en Salud P\u00fablica con menci\u00f3n en Salud Familiar y Comunitaria<\/a><\/h4>\n<div class=\"pt-cv-content\"><div class=\"pt-cv-rmwrap\"><a href=\"https:\/\/epg.unp.edu.pe\/eposgrado\/maestrias\/promamed\/maestria-en-salud-publica\/salud-familiar-y-comunitaria\/\" class=\"_self pt-cv-readmore btn btn-success cvplbd\" target=\"_self\">M\u00c1S INFORMACI\u00d3N<\/a><\/div><\/div><\/div><\/div>\n<div class=\"col-md-6 col-sm-6 col-xs-12 pt-cv-content-item pt-cv-1-col\"  data-pid=\"1125\"><div class='pt-cv-ifield'><a href=\"https:\/\/epg.unp.edu.pe\/eposgrado\/maestrias\/promamed\/maestria-en-salud-publica\/gerencia-en-salud\/\" class=\"_self pt-cv-href-thumbnail pt-cv-thumb-default cvplbd\" target=\"_self\" ><img loading=\"lazy\" decoding=\"async\" width=\"938\" height=\"317\" src=\"https:\/\/epg.unp.edu.pe\/eposgrado\/wp-content\/uploads\/2025\/08\/SALUD.png\" class=\"pt-cv-thumbnail img-none\" alt=\"Gerencia en Salud\" srcset=\"https:\/\/epg.unp.edu.pe\/eposgrado\/wp-content\/uploads\/2025\/08\/SALUD.png 938w, https:\/\/epg.unp.edu.pe\/eposgrado\/wp-content\/uploads\/2025\/08\/SALUD-300x101.png 300w, https:\/\/epg.unp.edu.pe\/eposgrado\/wp-content\/uploads\/2025\/08\/SALUD-768x260.png 768w, https:\/\/epg.unp.edu.pe\/eposgrado\/wp-content\/uploads\/2025\/08\/SALUD-800x270.png 800w, https:\/\/epg.unp.edu.pe\/eposgrado\/wp-content\/uploads\/2025\/08\/SALUD-285x96.png 285w\" sizes=\"auto, (max-width: 938px) 100vw, 938px\" \/><\/a>\n<h4 class=\"pt-cv-title\"><a href=\"https:\/\/epg.unp.edu.pe\/eposgrado\/maestrias\/promamed\/maestria-en-salud-publica\/gerencia-en-salud\/\" class=\"_self cvplbd\" target=\"_self\" >Gerencia en Salud<\/a><\/h4>\n<div class=\"pt-cv-content\"><div class=\"pt-cv-rmwrap\"><a href=\"https:\/\/epg.unp.edu.pe\/eposgrado\/maestrias\/promamed\/maestria-en-salud-publica\/gerencia-en-salud\/\" class=\"_self pt-cv-readmore btn btn-success cvplbd\" target=\"_self\">M\u00c1S INFORMACI\u00d3N<\/a><\/div><\/div><\/div><\/div><\/div><\/div><\/div>\t\t\t<style type=\"text\/css\" id=\"pt-cv-inline-style-75a1178riy\">#pt-cv-view-1de2279x8e.pt-cv-post-border { margin: 0; border-top-width: 1px; border-left-width: 1px }\n#pt-cv-view-1de2279x8e.pt-cv-post-border { margin: 0; border-top-style: solid; border-left-style: solid }\n#pt-cv-view-1de2279x8e.pt-cv-post-border { margin: 0; border-top-color: #ececec; border-left-color: #ececec }\n#pt-cv-view-1de2279x8e.pt-cv-post-border .pt-cv-content-item   { border-right-width: 1px; border-bottom-width: 1px; border-right-style: solid; border-bottom-style: solid; border-right-color: #ececec; border-bottom-color: #ececec; }\n#pt-cv-view-1de2279x8e .pt-cv-title a, #pt-cv-view-1de2279x8e  .panel-title { font-weight: 600 !important; }\n#pt-cv-view-1de2279x8e .pt-cv-readmore  { color: #ffffff !important; background-color: #922446 !important; }\n#pt-cv-view-1de2279x8e .pt-cv-readmore:hover  { color: #ffffff !important; background-color: #922446 !important; }\n#pt-cv-view-1de2279x8e  + .pt-cv-pagination-wrapper .pt-cv-more , #pt-cv-view-1de2279x8e  + .pt-cv-pagination-wrapper .pagination .active a, .pt-cv-pagination[data-sid='1de2279x8e'] .active a { color: #ffffff !important; background-color: #00aeef !important; }<\/style>\r\n\t\t\t\n<p><a href=\"https:\/\/epg.unp.edu.pe\/eposgrado\/maestrias\/promamed\/\">&larr; Medicina<\/a><\/p>","protected":false},"excerpt":{"rendered":"<p>&larr; Maestr\u00edas<\/p>\n","protected":false},"author":1,"featured_media":1215,"parent":454,"menu_order":0,"comment_status":"closed","ping_status":"closed","template":"","meta":{"footnotes":""},"categories":[],"tags":[],"class_list":["post-1126","page","type-page","status-publish","has-post-thumbnail","hentry"],"_links":{"self":[{"href":"https:\/\/epg.unp.edu.pe\/eposgrado\/wp-json\/wp\/v2\/pages\/1126","targetHints":{"allow":["GET"]}}],"collection":[{"href":"https:\/\/epg.unp.edu.pe\/eposgrado\/wp-json\/wp\/v2\/pages"}],"about":[{"href":"https:\/\/epg.unp.edu.pe\/eposgrado\/wp-json\/wp\/v2\/types\/page"}],"author":[{"embeddable":true,"href":"https:\/\/epg.unp.edu.pe\/eposgrado\/wp-json\/wp\/v2\/users\/1"}],"replies":[{"embeddable":true,"href":"https:\/\/epg.unp.edu.pe\/eposgrado\/wp-json\/wp\/v2\/comments?post=1126"}],"version-history":[{"count":2,"href":"https:\/\/epg.unp.edu.pe\/eposgrado\/wp-json\/wp\/v2\/pages\/1126\/revisions"}],"predecessor-version":[{"id":1133,"href":"https:\/\/epg.unp.edu.pe\/eposgrado\/wp-json\/wp\/v2\/pages\/1126\/revisions\/1133"}],"up":[{"embeddable":true,"href":"https:\/\/epg.unp.edu.pe\/eposgrado\/wp-json\/wp\/v2\/pages\/454"}],"wp:featuredmedia":[{"embeddable":true,"href":"https:\/\/epg.unp.edu.pe\/eposgrado\/wp-json\/wp\/v2\/media\/1215"}],"wp:attachment":[{"href":"https:\/\/epg.unp.edu.pe\/eposgrado\/wp-json\/wp\/v2\/media?parent=1126"}],"wp:term":[{"taxonomy":"category","embeddable":true,"href":"https:\/\/epg.unp.edu.pe\/eposgrado\/wp-json\/wp\/v2\/categories?post=1126"},{"taxonomy":"post_tag","embeddable":true,"href":"https:\/\/epg.unp.edu.pe\/eposgrado\/wp-json\/wp\/v2\/tags?post=1126"}],"curies":[{"name":"wp","href":"https:\/\/api.w.org\/{rel}","templated":true}]}}