{"id":1134,"date":"2019-03-29T19:15:55","date_gmt":"2019-03-29T19:15:55","guid":{"rendered":"https:\/\/epg.unp.edu.pe\/eposgrado\/?page_id=1134"},"modified":"2025-08-13T15:23:47","modified_gmt":"2025-08-13T15:23:47","slug":"terapia-familiar","status":"publish","type":"page","link":"https:\/\/epg.unp.edu.pe\/eposgrado\/maestrias\/promamed\/terapia-familiar\/","title":{"rendered":" Maestr\u00eda en Psicolog\u00eda con menci\u00f3n en Terapia Familiar"},"content":{"rendered":"<h2 style=\"text-align: justify;\"><strong>Presentaci\u00f3n<\/strong><\/h2>\n<p style=\"text-align: justify;\">El programa de Maestr\u00eda en Medicina se crea con la finalidad de ofrecer el m\u00e1s alto nivel de capacitaci\u00f3n para la docencia e investigaci\u00f3n a sus maestrantes, lo cual les permitir\u00e1 perfeccionar su formaci\u00f3n y lograr el liderazgo cient\u00edfico, acad\u00e9mico y human\u00edstico respondiendo de manera id\u00f3nea y oportuna a los cambios que se dar\u00e1n en nuestro pa\u00eds y en el mundo en este nuevo siglo.<\/p>\n<p style=\"text-align: justify;\">El Programa de Maestr\u00eda est\u00e1 orientado a ampliar el panorama del profesional m\u00e9dico m\u00e1s all\u00e1 de lo que representa su especialidad m\u00e9dica. Busca motivar al profesional para el auto perfeccionamiento no s\u00f3lo en el aspecto cient\u00edfico sino tambi\u00e9n en el aspecto human\u00edstico. Consideramos que \u00e9sta es la \u00fanica opci\u00f3n para lograr abordar de manera integral la realidad del pa\u00eds y del mundo.<\/p>\n<h3 style=\"text-align: justify;\"><strong>Objetivos<\/strong><\/h3>\n<ul class=\"omsc-icons-ul fa-ul\">\n<li style=\"text-align: justify; margin-left: 20px;\"><i class=\"fa-li fa fa-chevron-right\"><\/i>Preparar psic\u00f3logos terapeutas familiares con una s\u00f3lida formaci\u00f3n \u00e9tica, conceptual y metodol\u00f3gica que fundamente un ejercicio profesional aut\u00e9nticamente humano, cient\u00edfico y t\u00e9cnico y en esta forma sean para la sociedad elementos positivos de servicio y de transformaci\u00f3n social.<\/li>\n<li style=\"text-align: justify; margin-left: 20px;\"><i class=\"fa-li fa fa-chevron-right\"><\/i>Facilitar los procesos de formaci\u00f3n profesional en Terapia Familiar sist\u00e9mica, con excelencia acad\u00e9mica, alta sensibilidad y disposici\u00f3n para apoyar y defender los valores de la familia.<\/li>\n<li style=\"text-align: justify; margin-left: 20px;\"><i class=\"fa-li fa fa-chevron-right\"><\/i>Formar profesionistas especializados en el campo de la pareja y la familia, capaces de favorecer su integraci\u00f3n en cuanto elemento sustantivo de la sociedad contempor\u00e1nea y futura.<\/li>\n<li style=\"text-align: justify; margin-left: 20px;\"><i class=\"fa-li fa fa-chevron-right\"><\/i>Proporcionar a los maestrantes, las bases psicol\u00f3gicas y terap\u00e9uticas para que intervengan en la soluci\u00f3n de problemas intrafamiliares, elaborando propuestas para la prevenci\u00f3n y atenci\u00f3n de los problemas que amenazan a la familia a trav\u00e9s del an\u00e1lisis y s\u00edntesis de distintas disciplinas en un marco filos\u00f3fico humanista.<\/li>\n<li style=\"text-align: justify; margin-left: 20px;\"><i class=\"fa-li fa fa-chevron-right\"><\/i>Introyectar en los futuros egresados, la formaci\u00f3n humanista \u00e9tica y moral, para aplicar los conocimientos socio-antropol\u00f3gicos, terap\u00e9uticos y psicol\u00f3gicos en la orientaci\u00f3n familiar para beneficio de la sociedad.<\/li>\n<li style=\"text-align: justify; margin-left: 20px;\"><i class=\"fa-li fa fa-chevron-right\"><\/i>Formar profesionales que puedan responder a las problem\u00e1ticas actuales, tales como: divorcio, la violencia intrafamiliar, desintegraci\u00f3n familiar, aborto, drogadicci\u00f3n, prostituci\u00f3n, etc., y que, con la ayuda de las herramientas de las ciencias humanas, puedan transformar la sociedad.<\/li>\n<li style=\"text-align: justify; margin-left: 20px;\"><i class=\"fa-li fa fa-chevron-right\"><\/i>Estudiar e investigar cuestiones que afectan a la pareja dentro del matrimonio y a la familia.<\/li>\n<\/ul>\n<div class=\"omsc-tabs\"><ul class=\"omsc-tabs-control omsc-clearfix\"><li><a href=\"#tab-plan-de-estudios\"><span>Plan de Estudios<\/span><\/a><\/li><li><a href=\"#tab-horario-de-clases\"><span>Horario de clases<\/span><\/a><\/li><li><a href=\"#tab-inversion-economica\"><span>Inversi\u00f3n Econ\u00f3mica<\/span><\/a><\/li><\/ul><div class=\"omsc-tabs-tabs\"><\/p>\n<p><div class=\"omsc-tabs-tab omsc-tab-plan-de-estudios\"><\/p>\n<table class=\"tabla\" border=\"1\">\n<tbody>\n<tr class=\"encabezado\">\n<td class=\"tab1\"><strong>ASIGNATURA<\/strong><\/td>\n<td class=\"tab1\"><strong>CR\u00c9DITOS<\/strong><\/td>\n<\/tr>\n<tr class=\"resaltado\">\n<td class=\"tab1\" colspan=\"2\"><strong>I CICLO<\/strong><\/td>\n<\/tr>\n<tr class=\"alternar\">\n<td class=\"tab1\">EVOLUCI\u00d3N DE LA FAMILIA<\/td>\n<td align=\"center\">04<\/td>\n<\/tr>\n<tr class=\"alternar\">\n<td class=\"tab1\">ENFOQUES DE MODELOS DE INTERVENCI\u00d3N EN CRISIS<\/td>\n<td align=\"center\">04<\/td>\n<\/tr>\n<tr class=\"alternar\">\n<td class=\"tab1\">BASES TE\u00d3RICAS DE LA TERAPIA FAMILIAR<\/td>\n<td align=\"center\">04<\/td>\n<\/tr>\n<tr class=\"alternar\">\n<td class=\"tab1\">ENTREVISTA Y DIAGN\u00d3STICO CL\u00cdNICO<\/td>\n<td align=\"center\">03<\/td>\n<\/tr>\n<tr class=\"resaltado\">\n<td class=\"tab1\" colspan=\"2\"><strong>II CICLO<\/strong><\/td>\n<\/tr>\n<tr class=\"alternar\">\n<td class=\"tab1\">SEMINARIO DE INVESTIGACI\u00d3N DE TESIS I<\/td>\n<td align=\"center\">04<\/td>\n<\/tr>\n<tr class=\"alternar\">\n<td class=\"tab1\">AVANCES Y PERSPECTIVAS DE LA TERAPIA FAMILIAR<\/td>\n<td align=\"center\">04<\/td>\n<\/tr>\n<tr class=\"alternar\">\n<td class=\"tab1\">MODELOS DE TERAPIA FAMILIAR I<\/td>\n<td align=\"center\">04<\/td>\n<\/tr>\n<tr class=\"alternar\">\n<td class=\"tab1\">PRACTICA CL\u00cdNICA FAMILIAR (TALLER VIVENCIAL)<\/td>\n<td align=\"center\">03<\/td>\n<\/tr>\n<tr class=\"resaltado\">\n<td class=\"tab1\" colspan=\"2\"><strong>III CICLO<\/strong><\/td>\n<\/tr>\n<tr class=\"alternar\">\n<td class=\"tab1\">SEMINARIO DE INVESTIGACI\u00d3N DE TESIS II<\/td>\n<td align=\"center\">04<\/td>\n<\/tr>\n<tr class=\"alternar\">\n<td class=\"tab1\">MODELOS DE TERAPIA FAMILIAR II<\/td>\n<td align=\"center\">04<\/td>\n<\/tr>\n<tr class=\"alternar\">\n<td class=\"tab1\">PR\u00c1CTICAS CL\u00cdNICAS Y FAMILIAR II<\/td>\n<td align=\"center\">04<\/td>\n<\/tr>\n<tr class=\"alternar\">\n<td class=\"tab1\">T\u00c9CNICAS DE INVESTIGACI\u00d3N EN CRISIS DE PAREJA<\/td>\n<td align=\"center\">03<\/td>\n<\/tr>\n<tr class=\"resaltado\">\n<td class=\"tab1\" colspan=\"2\"><strong>IV CICLO<\/strong><\/td>\n<\/tr>\n<tr class=\"alternar\">\n<td class=\"tab1\">SEMINARIO DE INVESTIGACI\u00d3N DIVULGACI\u00d3N Y TESIS III<\/td>\n<td align=\"center\">10<\/td>\n<\/tr>\n<tr class=\"alternar\">\n<td class=\"tab1\">MODELO DE TERAPIA FAMILIAR III PRACTICA CL\u00cdNICA FAMILIAR<\/td>\n<td align=\"center\">10<\/td>\n<\/tr>\n<tr class=\"encabezado\">\n<td style=\"text-align: center;\"><strong>TOTAL DE CR\u00c9DITOS<\/strong><\/td>\n<td align=\"center\"><strong>65<\/strong><\/td>\n<\/tr>\n<\/tbody>\n<\/table>\n<p><\/div><\/p>\n<p><div class=\"omsc-tabs-tab omsc-tab-horario-de-clases\"><\/p>\n<table class=\"tablahorario\" style=\"height: 98px;\" width=\"439\">\n<tbody>\n<tr>\n<td><strong>Viernes:<\/strong><\/td>\n<td>18:00 pm. &#8211; 21:00 pm. (Sujeto a disponibilidad)<\/td>\n<\/tr>\n<tr>\n<td><strong>S\u00e1bados:<\/strong><\/td>\n<td>18:00 pm. &#8211; 21:00 pm. (Sujeto a disponibilidad)<\/td>\n<\/tr>\n<tr>\n<td><strong>Domingo:<\/strong><\/td>\n<td>18:00 pm. &#8211; 21:00 pm. (Sujeto a disponibilidad)<\/td>\n<\/tr>\n<\/tbody>\n<\/table>\n<p><div class=\"omsc-tabs-tab omsc-tab-inversion-economica\"><\/div><\/p>\n<table class=\"tabla\" border=\"1\">\n<tbody>\n<tr class=\"resaltado\" align=\"center\">\n<td><strong>CONCEPTO<\/strong><\/td>\n<td><strong>MONTO<\/strong><\/td>\n<\/tr>\n<tr class=\"alternar\">\n<td class=\"tab1\"><strong>Admisi\u00f3n (\u00fanica)<\/strong><\/td>\n<td align=\"center\">S\/. 510.60<\/td>\n<\/tr>\n<tr class=\"alternar\">\n<td class=\"tab1\"><strong>Matr\u00edcula Anual (2, anuales)<\/strong><\/td>\n<td align=\"center\">S\/. 662<\/td>\n<\/tr>\n<tr class=\"alternar\">\n<td class=\"tab1\"><strong>Pensi\u00f3n de Ense\u00f1anza (20, mensuales)<\/strong><\/td>\n<td align=\"center\">S\/. 350.00<\/td>\n<\/tr>\n<\/tbody>\n<\/table>\n<p><div class=\"omsc-divider omsc-border-large omsc-style-single\" style=\"\"><\/div><\/p>\n<table class=\"tabla\" border=\"1\">\n<tbody>\n<tr class=\"resaltado\" align=\"center\">\n<td colspan=\"2\"><strong>INFORMACI\u00d3N GENERAL<br \/>\nTRANSACCI\u00d3N (9135) &#8211; BANCO DE LA NACI\u00d3N<\/strong><\/td>\n<\/tr>\n<tr class=\"resaltado\" align=\"center\">\n<td><strong>CONCEPTO<\/strong><\/td>\n<td><strong>C\u00d3DIGO<\/strong><\/td>\n<\/tr>\n<tr class=\"alternar\">\n<td class=\"tab1\">Derecho de Admisi\u00f3n<\/td>\n<td align=\"center\">15<\/td>\n<\/tr>\n<tr class=\"alternar\">\n<td class=\"tab1\">Matr\u00edcula de Posgrado<\/td>\n<td align=\"center\">57<\/td>\n<\/tr>\n<tr class=\"alternar\">\n<td class=\"tab1\">Pensi\u00f3n de Ense\u00f1anza Posgrado<\/td>\n<td align=\"center\">74<\/td>\n<\/tr>\n<\/tbody>\n<\/table>\n<ul class=\"omsc-icons-ul fa-ul\">\n<li style=\"text-align: justify;\"><i class=\"fa-li fa fa-check\"><\/i><strong>Los pagos deben ser realizados mediante Ventanilla del Banco de la Naci\u00f3n o Pagalo.pe.<\/strong><\/li>\n<li style=\"text-align: justify;\"><i class=\"fa-li fa fa-check\"><\/i><strong>Realizar los pagos por concepto de Pensi\u00f3n de Ense\u00f1anza Posgrado en un solo voucher (m\u00e1s de una pensi\u00f3n).<\/strong><\/li>\n<li style=\"text-align: justify;\"><i class=\"fa-li fa fa-check\"><\/i><strong>El pago por concepto de Matr\u00edcula se debe realizar en un \u00fanico voucher.<\/strong><\/li>\n<li style=\"text-align: justify;\"><i class=\"fa-li fa fa-check\"><\/i><strong>Los pagos realizados deber\u00e1n ser reportados dentro del mismo mes.<\/strong><\/li>\n<\/ul>\n<p><\/div><br \/>\n<\/div><div class=\"omsc-clear\"><\/div><\/div>\n<a class=\"omsc-button omsc-no-custom-hover omsc-size-medium omsc-with-icon omsc-style-emboss omsc-text-bright\" href=\"https:\/\/drive.google.com\/open?id=1Ro7Eoxce0GQ825I70KfiuQtx39GRBYjr\" target=\"_blank\" style=\"background-color:#922446;border-color:#922446;color:#ffffff\"><i class=\"fa fa-arrow-circle-o-down\"><\/i>PLAN CURRICULAR<\/a>\n<p><strong>Coordinador de la Maestr\u00eda (PROMAMED):<\/strong><br \/>\n<strong>Mag. Milagritos S\u00e1nchez Reto<\/strong><br \/>\n<strong>Celular:<\/strong> 968959090<br \/>\n<strong>E-mail:<\/strong> msanchezr@unp.edu.pe<\/p>\n<p><strong>Personal Administrativo &#8211; Informes<\/strong><br \/>\n<strong>E-mail:<\/strong> promamed@unp.edu.pe<br \/>\n<strong>Telf. fijo:<\/strong> 073 &#8211; 342998<\/p>\n<p><strong>Horario de atenci\u00f3n:<\/strong> Lun-Vie: 8:00am &#8211; 3:00pm<br \/>\n<strong>Oficina en el Campus Universitario<\/strong><br \/>\n<strong>Facultad de Ciencias de la Salud<\/strong><\/p>\n<p><a href=\"https:\/\/epg.unp.edu.pe\/eposgrado\/maestrias\/promamed\/\">&larr; Medicina<\/a><\/p>","protected":false},"excerpt":{"rendered":"<p>Presentaci\u00f3n El programa de Maestr\u00eda en Medicina se crea con la finalidad de ofrecer el m\u00e1s alto nivel de capacitaci\u00f3n para la docencia e investigaci\u00f3n a sus maestrantes, lo cual les permitir\u00e1 perfeccionar su formaci\u00f3n y lograr el liderazgo cient\u00edfico, acad\u00e9mico y human\u00edstico respondiendo de manera id\u00f3nea y oportuna a los cambios que se dar\u00e1n [&hellip;]<\/p>\n","protected":false},"author":1,"featured_media":1185,"parent":454,"menu_order":0,"comment_status":"closed","ping_status":"closed","template":"","meta":{"footnotes":""},"categories":[],"tags":[],"class_list":["post-1134","page","type-page","status-publish","has-post-thumbnail","hentry"],"_links":{"self":[{"href":"https:\/\/epg.unp.edu.pe\/eposgrado\/wp-json\/wp\/v2\/pages\/1134","targetHints":{"allow":["GET"]}}],"collection":[{"href":"https:\/\/epg.unp.edu.pe\/eposgrado\/wp-json\/wp\/v2\/pages"}],"about":[{"href":"https:\/\/epg.unp.edu.pe\/eposgrado\/wp-json\/wp\/v2\/types\/page"}],"author":[{"embeddable":true,"href":"https:\/\/epg.unp.edu.pe\/eposgrado\/wp-json\/wp\/v2\/users\/1"}],"replies":[{"embeddable":true,"href":"https:\/\/epg.unp.edu.pe\/eposgrado\/wp-json\/wp\/v2\/comments?post=1134"}],"version-history":[{"count":5,"href":"https:\/\/epg.unp.edu.pe\/eposgrado\/wp-json\/wp\/v2\/pages\/1134\/revisions"}],"predecessor-version":[{"id":3971,"href":"https:\/\/epg.unp.edu.pe\/eposgrado\/wp-json\/wp\/v2\/pages\/1134\/revisions\/3971"}],"up":[{"embeddable":true,"href":"https:\/\/epg.unp.edu.pe\/eposgrado\/wp-json\/wp\/v2\/pages\/454"}],"wp:featuredmedia":[{"embeddable":true,"href":"https:\/\/epg.unp.edu.pe\/eposgrado\/wp-json\/wp\/v2\/media\/1185"}],"wp:attachment":[{"href":"https:\/\/epg.unp.edu.pe\/eposgrado\/wp-json\/wp\/v2\/media?parent=1134"}],"wp:term":[{"taxonomy":"category","embeddable":true,"href":"https:\/\/epg.unp.edu.pe\/eposgrado\/wp-json\/wp\/v2\/categories?post=1134"},{"taxonomy":"post_tag","embeddable":true,"href":"https:\/\/epg.unp.edu.pe\/eposgrado\/wp-json\/wp\/v2\/tags?post=1134"}],"curies":[{"name":"wp","href":"https:\/\/api.w.org\/{rel}","templated":true}]}}