{"id":139,"date":"2018-10-31T18:57:58","date_gmt":"2018-10-31T18:57:58","guid":{"rendered":"https:\/\/epg.unp.edu.pe\/eposgrado\/?page_id=139"},"modified":"2025-03-10T16:50:16","modified_gmt":"2025-03-10T16:50:16","slug":"mision-y-vision","status":"publish","type":"page","link":"https:\/\/epg.unp.edu.pe\/eposgrado\/mision-y-vision\/","title":{"rendered":"Misi\u00f3n y Visi\u00f3n"},"content":{"rendered":"<h2>Misi\u00f3n<\/h2>\n<p style=\"text-align: justify;\">Somos una persona jur\u00eddica, que goza de autonom\u00eda acad\u00e9mica, econ\u00f3mica y administrativa ; genera y difunde conocimiento cient\u00edfico-tecnol\u00f3gico a la poblaci\u00f3n estudiantil, brinda formaci\u00f3n con responsabilidad social, humanista, que contribuya al desarrollo sostenible de la regi\u00f3n y del pa\u00eds.<\/p>\n<h2>Visi\u00f3n<\/h2>\n<p style=\"text-align: justify;\">\u201cEn el a\u00f1o 2030 la Universidad Nacional de Piura es una instituci\u00f3n educativa nacional e internacionalmente acreditada, poseedora de fuertes v\u00ednculos empresariales, alta responsabilidad social e importantes conexiones con la cooperaci\u00f3n t\u00e9cnica internacional. Empoderada en el territorio regional como el principal referente en materia del desarrollo human\u00edstico, cient\u00edfico y tecnol\u00f3gico; se consolida como la instituci\u00f3n que fortalece el desarrollo sostenible de la regi\u00f3n Piura.\u201d<\/p>\n","protected":false},"excerpt":{"rendered":"<p>Misi\u00f3n Somos una persona jur\u00eddica, que goza de autonom\u00eda acad\u00e9mica, econ\u00f3mica y administrativa ; genera y difunde conocimiento cient\u00edfico-tecnol\u00f3gico a la poblaci\u00f3n estudiantil, brinda formaci\u00f3n con responsabilidad social, humanista, que contribuya al desarrollo sostenible de la regi\u00f3n y del pa\u00eds. Visi\u00f3n \u201cEn el a\u00f1o 2030 la Universidad Nacional de Piura es una instituci\u00f3n educativa nacional [&hellip;]<\/p>\n","protected":false},"author":1,"featured_media":0,"parent":0,"menu_order":0,"comment_status":"closed","ping_status":"closed","template":"","meta":{"footnotes":""},"categories":[],"tags":[],"class_list":["post-139","page","type-page","status-publish","hentry"],"_links":{"self":[{"href":"https:\/\/epg.unp.edu.pe\/eposgrado\/wp-json\/wp\/v2\/pages\/139","targetHints":{"allow":["GET"]}}],"collection":[{"href":"https:\/\/epg.unp.edu.pe\/eposgrado\/wp-json\/wp\/v2\/pages"}],"about":[{"href":"https:\/\/epg.unp.edu.pe\/eposgrado\/wp-json\/wp\/v2\/types\/page"}],"author":[{"embeddable":true,"href":"https:\/\/epg.unp.edu.pe\/eposgrado\/wp-json\/wp\/v2\/users\/1"}],"replies":[{"embeddable":true,"href":"https:\/\/epg.unp.edu.pe\/eposgrado\/wp-json\/wp\/v2\/comments?post=139"}],"version-history":[{"count":5,"href":"https:\/\/epg.unp.edu.pe\/eposgrado\/wp-json\/wp\/v2\/pages\/139\/revisions"}],"predecessor-version":[{"id":3681,"href":"https:\/\/epg.unp.edu.pe\/eposgrado\/wp-json\/wp\/v2\/pages\/139\/revisions\/3681"}],"wp:attachment":[{"href":"https:\/\/epg.unp.edu.pe\/eposgrado\/wp-json\/wp\/v2\/media?parent=139"}],"wp:term":[{"taxonomy":"category","embeddable":true,"href":"https:\/\/epg.unp.edu.pe\/eposgrado\/wp-json\/wp\/v2\/categories?post=139"},{"taxonomy":"post_tag","embeddable":true,"href":"https:\/\/epg.unp.edu.pe\/eposgrado\/wp-json\/wp\/v2\/tags?post=139"}],"curies":[{"name":"wp","href":"https:\/\/api.w.org\/{rel}","templated":true}]}}