{"id":143,"date":"2018-10-31T19:01:02","date_gmt":"2018-10-31T19:01:02","guid":{"rendered":"https:\/\/epg.unp.edu.pe\/eposgrado\/?page_id=143"},"modified":"2025-06-02T19:06:39","modified_gmt":"2025-06-02T19:06:39","slug":"director-epgunp","status":"publish","type":"page","link":"https:\/\/epg.unp.edu.pe\/eposgrado\/director-epgunp\/","title":{"rendered":"Director &#8211; EPG UNP"},"content":{"rendered":"<h2 style=\"text-align: justify;\">Saludo de Nuestro Director<\/h2>\n<p><a href=\"https:\/\/epg.unp.edu.pe\/eposgrado\/wp-content\/uploads\/2025\/06\/DR-JUAN-RIVAS-VALVERDE-1.jpg\"><img loading=\"lazy\" decoding=\"async\" class=\" wp-image-3764 alignright\" src=\"https:\/\/epg.unp.edu.pe\/eposgrado\/wp-content\/uploads\/2025\/06\/DR-JUAN-RIVAS-VALVERDE-1-605x1024.jpg\" alt=\"\" width=\"385\" height=\"652\" srcset=\"https:\/\/epg.unp.edu.pe\/eposgrado\/wp-content\/uploads\/2025\/06\/DR-JUAN-RIVAS-VALVERDE-1-605x1024.jpg 605w, https:\/\/epg.unp.edu.pe\/eposgrado\/wp-content\/uploads\/2025\/06\/DR-JUAN-RIVAS-VALVERDE-1-177x300.jpg 177w, https:\/\/epg.unp.edu.pe\/eposgrado\/wp-content\/uploads\/2025\/06\/DR-JUAN-RIVAS-VALVERDE-1-768x1301.jpg 768w, https:\/\/epg.unp.edu.pe\/eposgrado\/wp-content\/uploads\/2025\/06\/DR-JUAN-RIVAS-VALVERDE-1-907x1536.jpg 907w, https:\/\/epg.unp.edu.pe\/eposgrado\/wp-content\/uploads\/2025\/06\/DR-JUAN-RIVAS-VALVERDE-1-227x385.jpg 227w, https:\/\/epg.unp.edu.pe\/eposgrado\/wp-content\/uploads\/2025\/06\/DR-JUAN-RIVAS-VALVERDE-1-120x204.jpg 120w\" sizes=\"auto, (max-width: 385px) 100vw, 385px\" \/><\/a><\/p>\n<p>&nbsp;<\/p>\n<div><\/div>\n<div><\/div>\n<div><\/div>\n<div><\/div>\n<div><\/div>\n<div><\/div>\n<div><\/div>\n<div><\/div>\n<div><\/div>\n<div><\/div>\n<div><\/div>\n<div><\/div>\n<div><\/div>\n<div><\/div>\n<div><\/div>\n<div><\/div>\n<div><\/div>\n<div><\/div>\n<div><\/div>\n<div><\/div>\n<div><\/div>\n<div><\/div>\n<div><\/div>\n<div><\/div>\n<div><\/div>\n<div><\/div>\n<div><\/div>\n<div><\/div>\n<div><\/div>\n<div><\/div>\n<div><\/div>\n<div><\/div>\n<div><\/div>\n<div><\/div>\n<div><\/div>\n<div class=\"derecha-imagen-mensaje\"><strong>Dr. Juan Rivas Valverde<\/strong><\/div>\n<div><\/div>\n<div class=\"texto-mensaje\">Desde hace 35 a\u00f1os, la Escuela de Posgrado de la Universidad Nacional de Piura se compromete con la excelencia acad\u00e9mica, la internacionalizaci\u00f3n y la b\u00fasqueda de soluciones para los problemas del pa\u00eds. En esta l\u00ednea, nuestro enfoque est\u00e1 centrado en la creaci\u00f3n de programas innovadores, con un plan de estudios exigente y una plana docente de primer nivel. Todo ello con el objetivo de capacitar a los profesionales para que puedan servir como modelos en su<br \/>\nentorno laboral y social.<br \/>\nActualmente, ofrece m\u00e1s de 39 maestr\u00edas y 12 doctorados, divididos en 13 unidades de posgrado, cumpliendo con los requisitos establecidos por la Superintendencia Nacional de Educaci\u00f3n Superior Universitaria (SUNEDU) y la nueva ley 30220.<br \/>\nEn la Escuela de Posgrado de la UNP nos enfrentamos a los nuevos desaf\u00edos del desarrollo de todo pa\u00eds, como la innovaci\u00f3n, el emprendimiento y la internacionalizaci\u00f3n. En la Escuela de Posgrado de la UNP ofrecemos la mejor opci\u00f3n de capacitaci\u00f3n y especializaci\u00f3n profesional, con programas de maestr\u00eda del m\u00e1s alto nivel, manteniendo en perfecto equilibrio el rigor acad\u00e9mico y la aplicaci\u00f3n pr\u00e1ctica de las \u00faltimas herramientas de gesti\u00f3n con el fin de enfrentar con \u00e9xito los problemas que plantea. Este m\u00e9todo nos permite formar profesionales especializados, morales, competentes acad\u00e9micamente y capaces de enfrentar cada uno de los desaf\u00edos que enfrenta el mundo actual.<\/div>\n","protected":false},"excerpt":{"rendered":"<p>Saludo de Nuestro Director &nbsp; Dr. Juan Rivas Valverde Desde hace 35 a\u00f1os, la Escuela de Posgrado de la Universidad Nacional de Piura se compromete con la excelencia acad\u00e9mica, la internacionalizaci\u00f3n y la b\u00fasqueda de soluciones para los problemas del pa\u00eds. En esta l\u00ednea, nuestro enfoque est\u00e1 centrado en la creaci\u00f3n de programas innovadores, con [&hellip;]<\/p>\n","protected":false},"author":1,"featured_media":0,"parent":0,"menu_order":0,"comment_status":"closed","ping_status":"closed","template":"","meta":{"footnotes":""},"categories":[],"tags":[],"class_list":["post-143","page","type-page","status-publish","hentry"],"_links":{"self":[{"href":"https:\/\/epg.unp.edu.pe\/eposgrado\/wp-json\/wp\/v2\/pages\/143","targetHints":{"allow":["GET"]}}],"collection":[{"href":"https:\/\/epg.unp.edu.pe\/eposgrado\/wp-json\/wp\/v2\/pages"}],"about":[{"href":"https:\/\/epg.unp.edu.pe\/eposgrado\/wp-json\/wp\/v2\/types\/page"}],"author":[{"embeddable":true,"href":"https:\/\/epg.unp.edu.pe\/eposgrado\/wp-json\/wp\/v2\/users\/1"}],"replies":[{"embeddable":true,"href":"https:\/\/epg.unp.edu.pe\/eposgrado\/wp-json\/wp\/v2\/comments?post=143"}],"version-history":[{"count":6,"href":"https:\/\/epg.unp.edu.pe\/eposgrado\/wp-json\/wp\/v2\/pages\/143\/revisions"}],"predecessor-version":[{"id":3772,"href":"https:\/\/epg.unp.edu.pe\/eposgrado\/wp-json\/wp\/v2\/pages\/143\/revisions\/3772"}],"wp:attachment":[{"href":"https:\/\/epg.unp.edu.pe\/eposgrado\/wp-json\/wp\/v2\/media?parent=143"}],"wp:term":[{"taxonomy":"category","embeddable":true,"href":"https:\/\/epg.unp.edu.pe\/eposgrado\/wp-json\/wp\/v2\/categories?post=143"},{"taxonomy":"post_tag","embeddable":true,"href":"https:\/\/epg.unp.edu.pe\/eposgrado\/wp-json\/wp\/v2\/tags?post=143"}],"curies":[{"name":"wp","href":"https:\/\/api.w.org\/{rel}","templated":true}]}}