{"id":219,"date":"2018-11-13T04:31:47","date_gmt":"2018-11-13T04:31:47","guid":{"rendered":"https:\/\/epg.unp.edu.pe\/eposgrado\/?page_id=219"},"modified":"2025-09-04T16:59:25","modified_gmt":"2025-09-04T16:59:25","slug":"prodocisa","status":"publish","type":"page","link":"https:\/\/epg.unp.edu.pe\/eposgrado\/doctorados\/prodocisa\/","title":{"rendered":"Doctorado en Ciencias de la Salud"},"content":{"rendered":"<h2 style=\"text-align: justify;\"><strong>Presentaci\u00f3n<\/strong><\/h2>\n<p style=\"text-align: justify;\">La actual tendencia en el \u00e1mbito cient\u00edfico mundial para la obtenci\u00f3n del Grado de Doctor, es considerado como un proceso de formaci\u00f3n y no como un resultado final ya que al mismo tiempo se promueve la constituci\u00f3n de equipos, pir\u00e1mides y redes cient\u00edficas, as\u00ed como el dise\u00f1o de programas de doctorados cooperados, lo que implica establecer estrategias formativas audaces para el desarrollo cient\u00edfico de las actuales y j\u00f3venes generaciones de los profesionales en particular en nuestra \u00e1rea de las Ciencias de la Salud.<\/p>\n<p style=\"text-align: justify;\">Doctorado en Ciencias de la Salud surge como una necesidad del desarrollo cient\u00edfico y en particular de los recursos humanos como una respuesta pertinente a las demandas de los profesionales de la salud e instituciones involucradas en el campo del desarrollo y del bienestar social que propician las ciencias de la salud.<\/p>\n<p style=\"text-align: justify;\">Por tanto, la Universidad Nacional de Piura y la Escuela de Posgrado han considerado pertinente establecer la modalidad de Doctorado en Ciencias de la Salud como una v\u00eda alternativa para alcanzar el referido Grado Acad\u00e9mico por los profesionales de la salud del territorio nacional, privilegiando los territorios de las regiones norte del pa\u00eds, dise\u00f1ando este sistema de doctorado curricular que exige el cumplimiento de un n\u00famero de asignaturas que deber\u00e1n aprobar los aspirantes, lo cual est\u00e1 en correspondencia con la legislaci\u00f3n vigente sobre grados cient\u00edficos en el Per\u00fa y como parte de los objetivos estrat\u00e9gicos de desarrollo de la Universidad Nacional de Piura en su compromiso de incrementar y perfeccionar los recursos humanos dedicados a la docencia, investigaci\u00f3n, organizaci\u00f3n y administraci\u00f3n de los servicios de salud.<\/p>\n<h3 style=\"text-align: justify;\"><strong>Objetivos<\/strong><\/h3>\n<ul class=\"omsc-icons-ul fa-ul\">\n<li style=\"text-align: justify; margin-left: 20px;\"><i class=\"fa-li fa fa-chevron-right\"><\/i>Formar doctores en Ciencias de la salud que sean capaces de elaborar, ejecutar y evaluar programas de salud.<\/li>\n<li style=\"text-align: justify; margin-left: 20px;\"><i class=\"fa-li fa fa-chevron-right\"><\/i>Formar los doctorandos en ciencias de la salud capaces de elaborar y ejecutar proyectos de investigaci\u00f3n y publicar sus resultados en revistas especializadas nacionales e internacionales.<\/li>\n<li style=\"text-align: justify; margin-left: 20px;\"><i class=\"fa-li fa fa-chevron-right\"><\/i>Formar doctores en ciencias de la salud capaces de integrar el conocimiento a la pr\u00e1ctica diaria dentro del contexto social regional nacional.<\/li>\n<\/ul>\n<div class=\"omsc-tabs\"><ul class=\"omsc-tabs-control omsc-clearfix\"><li><a href=\"#tab-plan-de-estudios\"><span>Plan de Estudios<\/span><\/a><\/li><li><a href=\"#tab-horario-de-clases\"><span>Horario de clases<\/span><\/a><\/li><li><a href=\"#tab-inversion-economica\"><span>Inversi\u00f3n Econ\u00f3mica<\/span><\/a><\/li><\/ul><div class=\"omsc-tabs-tabs\"><\/p>\n<p><div class=\"omsc-tabs-tab omsc-tab-plan-de-estudios\"><\/p>\n<table class=\"tabla\" border=\"1\">\n<tbody>\n<tr class=\"encabezado\">\n<td class=\"tab1\"><strong>ASIGNATURA<\/strong><\/td>\n<td class=\"tab1\"><strong>CR\u00c9DITOS<\/strong><\/td>\n<\/tr>\n<tr class=\"resaltado\">\n<td class=\"tab1\" colspan=\"2\"><strong>I CICLO<\/strong><\/td>\n<\/tr>\n<tr class=\"alternar\">\n<td class=\"tab1\">METODOLOG\u00cdA DE LA INVESTIGACI\u00d3N CIENT\u00cdFICA<\/td>\n<td align=\"center\">05<\/td>\n<\/tr>\n<tr class=\"alternar\">\n<td class=\"tab1\">GESTI\u00d3N DE LA INFORMACI\u00d3N Y EL CONOCIMIENTO CIENT\u00cdFICO CON LAS TICS<\/td>\n<td align=\"center\">02<\/td>\n<\/tr>\n<tr class=\"alternar\">\n<td class=\"tab1\">TALLER DE TESIS I: PRESENTACI\u00d3N PERFIL TESIS I<\/td>\n<td align=\"center\">05<\/td>\n<\/tr>\n<tr class=\"resaltado\">\n<td class=\"tab1\" colspan=\"2\"><strong>II CICLO<\/strong><\/td>\n<\/tr>\n<tr class=\"alternar\">\n<td class=\"tab1\">HISTOR\u00cdA DE LA SALUD P\u00daBLICA<\/td>\n<td align=\"center\">02<\/td>\n<\/tr>\n<tr class=\"alternar\">\n<td class=\"tab1\">BIO\u00c9TICA Y SALUD P\u00daBLICA<\/td>\n<td align=\"center\">02<\/td>\n<\/tr>\n<tr class=\"alternar\">\n<td class=\"tab1\">CIENCIA Y TECNOLOG\u00cdA EN LAS CIENCIAS SOCIALES Y LA SALUD P\u00daBLICA<\/td>\n<td align=\"center\">03<\/td>\n<\/tr>\n<tr class=\"alternar\">\n<td class=\"tab1\">TALLER DE TESIS II: PRESENTACI\u00d3N DEL PROYECTO DE TESIS<\/td>\n<td align=\"center\">08<\/td>\n<\/tr>\n<tr class=\"resaltado\">\n<td class=\"tab1\" colspan=\"2\"><strong>III CICLO<\/strong><\/td>\n<\/tr>\n<tr class=\"alternar\">\n<td class=\"tab1\">SOCIEDAD Y SALUD<\/td>\n<td align=\"center\">03<\/td>\n<\/tr>\n<tr class=\"alternar\">\n<td class=\"tab1\">AMBIENTE Y SALUD<\/td>\n<td align=\"center\">03<\/td>\n<\/tr>\n<tr class=\"alternar\">\n<td class=\"tab1\">POBLACI\u00d3N Y SALUD<\/td>\n<td align=\"center\">03<\/td>\n<\/tr>\n<tr class=\"alternar\">\n<td class=\"tab1\">TALLER DE TESIS III: PRESENTACI\u00d3N DEL INFORME PARCIAL DEL DESARROLLO DE TESIS DOCTORAL<\/td>\n<td align=\"center\">05<\/td>\n<\/tr>\n<tr class=\"resaltado\">\n<td class=\"tab1\" colspan=\"2\"><strong>IV CICLO<\/strong><\/td>\n<\/tr>\n<tr class=\"alternar\">\n<td class=\"tab1\">SISTEMA Y SERVICIOS DE SALUD PLANES Y PROGRAMAS DE SALUD<\/td>\n<td align=\"center\">06<\/td>\n<\/tr>\n<tr class=\"alternar\">\n<td class=\"tab1\">TALLER DE TESIS IV: PRESENTACI\u00d3N DE DESARROLLO DE LA TESIS DOCTORAL<\/td>\n<td align=\"center\">02<\/td>\n<\/tr>\n<tr class=\"resaltado\">\n<td class=\"tab1\" colspan=\"2\"><strong>V CICLO<\/strong><\/td>\n<\/tr>\n<tr class=\"alternar\">\n<td class=\"tab1\">SITUACI\u00d3N DE SALUD<\/td>\n<td align=\"center\">03<\/td>\n<\/tr>\n<tr class=\"alternar\">\n<td class=\"tab1\">FORMACI\u00d3N DE RECURSOS HUMANOS EN SALUD<\/td>\n<td align=\"center\">03<\/td>\n<\/tr>\n<tr class=\"alternar\">\n<td class=\"tab1\">TALLER DE TESIS V: PRESENTACI\u00d3N DE DESARROLLO DE LA TESIS DOCTORAL<\/td>\n<td align=\"center\">02<\/td>\n<\/tr>\n<tr class=\"resaltado\">\n<td class=\"tab1\" colspan=\"2\"><strong>VI CICLO<\/strong><\/td>\n<\/tr>\n<tr class=\"alternar\">\n<td class=\"tab1\">GERENCIA EN SALUD I TECNOLOG\u00cdAS GERENCIALES MODERNAS<\/td>\n<td align=\"center\">03<\/td>\n<\/tr>\n<tr class=\"alternar\">\n<td class=\"tab1\">TALLER DE TESIS VI: PRE-DEFENSA DE TESIS DOCTORAL<\/td>\n<td align=\"center\">08<\/td>\n<\/tr>\n<tr class=\"encabezado\">\n<td style=\"text-align: center;\"><strong>TOTAL DE CR\u00c9DITOS<\/strong><\/td>\n<td align=\"center\"><strong>68<\/strong><\/td>\n<\/tr>\n<\/tbody>\n<\/table>\n<p><\/div><\/p>\n<p><div class=\"omsc-tabs-tab omsc-tab-horario-de-clases\"><\/p>\n<table class=\"tablahorario\" style=\"height: 98px;\" width=\"439\">\n<tbody>\n<tr>\n<td><strong>Viernes:<\/strong><\/td>\n<td>18:00 pm. &#8211; 21:00 pm. (Sujeto a disponibilidad)<\/td>\n<\/tr>\n<tr>\n<td><strong>S\u00e1bados:<\/strong><\/td>\n<td>18:00 pm. &#8211; 21:00 pm. (Sujeto a disponibilidad)<\/td>\n<\/tr>\n<tr>\n<td><strong>Domingo:<\/strong><\/td>\n<td>18:00 pm. &#8211; 21:00 pm. (Sujeto a disponibilidad)<\/td>\n<\/tr>\n<\/tbody>\n<\/table>\n<p><div class=\"omsc-tabs-tab omsc-tab-inversion-economica\"><\/div><\/p>\n<table class=\"tabla\" border=\"1\">\n<tbody>\n<tr class=\"resaltado\" align=\"center\">\n<td><strong>CONCEPTO<\/strong><\/td>\n<td><strong>MONTO<\/strong><\/td>\n<\/tr>\n<tr class=\"alternar\">\n<td class=\"tab1\"><strong>Admisi\u00f3n (\u00fanica)<\/strong><\/td>\n<td align=\"center\">S\/. 798.7<\/td>\n<\/tr>\n<tr class=\"alternar\">\n<td class=\"tab1\"><strong>Matr\u00edcula Anual (3, anuales)<\/strong><\/td>\n<td align=\"center\">S\/. 662<\/td>\n<\/tr>\n<tr class=\"alternar\">\n<td class=\"tab1\"><strong>Pensi\u00f3n de Ense\u00f1anza (33, mensuales)<\/strong><\/td>\n<td align=\"center\">S\/. 600.00<\/td>\n<\/tr>\n<\/tbody>\n<\/table>\n<p><div class=\"omsc-divider omsc-border-large omsc-style-single\" style=\"\"><\/div><\/p>\n<table class=\"tabla\" border=\"1\">\n<tbody>\n<tr class=\"resaltado\" align=\"center\">\n<td colspan=\"2\"><strong>INFORMACI\u00d3N GENERAL<br \/>\nTRANSACCI\u00d3N (9135) &#8211; BANCO DE LA NACI\u00d3N<\/strong><\/td>\n<\/tr>\n<tr class=\"resaltado\" align=\"center\">\n<td><strong>CONCEPTO<\/strong><\/td>\n<td><strong>C\u00d3DIGO<\/strong><\/td>\n<\/tr>\n<tr class=\"alternar\">\n<td class=\"tab1\">Derecho de Admisi\u00f3n<\/td>\n<td align=\"center\">16<\/td>\n<\/tr>\n<tr class=\"alternar\">\n<td class=\"tab1\">Matr\u00edcula de Posgrado<\/td>\n<td align=\"center\">57<\/td>\n<\/tr>\n<tr class=\"alternar\">\n<td class=\"tab1\">Pensi\u00f3n de Ense\u00f1anza Posgrado<\/td>\n<td align=\"center\">92<\/td>\n<\/tr>\n<\/tbody>\n<\/table>\n<ul class=\"omsc-icons-ul fa-ul\">\n<li style=\"text-align: justify;\"><i class=\"fa-li fa fa-check\"><\/i><strong>Los pagos deben ser realizados mediante Ventanilla del Banco de la Naci\u00f3n o Pagalo.pe.<\/strong><\/li>\n<li style=\"text-align: justify;\"><i class=\"fa-li fa fa-check\"><\/i><strong>Realizar los pagos por concepto de Pensi\u00f3n de Ense\u00f1anza Posgrado en un solo voucher (m\u00e1s de una pensi\u00f3n).<\/strong><\/li>\n<li style=\"text-align: justify;\"><i class=\"fa-li fa fa-check\"><\/i><strong>El pago por concepto de Matr\u00edcula se debe realizar en un \u00fanico voucher.<\/strong><\/li>\n<li style=\"text-align: justify;\"><i class=\"fa-li fa fa-check\"><\/i><strong>Los pagos realizados deber\u00e1n ser reportados dentro del mismo mes.<\/strong><\/li>\n<\/ul>\n<p><\/div><br \/>\n<\/div><div class=\"omsc-clear\"><\/div><\/div>\n<a class=\"omsc-button omsc-no-custom-hover omsc-size-medium omsc-with-icon omsc-style-emboss omsc-text-bright\" href=\"https:\/\/drive.google.com\/open?id=1OAqNP4PnIDkKYSQGCkpmn62SK_-3DZ2F\" target=\"_blank\" style=\"background-color:#922446;border-color:#922446;color:#ffffff\"><i class=\"fa fa-arrow-circle-o-down\"><\/i>PLAN CURRICULAR<\/a>\n<p><strong>Coordinador del Doctorado (PRODOCISA):<\/strong><br \/>\n<strong>Dr. Pedro de Jes\u00fas Angeles Gutierrez<\/strong><br \/>\n<strong>Celular:<\/strong> 958192344<br \/>\n<strong>E-mail:<\/strong> pangelesg@unp.edu.pe<\/p>\n<p><strong>Personal Administrativo &#8211; Informes<\/strong><\/p>\n<p><strong>Srta. Samantha Neyra<br \/>\nCelular: <\/strong>956 451 558<strong><br \/>\nE-mail:<\/strong> prodocisa@unp.edu.pe<\/p>\n<p><strong>Horario de atenci\u00f3n:<\/strong> Lun-Vie: 8:00am &#8211; 3:00pm<br \/>\n<strong>Oficina en el Campus Universitario<\/strong><br \/>\n<strong>Facultad de Ciencias de la Salud<\/strong><\/p>\n<p><a href=\"https:\/\/epg.unp.edu.pe\/eposgrado\/doctorados\/\">&larr; Doctorados<\/a><\/p>","protected":false},"excerpt":{"rendered":"<p>Presentaci\u00f3n La actual tendencia en el \u00e1mbito cient\u00edfico mundial para la obtenci\u00f3n del Grado de Doctor, es considerado como un proceso de formaci\u00f3n y no como un resultado final ya que al mismo tiempo se promueve la constituci\u00f3n de equipos, pir\u00e1mides y redes cient\u00edficas, as\u00ed como el dise\u00f1o de programas de doctorados cooperados, lo que [&hellip;]<\/p>\n","protected":false},"author":1,"featured_media":0,"parent":1285,"menu_order":0,"comment_status":"closed","ping_status":"closed","template":"","meta":{"footnotes":""},"categories":[],"tags":[],"class_list":["post-219","page","type-page","status-publish","hentry"],"_links":{"self":[{"href":"https:\/\/epg.unp.edu.pe\/eposgrado\/wp-json\/wp\/v2\/pages\/219","targetHints":{"allow":["GET"]}}],"collection":[{"href":"https:\/\/epg.unp.edu.pe\/eposgrado\/wp-json\/wp\/v2\/pages"}],"about":[{"href":"https:\/\/epg.unp.edu.pe\/eposgrado\/wp-json\/wp\/v2\/types\/page"}],"author":[{"embeddable":true,"href":"https:\/\/epg.unp.edu.pe\/eposgrado\/wp-json\/wp\/v2\/users\/1"}],"replies":[{"embeddable":true,"href":"https:\/\/epg.unp.edu.pe\/eposgrado\/wp-json\/wp\/v2\/comments?post=219"}],"version-history":[{"count":5,"href":"https:\/\/epg.unp.edu.pe\/eposgrado\/wp-json\/wp\/v2\/pages\/219\/revisions"}],"predecessor-version":[{"id":3985,"href":"https:\/\/epg.unp.edu.pe\/eposgrado\/wp-json\/wp\/v2\/pages\/219\/revisions\/3985"}],"up":[{"embeddable":true,"href":"https:\/\/epg.unp.edu.pe\/eposgrado\/wp-json\/wp\/v2\/pages\/1285"}],"wp:attachment":[{"href":"https:\/\/epg.unp.edu.pe\/eposgrado\/wp-json\/wp\/v2\/media?parent=219"}],"wp:term":[{"taxonomy":"category","embeddable":true,"href":"https:\/\/epg.unp.edu.pe\/eposgrado\/wp-json\/wp\/v2\/categories?post=219"},{"taxonomy":"post_tag","embeddable":true,"href":"https:\/\/epg.unp.edu.pe\/eposgrado\/wp-json\/wp\/v2\/tags?post=219"}],"curies":[{"name":"wp","href":"https:\/\/api.w.org\/{rel}","templated":true}]}}