{"id":225,"date":"2018-11-13T05:06:22","date_gmt":"2018-11-13T05:06:22","guid":{"rendered":"https:\/\/epg.unp.edu.pe\/eposgrado\/?page_id=225"},"modified":"2025-08-08T19:39:49","modified_gmt":"2025-08-08T19:39:49","slug":"prodociam","status":"publish","type":"page","link":"https:\/\/epg.unp.edu.pe\/eposgrado\/doctorados\/prodociam\/","title":{"rendered":"Doctorado en Ciencias Ambientales"},"content":{"rendered":"<h2 style=\"text-align: justify;\"><strong>Presentaci\u00f3n<\/strong><\/h2>\n<p style=\"text-align: justify;\">La Escuela de Posgrado de la Universidad Nacional de Piura, cuenta desde el 2004 con el Programa de Doctorado en Ciencias Ambientales. Contamos con un total de 117 egresados, de los cuales 22 pertenecen a nuestros primeros egresados de la sede internacional en Loja, Ecuador. Actualmente contamos con 70 alumnos en las sedes de Piura y Guayaquil.<\/p>\n<p style=\"text-align: justify;\">Considerando que el avance acad\u00e9mico y administrativo requiere una nueva proyecci\u00f3n de capacitaci\u00f3n y perfeccionamiento hacia una excelencia acad\u00e9mica, la Selecci\u00f3n de Posgrado en Ciencias Ambientales, aprob\u00f3 mediante acuerdo, el proyecto de creaci\u00f3n del Programa de Doctorado en Ciencias Ambientales .<\/p>\n<h3 style=\"text-align: justify;\"><strong>Objetivos<\/strong><\/h3>\n<ul class=\"omsc-icons-ul fa-ul\">\n<li style=\"text-align: justify; margin-left: 20px;\"><i class=\"fa-li fa fa-chevron-right\"><\/i>Preparar posgraduandos que coadyuven en la prevenci\u00f3n y soluci\u00f3n de la problem\u00e1tica del uso sostenible de los recursos naturales, del deterioro de la calidad ambiental y de la concientizaci\u00f3n y cultura ambiental que afectan a nuestra regi\u00f3n y al pa\u00eds en general, desde diferentes perspectivas.<\/li>\n<li style=\"text-align: justify; margin-left: 20px;\"><i class=\"fa-li fa fa-chevron-right\"><\/i>Profundizar en el conocimiento de las ciencias ambientales, desde diferentes enfoques metodol\u00f3gicos, orientadas al an\u00e1lisis de la informaci\u00f3n recolectada por t\u00e9cnicas instrumentales para el monitoreo y control de la contaminaci\u00f3n, orientados a la evaluaci\u00f3n ambiental para la gesti\u00f3n y manejo de la biodiversidad; asimismo, orientado a la interpretaci\u00f3n de los resultados de los an\u00e1lisis de sustancias contaminantes, y a la identificaci\u00f3n de las sustancias peligrosas en residuos s\u00f3lidos, en efluentes l\u00edquidos o en emisiones atmosf\u00e9ricas.<\/li>\n<li style=\"text-align: justify; margin-left: 20px;\"><i class=\"fa-li fa fa-chevron-right\"><\/i>Formar investigadores, especialistas y educadores de alto nivel en el \u00e1rea de las Ciencias Ambientales, que contribuyan a la generaci\u00f3n y adaptaci\u00f3n de nuevos conocimientos cient\u00edficos y tecnol\u00f3gicos en la especialidad de su menci\u00f3n con especial vinculaci\u00f3n a la realidad local, regional y nacional.<\/li>\n<\/ul>\n<div class=\"omsc-tabs\"><ul class=\"omsc-tabs-control omsc-clearfix\"><li><a href=\"#tab-plan-de-estudios\"><span>Plan de Estudios<\/span><\/a><\/li><li><a href=\"#tab-horario-de-clases\"><span>Horario de clases<\/span><\/a><\/li><li><a href=\"#tab-inversion-economica\"><span>Inversi\u00f3n Econ\u00f3mica<\/span><\/a><\/li><\/ul><div class=\"omsc-tabs-tabs\"><\/p>\n<p><div class=\"omsc-tabs-tab omsc-tab-plan-de-estudios\"><\/p>\n<table class=\"tabla\" border=\"1\">\n<tbody>\n<tr class=\"encabezado\">\n<td class=\"tab1\"><strong>ASIGNATURA<\/strong><\/td>\n<td class=\"tab1\"><strong>CR\u00c9DITOS<\/strong><\/td>\n<\/tr>\n<tr class=\"resaltado\">\n<td class=\"tab1\" colspan=\"2\"><strong>I CICLO<\/strong><\/td>\n<\/tr>\n<tr class=\"alternar\">\n<td class=\"tab1\">FILOSOF\u00cdA DE LA CIENCIA<\/td>\n<td align=\"center\">03<\/td>\n<\/tr>\n<tr class=\"alternar\">\n<td class=\"tab1\">SEMINARIO DE ENSE\u00d1ANZA SUPERIOR<\/td>\n<td align=\"center\">03<\/td>\n<\/tr>\n<tr class=\"alternar\">\n<td class=\"tab1\">MATEM\u00c1TICA COMPUTARIZADA (MATLAB)<\/td>\n<td align=\"center\">03<\/td>\n<\/tr>\n<tr class=\"alternar\">\n<td class=\"tab1\">ECOLOG\u00cdA AVANZADA Y BIODIVERSIDAD REGIONAL (CURSO ELECTIVO)<\/td>\n<td align=\"center\">03<\/td>\n<\/tr>\n<tr class=\"alternar\">\n<td class=\"tab1\">TESIS I: PROYECTO<\/td>\n<td align=\"center\">04<\/td>\n<\/tr>\n<tr class=\"resaltado\">\n<td class=\"tab1\" colspan=\"2\"><strong>II CICLO<\/strong><\/td>\n<\/tr>\n<tr class=\"alternar\">\n<td class=\"tab1\">CIENCIA, TECNOLOG\u00cdA Y DESARROLLO REGIONAL<\/td>\n<td align=\"center\">03<\/td>\n<\/tr>\n<tr class=\"alternar\">\n<td class=\"tab1\">PLANIFICACI\u00d3N, DESARROLLO Y EVALUACI\u00d3N DE PROYECTOS AMBIENTALES<\/td>\n<td align=\"center\">03<\/td>\n<\/tr>\n<tr class=\"alternar\">\n<td class=\"tab1\">ATENCI\u00d3N PRIMARIA AMBIENTAL (CURSO ELECTIVO)<\/td>\n<td align=\"center\">02<\/td>\n<\/tr>\n<tr class=\"alternar\">\n<td class=\"tab1\">TESIS II: EJECUCI\u00d3N<\/td>\n<td align=\"center\">06<\/td>\n<\/tr>\n<tr class=\"resaltado\">\n<td class=\"tab1\" colspan=\"2\"><strong>III CICLO<\/strong><\/td>\n<\/tr>\n<tr class=\"alternar\">\n<td class=\"tab1\">INSTRUMENTACI\u00d3N INDUSTRIAL<\/td>\n<td align=\"center\">03<\/td>\n<\/tr>\n<tr class=\"alternar\">\n<td class=\"tab1\">ORDENACI\u00d3N AMBIENTAL DEL TERRITORIO (CURSO ELECTIVO)<\/td>\n<td align=\"center\">03<\/td>\n<\/tr>\n<tr class=\"alternar\">\n<td class=\"tab1\">BIORREMEDIACI\u00d3N AMBIENTAL Y PROCESOS PRODUCTIVOS (CURSO ELECTIVO)<\/td>\n<td align=\"center\">03<\/td>\n<\/tr>\n<tr class=\"alternar\">\n<td class=\"tab1\">TESIS III: EJECUCI\u00d3N<\/td>\n<td align=\"center\">07<\/td>\n<\/tr>\n<tr class=\"resaltado\">\n<td class=\"tab1\" colspan=\"2\"><strong>IV CICLO<\/strong><\/td>\n<\/tr>\n<tr class=\"alternar\">\n<td class=\"tab1\">AN\u00c1LISIS Y DESARROLLO DE POL\u00cdTICAS AMBIENTALES<\/td>\n<td align=\"center\">04<\/td>\n<\/tr>\n<tr class=\"alternar\">\n<td class=\"tab1\">SIMULACI\u00d3N Y MODELIZACI\u00d3N AMBIENTAL<\/td>\n<td align=\"center\">03<\/td>\n<\/tr>\n<tr class=\"alternar\">\n<td class=\"tab1\">TESIS IV: EJECUCI\u00d3N<\/td>\n<td align=\"center\">08<\/td>\n<\/tr>\n<tr class=\"resaltado\">\n<td class=\"tab1\" colspan=\"2\"><strong>V CICLO<\/strong><\/td>\n<\/tr>\n<tr class=\"alternar\">\n<td class=\"tab1\">NORMATIVIDAD AMBIENTAL Y PROCESOS ADMINISTRATIVOS SOBRE E.I.A.<\/td>\n<td align=\"center\">03<\/td>\n<\/tr>\n<tr class=\"alternar\">\n<td class=\"tab1\">CONTAMINACI\u00d3N Y RESTAURACI\u00d3N AMBIENTAL DEL SUELO (CURSO ELECTIVO)<\/td>\n<td align=\"center\">02<\/td>\n<\/tr>\n<tr class=\"alternar\">\n<td class=\"tab1\">TESIS V: AN\u00c1LISIS Y DISCUSI\u00d3N<\/td>\n<td align=\"center\">10<\/td>\n<\/tr>\n<tr class=\"resaltado\">\n<td class=\"tab1\" colspan=\"2\"><strong>VI CICLO<\/strong><\/td>\n<\/tr>\n<tr class=\"alternar\">\n<td class=\"tab1\">TECNOLOG\u00cdA Y MECANISMOS DE DESARROLLO LIMPIOS<\/td>\n<td align=\"center\">03<\/td>\n<\/tr>\n<tr class=\"alternar\">\n<td class=\"tab1\">TESIS VI: INFORME FINAL<\/td>\n<td align=\"center\">12<\/td>\n<\/tr>\n<tr class=\"encabezado\">\n<td style=\"text-align: center;\"><strong>TOTAL DE CR\u00c9DITOS<\/strong><\/td>\n<td align=\"center\"><strong>91<\/strong><\/td>\n<\/tr>\n<\/tbody>\n<\/table>\n<p><\/div><\/p>\n<p><div class=\"omsc-tabs-tab omsc-tab-horario-de-clases\"><\/p>\n<table class=\"tablahorario\">\n<tbody>\n<tr>\n<td><strong>S\u00e1bados:<\/strong><\/td>\n<td>8:00 a.m. a 2:00 p.m.<\/td>\n<\/tr>\n<tr>\n<td><strong>Domingos:<\/strong><\/td>\n<td>8:00 a.m. a 2:00 p.m.<\/td>\n<\/tr>\n<\/tbody>\n<\/table>\n<p style=\"text-align: justify; margin-left: 10px;\">\n<p><\/div><\/p>\n<p><div class=\"omsc-tabs-tab omsc-tab-inversion-economica\"><\/p>\n<table class=\"tabla\" border=\"1\">\n<tbody>\n<tr class=\"resaltado\" align=\"center\">\n<td><strong>CONCEPTO<\/strong><\/td>\n<td><strong>MONTO<\/strong><\/td>\n<\/tr>\n<tr class=\"alternar\">\n<td class=\"tab1\"><strong>Admisi\u00f3n (\u00fanica)<\/strong><\/td>\n<td align=\"center\">S\/. 798.70<\/td>\n<\/tr>\n<tr class=\"alternar\">\n<td class=\"tab1\"><strong>Matr\u00edcula Anual (3, anuales)<\/strong><\/td>\n<td align=\"center\">S\/. 662<\/td>\n<\/tr>\n<tr class=\"alternar\">\n<td class=\"tab1\"><strong>Pensi\u00f3n de Ense\u00f1anza (36, mensuales)<\/strong><\/td>\n<td align=\"center\">S\/. 500.00<\/td>\n<\/tr>\n<\/tbody>\n<\/table>\n<p><div class=\"omsc-divider omsc-border-large omsc-style-single\" style=\"\"><\/div><\/p>\n<table class=\"tabla\" border=\"1\">\n<tbody>\n<tr class=\"resaltado\" align=\"center\">\n<td colspan=\"2\"><strong>INFORMACI\u00d3N GENERAL<br \/>\nTRANSACCI\u00d3N (9135) &#8211; BANCO DE LA NACI\u00d3N<\/strong><\/td>\n<\/tr>\n<tr class=\"resaltado\" align=\"center\">\n<td><strong>CONCEPTO<\/strong><\/td>\n<td><strong>C\u00d3DIGO<\/strong><\/td>\n<\/tr>\n<tr class=\"alternar\">\n<td class=\"tab1\">Derecho de Admisi\u00f3n<\/td>\n<td align=\"center\">16<\/td>\n<\/tr>\n<tr class=\"alternar\">\n<td class=\"tab1\">Matr\u00edcula de Posgrado<\/td>\n<td align=\"center\">57<\/td>\n<\/tr>\n<tr class=\"alternar\">\n<td class=\"tab1\">Pensi\u00f3n de Ense\u00f1anza Posgrado<\/td>\n<td align=\"center\">90<\/td>\n<\/tr>\n<tr class=\"alternar\">\n<td class=\"tab1\" colspan=\"2\"><strong>Los pagos realizados deber\u00e1n ser canjeados dentro del mismo mes.<\/strong><\/td>\n<\/tr>\n<\/tbody>\n<\/table>\n<ul class=\"omsc-icons-ul fa-ul\">\n<li style=\"text-align: justify;\"><i class=\"fa-li fa fa-check\"><\/i><strong>Los pagos deben ser realizados mediante Ventanilla del Banco de la Naci\u00f3n o Pagalo.pe.<\/strong><\/li>\n<li style=\"text-align: justify;\"><i class=\"fa-li fa fa-check\"><\/i><strong>Realizar los pagos por concepto de Pensi\u00f3n de Ense\u00f1anza Posgrado en un solo voucher (m\u00e1s de una pensi\u00f3n).<\/strong><\/li>\n<li style=\"text-align: justify;\"><i class=\"fa-li fa fa-check\"><\/i><strong>El pago por concepto de Matr\u00edcula se debe realizar en un \u00fanico voucher.<\/strong><\/li>\n<li style=\"text-align: justify;\"><i class=\"fa-li fa fa-check\"><\/i><strong>Los pagos realizados deber\u00e1n ser reportados dentro del mismo mes.<\/strong><\/li>\n<\/ul>\n<p><\/div><br \/>\n<\/div><div class=\"omsc-clear\"><\/div><\/div>\n<a class=\"omsc-button omsc-no-custom-hover omsc-size-medium omsc-with-icon omsc-style-emboss omsc-text-bright\" href=\"https:\/\/drive.google.com\/open?id=1R8GU7XkevzP4GwxI_zCjlicwEx6w_FdC\" target=\"_blank\" style=\"background-color:#922446;border-color:#922446;color:#ffffff\"><i class=\"fa fa-arrow-circle-o-down\"><\/i>PLAN CURRICULAR<\/a>\n<p><strong>Coordinador del Doctorado (PRODOCIAM):<\/strong><br \/>\n<strong>Dr. Jos\u00e9 R. Rodriguez Lichtenheldt<\/strong><br \/>\n<strong>Celular:<\/strong> 942167731<br \/>\n<strong>E-mail del doctorado:<\/strong> prodociam@unp.edu.pe<\/p>\n<p><strong>Personal Administrativo &#8211; Informes<\/strong><br \/>\n<strong>Lic. Miriam Flores<br \/>\nCelular:<\/strong>968408219<strong><br \/>\nE-mail del doctorado: <\/strong>rfloresm@unp.edu.pe<\/p>\n<p><strong>Horario de atenci\u00f3n:<\/strong> Lun-Vie: 8:00am &#8211; 3:00pm<\/p>\n<p><a href=\"https:\/\/epg.unp.edu.pe\/eposgrado\/doctorados\/\">&larr; Doctorados<\/a><\/p>","protected":false},"excerpt":{"rendered":"<p>Presentaci\u00f3n La Escuela de Posgrado de la Universidad Nacional de Piura, cuenta desde el 2004 con el Programa de Doctorado en Ciencias Ambientales. Contamos con un total de 117 egresados, de los cuales 22 pertenecen a nuestros primeros egresados de la sede internacional en Loja, Ecuador. Actualmente contamos con 70 alumnos en las sedes de [&hellip;]<\/p>\n","protected":false},"author":1,"featured_media":1200,"parent":1285,"menu_order":0,"comment_status":"closed","ping_status":"closed","template":"","meta":{"footnotes":""},"categories":[],"tags":[],"class_list":["post-225","page","type-page","status-publish","has-post-thumbnail","hentry"],"_links":{"self":[{"href":"https:\/\/epg.unp.edu.pe\/eposgrado\/wp-json\/wp\/v2\/pages\/225","targetHints":{"allow":["GET"]}}],"collection":[{"href":"https:\/\/epg.unp.edu.pe\/eposgrado\/wp-json\/wp\/v2\/pages"}],"about":[{"href":"https:\/\/epg.unp.edu.pe\/eposgrado\/wp-json\/wp\/v2\/types\/page"}],"author":[{"embeddable":true,"href":"https:\/\/epg.unp.edu.pe\/eposgrado\/wp-json\/wp\/v2\/users\/1"}],"replies":[{"embeddable":true,"href":"https:\/\/epg.unp.edu.pe\/eposgrado\/wp-json\/wp\/v2\/comments?post=225"}],"version-history":[{"count":5,"href":"https:\/\/epg.unp.edu.pe\/eposgrado\/wp-json\/wp\/v2\/pages\/225\/revisions"}],"predecessor-version":[{"id":3930,"href":"https:\/\/epg.unp.edu.pe\/eposgrado\/wp-json\/wp\/v2\/pages\/225\/revisions\/3930"}],"up":[{"embeddable":true,"href":"https:\/\/epg.unp.edu.pe\/eposgrado\/wp-json\/wp\/v2\/pages\/1285"}],"wp:featuredmedia":[{"embeddable":true,"href":"https:\/\/epg.unp.edu.pe\/eposgrado\/wp-json\/wp\/v2\/media\/1200"}],"wp:attachment":[{"href":"https:\/\/epg.unp.edu.pe\/eposgrado\/wp-json\/wp\/v2\/media?parent=225"}],"wp:term":[{"taxonomy":"category","embeddable":true,"href":"https:\/\/epg.unp.edu.pe\/eposgrado\/wp-json\/wp\/v2\/categories?post=225"},{"taxonomy":"post_tag","embeddable":true,"href":"https:\/\/epg.unp.edu.pe\/eposgrado\/wp-json\/wp\/v2\/tags?post=225"}],"curies":[{"name":"wp","href":"https:\/\/api.w.org\/{rel}","templated":true}]}}