{"id":2714,"date":"2024-03-03T08:24:34","date_gmt":"2024-03-03T08:24:34","guid":{"rendered":"https:\/\/epg.unp.edu.pe\/eposgrado\/?page_id=2714"},"modified":"2025-08-29T19:00:03","modified_gmt":"2025-08-29T19:00:03","slug":"maestria-en-geomecanica-minera","status":"publish","type":"page","link":"https:\/\/epg.unp.edu.pe\/eposgrado\/maestrias\/maestria-en-geomecanica-minera\/","title":{"rendered":"Maestr\u00eda en Geomecanica Minera"},"content":{"rendered":"<h2 style=\"text-align: justify;\"><strong>Presentaci\u00f3n<\/strong><\/h2>\n<p style=\"text-align: justify;\">La Universidad Nacional de Piura, a trav\u00e9s de la Escuela de Posgrado, ofrece el Programa de Maestr\u00eda en Geomec\u00e1nica Minera a profesionales y bachilleres que est\u00e1n relacionados con la especialidad ya sea por programas de ingenier\u00eda o ciencias b\u00e1sicas.<\/p>\n<p style=\"text-align: justify;\">La Maestr\u00eda en Geomec\u00e1nica Minera est\u00e1 basada en la exitosa experiencia de varias d\u00e9cadas del \u00c1rea de Conocimiento de Explotaci\u00f3n y Prospecci\u00f3n de Minas. A lo largo de esos a\u00f1os, se ha establecido una v\u00eda de comunicaci\u00f3n no s\u00f3lo externa motivada por los numerosos Proyectos de Investigaci\u00f3n llevados a cabo, sino tambi\u00e9n interna al tener una comunicaci\u00f3n fluida con profesionales de otras \u00c1reas de conocimiento.<\/p>\n<p style=\"text-align: justify;\">Adem\u00e1s, desde hace varios lustros se han mantenido continuos contactos y colaboraciones a nivel internacional y en Am\u00e9rica Latina, circunstancia que ha permitido conocer las necesidades espec\u00edficas de diferentes profesionales al abordar el d\u00eda a d\u00eda de su profesi\u00f3n, y ha llevado al planteamiento de elaboraci\u00f3n de esta Maestr\u00eda en Geomec\u00e1nica Minera, que cubra las necesidades anteriormente citadas.<\/p>\n<p style=\"text-align: justify;\">Se han mantenido reuniones y conversaciones con el fin de perfilar los conocimientos demandados y adaptar la presente Maestr\u00eda a las necesidades de aquellos profesionales relacionados con la industria minera y su problem\u00e1tica.<\/p>\n<h3 style=\"text-align: justify;\"><strong>Objetivos<\/strong><\/h3>\n<ul class=\"omsc-icons-ul fa-ul\">\n<li style=\"text-align: justify; margin-left: 20px;\"><i class=\"fa-li fa fa-chevron-right\"><\/i>Formar especialistas en el campo de la Geomec\u00e1nica Minera.<\/li>\n<li style=\"text-align: justify; margin-left: 20px;\"><i class=\"fa-li fa fa-chevron-right\"><\/i>Preparar profesionales altamente capacitados para promover la utilizaci\u00f3n y el desarrollo de las metodolog\u00edas, t\u00e9cnicas que les permitan realizar investigaciones y\/o formular proyectos relacionando los aspectos vinculados a la explotaci\u00f3n de petr\u00f3leo y gas natural, en el marco de la interdisciplinariedad.<\/li>\n<li style=\"text-align: justify; margin-left: 20px;\"><i class=\"fa-li fa fa-chevron-right\"><\/i>Capacitar para el dise\u00f1o, planificaci\u00f3n y desarrollo de proyectos Geo mec\u00e1nicos en Ingenier\u00eda Minera, Geol\u00f3gica, Civil y Medio Ambiental.<\/li>\n<\/ul>\n<div class=\"omsc-tabs\"><ul class=\"omsc-tabs-control omsc-clearfix\"><li><a href=\"#tab-plan-de-estudios\"><span>Plan de Estudios<\/span><\/a><\/li><li><a href=\"#tab-horario-de-clases\"><span>Horario de clases<\/span><\/a><\/li><li><a href=\"#tab-inversion-economica\"><span>Inversi\u00f3n Econ\u00f3mica<\/span><\/a><\/li><\/ul><div class=\"omsc-tabs-tabs\"><\/p>\n<p><div class=\"omsc-tabs-tab omsc-tab-plan-de-estudios\"><\/p>\n<table class=\"tabla\" border=\"1\">\n<tbody>\n<tr class=\"encabezado\">\n<td class=\"tab1\"><strong>ASIGNATURA<\/strong><\/td>\n<td class=\"tab1\"><strong>CREDITOS<\/strong><\/td>\n<\/tr>\n<tr class=\"resaltado\">\n<td class=\"tab1\" colspan=\"2\"><strong>I CICLO<\/strong><\/td>\n<\/tr>\n<tr class=\"alternar\">\n<td class=\"tab1\">MEC\u00c1NICA DE ROCAS Y DE SUELOS PARA INGENIEROS<\/td>\n<td align=\"center\">04<\/td>\n<\/tr>\n<tr class=\"alternar\">\n<td class=\"tab1\">GEOLOGIA ESTRUCTURAL Y GEOMORFOLOG\u00cdA<\/td>\n<td align=\"center\">04<\/td>\n<\/tr>\n<tr class=\"alternar\">\n<td class=\"tab1\">HIDROGEOLOG\u00cdA MINERA I<\/td>\n<td align=\"center\">04<\/td>\n<\/tr>\n<tr class=\"alternar\">\n<td class=\"tab1\">HIDROGEOLOG\u00cdA MINERA II<\/td>\n<td align=\"center\">04<\/td>\n<\/tr>\n<tr class=\"resaltado\">\n<td class=\"tab1\" colspan=\"2\"><strong>II CICLO<\/strong><\/td>\n<\/tr>\n<tr class=\"alternar\">\n<td class=\"tab1\">ESTUDIO DE ESTABILIDAD DE TALUDES Y OPEN PITS POR METODOS DE EQUILIBRIO LIMITE<\/td>\n<td align=\"center\">04<\/td>\n<\/tr>\n<tr class=\"alternar\">\n<td class=\"tab1\">ESTUDIO DE ESTABILIDAD DE TALUDES Y OPEN PITS POR METODOS PROBABILISTICOS Y NUMERICOS<\/td>\n<td align=\"center\">04<\/td>\n<\/tr>\n<tr class=\"alternar\">\n<td class=\"tab1\">ELABORACION DE MODELOS GEOT\u00c9CNICOS EN 3D ZONIFICACION<\/td>\n<td align=\"center\">04<\/td>\n<\/tr>\n<tr class=\"alternar\">\n<td class=\"tab1\">PROYECTO DE TESIS<\/td>\n<td align=\"center\">04<\/td>\n<\/tr>\n<tr class=\"resaltado\">\n<td class=\"tab1\" colspan=\"2\"><strong>III CICLO<\/strong><\/td>\n<\/tr>\n<tr class=\"alternar\">\n<td class=\"tab1\">CRITERIOS GEOMEC\u00c1NICOS PARA EL DISE\u00d1O DE T\u00daNELES, GALER\u00cdAS, PIQUES Y CHIMENEAS<\/td>\n<td align=\"center\">04<\/td>\n<\/tr>\n<tr class=\"alternar\">\n<td class=\"tab1\">SOSTENIMIENTOS DE EXCAVACIONES SUBTERR\u00c1NEAS<\/td>\n<td align=\"center\">04<\/td>\n<\/tr>\n<tr class=\"alternar\">\n<td class=\"tab1\">CRITERIOS GEOMEC\u00c1NICOS PARA LA SELECCI\u00d3N DEL M\u00c9TODO MINADO<\/td>\n<td align=\"center\">04<\/td>\n<\/tr>\n<tr class=\"alternar\">\n<td class=\"tab1\">MONITOREO Y CONTROL GEOT\u00c9CNICO<\/td>\n<td align=\"center\">04<\/td>\n<\/tr>\n<tr class=\"resaltado\">\n<td class=\"tab1\" colspan=\"2\"><strong>IV CICLO<\/strong><\/td>\n<\/tr>\n<tr class=\"alternar\">\n<td class=\"tab1\">DISE\u00d1O GEOMECANICO DE PRESAS DE RELAVES Y BOTADEROS<\/td>\n<td align=\"center\">04<\/td>\n<\/tr>\n<tr class=\"alternar\">\n<td class=\"tab1\">PREVENCI\u00d3N DE ACCIDENTES EN MINERIA. LEGISLACI\u00d3N<\/td>\n<td align=\"center\">04<\/td>\n<\/tr>\n<tr class=\"alternar\">\n<td class=\"tab1\">MINERIA Y MEDIO AMBIENTE, CIERRE DE MINAS<\/td>\n<td align=\"center\">04<\/td>\n<\/tr>\n<tr class=\"alternar\">\n<td class=\"tab1\">MODELAMIENTOS GEOMEC\u00c1NICO EN 3D<\/td>\n<td align=\"center\">04<\/td>\n<\/tr>\n<tr class=\"encabezado\">\n<td style=\"text-align: center;\"><strong>TOTAL DE CR\u00c9DITOS<\/strong><\/td>\n<td align=\"center\"><strong>64<\/strong><\/td>\n<\/tr>\n<\/tbody>\n<\/table>\n<p><\/div><\/p>\n<p><div class=\"omsc-tabs-tab omsc-tab-horario-de-clases\"><\/p>\n<table class=\"tablahorario\">\n<tbody>\n<tr>\n<td><strong>S\u00e1bados:<\/strong><\/td>\n<td>8:00 a.m. &#8211; 2:00 p.m.<\/td>\n<\/tr>\n<tr>\n<td><strong>Domingos:<\/strong><\/td>\n<td>8:00 a.m. &#8211; 2:00 p.m.<\/td>\n<\/tr>\n<\/tbody>\n<\/table>\n<p style=\"text-align: justify; margin-left: 10px;\"><strong>\u00abMODALIDAD DE ESTUDIOS: PRESENCIAL\/A DISTANCIA\u00bb<\/strong><\/p>\n<p><\/div><\/p>\n<p><div class=\"omsc-tabs-tab omsc-tab-inversion-economica\"><\/p>\n<table class=\"tabla\" border=\"1\">\n<tbody>\n<tr class=\"resaltado\" align=\"center\">\n<td><strong>CONCEPTO<\/strong><\/td>\n<td><strong>MONTO<\/strong><\/td>\n<\/tr>\n<tr class=\"alternar\">\n<td class=\"tab1\"><strong>Admisi\u00f3n (\u00fanica)<\/strong><\/td>\n<td align=\"center\">S\/. 510.60<\/td>\n<\/tr>\n<tr class=\"alternar\">\n<td class=\"tab1\"><strong>Matr\u00edcula Anual (2, anuales)<\/strong><\/td>\n<td align=\"center\">S\/. 662<\/td>\n<\/tr>\n<tr class=\"alternar\">\n<td class=\"tab1\"><strong>Pensi\u00f3n de Ense\u00f1anza (27, mensuales)<\/strong><\/td>\n<td align=\"center\">S\/. 400.00<\/td>\n<\/tr>\n<\/tbody>\n<\/table>\n<p><div class=\"omsc-divider omsc-border-large omsc-style-single\" style=\"\"><\/div><\/p>\n<table class=\"tabla\" border=\"1\">\n<tbody>\n<tr class=\"resaltado\" align=\"center\">\n<td colspan=\"2\"><strong>INFORMACI\u00d3N GENERAL<br \/>\nTRANSACCI\u00d3N (9135) &#8211; BANCO DE LA NACI\u00d3N<\/strong><\/td>\n<\/tr>\n<tr class=\"resaltado\" align=\"center\">\n<td><strong>CONCEPTO<\/strong><\/td>\n<td><strong>C\u00d3DIGO<\/strong><\/td>\n<\/tr>\n<tr class=\"alternar\">\n<td class=\"tab1\">Derecho de Admisi\u00f3n<\/td>\n<td align=\"center\">15<\/td>\n<\/tr>\n<tr class=\"alternar\">\n<td class=\"tab1\">Matr\u00edcula de Posgrado<\/td>\n<td align=\"center\">57<\/td>\n<\/tr>\n<tr class=\"alternar\">\n<td class=\"tab1\">Pensi\u00f3n de Ense\u00f1anza Posgrado<\/td>\n<td align=\"center\">82<\/td>\n<\/tr>\n<\/tbody>\n<\/table>\n<ul class=\"omsc-icons-ul fa-ul\">\n<li style=\"text-align: justify;\"><i class=\"fa-li fa fa-check\"><\/i><strong>Los pagos deben ser realizados mediante Ventanilla del Banco de la Naci\u00f3n o Pagalo.pe.<\/strong><\/li>\n<li style=\"text-align: justify;\"><i class=\"fa-li fa fa-check\"><\/i><strong>Realizar los pagos por concepto de Pensi\u00f3n de Ense\u00f1anza Posgrado en un solo voucher (m\u00e1s de una pensi\u00f3n).<\/strong><\/li>\n<li style=\"text-align: justify;\"><i class=\"fa-li fa fa-check\"><\/i><strong>El pago por concepto de Matr\u00edcula se debe realizar en un \u00fanico voucher.<\/strong><\/li>\n<li style=\"text-align: justify;\"><i class=\"fa-li fa fa-check\"><\/i><strong>Los pagos realizados deber\u00e1n ser reportados dentro del mismo mes.<\/strong><\/li>\n<\/ul>\n<p><\/div><br \/>\n<\/div><div class=\"omsc-clear\"><\/div><\/div>\n<a class=\"omsc-button omsc-no-custom-hover omsc-size-medium omsc-with-icon omsc-style-emboss omsc-text-bright\" href=\"https:\/\/drive.google.com\/file\/d\/1hEDArs37wXU0gA70PQhbnwywgz860rRm\/view?usp=drive_link\" target=\"_blank\" style=\"background-color:#922446;border-color:#922446;color:#ffffff\"><i class=\"fa fa-arrow-circle-o-down\"><\/i>PLAN CURRICULAR<\/a>\n<p><strong>Coordinador de la Maestr\u00eda (PROMAGEOMECMIN):<\/strong><br \/>\n<strong>Dr. Baldemar Tene Farfan<\/strong><br \/>\n<strong>E-mail:<\/strong> btenef@unp.edu.pe &#8211; <strong>Celular: <\/strong>952 896 132<\/p>\n<p><strong>Personal Administrativo &#8211; Informes<\/strong><br \/>\n<strong>Lic. Miriam Flores More<\/strong><br \/>\n<strong>E-mail:<\/strong> rfloresm@unp.edu.pe<\/p>\n<p><strong>Horario de atenci\u00f3n:<\/strong> Lun-Vie: 8:00am &#8211; 3:00pm<\/p>\n<p><a href=\"https:\/\/epg.unp.edu.pe\/eposgrado\/maestrias\/\">&larr; Maestr\u00edas<\/a><\/p>","protected":false},"excerpt":{"rendered":"<p>Presentaci\u00f3n La Universidad Nacional de Piura, a trav\u00e9s de la Escuela de Posgrado, ofrece el Programa de Maestr\u00eda en Geomec\u00e1nica Minera a profesionales y bachilleres que est\u00e1n relacionados con la especialidad ya sea por programas de ingenier\u00eda o ciencias b\u00e1sicas. La Maestr\u00eda en Geomec\u00e1nica Minera est\u00e1 basada en la exitosa experiencia de varias d\u00e9cadas del [&hellip;]<\/p>\n","protected":false},"author":1,"featured_media":2727,"parent":1281,"menu_order":0,"comment_status":"closed","ping_status":"closed","template":"","meta":{"footnotes":""},"categories":[],"tags":[19],"class_list":["post-2714","page","type-page","status-publish","has-post-thumbnail","hentry","tag-ingenieria"],"_links":{"self":[{"href":"https:\/\/epg.unp.edu.pe\/eposgrado\/wp-json\/wp\/v2\/pages\/2714","targetHints":{"allow":["GET"]}}],"collection":[{"href":"https:\/\/epg.unp.edu.pe\/eposgrado\/wp-json\/wp\/v2\/pages"}],"about":[{"href":"https:\/\/epg.unp.edu.pe\/eposgrado\/wp-json\/wp\/v2\/types\/page"}],"author":[{"embeddable":true,"href":"https:\/\/epg.unp.edu.pe\/eposgrado\/wp-json\/wp\/v2\/users\/1"}],"replies":[{"embeddable":true,"href":"https:\/\/epg.unp.edu.pe\/eposgrado\/wp-json\/wp\/v2\/comments?post=2714"}],"version-history":[{"count":5,"href":"https:\/\/epg.unp.edu.pe\/eposgrado\/wp-json\/wp\/v2\/pages\/2714\/revisions"}],"predecessor-version":[{"id":3984,"href":"https:\/\/epg.unp.edu.pe\/eposgrado\/wp-json\/wp\/v2\/pages\/2714\/revisions\/3984"}],"up":[{"embeddable":true,"href":"https:\/\/epg.unp.edu.pe\/eposgrado\/wp-json\/wp\/v2\/pages\/1281"}],"wp:featuredmedia":[{"embeddable":true,"href":"https:\/\/epg.unp.edu.pe\/eposgrado\/wp-json\/wp\/v2\/media\/2727"}],"wp:attachment":[{"href":"https:\/\/epg.unp.edu.pe\/eposgrado\/wp-json\/wp\/v2\/media?parent=2714"}],"wp:term":[{"taxonomy":"category","embeddable":true,"href":"https:\/\/epg.unp.edu.pe\/eposgrado\/wp-json\/wp\/v2\/categories?post=2714"},{"taxonomy":"post_tag","embeddable":true,"href":"https:\/\/epg.unp.edu.pe\/eposgrado\/wp-json\/wp\/v2\/tags?post=2714"}],"curies":[{"name":"wp","href":"https:\/\/api.w.org\/{rel}","templated":true}]}}