{"id":2722,"date":"2024-03-04T03:31:21","date_gmt":"2024-03-04T03:31:21","guid":{"rendered":"https:\/\/epg.unp.edu.pe\/eposgrado\/?page_id=2722"},"modified":"2025-02-27T17:02:59","modified_gmt":"2025-02-27T17:02:59","slug":"maestria-en-gestion-y-manejo-de-recursos-hidricos","status":"publish","type":"page","link":"https:\/\/epg.unp.edu.pe\/eposgrado\/maestrias\/maestria-en-gestion-y-manejo-de-recursos-hidricos\/","title":{"rendered":"Maestr\u00eda en Gesti\u00f3n y Manejo de Recursos Hidricos"},"content":{"rendered":"<h2 style=\"text-align: justify;\"><strong>Presentaci\u00f3n<\/strong><\/h2>\n<p style=\"text-align: justify;\">La Universidad Nacional de Piura, a trav\u00e9s de la Escuela de Posgrado, ofrece el Programa de Maestr\u00eda en Gesti\u00f3n y Manejo de Recursos Hidricos a profesionales y bachilleres que est\u00e1n relacionados con la especialidad ya sea por programas de ingenier\u00eda o ciencias b\u00e1sicas.<\/p>\n<p style=\"text-align: justify;\">La Maestr\u00eda en Gesti\u00f3n y Manejo de Recursos H\u00eddricos est\u00e1 dise\u00f1ada para todos aquellos profesionales interesados en la gesti\u00f3n y el manejo racional del agua y proyectos de aprovechamiento de recursos hidroenerg\u00e9ticos, construcci\u00f3n de estructuras hidr\u00e1ulicas, as\u00ed como en la ejecuci\u00f3n y desarrollo de procesos de saneamiento y recuperaci\u00f3n de fuentes h\u00eddricas, y que deseen proponer soluciones adecuadas a contextos espec\u00edficos para resolver los problemas vinculados con la gesti\u00f3n y el manejo del agua hacia un uso sostenible, sustentable y equitativo para todos los peruanos.<\/p>\n<p style=\"text-align: justify;\">Es por esto que se viene incrementando la demanda de profesionales con conocimientos espec\u00edficos en el entorno, al uso y aprovechamiento eficiente del recurso h\u00eddrico, indispensable dentro del marco de una econom\u00eda social y sustentable.<\/p>\n<p style=\"text-align: justify;\">El conocimiento de los recursos h\u00eddricos es, pues, un aspecto fundamental para llevar a cabo una adecuada planificaci\u00f3n y ordenamiento del territorio compatible con el medio ambiente. La necesidad de investigadores y t\u00e9cnicos en la materia es, por tanto, una realidad a la que la sociedad actual est\u00e1<br \/>\nobligada a hacer frente.<\/p>\n<h3 style=\"text-align: justify;\"><strong>Objetivos<\/strong><\/h3>\n<ul class=\"omsc-icons-ul fa-ul\">\n<li style=\"text-align: justify; margin-left: 20px;\"><i class=\"fa-li fa fa-chevron-right\"><\/i>Formar profesionales especializados en la gesti\u00f3n y manejo de los<br \/>\nRecursos H\u00eddricos con los conocimientos necesarios para evaluar, proteger y gestionar el agua de manera sostenible y compatible con la preservaci\u00f3n del medio ambiente, y adecuaci\u00f3n al cambio clim\u00e1tico, mediante la creaci\u00f3n de planes de desarrollo cient\u00edfico y tecnol\u00f3gico en beneficio a la sociedad.<\/li>\n<li style=\"text-align: justify; margin-left: 20px;\"><i class=\"fa-li fa fa-chevron-right\"><\/i>Conocer los componentes del ciclo hidrol\u00f3gico, as\u00ed como los impactos derivados de la actividad humana y su mitigaci\u00f3n.<\/li>\n<li style=\"text-align: justify; margin-left: 20px;\"><i class=\"fa-li fa fa-chevron-right\"><\/i>Conocer aspectos b\u00e1sicos de legislaci\u00f3n del agua que emanan de las directivas nacionales e internacionales y son referencia de la convergencia mundial en materia de aguas.<\/li>\n<li style=\"text-align: justify; margin-left: 20px;\"><i class=\"fa-li fa fa-chevron-right\"><\/i>Caracterizar la calidad natural del agua y los procesos de contaminaci\u00f3n, y desarrollar estrategias de protecci\u00f3n.<\/li>\n<\/ul>\n<div class=\"omsc-tabs\"><ul class=\"omsc-tabs-control omsc-clearfix\"><li><a href=\"#tab-plan-de-estudios\"><span>Plan de Estudios<\/span><\/a><\/li><li><a href=\"#tab-horario-de-clases\"><span>Horario de clases<\/span><\/a><\/li><li><a href=\"#tab-inversion-economica\"><span>Inversi\u00f3n Econ\u00f3mica<\/span><\/a><\/li><\/ul><div class=\"omsc-tabs-tabs\"><\/p>\n<p><div class=\"omsc-tabs-tab omsc-tab-plan-de-estudios\"><\/p>\n<table class=\"tabla\" border=\"1\">\n<tbody>\n<tr class=\"encabezado\">\n<td class=\"tab1\"><strong>ASIGNATURA<\/strong><\/td>\n<td class=\"tab1\"><strong>CREDITOS<\/strong><\/td>\n<\/tr>\n<tr class=\"resaltado\">\n<td class=\"tab1\" colspan=\"2\"><strong>I CICLO<\/strong><\/td>\n<\/tr>\n<tr class=\"alternar\">\n<td class=\"tab1\">Impacto y Gesti\u00f3n Ambiental del Agua<\/td>\n<td align=\"center\">04<\/td>\n<\/tr>\n<tr class=\"alternar\">\n<td class=\"tab1\">Gesti\u00f3n de los recursos h\u00eddricos y sus conflictos<\/td>\n<td align=\"center\">04<\/td>\n<\/tr>\n<tr class=\"alternar\">\n<td class=\"tab1\">Ley de los Recursos H\u00eddricos y su reglamento<\/td>\n<td align=\"center\">04<\/td>\n<\/tr>\n<tr class=\"alternar\">\n<td class=\"tab1\">Sistemas de Informaci\u00f3n Geogr\u00e1fica y Ordenamiento Territorial de Cuencas Hidrogr\u00e1ficas<\/td>\n<td align=\"center\">04<\/td>\n<\/tr>\n<tr class=\"resaltado\">\n<td class=\"tab1\" colspan=\"2\"><strong>II CICLO<\/strong><\/td>\n<\/tr>\n<tr class=\"alternar\">\n<td class=\"tab1\">Hidrolog\u00eda e Hidrogeolog\u00eda Avanzada de Cuencas Hidrogr\u00e1ficas<\/td>\n<td align=\"center\">04<\/td>\n<\/tr>\n<tr class=\"alternar\">\n<td class=\"tab1\">Drenaje pluvial urbano y rural<\/td>\n<td align=\"center\">04<\/td>\n<\/tr>\n<tr class=\"alternar\">\n<td class=\"tab1\">Administraci\u00f3n de Sistemas de regad\u00edo<\/td>\n<td align=\"center\">04<\/td>\n<\/tr>\n<tr class=\"alternar\">\n<td class=\"tab1\">Evaluaci\u00f3n Econ\u00f3mica y Financiera de Proyectos Hidr\u00e1ulicos<\/td>\n<td align=\"center\">04<\/td>\n<\/tr>\n<tr class=\"resaltado\">\n<td class=\"tab1\" colspan=\"2\"><strong>III CICLO<\/strong><\/td>\n<\/tr>\n<tr class=\"alternar\">\n<td class=\"tab1\">Ciclo Hidrol\u00f3gico del Fen\u00f3meno del Ni\u00f1o y su impacto Regional<\/td>\n<td align=\"center\">04<\/td>\n<\/tr>\n<tr class=\"alternar\">\n<td class=\"tab1\">Manejo de r\u00edos<\/td>\n<td align=\"center\">04<\/td>\n<\/tr>\n<tr class=\"alternar\">\n<td class=\"tab1\">Dise\u00f1o de estructuras hidr\u00e1ulicas y Centrales Hidroel\u00e9ctricas<\/td>\n<td align=\"center\">04<\/td>\n<\/tr>\n<tr class=\"alternar\">\n<td class=\"tab1\">Tratamiento y abastecimiento de aguas potable, residuales y marinas<\/td>\n<td align=\"center\">04<\/td>\n<\/tr>\n<tr class=\"resaltado\">\n<td class=\"tab1\" colspan=\"2\"><strong>IV CICLO<\/strong><\/td>\n<\/tr>\n<tr class=\"alternar\">\n<td class=\"tab1\">Riesgos y Confiabilidad de Obras Hidr\u00e1ulicas<\/td>\n<td align=\"center\">04<\/td>\n<\/tr>\n<tr class=\"alternar\">\n<td class=\"tab1\">Modelaci\u00f3n F\u00edsica y Num\u00e9rica de Obras Hidr\u00e1ulicas<\/td>\n<td align=\"center\">04<\/td>\n<\/tr>\n<tr class=\"alternar\">\n<td class=\"tab1\">Seminario de tesis<\/td>\n<td align=\"center\">04<\/td>\n<\/tr>\n<tr class=\"encabezado\">\n<td style=\"text-align: center;\"><strong>TOTAL DE CR\u00c9DITOS<\/strong><\/td>\n<td align=\"center\"><strong>60<\/strong><\/td>\n<\/tr>\n<\/tbody>\n<\/table>\n<p><\/div><\/p>\n<p><div class=\"omsc-tabs-tab omsc-tab-horario-de-clases\"><\/p>\n<table class=\"tablahorario\">\n<tbody>\n<tr>\n<td><strong>S\u00e1bados:<\/strong><\/td>\n<td>8:00 a.m. &#8211; 2:00 p.m.<\/td>\n<\/tr>\n<tr>\n<td><strong>Domingos:<\/strong><\/td>\n<td>8:00 a.m. &#8211; 2:00 p.m.<\/td>\n<\/tr>\n<\/tbody>\n<\/table>\n<p style=\"text-align: justify; margin-left: 10px;\"><strong>\u00abMODALIDAD DE ESTUDIOS: PRESENCIAL\/A DISTANCIA\u00bb<\/strong><\/p>\n<p><\/div><\/p>\n<p><div class=\"omsc-tabs-tab omsc-tab-inversion-economica\"><\/p>\n<table class=\"tabla\" border=\"1\">\n<tbody>\n<tr class=\"resaltado\" align=\"center\">\n<td><strong>CONCEPTO<\/strong><\/td>\n<td><strong>MONTO<\/strong><\/td>\n<\/tr>\n<tr class=\"alternar\">\n<td class=\"tab1\"><strong>Admisi\u00f3n (\u00fanica)<\/strong><\/td>\n<td align=\"center\">S\/. 510.60<\/td>\n<\/tr>\n<tr class=\"alternar\">\n<td class=\"tab1\"><strong>Matr\u00edcula Anual (2, anuales)<\/strong><\/td>\n<td align=\"center\">S\/. 662<\/td>\n<\/tr>\n<tr class=\"alternar\">\n<td class=\"tab1\"><strong>Pensi\u00f3n de Ense\u00f1anza (27, mensuales)<\/strong><\/td>\n<td align=\"center\">S\/. 400.00<\/td>\n<\/tr>\n<\/tbody>\n<\/table>\n<p><div class=\"omsc-divider omsc-border-large omsc-style-single\" style=\"\"><\/div><\/p>\n<table class=\"tabla\" border=\"1\">\n<tbody>\n<tr class=\"resaltado\" align=\"center\">\n<td colspan=\"2\"><strong>INFORMACI\u00d3N GENERAL<br \/>\nTRANSACCI\u00d3N (9135) &#8211; BANCO DE LA NACI\u00d3N<\/strong><\/td>\n<\/tr>\n<tr class=\"resaltado\" align=\"center\">\n<td><strong>CONCEPTO<\/strong><\/td>\n<td><strong>C\u00d3DIGO<\/strong><\/td>\n<\/tr>\n<tr class=\"alternar\">\n<td class=\"tab1\">Derecho de Admisi\u00f3n<\/td>\n<td align=\"center\">15<\/td>\n<\/tr>\n<tr class=\"alternar\">\n<td class=\"tab1\">Matr\u00edcula de Posgrado<\/td>\n<td align=\"center\">57<\/td>\n<\/tr>\n<tr class=\"alternar\">\n<td class=\"tab1\">Pensi\u00f3n de Ense\u00f1anza Posgrado<\/td>\n<td align=\"center\"><\/td>\n<\/tr>\n<\/tbody>\n<\/table>\n<ul class=\"omsc-icons-ul fa-ul\">\n<li style=\"text-align: justify;\"><i class=\"fa-li fa fa-check\"><\/i><strong>Los pagos deben ser realizados mediante Ventanilla del Banco de la Naci\u00f3n o Pagalo.pe.<\/strong><\/li>\n<li style=\"text-align: justify;\"><i class=\"fa-li fa fa-check\"><\/i><strong>Realizar los pagos por concepto de Pensi\u00f3n de Ense\u00f1anza Posgrado en un solo voucher (m\u00e1s de una pensi\u00f3n).<\/strong><\/li>\n<li style=\"text-align: justify;\"><i class=\"fa-li fa fa-check\"><\/i><strong>El pago por concepto de Matr\u00edcula se debe realizar en un \u00fanico voucher.<\/strong><\/li>\n<li style=\"text-align: justify;\"><i class=\"fa-li fa fa-check\"><\/i><strong>Los pagos realizados deber\u00e1n ser reportados dentro del mismo mes.<\/strong><\/li>\n<\/ul>\n<p><\/div><br \/>\n<\/div><div class=\"omsc-clear\"><\/div><\/div>\n<a class=\"omsc-button omsc-no-custom-hover omsc-size-medium omsc-with-icon omsc-style-emboss omsc-text-bright\" href=\"https:\/\/drive.google.com\/file\/d\/1bw9L7mY77A3oTBH_hZHp5YvP7vxPlIAZ\/view?usp=drive_link\" target=\"_blank\" style=\"background-color:#922446;border-color:#922446;color:#ffffff\"><i class=\"fa fa-arrow-circle-o-down\"><\/i>PLAN CURRICULAR<\/a>\n<p><strong>Coordinador de la Maestr\u00eda (PROMAGESMAREHID):<\/strong><br \/>\n<strong>Dr. Jos\u00e9 Halbert Chang Valdiviezo<\/strong><br \/>\n<strong>Celular:<\/strong> 947581970<\/p>\n<p><strong>Personal Administrativo &#8211; Informes<\/strong><br \/>\n<strong>Lic. Miriam Flores More<\/strong><br \/>\n<strong>E-mail:<\/strong> rfloresm@unp.edu.pe<\/p>\n<p><strong>Horario de atenci\u00f3n:<\/strong> Lun-Vie: 8:00am &#8211; 3:00pm<\/p>\n<p><a href=\"https:\/\/epg.unp.edu.pe\/eposgrado\/maestrias\/\">&larr; Maestr\u00edas<\/a><\/p>","protected":false},"excerpt":{"rendered":"<p>Presentaci\u00f3n La Universidad Nacional de Piura, a trav\u00e9s de la Escuela de Posgrado, ofrece el Programa de Maestr\u00eda en Gesti\u00f3n y Manejo de Recursos Hidricos a profesionales y bachilleres que est\u00e1n relacionados con la especialidad ya sea por programas de ingenier\u00eda o ciencias b\u00e1sicas. La Maestr\u00eda en Gesti\u00f3n y Manejo de Recursos H\u00eddricos est\u00e1 dise\u00f1ada [&hellip;]<\/p>\n","protected":false},"author":1,"featured_media":2728,"parent":1281,"menu_order":0,"comment_status":"closed","ping_status":"closed","template":"","meta":{"footnotes":""},"categories":[],"tags":[],"class_list":["post-2722","page","type-page","status-publish","has-post-thumbnail","hentry"],"_links":{"self":[{"href":"https:\/\/epg.unp.edu.pe\/eposgrado\/wp-json\/wp\/v2\/pages\/2722","targetHints":{"allow":["GET"]}}],"collection":[{"href":"https:\/\/epg.unp.edu.pe\/eposgrado\/wp-json\/wp\/v2\/pages"}],"about":[{"href":"https:\/\/epg.unp.edu.pe\/eposgrado\/wp-json\/wp\/v2\/types\/page"}],"author":[{"embeddable":true,"href":"https:\/\/epg.unp.edu.pe\/eposgrado\/wp-json\/wp\/v2\/users\/1"}],"replies":[{"embeddable":true,"href":"https:\/\/epg.unp.edu.pe\/eposgrado\/wp-json\/wp\/v2\/comments?post=2722"}],"version-history":[{"count":5,"href":"https:\/\/epg.unp.edu.pe\/eposgrado\/wp-json\/wp\/v2\/pages\/2722\/revisions"}],"predecessor-version":[{"id":3505,"href":"https:\/\/epg.unp.edu.pe\/eposgrado\/wp-json\/wp\/v2\/pages\/2722\/revisions\/3505"}],"up":[{"embeddable":true,"href":"https:\/\/epg.unp.edu.pe\/eposgrado\/wp-json\/wp\/v2\/pages\/1281"}],"wp:featuredmedia":[{"embeddable":true,"href":"https:\/\/epg.unp.edu.pe\/eposgrado\/wp-json\/wp\/v2\/media\/2728"}],"wp:attachment":[{"href":"https:\/\/epg.unp.edu.pe\/eposgrado\/wp-json\/wp\/v2\/media?parent=2722"}],"wp:term":[{"taxonomy":"category","embeddable":true,"href":"https:\/\/epg.unp.edu.pe\/eposgrado\/wp-json\/wp\/v2\/categories?post=2722"},{"taxonomy":"post_tag","embeddable":true,"href":"https:\/\/epg.unp.edu.pe\/eposgrado\/wp-json\/wp\/v2\/tags?post=2722"}],"curies":[{"name":"wp","href":"https:\/\/api.w.org\/{rel}","templated":true}]}}