{"id":311,"date":"2018-11-13T07:45:13","date_gmt":"2018-11-13T07:45:13","guid":{"rendered":"https:\/\/epg.unp.edu.pe\/eposgrado\/?page_id=311"},"modified":"2026-03-03T21:20:24","modified_gmt":"2026-03-03T21:20:24","slug":"prodocef","status":"publish","type":"page","link":"https:\/\/epg.unp.edu.pe\/eposgrado\/doctorados\/prodocef\/","title":{"rendered":"Doctorado en Ciencias Econ\u00f3micas y Financieras"},"content":{"rendered":"<h2 style=\"text-align: justify;\"><strong>Presentaci\u00f3n<\/strong><\/h2>\n<p style=\"text-align: justify;\">En la actualidad nuestra Regi\u00f3n Piura cuenta con una serie de maestristas en diversas especialidades que necesitan profundizar su capacitaci\u00f3n en los \u00e1mbitos de la investigaci\u00f3n, entre ellos, docentes universitarios e investigadores. En tal sentido, el doctorado en Ciencias Econ\u00f3micas y Financieras pretende satisfacer estas demandas formando profesionales altamente capacitados para efectuar labores de investigaci\u00f3n, docencia y asesoramiento profesional.<\/p>\n<p style=\"text-align: justify;\">Nuestra Regi\u00f3n Piura, se muestra muy expectante en lograr el ansiado despegue econ\u00f3mico por contar con una serie de grandes proyectos de desarrollo regional como tambi\u00e9n muestra liderazgo en el movimiento de recursos financieros en el \u00e1mbito de la peque\u00f1a y micro empresa, lo que advierte la necesidad de contar con profesionales altamente capacitados para liderar dicho desarrollo.<\/p>\n<h3 style=\"text-align: justify;\"><strong>Objetivos<\/strong><\/h3>\n<ul class=\"omsc-icons-ul fa-ul\">\n<li style=\"text-align: justify; margin-left: 20px;\"><i class=\"fa-li fa fa-chevron-right\"><\/i>Formar profesionales altamente capacitados y competitivos en las \u00e1reas de Ciencias Econ\u00f3micas y Financieras.<\/li>\n<li style=\"text-align: justify; margin-left: 20px;\"><i class=\"fa-li fa fa-chevron-right\"><\/i>Fomentar la actividad de investigaci\u00f3n tanto te\u00f3rica como practica en las \u00e1reas de las Ciencias Econ\u00f3micas como Financieras.<\/li>\n<li style=\"text-align: justify; margin-left: 20px;\"><i class=\"fa-li fa fa-chevron-right\"><\/i>Impulsar la formaci\u00f3n de profesionales con profundo conocimiento de nuestra realidad econ\u00f3mica regional y nacional que tiendan y plantear soluciones a la problem\u00e1tica econ\u00f3mica y financiera.<\/li>\n<\/ul>\n<div class=\"omsc-tabs\"><ul class=\"omsc-tabs-control omsc-clearfix\"><li><a href=\"#tab-plan-de-estudios\"><span>Plan de Estudios<\/span><\/a><\/li><li><a href=\"#tab-horario-de-clases\"><span>Horario de clases<\/span><\/a><\/li><li><a href=\"#tab-inversion-economica\"><span>Inversi\u00f3n Econ\u00f3mica<\/span><\/a><\/li><\/ul><div class=\"omsc-tabs-tabs\"><\/p>\n<p><div class=\"omsc-tabs-tab omsc-tab-plan-de-estudios\"><\/p>\n<table class=\"tabla\" border=\"1\">\n<tbody>\n<tr class=\"encabezado\">\n<td class=\"tab1\"><strong>ASIGNATURA<\/strong><\/td>\n<td class=\"tab1\"><strong>CR\u00c9DITOS<\/strong><\/td>\n<\/tr>\n<tr class=\"resaltado\">\n<td class=\"tab1\" colspan=\"2\"><strong>I CICLO<\/strong><\/td>\n<\/tr>\n<tr class=\"alternar\">\n<td class=\"tab1\">FILOSOF\u00cdA DE LA CIENCIA<\/td>\n<td align=\"center\">02<\/td>\n<\/tr>\n<tr class=\"alternar\">\n<td class=\"tab1\">M\u00c9TODOS CUANTITATIVOS APLICADOS<\/td>\n<td align=\"center\">03<\/td>\n<\/tr>\n<tr class=\"alternar\">\n<td class=\"tab1\">T\u00c9CNICAS DE INVESTIGACI\u00d3N ECON\u00d3MICA Y FINANCIERA<\/td>\n<td align=\"center\">03<\/td>\n<\/tr>\n<tr class=\"alternar\">\n<td class=\"tab1\">VISI\u00d3N ACTUAL Y TENDENCIAS DE LA CIENCIA ECON\u00d3MICA<\/td>\n<td align=\"center\">03<\/td>\n<\/tr>\n<tr class=\"resaltado\">\n<td class=\"tab1\" colspan=\"2\"><strong>II CICLO<\/strong><\/td>\n<\/tr>\n<tr class=\"alternar\">\n<td class=\"tab1\">VISION ACTUAL Y TENDENCIAS DE LAS FINANZAS<\/td>\n<td align=\"center\">03<\/td>\n<\/tr>\n<tr class=\"alternar\">\n<td class=\"tab1\">MICROECONOM\u00cdA AVANZADA<\/td>\n<td align=\"center\">03<\/td>\n<\/tr>\n<tr class=\"alternar\">\n<td class=\"tab1\">MERCADO DE CAPITALES E INSTRUMENTOS FINANCIEROS<\/td>\n<td align=\"center\">03<\/td>\n<\/tr>\n<tr class=\"alternar\">\n<td class=\"tab1\">SEMINARIO DE TESIS I<\/td>\n<td align=\"center\">03<\/td>\n<\/tr>\n<tr class=\"resaltado\">\n<td class=\"tab1\" colspan=\"2\"><strong>III CICLO<\/strong><\/td>\n<\/tr>\n<tr class=\"alternar\">\n<td class=\"tab1\">MACROECONOM\u00cdA AVANZADA<\/td>\n<td align=\"center\">03<\/td>\n<\/tr>\n<tr class=\"alternar\">\n<td class=\"tab1\">OPCIONES Y FUTUROS FINANCIEROS<\/td>\n<td align=\"center\">03<\/td>\n<\/tr>\n<tr class=\"alternar\">\n<td class=\"tab1\">FINANZAS INTERNACIONALES<\/td>\n<td align=\"center\">03<\/td>\n<\/tr>\n<tr class=\"alternar\">\n<td class=\"tab1\">SEMINARIO DE TESIS II<\/td>\n<td align=\"center\">05<\/td>\n<\/tr>\n<tr class=\"resaltado\">\n<td class=\"tab1\" colspan=\"2\"><strong>IV CICLO<\/strong><\/td>\n<\/tr>\n<tr class=\"alternar\">\n<td class=\"tab1\">SEMINARIO DE POL\u00cdTICA ECON\u00d3MICA<\/td>\n<td align=\"center\">03<\/td>\n<\/tr>\n<tr class=\"alternar\">\n<td class=\"tab1\">SEMINARIO DE EVOLUCI\u00d3N Y TENDENCIAS DEL CRECIMIENTO Y DESARROLLO<\/td>\n<td align=\"center\">03<\/td>\n<\/tr>\n<tr class=\"alternar\">\n<td class=\"tab1\">SEMINARIO DE ECONOM\u00cdA AMBIENTAL Y DESARROLLO SOSTENIBLE<\/td>\n<td align=\"center\">03<\/td>\n<\/tr>\n<tr class=\"alternar\">\n<td class=\"tab1\">SEMINARIO DE TESIS III<\/td>\n<td align=\"center\">05<\/td>\n<\/tr>\n<tr class=\"resaltado\">\n<td class=\"tab1\" colspan=\"2\"><strong>V CICLO<\/strong><\/td>\n<\/tr>\n<tr class=\"alternar\">\n<td class=\"tab1\">SEMINARIO DE INVESTIGACIONES ECON\u00d3MICAS Y FINANCIERAS<\/td>\n<td align=\"center\">03<\/td>\n<\/tr>\n<tr class=\"alternar\">\n<td class=\"tab1\">SEMINARIO DE TESIS IV<\/td>\n<td align=\"center\">05<\/td>\n<\/tr>\n<tr class=\"resaltado\">\n<td class=\"tab1\" colspan=\"2\"><strong>VI CICLO<\/strong><\/td>\n<\/tr>\n<tr class=\"alternar\">\n<td class=\"tab1\">SEMINARIO DE TESIS V<\/td>\n<td align=\"center\">05<\/td>\n<\/tr>\n<tr class=\"encabezado\">\n<td style=\"text-align: center;\"><strong>TOTAL DE CR\u00c9DITOS<\/strong><\/td>\n<td align=\"center\"><strong>64<\/strong><\/td>\n<\/tr>\n<\/tbody>\n<\/table>\n<p><\/div><\/p>\n<p><div class=\"omsc-tabs-tab omsc-tab-horario-de-clases\"><\/p>\n<table class=\"tablahorario\">\n<tbody>\n<tr>\n<td><strong>S\u00e1bados:<\/strong><\/td>\n<td>4:00 p.m. &#8211; 8:00 p.m.<\/td>\n<\/tr>\n<tr>\n<td><strong>Domingos:<\/strong><\/td>\n<td>9:00 a.m. &#8211; 1:00 p.m.<\/td>\n<\/tr>\n<\/tbody>\n<\/table>\n<p style=\"text-align: justify; margin-left: 10px;\"><strong>\u00abMODALIDAD DE ESTUDIOS: VIRTUAL\u00bb<\/strong><\/p>\n<p><\/div><\/p>\n<p><div class=\"omsc-tabs-tab omsc-tab-inversion-economica\"><\/p>\n<table class=\"tabla\" border=\"1\">\n<tbody>\n<tr class=\"resaltado\" align=\"center\">\n<td><strong>CONCEPTO<\/strong><\/td>\n<td><strong>MONTO<\/strong><\/td>\n<\/tr>\n<tr class=\"alternar\">\n<td class=\"tab1\"><strong>Admisi\u00f3n (\u00fanica)<\/strong><\/td>\n<td align=\"center\">S\/. 798.70<\/td>\n<\/tr>\n<tr class=\"alternar\">\n<td class=\"tab1\"><strong>Matr\u00edcula Anual (3, anuales)<\/strong><\/td>\n<td align=\"center\">S\/. 662<\/td>\n<\/tr>\n<tr class=\"alternar\">\n<td class=\"tab1\"><strong>Pensi\u00f3n de Ense\u00f1anza (36, mensuales)<\/strong><\/td>\n<td align=\"center\">S\/. 395<\/td>\n<\/tr>\n<\/tbody>\n<\/table>\n<p><div class=\"omsc-divider omsc-border-large omsc-style-single\" style=\"\"><\/div><\/p>\n<table class=\"tabla\" border=\"1\">\n<tbody>\n<tr class=\"resaltado\" align=\"center\">\n<td colspan=\"2\"><strong>INFORMACI\u00d3N GENERAL<br \/>\nTRANSACCI\u00d3N (9135) &#8211; BANCO DE LA NACI\u00d3N<\/strong><\/td>\n<\/tr>\n<tr class=\"resaltado\" align=\"center\">\n<td><strong>CONCEPTO<\/strong><\/td>\n<td><strong>C\u00d3DIGO<\/strong><\/td>\n<\/tr>\n<tr class=\"alternar\">\n<td class=\"tab1\">Derecho de Admisi\u00f3n<\/td>\n<td align=\"center\">16<\/td>\n<\/tr>\n<tr class=\"alternar\">\n<td class=\"tab1\">Matr\u00edcula de Posgrado<\/td>\n<td align=\"center\">57<\/td>\n<\/tr>\n<tr class=\"alternar\">\n<td class=\"tab1\">Pensi\u00f3n de Ense\u00f1anza Posgrado<\/td>\n<td align=\"center\">93<\/td>\n<\/tr>\n<\/tbody>\n<\/table>\n<ul class=\"omsc-icons-ul fa-ul\">\n<li style=\"text-align: justify;\"><i class=\"fa-li fa fa-check\"><\/i><strong>Los pagos deben ser realizados mediante Ventanilla del Banco de la Naci\u00f3n o Pagalo.pe.<\/strong><\/li>\n<li style=\"text-align: justify;\"><i class=\"fa-li fa fa-check\"><\/i><strong>Realizar los pagos por concepto de Pensi\u00f3n de Ense\u00f1anza Posgrado en un solo voucher (m\u00e1s de una pensi\u00f3n).<\/strong><\/li>\n<li style=\"text-align: justify;\"><i class=\"fa-li fa fa-check\"><\/i><strong>El pago por concepto de Matr\u00edcula se debe realizar en un \u00fanico voucher.<\/strong><\/li>\n<li style=\"text-align: justify;\"><i class=\"fa-li fa fa-check\"><\/i><strong>Los pagos realizados deber\u00e1n ser reportados dentro del mismo mes.<\/strong><\/li>\n<\/ul>\n<p><\/div><br \/>\n<\/div><div class=\"omsc-clear\"><\/div><\/div>\n<a class=\"omsc-button omsc-no-custom-hover omsc-size-medium omsc-with-icon omsc-style-emboss omsc-text-bright\" href=\"https:\/\/drive.google.com\/open?id=1dQHxh8hnFmCw_LtPpgwtiZ8Nnc07er_t\" target=\"_blank\" style=\"background-color:#922446;border-color:#922446;color:#ffffff\"><i class=\"fa fa-arrow-circle-o-down\"><\/i>PLAN CURRICULAR<\/a>\n<p><strong>Coordinador del Doctorado (PRODOCEF):<\/strong><br \/>\n<strong>Dr. Segundo Alejandro Calle Ruiz<\/strong><br \/>\n<strong>Celular:<\/strong> 968908439<br \/>\n<strong>E-mail:<\/strong> scaller@unp.edu.pe <strong>E-mail del doctorado:<\/strong> prodocef@unp.edu.pe<\/p>\n<p><strong>Lic. Flor Mendoza Palacios <\/strong><br \/>\n<strong>E-mail:<\/strong> fmendozapp@unp.edu.pe<\/p>\n<p><strong>Lic. Lucila Palacios Fiestas<\/strong><\/p>\n<p><strong>Celular:<\/strong> 942 988 362<br \/>\n<strong>E-mail:<\/strong> lpalaciosf@unp.edu.pe<\/p>\n<p><strong>Horario de atenci\u00f3n:<\/strong> Lun-Vie: 8:00am &#8211; 3:00pm<\/p>\n<p><a href=\"https:\/\/epg.unp.edu.pe\/eposgrado\/doctorados\/\">&larr; Doctorados<\/a><\/p>","protected":false},"excerpt":{"rendered":"<p>Presentaci\u00f3n En la actualidad nuestra Regi\u00f3n Piura cuenta con una serie de maestristas en diversas especialidades que necesitan profundizar su capacitaci\u00f3n en los \u00e1mbitos de la investigaci\u00f3n, entre ellos, docentes universitarios e investigadores. En tal sentido, el doctorado en Ciencias Econ\u00f3micas y Financieras pretende satisfacer estas demandas formando profesionales altamente capacitados para efectuar labores de [&hellip;]<\/p>\n","protected":false},"author":1,"featured_media":1204,"parent":1285,"menu_order":0,"comment_status":"closed","ping_status":"closed","template":"","meta":{"footnotes":""},"categories":[],"tags":[],"class_list":["post-311","page","type-page","status-publish","has-post-thumbnail","hentry"],"_links":{"self":[{"href":"https:\/\/epg.unp.edu.pe\/eposgrado\/wp-json\/wp\/v2\/pages\/311","targetHints":{"allow":["GET"]}}],"collection":[{"href":"https:\/\/epg.unp.edu.pe\/eposgrado\/wp-json\/wp\/v2\/pages"}],"about":[{"href":"https:\/\/epg.unp.edu.pe\/eposgrado\/wp-json\/wp\/v2\/types\/page"}],"author":[{"embeddable":true,"href":"https:\/\/epg.unp.edu.pe\/eposgrado\/wp-json\/wp\/v2\/users\/1"}],"replies":[{"embeddable":true,"href":"https:\/\/epg.unp.edu.pe\/eposgrado\/wp-json\/wp\/v2\/comments?post=311"}],"version-history":[{"count":5,"href":"https:\/\/epg.unp.edu.pe\/eposgrado\/wp-json\/wp\/v2\/pages\/311\/revisions"}],"predecessor-version":[{"id":4050,"href":"https:\/\/epg.unp.edu.pe\/eposgrado\/wp-json\/wp\/v2\/pages\/311\/revisions\/4050"}],"up":[{"embeddable":true,"href":"https:\/\/epg.unp.edu.pe\/eposgrado\/wp-json\/wp\/v2\/pages\/1285"}],"wp:featuredmedia":[{"embeddable":true,"href":"https:\/\/epg.unp.edu.pe\/eposgrado\/wp-json\/wp\/v2\/media\/1204"}],"wp:attachment":[{"href":"https:\/\/epg.unp.edu.pe\/eposgrado\/wp-json\/wp\/v2\/media?parent=311"}],"wp:term":[{"taxonomy":"category","embeddable":true,"href":"https:\/\/epg.unp.edu.pe\/eposgrado\/wp-json\/wp\/v2\/categories?post=311"},{"taxonomy":"post_tag","embeddable":true,"href":"https:\/\/epg.unp.edu.pe\/eposgrado\/wp-json\/wp\/v2\/tags?post=311"}],"curies":[{"name":"wp","href":"https:\/\/api.w.org\/{rel}","templated":true}]}}