{"id":313,"date":"2018-11-13T07:55:51","date_gmt":"2018-11-13T07:55:51","guid":{"rendered":"https:\/\/epg.unp.edu.pe\/eposgrado\/?page_id=313"},"modified":"2025-08-08T19:39:22","modified_gmt":"2025-08-08T19:39:22","slug":"prodociag","status":"publish","type":"page","link":"https:\/\/epg.unp.edu.pe\/eposgrado\/doctorados\/prodociag\/","title":{"rendered":"Doctorado en Ciencias Agrarias"},"content":{"rendered":"<h2 style=\"text-align: justify;\"><strong>Presentaci\u00f3n<\/strong><\/h2>\n<p style=\"text-align: justify;\">La Escuela de Posgrado de la Universidad Nacional de Piura, comunica a los profesionales interesados, la convocatoria del\u00a0<strong>Programa de Doctorado en Ciencias Agrarias, <\/strong>contribuyendo as\u00ed con la capacitaci\u00f3n y preparaci\u00f3n constante de profesionales\u00a0 que se identifican con los problemas agrarios, el cuidado del medio ambiente.<\/p>\n<p style=\"text-align: justify;\">El Programa de <strong>Doctorado en Ciencias Agrarias<\/strong> es un programa de formaci\u00f3n avanzada, el cual busca generar egresados que sean investigadores de primer nivel, creativos e independientes cient\u00edficamente, con gran capacidad para trabajar en equipo, orientados a enfrentar la realidad de Am\u00e9rica Latina, donde se requieren cient\u00edficos capaces de dirigir la investigaci\u00f3n orientada al desarrollo sustentable de la producci\u00f3n agropecuaria. A ello se suma una visi\u00f3n actualizada de las Ciencias Agrarias, especialmente en las \u00e1reas de la Producci\u00f3n Vegetal y Animal.<\/p>\n<h3 style=\"text-align: justify;\"><strong>Objetivos<\/strong><\/h3>\n<ul class=\"omsc-icons-ul fa-ul\">\n<li style=\"text-align: justify; margin-left: 20px;\"><i class=\"fa-li fa fa-chevron-right\"><\/i>El Doctor estar\u00e1 preparado para planificar y evaluar sistemas productivos para realidades campesinas diversas.<\/li>\n<li style=\"text-align: justify; margin-left: 20px;\"><i class=\"fa-li fa fa-chevron-right\"><\/i>Fomentar la formaci\u00f3n de l\u00edderes para un desarrollo rural humano y agro ecol\u00f3gico.<\/li>\n<li style=\"text-align: justify; margin-left: 20px;\"><i class=\"fa-li fa fa-chevron-right\"><\/i>Orientar innovaciones tecnol\u00f3gicas viables para el agro y formar doctores capaces de impulsar un desarrollo que sea respetuoso del medio ambiente y rentable para los productores agr\u00edcolas y empresarios de turismo rural.<\/li>\n<\/ul>\n<div class=\"omsc-tabs\"><ul class=\"omsc-tabs-control omsc-clearfix\"><li><a href=\"#tab-plan-de-estudios\"><span>Plan de Estudios<\/span><\/a><\/li><li><a href=\"#tab-horario-de-clases\"><span>Horario de clases<\/span><\/a><\/li><li><a href=\"#tab-inversion-economica\"><span>Inversi\u00f3n Econ\u00f3mica<\/span><\/a><\/li><\/ul><div class=\"omsc-tabs-tabs\"><\/p>\n<p><div class=\"omsc-tabs-tab omsc-tab-plan-de-estudios\"><\/p>\n<table class=\"tabla\" border=\"1\">\n<tbody>\n<tr class=\"encabezado\">\n<td class=\"tab1\"><strong>ASIGNATURA<\/strong><\/td>\n<td class=\"tab1\"><strong>CR\u00c9DITOS<\/strong><\/td>\n<\/tr>\n<tr class=\"resaltado\">\n<td class=\"tab1\" colspan=\"2\"><strong>I CICLO<\/strong><\/td>\n<\/tr>\n<tr class=\"alternar\">\n<td class=\"tab1\">GESTI\u00d3N Y SOSTENIBILIDAD DE LOS RECURSOS NATURALES<\/td>\n<td align=\"center\">03<\/td>\n<\/tr>\n<tr class=\"alternar\">\n<td class=\"tab1\">AGROECOSISTEMAS DEL PER\u00da<\/td>\n<td align=\"center\">03<\/td>\n<\/tr>\n<tr class=\"alternar\">\n<td class=\"tab1\">DESARROLLO ECON\u00d3MICO SOSTENIBLE<\/td>\n<td align=\"center\">03<\/td>\n<\/tr>\n<tr class=\"alternar\">\n<td class=\"tab1\">MANEJO ECOL\u00d3GICO DE PLAGAS<\/td>\n<td align=\"center\">03<\/td>\n<\/tr>\n<tr class=\"alternar\">\n<td class=\"tab1\">SEMINARIO EN LEGISLACI\u00d3N, EMPAQUES Y EMBALAJES PARA AGROEXPORTACI\u00d3N<\/td>\n<td align=\"center\">03<\/td>\n<\/tr>\n<tr class=\"resaltado\">\n<td class=\"tab1\" colspan=\"2\"><strong>II CICLO<\/strong><\/td>\n<\/tr>\n<tr class=\"alternar\">\n<td class=\"tab1\">AGROECOLOG\u00cdA AVANZADA<\/td>\n<td align=\"center\">04<\/td>\n<\/tr>\n<tr class=\"alternar\">\n<td class=\"tab1\">M\u00c9TODOS AVANZADOS DE AN\u00c1LISIS DE DATOS<\/td>\n<td align=\"center\">04<\/td>\n<\/tr>\n<tr class=\"alternar\">\n<td class=\"tab1\">COMPUESTOS BIOACTIVOS DE PLANTAS<\/td>\n<td align=\"center\">03<\/td>\n<\/tr>\n<tr class=\"alternar\">\n<td class=\"tab1\">MANEJO AGROECOL\u00d3GICO DE SUELOS Y CUENCAS<\/td>\n<td align=\"center\">04<\/td>\n<\/tr>\n<tr class=\"resaltado\">\n<td class=\"tab1\" colspan=\"2\"><strong>III CICLO<\/strong><\/td>\n<\/tr>\n<tr class=\"alternar\">\n<td class=\"tab1\">ELABORACI\u00d3N DE PROYECTOS AGROPECUARIOS<\/td>\n<td align=\"center\">04<\/td>\n<\/tr>\n<tr class=\"alternar\">\n<td class=\"tab1\">AGRONEGOCIOS Y EXPORTACI\u00d3N<\/td>\n<td align=\"center\">04<\/td>\n<\/tr>\n<tr class=\"alternar\">\n<td class=\"tab1\">BIOTECNOLOG\u00cdA Y AGRICULTURA<\/td>\n<td align=\"center\">04<\/td>\n<\/tr>\n<tr class=\"alternar\">\n<td class=\"tab1\">MODELOS MATEM\u00c1TICOS PARA SISTEMAS AGRARIOS<\/td>\n<td align=\"center\">03<\/td>\n<\/tr>\n<tr class=\"resaltado\">\n<td class=\"tab1\" colspan=\"2\"><strong>IV CICLO<\/strong><\/td>\n<\/tr>\n<tr class=\"alternar\">\n<td class=\"tab1\">ESTRATEGIAS ACTUALES EN LA PROTECCI\u00d3N DE CULTIVOS<\/td>\n<td align=\"center\">04<\/td>\n<\/tr>\n<tr class=\"alternar\">\n<td class=\"tab1\">MERCADOTECNIA Y AGROEXPORTACI\u00d3N<\/td>\n<td align=\"center\">04<\/td>\n<\/tr>\n<tr class=\"alternar\">\n<td class=\"tab1\">METODOLOG\u00cdA DE INVESTIGACI\u00d3N<\/td>\n<td align=\"center\">02<\/td>\n<\/tr>\n<tr class=\"alternar\">\n<td class=\"tab1\">MANEJO SUSTENABLES DE SUELOS<\/td>\n<td align=\"center\">03<\/td>\n<\/tr>\n<tr class=\"alternar\">\n<td class=\"tab1\">DESARROLLO DE PRODUCTOS AGROINDUSTRIALES<\/td>\n<td align=\"center\">02<\/td>\n<\/tr>\n<tr class=\"resaltado\">\n<td class=\"tab1\" colspan=\"2\"><strong>V CICLO<\/strong><\/td>\n<\/tr>\n<tr class=\"alternar\">\n<td class=\"tab1\">POLITICAS AGRARIAS Y DESARROLLO RURAL<\/td>\n<td align=\"center\">02<\/td>\n<\/tr>\n<tr class=\"alternar\">\n<td class=\"tab1\">MANEJO DE PLAGAS Y ENFERMEDADES<\/td>\n<td align=\"center\">03<\/td>\n<\/tr>\n<tr class=\"alternar\">\n<td class=\"tab1\">TESIS I<\/td>\n<td align=\"center\">05<\/td>\n<\/tr>\n<tr class=\"resaltado\">\n<td class=\"tab1\" colspan=\"2\"><strong>VI CICLO<\/strong><\/td>\n<\/tr>\n<tr class=\"alternar\">\n<td class=\"tab1\">PLANIFICACI\u00d3N Y EVALUACI\u00d3N DE SISTEMAS SOSTENIBLES<\/td>\n<td align=\"center\">02<\/td>\n<\/tr>\n<tr class=\"alternar\">\n<td class=\"tab1\">EXPORTACIONES NO TRADICIONALES<\/td>\n<td align=\"center\">03<\/td>\n<\/tr>\n<tr class=\"alternar\">\n<td class=\"tab1\">TESIS II<\/td>\n<td align=\"center\">05<\/td>\n<\/tr>\n<tr class=\"encabezado\">\n<td style=\"text-align: center;\"><strong>TOTAL DE CR\u00c9DITOS<\/strong><\/td>\n<td align=\"center\"><strong>80<\/strong><\/td>\n<\/tr>\n<\/tbody>\n<\/table>\n<p><\/div><\/p>\n<p><div class=\"omsc-tabs-tab omsc-tab-horario-de-clases\"><\/p>\n<table class=\"tablahorario\">\n<tbody>\n<tr>\n<td><strong>S\u00e1bados:<\/strong><\/td>\n<td>8:00 a.m. &#8211; 1:00 p.m.<\/td>\n<\/tr>\n<tr>\n<td><strong>Domingos:<\/strong><\/td>\n<td>8:00 a.m. &#8211; 1:00 p.m.<\/td>\n<\/tr>\n<\/tbody>\n<\/table>\n<p style=\"text-align: justify; margin-left: 10px;\">\n<p><\/div><\/p>\n<p><div class=\"omsc-tabs-tab omsc-tab-inversion-economica\"><\/p>\n<table class=\"tabla\" border=\"1\">\n<tbody>\n<tr class=\"resaltado\" align=\"center\">\n<td><strong>CONCEPTO<\/strong><\/td>\n<td><strong>MONTO<\/strong><\/td>\n<\/tr>\n<tr class=\"alternar\">\n<td class=\"tab1\"><strong>Admisi\u00f3n (\u00fanica)<\/strong><\/td>\n<td align=\"center\">S\/. 798.7<\/td>\n<\/tr>\n<tr class=\"alternar\">\n<td class=\"tab1\"><strong>Matr\u00edcula Anual (3, anuales)<\/strong><\/td>\n<td align=\"center\">S\/. 662<\/td>\n<\/tr>\n<tr class=\"alternar\">\n<td class=\"tab1\"><strong>Pensi\u00f3n de Ense\u00f1anza (36, mensuales)<\/strong><\/td>\n<td align=\"center\">S\/. 500.00<\/td>\n<\/tr>\n<\/tbody>\n<\/table>\n<p><div class=\"omsc-divider omsc-border-large omsc-style-single\" style=\"\"><\/div><\/p>\n<table class=\"tabla\" border=\"1\">\n<tbody>\n<tr class=\"resaltado\" align=\"center\">\n<td colspan=\"2\"><strong>INFORMACI\u00d3N GENERAL<br \/>\nTRANSACCI\u00d3N (9135) &#8211; BANCO DE LA NACI\u00d3N<\/strong><\/td>\n<\/tr>\n<tr class=\"resaltado\" align=\"center\">\n<td><strong>CONCEPTO<\/strong><\/td>\n<td><strong>C\u00d3DIGO<\/strong><\/td>\n<\/tr>\n<tr class=\"alternar\">\n<td class=\"tab1\">Derecho de Admisi\u00f3n<\/td>\n<td align=\"center\">16<\/td>\n<\/tr>\n<tr class=\"alternar\">\n<td class=\"tab1\">Matr\u00edcula de Posgrado<\/td>\n<td align=\"center\">57<\/td>\n<\/tr>\n<tr class=\"alternar\">\n<td class=\"tab1\">Pensi\u00f3n de Ense\u00f1anza Posgrado<\/td>\n<td align=\"center\">89<\/td>\n<\/tr>\n<\/tbody>\n<\/table>\n<ul class=\"omsc-icons-ul fa-ul\">\n<li style=\"text-align: justify;\"><i class=\"fa-li fa fa-check\"><\/i><strong>Los pagos deben ser realizados mediante Ventanilla del Banco de la Naci\u00f3n o Pagalo.pe .<\/strong><\/li>\n<li style=\"text-align: justify;\"><i class=\"fa-li fa fa-check\"><\/i><strong>Realizar los pagos por concepto de Pensi\u00f3n de Ense\u00f1anza Posgrado en un solo voucher (m\u00e1s de una pensi\u00f3n).<\/strong><\/li>\n<li style=\"text-align: justify;\"><i class=\"fa-li fa fa-check\"><\/i><strong>El pago por concepto de Matr\u00edcula se debe realizar en un \u00fanico voucher.<\/strong><\/li>\n<li style=\"text-align: justify;\"><i class=\"fa-li fa fa-check\"><\/i><strong>Los pagos realizados deber\u00e1n ser reportados dentro del mismo mes.<\/strong><\/li>\n<\/ul>\n<p><\/div><br \/>\n<\/div><div class=\"omsc-clear\"><\/div><\/div>\n<a class=\"omsc-button omsc-no-custom-hover omsc-size-medium omsc-with-icon omsc-style-emboss omsc-text-bright\" href=\"https:\/\/drive.google.com\/open?id=1pkorf4Oykq9pvgqlDl_PXpQf6FcdY5go\" target=\"_blank\" style=\"background-color:#1e73be;border-color:#1e73be;color:#ffffff\"><i class=\"fa fa-arrow-circle-o-down\"><\/i>PLAN CURRICULAR<\/a>\n<p><strong>Coordinador del Doctorado en Ciencias Agrarias (PRODOCIAG):<\/strong><br \/>\n<strong>Dr. Cesar Ra\u00fal Tuesta Alban<\/strong><br \/>\n<strong>Celular:<\/strong> 969825457<\/p>\n<p><strong>E-mail:<\/strong> rpe\u00f1ac@unp.edu.pe<\/p>\n<p><strong>Personal Administrativo &#8211; Informes:<\/strong><br \/>\n<strong>Mg. Sra. Betty Villalta V.<\/strong><br \/>\n<strong>Celular:<\/strong> 965982285<\/p>\n<p><strong>E-mail:<\/strong> prodociag@unp.edu.pe<\/p>\n<p><strong>Horario de atenci\u00f3n:<\/strong> Lun-Vie: 8:00am &#8211; 3:00pm<\/p>\n<p><a href=\"https:\/\/epg.unp.edu.pe\/eposgrado\/doctorados\/\">&larr; Doctorados<\/a><\/p>","protected":false},"excerpt":{"rendered":"<p>Presentaci\u00f3n La Escuela de Posgrado de la Universidad Nacional de Piura, comunica a los profesionales interesados, la convocatoria del\u00a0Programa de Doctorado en Ciencias Agrarias, contribuyendo as\u00ed con la capacitaci\u00f3n y preparaci\u00f3n constante de profesionales\u00a0 que se identifican con los problemas agrarios, el cuidado del medio ambiente. El Programa de Doctorado en Ciencias Agrarias es un [&hellip;]<\/p>\n","protected":false},"author":1,"featured_media":1201,"parent":1285,"menu_order":0,"comment_status":"closed","ping_status":"closed","template":"","meta":{"footnotes":""},"categories":[],"tags":[],"class_list":["post-313","page","type-page","status-publish","has-post-thumbnail","hentry"],"_links":{"self":[{"href":"https:\/\/epg.unp.edu.pe\/eposgrado\/wp-json\/wp\/v2\/pages\/313","targetHints":{"allow":["GET"]}}],"collection":[{"href":"https:\/\/epg.unp.edu.pe\/eposgrado\/wp-json\/wp\/v2\/pages"}],"about":[{"href":"https:\/\/epg.unp.edu.pe\/eposgrado\/wp-json\/wp\/v2\/types\/page"}],"author":[{"embeddable":true,"href":"https:\/\/epg.unp.edu.pe\/eposgrado\/wp-json\/wp\/v2\/users\/1"}],"replies":[{"embeddable":true,"href":"https:\/\/epg.unp.edu.pe\/eposgrado\/wp-json\/wp\/v2\/comments?post=313"}],"version-history":[{"count":5,"href":"https:\/\/epg.unp.edu.pe\/eposgrado\/wp-json\/wp\/v2\/pages\/313\/revisions"}],"predecessor-version":[{"id":3929,"href":"https:\/\/epg.unp.edu.pe\/eposgrado\/wp-json\/wp\/v2\/pages\/313\/revisions\/3929"}],"up":[{"embeddable":true,"href":"https:\/\/epg.unp.edu.pe\/eposgrado\/wp-json\/wp\/v2\/pages\/1285"}],"wp:featuredmedia":[{"embeddable":true,"href":"https:\/\/epg.unp.edu.pe\/eposgrado\/wp-json\/wp\/v2\/media\/1201"}],"wp:attachment":[{"href":"https:\/\/epg.unp.edu.pe\/eposgrado\/wp-json\/wp\/v2\/media?parent=313"}],"wp:term":[{"taxonomy":"category","embeddable":true,"href":"https:\/\/epg.unp.edu.pe\/eposgrado\/wp-json\/wp\/v2\/categories?post=313"},{"taxonomy":"post_tag","embeddable":true,"href":"https:\/\/epg.unp.edu.pe\/eposgrado\/wp-json\/wp\/v2\/tags?post=313"}],"curies":[{"name":"wp","href":"https:\/\/api.w.org\/{rel}","templated":true}]}}