{"id":317,"date":"2018-11-13T08:08:40","date_gmt":"2018-11-13T08:08:40","guid":{"rendered":"https:\/\/epg.unp.edu.pe\/eposgrado\/?page_id=317"},"modified":"2025-09-19T15:19:30","modified_gmt":"2025-09-19T15:19:30","slug":"prodocis","status":"publish","type":"page","link":"https:\/\/epg.unp.edu.pe\/eposgrado\/doctorados\/prodocis\/","title":{"rendered":"Doctorado en Ingenier\u00eda de Sistemas"},"content":{"rendered":"<h2 style=\"text-align: justify;\"><strong>Presentaci\u00f3n<\/strong><\/h2>\n<p>La permanente innovaci\u00f3n de las tecnolog\u00eda y en especial, la aparici\u00f3n de tecnolog\u00edas emergentes relacionadas principalmente con la inteligencia artificial, ingenier\u00eda de datos y big data, crea la necesidad de contar con profesionales altamente capacitados en estas tecnolog\u00edas, entrenados en su investigaci\u00f3n y en la aplicaci\u00f3n de sus resultados a la soluci\u00f3n de problemas empresariales y de la sociedad en general.<\/p>\n<p>En ese sentido, en el a\u00f1o 2025, el Programa de doctorado en Ingenier\u00eda de sistemas ha actualizado su curr\u00edcula, la cual ha sido aprobada en sesi\u00f3n de Consejo de la Facultad de Ingenier\u00eda Industrial. En el Plan de estudios de la curr\u00edcula del a\u00f1o 2025 se incluyen cursos relacionados directamente con inteligencia artificial e\u00a0 ingenier\u00eda de datos.<\/p>\n<p>De esta manera, se espera que el programa de Doctorado en Ingenier\u00eda de sistemas (PRODOCIS), contribuya a atender la necesidad de la empresa privada y de la sociedad en general, de contar con doctores en ingenier\u00eda de sistemas altamente capacitados en la investigaci\u00f3n y soluci\u00f3n de problemas aplicando tecnolog\u00eda de vanguardia.<\/p>\n<h3 style=\"text-align: justify;\"><strong>Objetivos<\/strong><\/h3>\n<ul class=\"omsc-icons-ul fa-ul\">\n<li style=\"text-align: justify; margin-left: 20px;\">El programa de Doctorado en Ingenier\u00eda de sistemas 2025 de la Universidad Nacional de Piura tiene los siguientes objetivos acad\u00e9micos:\n<ul>\n<li>Formar investigadores y especialistas de alto nivel en el \u00e1rea de Ingenier\u00eda de sistemas, que contribuyan a la generaci\u00f3n y adaptaci\u00f3n de nuevos conocimientos cient\u00edficos y tecnol\u00f3gicos vinculados principalmente a \u00a0tecnolog\u00edas emergentes, como inteligencia artificial e ingenier\u00eda de datos, aplicados a la realidad local, regional y nacional.<\/li>\n<li>Profundizar en el conocimiento de tecnolog\u00edas emergentes aplicados a los sistemas y alineados a est\u00e1ndares internacionales y nuevas tendencias globales.<\/li>\n<li>Preparar doctores que coadyuven en el an\u00e1lisis de la problem\u00e1tica social que afectan a nuestra regi\u00f3n y al pa\u00eds en general, y plantear soluciones aplicando tecnolog\u00edas emergentes, principalmente herramientas de ingenier\u00eda de datos, big data e inteligencia artificial.<\/li>\n<\/ul>\n<p>&nbsp;<\/li>\n<\/ul>\n<div class=\"omsc-tabs\"><ul class=\"omsc-tabs-control omsc-clearfix\"><li><a href=\"#tab-plan-de-estudios-2024\"><span>Plan de Estudios 2024<\/span><\/a><\/li><li><a href=\"#tab-horario-de-clases\"><span>Horario de clases<\/span><\/a><\/li><li><a href=\"#tab-inversion-economica\"><span>Inversi\u00f3n Econ\u00f3mica<\/span><\/a><\/li><\/ul><div class=\"omsc-tabs-tabs\"><\/p>\n<p><div class=\"omsc-tabs-tab omsc-tab-plan-de-estudios-2024\"><\/p>\n<table class=\"tabla\" border=\"1\">\n<tbody>\n<tr class=\"encabezado\">\n<td class=\"tab1\"><strong>ASIGNATURAS 2024<\/strong><\/td>\n<td class=\"tab1\"><strong>CR\u00c9DITOS<\/strong><\/td>\n<\/tr>\n<tr class=\"resaltado\">\n<td class=\"tab1\" colspan=\"2\"><strong>I CICLO<\/strong><\/td>\n<\/tr>\n<tr class=\"alternar\">\n<td class=\"tab1\">CIENCIA Y PROBLEMAS DEL DESARROLLO NACIONAL<\/td>\n<td align=\"center\">04<\/td>\n<\/tr>\n<tr class=\"alternar\">\n<td class=\"tab1\">EPISTEMOLOG\u00cdA DE LA CIENCIA Y LA T\u00c9CNICA<\/td>\n<td align=\"center\">04<\/td>\n<\/tr>\n<tr class=\"alternar\">\n<td class=\"tab1\">TEOR\u00cdA Y DIN\u00c1MICA DE SISTEMAS<\/td>\n<td align=\"center\">04<\/td>\n<\/tr>\n<tr class=\"alternar\">\n<td class=\"tab1\">TESIS I: PROYECTO DE INVESTIGACI\u00d3N<\/td>\n<td align=\"center\">08<\/td>\n<\/tr>\n<tr class=\"resaltado\">\n<td class=\"tab1\" colspan=\"2\"><strong>II CICLO<\/strong><\/td>\n<\/tr>\n<tr class=\"alternar\">\n<td class=\"tab1\">MODELIZACI\u00d3N Y SIMULACI\u00d3N DE SISTEMAS<\/td>\n<td align=\"center\">08<\/td>\n<\/tr>\n<tr class=\"alternar\">\n<td class=\"tab1\">ARQUITECTURA DE SISTEMAS EMPRESARIALES<\/td>\n<td align=\"center\">04<\/td>\n<\/tr>\n<tr class=\"alternar\">\n<td class=\"tab1\">PROYECTOS EN INGENIER\u00cdA DE SISTEMAS<\/td>\n<td align=\"center\">08<\/td>\n<\/tr>\n<tr class=\"resaltado\">\n<td class=\"tab1\" colspan=\"2\"><strong>III CICLO<\/strong><\/td>\n<\/tr>\n<tr class=\"alternar\">\n<td class=\"tab1\">M\u00c9TODOS Y PROCESOS DE SOFTWARE<\/td>\n<td align=\"center\">06<\/td>\n<\/tr>\n<tr class=\"alternar\">\n<td class=\"tab1\">SISTEMAS DE INFORMACI\u00d3N DISTRIBUIDOS<\/td>\n<td align=\"center\">04<\/td>\n<\/tr>\n<tr class=\"alternar\">\n<td class=\"tab1\">TESIS II: EJECUCI\u00d3N: DESARROLLO DEL PROYECTO DE INVESTIGACI\u00d3N<\/td>\n<td align=\"center\">10<\/td>\n<\/tr>\n<tr class=\"resaltado\">\n<td class=\"tab1\" colspan=\"2\"><strong>IV CICLO<\/strong><\/td>\n<\/tr>\n<tr class=\"alternar\">\n<td class=\"tab1\">SISTEMAS DE TIEMPO REAL<\/td>\n<td align=\"center\">04<\/td>\n<\/tr>\n<tr class=\"alternar\">\n<td class=\"tab1\">NUEVOS ENFOQUES Y PARADIGMAS EN INGENIER\u00cdA DE SISTEMAS<\/td>\n<td align=\"center\">06<\/td>\n<\/tr>\n<tr class=\"alternar\">\n<td class=\"tab1\">TESIS III: EJECUCI\u00d3N: DESARROLLO DEL PROYECTO DE INVESTIGACI\u00d3N<\/td>\n<td align=\"center\">10<\/td>\n<\/tr>\n<tr class=\"resaltado\">\n<td class=\"tab1\" colspan=\"2\"><strong>V CICLO<\/strong><\/td>\n<\/tr>\n<tr class=\"alternar\">\n<td class=\"tab1\">PUBLICACI\u00d3N Y REDACCI\u00d3N CIENT\u00cdFICA<\/td>\n<td align=\"center\">08<\/td>\n<\/tr>\n<tr class=\"alternar\">\n<td class=\"tab1\">TESIS IV: AN\u00c1LISIS Y DISCUSI\u00d3N<\/td>\n<td align=\"center\">12<\/td>\n<\/tr>\n<tr class=\"resaltado\">\n<td class=\"tab1\" colspan=\"2\"><strong>VI CICLO<\/strong><\/td>\n<\/tr>\n<tr class=\"alternar\">\n<td class=\"tab1\">TESIS V: ELABORACI\u00d3N DEL INFORME FINAL DEL TRABAJO DE INVESTIGACI\u00d3N<\/td>\n<td align=\"center\">20<\/td>\n<\/tr>\n<tr class=\"encabezado\">\n<td style=\"text-align: center;\"><strong>TOTAL DE CR\u00c9DITOS<\/strong><\/td>\n<td align=\"center\"><strong>120<\/strong><\/td>\n<\/tr>\n<\/tbody>\n<\/table>\n<p><\/div><\/p>\n<p><div class=\"omsc-tabs-tab omsc-tab-horario-de-clases\"><\/p>\n<table class=\"tablahorario\">\n<tbody>\n<tr>\n<td><\/td>\n<td><\/td>\n<\/tr>\n<tr>\n<td><strong>S\u00e1bados:<\/strong><\/td>\n<td>4.00 p.m. a 9.00 p.m.<\/td>\n<\/tr>\n<tr>\n<td><strong>Domingos:<\/strong><\/td>\n<td>8.00 am a 1:00 pm<\/td>\n<\/tr>\n<\/tbody>\n<\/table>\n<p><\/div><\/p>\n<p><div class=\"omsc-tabs-tab omsc-tab-inversion-economica\"><\/p>\n<table class=\"tabla\" border=\"1\">\n<tbody>\n<tr class=\"resaltado\" align=\"center\">\n<td><strong>CONCEPTO<\/strong><\/td>\n<td><strong>MONTO<\/strong><\/td>\n<\/tr>\n<tr class=\"alternar\">\n<td class=\"tab1\"><strong>Admisi\u00f3n (\u00fanica)<\/strong><\/td>\n<td align=\"center\">S\/. 798.70<\/td>\n<\/tr>\n<tr class=\"alternar\">\n<td class=\"tab1\"><strong>Matr\u00edcula Anual (3, anuales)<\/strong><\/td>\n<td align=\"center\">S\/. 662.00<\/td>\n<\/tr>\n<tr class=\"alternar\">\n<td class=\"tab1\"><strong>Pensi\u00f3n de Ense\u00f1anza (36, mensuales)<\/strong><\/td>\n<td align=\"center\">S\/. 500.00<\/td>\n<\/tr>\n<tr class=\"alternar\">\n<td class=\"tab1\"><strong>Fichas de Inscripci\u00f3n<\/strong><\/td>\n<td align=\"center\">S\/. 11.40<\/td>\n<\/tr>\n<\/tbody>\n<\/table>\n<p><div class=\"omsc-divider omsc-border-large omsc-style-single\" style=\"\"><\/div><\/p>\n<table class=\"tabla\" border=\"1\">\n<tbody>\n<tr class=\"resaltado\" align=\"center\">\n<td colspan=\"2\"><strong>INFORMACI\u00d3N GENERAL<br \/>\nTRANSACCI\u00d3N (9135) &#8211; BANCO DE LA NACI\u00d3N<\/strong><\/td>\n<\/tr>\n<tr class=\"resaltado\" align=\"center\">\n<td><strong>CONCEPTO<\/strong><\/td>\n<td><strong>C\u00d3DIGO<\/strong><\/td>\n<\/tr>\n<tr class=\"alternar\">\n<td class=\"tab1\">Derecho de Admisi\u00f3n<\/td>\n<td align=\"center\">16<\/td>\n<\/tr>\n<tr class=\"alternar\">\n<td class=\"tab1\">Matr\u00edcula de Posgrado<\/td>\n<td align=\"center\">57<\/td>\n<\/tr>\n<tr class=\"alternar\">\n<td class=\"tab1\">Pensi\u00f3n de Ense\u00f1anza Posgrado<\/td>\n<td align=\"center\">97<\/td>\n<\/tr>\n<\/tbody>\n<\/table>\n<ul class=\"omsc-icons-ul fa-ul\">\n<li style=\"text-align: justify;\"><i class=\"fa-li fa fa-check\"><\/i><strong>Los pagos deben ser realizados mediante Ventanilla del Banco de la Naci\u00f3n o Pagalo.pe.<\/strong><\/li>\n<li style=\"text-align: justify;\"><i class=\"fa-li fa fa-check\"><\/i><strong>Realizar los pagos por concepto de Pensi\u00f3n de Ense\u00f1anza Posgrado en un solo voucher (m\u00e1s de una pensi\u00f3n).<\/strong><\/li>\n<li style=\"text-align: justify;\"><i class=\"fa-li fa fa-check\"><\/i><strong>El pago por concepto de Matr\u00edcula se debe realizar en un \u00fanico voucher.<\/strong><\/li>\n<li style=\"text-align: justify;\"><i class=\"fa-li fa fa-check\"><\/i><strong>Los pagos realizados deber\u00e1n ser reportados dentro del mismo mes.<\/strong><\/li>\n<\/ul>\n<p><\/div><br \/>\n<\/div><div class=\"omsc-clear\"><\/div><\/div>\n<a class=\"omsc-button omsc-no-custom-hover omsc-size-medium omsc-with-icon omsc-style-emboss omsc-text-bright\" href=\"https:\/\/drive.google.com\/open?id=1dm4vpJaigadxwq7MOSNrdgOzkA3x0_uM\" target=\"_blank\" style=\"background-color:#922446;border-color:#922446;color:#ffffff\"><i class=\"fa fa-arrow-circle-o-down\"><\/i>PLAN CURRICULAR<\/a>\n<p><strong>Coordinador del Doctorado (PRODOCIS):<\/strong><br \/>\n<strong>Dr. Carmen Lucila Infante Saavedra<\/strong><br \/>\n<strong>E-mail:<\/strong> cinfantes@unp.edu.pe<\/p>\n<p><strong>E-mail:<\/strong> prodocis@unp.edu.pe<\/p>\n<p><strong>Horario de atenci\u00f3n:<\/strong> Lun-Vie: 8:00am &#8211; 3:00pm<\/p>\n<p><a href=\"https:\/\/epg.unp.edu.pe\/eposgrado\/doctorados\/\">&larr; Doctorados<\/a><\/p>","protected":false},"excerpt":{"rendered":"<p>Presentaci\u00f3n La permanente innovaci\u00f3n de las tecnolog\u00eda y en especial, la aparici\u00f3n de tecnolog\u00edas emergentes relacionadas principalmente con la inteligencia artificial, ingenier\u00eda de datos y big data, crea la necesidad de contar con profesionales altamente capacitados en estas tecnolog\u00edas, entrenados en su investigaci\u00f3n y en la aplicaci\u00f3n de sus resultados a la soluci\u00f3n de problemas [&hellip;]<\/p>\n","protected":false},"author":1,"featured_media":1207,"parent":1285,"menu_order":0,"comment_status":"closed","ping_status":"closed","template":"","meta":{"footnotes":""},"categories":[],"tags":[],"class_list":["post-317","page","type-page","status-publish","has-post-thumbnail","hentry"],"_links":{"self":[{"href":"https:\/\/epg.unp.edu.pe\/eposgrado\/wp-json\/wp\/v2\/pages\/317","targetHints":{"allow":["GET"]}}],"collection":[{"href":"https:\/\/epg.unp.edu.pe\/eposgrado\/wp-json\/wp\/v2\/pages"}],"about":[{"href":"https:\/\/epg.unp.edu.pe\/eposgrado\/wp-json\/wp\/v2\/types\/page"}],"author":[{"embeddable":true,"href":"https:\/\/epg.unp.edu.pe\/eposgrado\/wp-json\/wp\/v2\/users\/1"}],"replies":[{"embeddable":true,"href":"https:\/\/epg.unp.edu.pe\/eposgrado\/wp-json\/wp\/v2\/comments?post=317"}],"version-history":[{"count":5,"href":"https:\/\/epg.unp.edu.pe\/eposgrado\/wp-json\/wp\/v2\/pages\/317\/revisions"}],"predecessor-version":[{"id":3992,"href":"https:\/\/epg.unp.edu.pe\/eposgrado\/wp-json\/wp\/v2\/pages\/317\/revisions\/3992"}],"up":[{"embeddable":true,"href":"https:\/\/epg.unp.edu.pe\/eposgrado\/wp-json\/wp\/v2\/pages\/1285"}],"wp:featuredmedia":[{"embeddable":true,"href":"https:\/\/epg.unp.edu.pe\/eposgrado\/wp-json\/wp\/v2\/media\/1207"}],"wp:attachment":[{"href":"https:\/\/epg.unp.edu.pe\/eposgrado\/wp-json\/wp\/v2\/media?parent=317"}],"wp:term":[{"taxonomy":"category","embeddable":true,"href":"https:\/\/epg.unp.edu.pe\/eposgrado\/wp-json\/wp\/v2\/categories?post=317"},{"taxonomy":"post_tag","embeddable":true,"href":"https:\/\/epg.unp.edu.pe\/eposgrado\/wp-json\/wp\/v2\/tags?post=317"}],"curies":[{"name":"wp","href":"https:\/\/api.w.org\/{rel}","templated":true}]}}