{"id":319,"date":"2018-11-13T08:12:50","date_gmt":"2018-11-13T08:12:50","guid":{"rendered":"https:\/\/epg.unp.edu.pe\/eposgrado\/?page_id=319"},"modified":"2025-11-17T17:53:08","modified_gmt":"2025-11-17T17:53:08","slug":"prodotics","status":"publish","type":"page","link":"https:\/\/epg.unp.edu.pe\/eposgrado\/doctorados\/prodotics\/","title":{"rendered":"Doctorado en Tecnolog\u00edas de la Informaci\u00f3n y Comunicaciones"},"content":{"rendered":"<h2 style=\"text-align: justify;\"><strong>Presentaci\u00f3n<\/strong><\/h2>\n<p style=\"text-align: justify;\">Para la competitividad de las empresas y el posicionamiento en el mercado, las Tecnolog\u00edas de Informaci\u00f3n y Comunicaciones (TICs), son base fundamental para aplicarlas, como soporte en las estrategias, procesos y operaciones de la organizaci\u00f3n. Para lograr esto con \u00e9xito, es importante estar capacitado con herramientas, que le permitan Gerenciar y Dirigir la funci\u00f3n de las TICs en las organizaciones.<\/p>\n<p style=\"text-align: justify;\">La Universidad Nacional de Piura (UNP), cuenta con las condiciones para responder a este programa; teniendo una clara inclinaci\u00f3n por la formaci\u00f3n posgradual, con convenios locales, nacionales e internacionales; condiciones que aseguran un excelente punto de partida para desarrollar y sostener un programa de esta naturaleza.<\/p>\n<p style=\"text-align: justify;\">Por esta raz\u00f3n, la EPG de la UNP presenta este Doctorado de las Tecnolog\u00edas de la Informaci\u00f3n y Comunicaciones, como una formaci\u00f3n dirigida a profesionales que desean liderar con \u00e9xito la implantaci\u00f3n de las TICs en su organizaci\u00f3n y que entiendan el entorno de la sociedad de la informaci\u00f3n en el que se mueven, cuyos resultados podr\u00e1n ser transferidos al medio en forma inmediata y a otras acciones en forma mediata.<\/p>\n<h3 style=\"text-align: justify;\"><strong>Objetivos<\/strong><\/h3>\n<ul class=\"omsc-icons-ul fa-ul\">\n<li style=\"text-align: justify; margin-left: 20px;\"><i class=\"fa-li fa fa-chevron-right\"><\/i>Formar nuevos doctores dentro de las \u00e1reas de conocimiento a las que est\u00e1n vinculados los diferentes investigadores, con alto nivel de desempe\u00f1o, capaces de participar activamente en organizaciones nacionales e internacionales que pueden valorar sus procesos en base a la correcta interpretaci\u00f3n de las caracter\u00edsticas de su entorno, de la construcci\u00f3n de propuestas para el uso e implantaci\u00f3n innovadora y eficaz de las nuevas tecnolog\u00edas, para dar soluci\u00f3n a problemas espec\u00edficos en el \u00e1mbito de las TICs, cient\u00edfico, econ\u00f3mico y social.<\/li>\n<li style=\"text-align: justify; margin-left: 20px;\"><i class=\"fa-li fa fa-chevron-right\"><\/i>Formar profesionales altamente capacitados para promover la utilizaci\u00f3n y el desarrollo de las metodolog\u00edas, t\u00e9cnicas que les permitan realizar investigaciones y\/o formular proyectos relacionando los aspectos vinculados a las TICs, en un marco de la interdisciplinariedad.<\/li>\n<li style=\"text-align: justify; margin-left: 20px;\"><i class=\"fa-li fa fa-chevron-right\"><\/i>Coadyuvar a la reafirmaci\u00f3n de profesionales competentes con capacidades, convicciones y sentimientos que conlleve a conocer las pol\u00edticas de la sociedad de la informaci\u00f3n y su interrelaci\u00f3n con la cultura en correspondencia con las exigencias del desarrollo sostenible del mundo en la actualidad.<\/li>\n<\/ul>\n<div class=\"omsc-tabs\"><ul class=\"omsc-tabs-control omsc-clearfix\"><li><a href=\"#tab-plan-de-estudios\"><span>Plan de Estudios<\/span><\/a><\/li><li><a href=\"#tab-horario-de-clases\"><span>Horario de clases<\/span><\/a><\/li><li><a href=\"#tab-inversion-economica\"><span>Inversi\u00f3n Econ\u00f3mica<\/span><\/a><\/li><\/ul><div class=\"omsc-tabs-tabs\"><\/p>\n<p><div class=\"omsc-tabs-tab omsc-tab-plan-de-estudios\"><\/p>\n<table class=\"tabla\" border=\"1\">\n<tbody>\n<tr class=\"encabezado\">\n<td class=\"tab1\"><strong>ASIGNATURA<\/strong><\/td>\n<td class=\"tab1\"><strong>CR\u00c9DITOS<\/strong><\/td>\n<\/tr>\n<tr class=\"resaltado\">\n<td class=\"tab1\" colspan=\"2\"><strong>I CICLO<\/strong><\/td>\n<\/tr>\n<tr class=\"alternar\">\n<td class=\"tab1\">CIENCIA Y PROBLEMAS DEL DESARROLLO NACIONAL<\/td>\n<td align=\"center\">04<\/td>\n<\/tr>\n<tr class=\"alternar\">\n<td class=\"tab1\">EPISTEMOLOG\u00cdA DE LA CIENCIA Y LA T\u00c9CNICA<\/td>\n<td align=\"center\">04<\/td>\n<\/tr>\n<tr class=\"alternar\">\n<td class=\"tab1\">TESIS I: PROYECTO DE INVESTIGACI\u00d3N<\/td>\n<td align=\"center\">06<\/td>\n<\/tr>\n<tr class=\"resaltado\">\n<td class=\"tab1\" colspan=\"2\"><strong>II CICLO<\/strong><\/td>\n<\/tr>\n<tr class=\"alternar\">\n<td class=\"tab1\">E- SOCIEDAD: DE LA SOCIEDAD EN RED A LA SOCIEDAD DEL CONOCIMIENTO<\/td>\n<td align=\"center\">04<\/td>\n<\/tr>\n<tr class=\"alternar\">\n<td class=\"tab1\">INTERNET. INTRANET. EXTRANET. CENTROS PROVEEDORES DE INFORMACI\u00d3N (CPIS)<\/td>\n<td align=\"center\">04<\/td>\n<\/tr>\n<tr class=\"alternar\">\n<td class=\"tab1\">TESIS II: EJECUCI\u00d3N: DESARROLLO DEL PROYECTO DE INVESTIGACI\u00d3N<\/td>\n<td align=\"center\">06<\/td>\n<\/tr>\n<tr class=\"resaltado\">\n<td class=\"tab1\" colspan=\"2\"><strong>III CICLO<\/strong><\/td>\n<\/tr>\n<tr class=\"alternar\">\n<td class=\"tab1\">REDES, Y COMUNICACI\u00d3N DE DATOS<\/td>\n<td align=\"center\">04<\/td>\n<\/tr>\n<tr class=\"alternar\">\n<td class=\"tab1\">GESTI\u00d3N DEL CONOCIMIENTO EN LAS ORGANIZACIONES<\/td>\n<td align=\"center\">04<\/td>\n<\/tr>\n<tr class=\"alternar\">\n<td class=\"tab1\">TESIS III: EJECUCI\u00d3N: DESARROLLO DEL PROYECTO DE INVESTIGACI\u00d3N<\/td>\n<td align=\"center\">06<\/td>\n<\/tr>\n<tr class=\"resaltado\">\n<td class=\"tab1\" colspan=\"2\"><strong>IV CICLO<\/strong><\/td>\n<\/tr>\n<tr class=\"alternar\">\n<td class=\"tab1\">E- BUSINESS<\/td>\n<td align=\"center\">04<\/td>\n<\/tr>\n<tr class=\"alternar\">\n<td class=\"tab1\">NUEVOS ENFOQUES Y PARADIGMAS: TECNOLOG\u00cdAS DE LA INFORMACI\u00d3N Y COMUNICACIONES<\/td>\n<td align=\"center\">04<\/td>\n<\/tr>\n<tr class=\"alternar\">\n<td class=\"tab1\">TESIS IV: EJECUCI\u00d3N: DESARROLLO DEL PROYECTO DE INVESTIGACI\u00d3N<\/td>\n<td align=\"center\">06<\/td>\n<\/tr>\n<tr class=\"resaltado\">\n<td class=\"tab1\" colspan=\"2\"><strong>V CICLO<\/strong><\/td>\n<\/tr>\n<tr class=\"alternar\">\n<td class=\"tab1\">TESIS V: AN\u00c1LISIS Y DISCUSI\u00d3N<\/td>\n<td align=\"center\">12<\/td>\n<\/tr>\n<tr class=\"resaltado\">\n<td class=\"tab1\" colspan=\"2\"><strong>VI CICLO<\/strong><\/td>\n<\/tr>\n<tr class=\"alternar\">\n<td class=\"tab1\">TESIS VI: ELABORACI\u00d3N DEL INFORME FINAL DEL TRABAJO DE INVESTIGACI\u00d3N<\/td>\n<td align=\"center\">12<\/td>\n<\/tr>\n<tr class=\"encabezado\">\n<td style=\"text-align: center;\"><strong>TOTAL DE CR\u00c9DITOS<\/strong><\/td>\n<td align=\"center\"><strong>80<\/strong><\/td>\n<\/tr>\n<\/tbody>\n<\/table>\n<p><\/div><\/p>\n<p><div class=\"omsc-tabs-tab omsc-tab-horario-de-clases\"><\/p>\n<table class=\"tablahorario\">\n<tbody>\n<tr>\n<td><strong>S\u00e1bados:<\/strong><\/td>\n<td>3:30 p.m. &#8211; 8:30 p.m.<\/td>\n<\/tr>\n<tr>\n<td><strong>Domingos:<\/strong><\/td>\n<td>8:00 a.m. &#8211; 1:00 p.m.<\/td>\n<\/tr>\n<\/tbody>\n<\/table>\n<p><\/div><\/p>\n<p><div class=\"omsc-tabs-tab omsc-tab-inversion-economica\"><\/p>\n<table class=\"tabla\" border=\"1\">\n<tbody>\n<tr class=\"resaltado\" align=\"center\">\n<td><strong>CONCEPTO<\/strong><\/td>\n<td><strong>MONTO<\/strong><\/td>\n<\/tr>\n<tr class=\"alternar\">\n<td class=\"tab1\"><strong>Admisi\u00f3n (\u00fanica)<\/strong><\/td>\n<td align=\"center\">S\/. 798.70<\/td>\n<\/tr>\n<tr class=\"alternar\">\n<td class=\"tab1\"><strong>Matr\u00edcula Anual (3, anuales)<\/strong><\/td>\n<td align=\"center\">S\/. 662<\/td>\n<\/tr>\n<tr class=\"alternar\">\n<td class=\"tab1\"><strong>Pensi\u00f3n de Ense\u00f1anza (36, mensuales)<\/strong><\/td>\n<td align=\"center\">S\/. 500.00<\/td>\n<\/tr>\n<tr class=\"alternar\">\n<td class=\"tab1\"><strong>Fichas de Inscripci\u00f3n<\/strong><\/td>\n<td align=\"center\">S\/. 11.40<\/td>\n<\/tr>\n<\/tbody>\n<\/table>\n<p><div class=\"omsc-divider omsc-border-large omsc-style-single\" style=\"\"><\/div><\/p>\n<table class=\"tabla\" border=\"1\">\n<tbody>\n<tr class=\"resaltado\" align=\"center\">\n<td colspan=\"2\"><strong>INFORMACI\u00d3N GENERAL<br \/>\nTRANSACCI\u00d3N (9135) &#8211; BANCO DE LA NACI\u00d3N<\/strong><\/td>\n<\/tr>\n<tr class=\"resaltado\" align=\"center\">\n<td><strong>CONCEPTO<\/strong><\/td>\n<td><strong>C\u00d3DIGO<\/strong><\/td>\n<\/tr>\n<tr class=\"alternar\">\n<td class=\"tab1\">Derecho de Admisi\u00f3n<\/td>\n<td align=\"center\">16<\/td>\n<\/tr>\n<tr class=\"alternar\">\n<td class=\"tab1\">Matr\u00edcula de Posgrado<\/td>\n<td align=\"center\">57<\/td>\n<\/tr>\n<tr class=\"alternar\">\n<td class=\"tab1\">Pensi\u00f3n de Ense\u00f1anza Posgrado<\/td>\n<td align=\"center\">100<\/td>\n<\/tr>\n<\/tbody>\n<\/table>\n<ul class=\"omsc-icons-ul fa-ul\">\n<li style=\"text-align: justify;\"><i class=\"fa-li fa fa-check\"><\/i><strong>Los pagos deben ser realizados mediante Ventanilla del Banco de la Naci\u00f3n o Pagalo.pe.<\/strong><\/li>\n<li style=\"text-align: justify;\"><i class=\"fa-li fa fa-check\"><\/i><strong>Realizar los pagos por concepto de Pensi\u00f3n de Ense\u00f1anza Posgrado en un solo voucher (m\u00e1s de una pensi\u00f3n).<\/strong><\/li>\n<li style=\"text-align: justify;\"><i class=\"fa-li fa fa-check\"><\/i><strong>El pago por concepto de Matr\u00edcula se debe realizar en un \u00fanico voucher.<\/strong><\/li>\n<li style=\"text-align: justify;\"><i class=\"fa-li fa fa-check\"><\/i><strong>Los pagos realizados deber\u00e1n ser reportados dentro del mismo mes.<\/strong><\/li>\n<\/ul>\n<p><\/div><br \/>\n<\/div><div class=\"omsc-clear\"><\/div><\/div>\n<a class=\"omsc-button omsc-no-custom-hover omsc-size-medium omsc-with-icon omsc-style-emboss omsc-text-bright\" href=\"https:\/\/drive.google.com\/open?id=1ZkLYo5yUM7W1pAmw-_spJx81psimD9_i\" target=\"_blank\" style=\"background-color:#922446;border-color:#922446;color:#ffffff\"><i class=\"fa fa-arrow-circle-o-down\"><\/i>PLAN CURRICULAR<\/a>\n<p><strong>Coordinador del Doctorado (PRODOTICS):<\/strong><br \/>\n<strong>Dr. Reusher Correo Morocho<\/strong><br \/>\n<strong>E-mail:<\/strong> rcorream@unp.edu.pe<\/p>\n<p><strong>Personal Administrativo &#8211; Informes<\/strong><br \/>\n<strong>Sr. Revolledo Alama Manuel A.<\/strong><br \/>\n<strong>Sr. Purizaca Chero Ivonne<\/strong><\/p>\n<p><strong>E-mail:<\/strong> prodotics@unp.edu.pe<\/p>\n<p><strong>Horario de atenci\u00f3n:<\/strong> Lun-Vie: 8:00am &#8211; 3:00pm<\/p>\n<p><a href=\"https:\/\/epg.unp.edu.pe\/eposgrado\/doctorados\/\">&larr; Doctorados<\/a><\/p>","protected":false},"excerpt":{"rendered":"<p>Presentaci\u00f3n Para la competitividad de las empresas y el posicionamiento en el mercado, las Tecnolog\u00edas de Informaci\u00f3n y Comunicaciones (TICs), son base fundamental para aplicarlas, como soporte en las estrategias, procesos y operaciones de la organizaci\u00f3n. Para lograr esto con \u00e9xito, es importante estar capacitado con herramientas, que le permitan Gerenciar y Dirigir la funci\u00f3n [&hellip;]<\/p>\n","protected":false},"author":1,"featured_media":1209,"parent":1285,"menu_order":0,"comment_status":"closed","ping_status":"closed","template":"","meta":{"footnotes":""},"categories":[],"tags":[],"class_list":["post-319","page","type-page","status-publish","has-post-thumbnail","hentry"],"_links":{"self":[{"href":"https:\/\/epg.unp.edu.pe\/eposgrado\/wp-json\/wp\/v2\/pages\/319","targetHints":{"allow":["GET"]}}],"collection":[{"href":"https:\/\/epg.unp.edu.pe\/eposgrado\/wp-json\/wp\/v2\/pages"}],"about":[{"href":"https:\/\/epg.unp.edu.pe\/eposgrado\/wp-json\/wp\/v2\/types\/page"}],"author":[{"embeddable":true,"href":"https:\/\/epg.unp.edu.pe\/eposgrado\/wp-json\/wp\/v2\/users\/1"}],"replies":[{"embeddable":true,"href":"https:\/\/epg.unp.edu.pe\/eposgrado\/wp-json\/wp\/v2\/comments?post=319"}],"version-history":[{"count":5,"href":"https:\/\/epg.unp.edu.pe\/eposgrado\/wp-json\/wp\/v2\/pages\/319\/revisions"}],"predecessor-version":[{"id":4031,"href":"https:\/\/epg.unp.edu.pe\/eposgrado\/wp-json\/wp\/v2\/pages\/319\/revisions\/4031"}],"up":[{"embeddable":true,"href":"https:\/\/epg.unp.edu.pe\/eposgrado\/wp-json\/wp\/v2\/pages\/1285"}],"wp:featuredmedia":[{"embeddable":true,"href":"https:\/\/epg.unp.edu.pe\/eposgrado\/wp-json\/wp\/v2\/media\/1209"}],"wp:attachment":[{"href":"https:\/\/epg.unp.edu.pe\/eposgrado\/wp-json\/wp\/v2\/media?parent=319"}],"wp:term":[{"taxonomy":"category","embeddable":true,"href":"https:\/\/epg.unp.edu.pe\/eposgrado\/wp-json\/wp\/v2\/categories?post=319"},{"taxonomy":"post_tag","embeddable":true,"href":"https:\/\/epg.unp.edu.pe\/eposgrado\/wp-json\/wp\/v2\/tags?post=319"}],"curies":[{"name":"wp","href":"https:\/\/api.w.org\/{rel}","templated":true}]}}