{"id":332,"date":"2018-11-13T18:27:41","date_gmt":"2018-11-13T18:27:41","guid":{"rendered":"https:\/\/epg.unp.edu.pe\/eposgrado\/?page_id=332"},"modified":"2019-04-01T05:01:03","modified_gmt":"2019-04-01T05:01:03","slug":"promad","status":"publish","type":"page","link":"https:\/\/epg.unp.edu.pe\/eposgrado\/maestrias\/promad\/","title":{"rendered":"Maestr\u00eda en Administraci\u00f3n"},"content":{"rendered":"<div class=\"pt-cv-wrapper\"><div class=\"pt-cv-view pt-cv-grid pt-cv-colsys pt-cv-post-border\" id=\"pt-cv-view-6b94e48ilq\"><div data-id=\"pt-cv-page-1\" class=\"pt-cv-page\" data-cvc=\"2\"><div class=\"col-md-6 col-sm-6 col-xs-12 pt-cv-content-item pt-cv-1-col\"  data-pid=\"871\"><div class='pt-cv-ifield'><a href=\"https:\/\/epg.unp.edu.pe\/eposgrado\/maestrias\/promad\/gerencia-empresarial\/\" class=\"_self pt-cv-href-thumbnail pt-cv-thumb-default cvplbd\" target=\"_self\" ><img loading=\"lazy\" decoding=\"async\" width=\"790\" height=\"272\" src=\"https:\/\/epg.unp.edu.pe\/eposgrado\/wp-content\/uploads\/2019\/03\/banner_empresarial.png\" class=\"pt-cv-thumbnail img-none\" alt=\"Gerencia Empresarial\" srcset=\"https:\/\/epg.unp.edu.pe\/eposgrado\/wp-content\/uploads\/2019\/03\/banner_empresarial.png 790w, https:\/\/epg.unp.edu.pe\/eposgrado\/wp-content\/uploads\/2019\/03\/banner_empresarial-300x103.png 300w, https:\/\/epg.unp.edu.pe\/eposgrado\/wp-content\/uploads\/2019\/03\/banner_empresarial-768x264.png 768w, https:\/\/epg.unp.edu.pe\/eposgrado\/wp-content\/uploads\/2019\/03\/banner_empresarial-285x98.png 285w\" sizes=\"auto, (max-width: 790px) 100vw, 790px\" \/><\/a>\n<h4 class=\"pt-cv-title\"><a href=\"https:\/\/epg.unp.edu.pe\/eposgrado\/maestrias\/promad\/gerencia-empresarial\/\" class=\"_self cvplbd\" target=\"_self\" > Maestr\u00eda en Administraci\u00f3n con menci\u00f3n en Gerencia Empresarial<\/a><\/h4>\n<div class=\"pt-cv-content\"><div class=\"pt-cv-rmwrap\"><a href=\"https:\/\/epg.unp.edu.pe\/eposgrado\/maestrias\/promad\/gerencia-empresarial\/\" class=\"_self pt-cv-readmore btn btn-success cvplbd\" target=\"_self\">M\u00c1S INFORMACI\u00d3N<\/a><\/div><\/div><\/div><\/div>\n<div class=\"col-md-6 col-sm-6 col-xs-12 pt-cv-content-item pt-cv-1-col\"  data-pid=\"967\"><div class='pt-cv-ifield'><a href=\"https:\/\/epg.unp.edu.pe\/eposgrado\/maestrias\/promad\/gerencia-gubernamental\/\" class=\"_self pt-cv-href-thumbnail pt-cv-thumb-default cvplbd\" target=\"_self\" ><img loading=\"lazy\" decoding=\"async\" width=\"791\" height=\"272\" src=\"https:\/\/epg.unp.edu.pe\/eposgrado\/wp-content\/uploads\/2019\/03\/banner_gubernamental.png\" class=\"pt-cv-thumbnail img-none\" alt=\"Gerencia Gubernamental\" srcset=\"https:\/\/epg.unp.edu.pe\/eposgrado\/wp-content\/uploads\/2019\/03\/banner_gubernamental.png 791w, https:\/\/epg.unp.edu.pe\/eposgrado\/wp-content\/uploads\/2019\/03\/banner_gubernamental-300x103.png 300w, https:\/\/epg.unp.edu.pe\/eposgrado\/wp-content\/uploads\/2019\/03\/banner_gubernamental-768x264.png 768w, https:\/\/epg.unp.edu.pe\/eposgrado\/wp-content\/uploads\/2019\/03\/banner_gubernamental-285x98.png 285w\" sizes=\"auto, (max-width: 791px) 100vw, 791px\" \/><\/a>\n<h4 class=\"pt-cv-title\"><a href=\"https:\/\/epg.unp.edu.pe\/eposgrado\/maestrias\/promad\/gerencia-gubernamental\/\" class=\"_self cvplbd\" target=\"_self\" > Maestr\u00eda en Administraci\u00f3n con menci\u00f3n en Gerencia Gubernamental<\/a><\/h4>\n<div class=\"pt-cv-content\"><div class=\"pt-cv-rmwrap\"><a href=\"https:\/\/epg.unp.edu.pe\/eposgrado\/maestrias\/promad\/gerencia-gubernamental\/\" class=\"_self pt-cv-readmore btn btn-success cvplbd\" target=\"_self\">M\u00c1S INFORMACI\u00d3N<\/a><\/div><\/div><\/div><\/div>\n<div class=\"col-md-6 col-sm-6 col-xs-12 pt-cv-content-item pt-cv-1-col\"  data-pid=\"1009\"><div class='pt-cv-ifield'><a href=\"https:\/\/epg.unp.edu.pe\/eposgrado\/maestrias\/promad\/negocios-internacionales-y-logistica-de-exportacion\/\" class=\"_self pt-cv-href-thumbnail pt-cv-thumb-default cvplbd\" target=\"_self\" ><img loading=\"lazy\" decoding=\"async\" width=\"791\" height=\"272\" src=\"https:\/\/epg.unp.edu.pe\/eposgrado\/wp-content\/uploads\/2019\/03\/banner_negocios_internacionales.png\" class=\"pt-cv-thumbnail img-none\" alt=\"Negocios Internacionales y Log\u00edstica de Exportaci\u00f3n\" srcset=\"https:\/\/epg.unp.edu.pe\/eposgrado\/wp-content\/uploads\/2019\/03\/banner_negocios_internacionales.png 791w, https:\/\/epg.unp.edu.pe\/eposgrado\/wp-content\/uploads\/2019\/03\/banner_negocios_internacionales-300x103.png 300w, https:\/\/epg.unp.edu.pe\/eposgrado\/wp-content\/uploads\/2019\/03\/banner_negocios_internacionales-768x264.png 768w, https:\/\/epg.unp.edu.pe\/eposgrado\/wp-content\/uploads\/2019\/03\/banner_negocios_internacionales-285x98.png 285w\" sizes=\"auto, (max-width: 791px) 100vw, 791px\" \/><\/a>\n<h4 class=\"pt-cv-title\"><a href=\"https:\/\/epg.unp.edu.pe\/eposgrado\/maestrias\/promad\/negocios-internacionales-y-logistica-de-exportacion\/\" class=\"_self cvplbd\" target=\"_self\" > Maestr\u00eda en Administraci\u00f3n con menci\u00f3n en Negocios Internacionales y Log\u00edstica de Exportaci\u00f3n<\/a><\/h4>\n<div class=\"pt-cv-content\"><div class=\"pt-cv-rmwrap\"><a href=\"https:\/\/epg.unp.edu.pe\/eposgrado\/maestrias\/promad\/negocios-internacionales-y-logistica-de-exportacion\/\" class=\"_self pt-cv-readmore btn btn-success cvplbd\" target=\"_self\">M\u00c1S INFORMACI\u00d3N<\/a><\/div><\/div><\/div><\/div><\/div><\/div><\/div>\t\t\t<style type=\"text\/css\" id=\"pt-cv-inline-style-3a2d80bteg\">#pt-cv-view-6b94e48ilq.pt-cv-post-border { margin: 0; border-top-width: 1px; border-left-width: 1px }\n#pt-cv-view-6b94e48ilq.pt-cv-post-border { margin: 0; border-top-style: solid; border-left-style: solid }\n#pt-cv-view-6b94e48ilq.pt-cv-post-border { margin: 0; border-top-color: #ececec; border-left-color: #ececec }\n#pt-cv-view-6b94e48ilq.pt-cv-post-border .pt-cv-content-item   { border-right-width: 1px; border-bottom-width: 1px; border-right-style: solid; border-bottom-style: solid; border-right-color: #ececec; border-bottom-color: #ececec; }\n#pt-cv-view-6b94e48ilq .pt-cv-title a, #pt-cv-view-6b94e48ilq  .panel-title { font-weight: 600 !important; }\n#pt-cv-view-6b94e48ilq .pt-cv-readmore  { color: #ffffff !important; background-color: #922446 !important; }\n#pt-cv-view-6b94e48ilq .pt-cv-readmore:hover  { color: #ffffff !important; background-color: #922446 !important; }\n#pt-cv-view-6b94e48ilq  + .pt-cv-pagination-wrapper .pt-cv-more , #pt-cv-view-6b94e48ilq  + .pt-cv-pagination-wrapper .pagination .active a, .pt-cv-pagination[data-sid='6b94e48ilq'] .active a { color: #ffffff !important; background-color: #00aeef !important; }<\/style>\r\n\t\t\t\n<p><a href=\"https:\/\/epg.unp.edu.pe\/eposgrado\/maestrias\/\">&larr; Maestr\u00edas<\/a><\/p>","protected":false},"excerpt":{"rendered":"","protected":false},"author":1,"featured_media":0,"parent":1281,"menu_order":0,"comment_status":"closed","ping_status":"closed","template":"","meta":{"footnotes":""},"categories":[],"tags":[],"class_list":["post-332","page","type-page","status-publish","hentry"],"_links":{"self":[{"href":"https:\/\/epg.unp.edu.pe\/eposgrado\/wp-json\/wp\/v2\/pages\/332","targetHints":{"allow":["GET"]}}],"collection":[{"href":"https:\/\/epg.unp.edu.pe\/eposgrado\/wp-json\/wp\/v2\/pages"}],"about":[{"href":"https:\/\/epg.unp.edu.pe\/eposgrado\/wp-json\/wp\/v2\/types\/page"}],"author":[{"embeddable":true,"href":"https:\/\/epg.unp.edu.pe\/eposgrado\/wp-json\/wp\/v2\/users\/1"}],"replies":[{"embeddable":true,"href":"https:\/\/epg.unp.edu.pe\/eposgrado\/wp-json\/wp\/v2\/comments?post=332"}],"version-history":[{"count":4,"href":"https:\/\/epg.unp.edu.pe\/eposgrado\/wp-json\/wp\/v2\/pages\/332\/revisions"}],"predecessor-version":[{"id":1015,"href":"https:\/\/epg.unp.edu.pe\/eposgrado\/wp-json\/wp\/v2\/pages\/332\/revisions\/1015"}],"up":[{"embeddable":true,"href":"https:\/\/epg.unp.edu.pe\/eposgrado\/wp-json\/wp\/v2\/pages\/1281"}],"wp:attachment":[{"href":"https:\/\/epg.unp.edu.pe\/eposgrado\/wp-json\/wp\/v2\/media?parent=332"}],"wp:term":[{"taxonomy":"category","embeddable":true,"href":"https:\/\/epg.unp.edu.pe\/eposgrado\/wp-json\/wp\/v2\/categories?post=332"},{"taxonomy":"post_tag","embeddable":true,"href":"https:\/\/epg.unp.edu.pe\/eposgrado\/wp-json\/wp\/v2\/tags?post=332"}],"curies":[{"name":"wp","href":"https:\/\/api.w.org\/{rel}","templated":true}]}}