{"id":3383,"date":"2024-10-28T19:14:46","date_gmt":"2024-10-28T19:14:46","guid":{"rendered":"https:\/\/epg.unp.edu.pe\/eposgrado\/?page_id=3383"},"modified":"2026-02-10T14:53:11","modified_gmt":"2026-02-10T14:53:11","slug":"requisitos-examen-de-admision-epg-unp","status":"publish","type":"page","link":"https:\/\/epg.unp.edu.pe\/eposgrado\/requisitos-examen-de-admision-epg-unp\/","title":{"rendered":"Requisitos Examen de Admisi\u00f3n"},"content":{"rendered":"<p><a href=\"https:\/\/epg.unp.edu.pe\/eposgrado\/wp-content\/uploads\/2025\/11\/freepik__talk__83154.jpeg\"><img loading=\"lazy\" decoding=\"async\" class=\"alignleft size-large wp-image-3999\" src=\"https:\/\/epg.unp.edu.pe\/eposgrado\/wp-content\/uploads\/2025\/11\/freepik__talk__83154-1024x683.jpeg\" alt=\"\" width=\"640\" height=\"427\" srcset=\"https:\/\/epg.unp.edu.pe\/eposgrado\/wp-content\/uploads\/2025\/11\/freepik__talk__83154-1024x683.jpeg 1024w, https:\/\/epg.unp.edu.pe\/eposgrado\/wp-content\/uploads\/2025\/11\/freepik__talk__83154-300x200.jpeg 300w, https:\/\/epg.unp.edu.pe\/eposgrado\/wp-content\/uploads\/2025\/11\/freepik__talk__83154-768x512.jpeg 768w, https:\/\/epg.unp.edu.pe\/eposgrado\/wp-content\/uploads\/2025\/11\/freepik__talk__83154-578x385.jpeg 578w, https:\/\/epg.unp.edu.pe\/eposgrado\/wp-content\/uploads\/2025\/11\/freepik__talk__83154-285x190.jpeg 285w, https:\/\/epg.unp.edu.pe\/eposgrado\/wp-content\/uploads\/2025\/11\/freepik__talk__83154.jpeg 1248w\" sizes=\"auto, (max-width: 640px) 100vw, 640px\" \/><\/a><\/p>\n<p>&nbsp;<\/p>\n<p>&nbsp;<\/p>\n<p>&nbsp;<\/p>\n<p>&nbsp;<\/p>\n<p>&nbsp;<\/p>\n<p>&nbsp;<\/p>\n<p>&nbsp;<\/p>\n<p>&nbsp;<\/p>\n<p>&nbsp;<\/p>\n<p>&nbsp;<\/p>\n<p>&nbsp;<\/p>\n<p>&nbsp;<\/p>\n<p><strong><strong><table class=\"omsc-custom-table omsc-style-1\"><tr><td><strong>INICIO DE INSCRIPCI\u00d3N: <\/strong><\/td><td> 3 DE NOVIEMBRE\u00a0 <\/td><\/tr><tr><td><strong>FIN DE INSCRIPCI\u00d3N: <\/strong><\/td><td> 5 DE MARZO <\/td><\/tr><tr><td><strong>D\u00cdA DEL EXAMEN: <\/strong><\/td><td> 8 DE MARZO <\/td><\/tr><tr><td><strong>HORA DEL EXAMEN: <\/strong><\/td><td> 9:00 AM <\/td><\/tr><tr><td><strong>INICIO DE CLASES: <\/strong><\/td><td> 11 DE ABRIL <\/td><\/tr><tr><td><strong> MODALIDAD DE EXAMEN:\u00a0<\/strong> <\/td><td> A DISTANCIA <\/td><\/tr><\/table><\/strong><\/h3>\n<h3><strong><br \/>\nRequisitos para postular a una Maestr\u00eda<\/strong><\/h3>\n<p><strong>Art. 20\u00b0 El postulante se inscribir\u00e1 en la p\u00e1gina web para postulantes de posgrado de la Direcci\u00f3n de Admisi\u00f3n, adjuntando los siguientes requisitos: <\/strong><\/p>\n<p>a) Curr\u00edculo vitae no documentado <a class=\"omsc-button omsc-custom-hover omsc-size-small omsc-style-flat omsc-text-bright\" href=\"https:\/\/epg.unp.edu.pe\/eposgrado\/wp-content\/uploads\/2025\/08\/FORMATO-CV-1.docx\" target=\"_blank\" style=\"background-color:#2d7fc7;border-color:#2d7fc7;color:#ffffff\" data-hover-bg-color=\"#963258\" data-hover-text-color=\"#ffffff\" data-hover-border-color=\"#963258\">Descargar<\/a><\/p>\n<p>b) Postulantes extranjeros, copia de grado acad\u00e9mico de bachiller apostillado<\/p>\n<p>c) Postulantes nacionales, copia de grado acad\u00e9mico de bachiller autenticado y\/o registrado en SUNEDU<\/p>\n<p>d) Copia simple del documento nacional de identidad<\/p>\n<p>e) Comprobante de pago por derecho de admisi\u00f3n: <strong>Banco de la Naci\u00f3n: C\u00f3digo 15 \u2013 Monto S\/510.60<\/strong><\/p>\n<h3><strong>Requisitos para postular a un Doctorado<br \/>\n<\/strong><\/h3>\n<h3><strong><\/strong><\/h3>\n<p>Art.21\u00b0 Son Requisitos de Admisi\u00f3n:<\/p>\n<p>a) Curr\u00edculo vitae no documentado; <a class=\"omsc-button omsc-custom-hover omsc-size-small omsc-style-flat omsc-text-bright\" href=\"https:\/\/epg.unp.edu.pe\/eposgrado\/wp-content\/uploads\/2025\/08\/FORMATO-CV-1.docx\" target=\"_blank\" style=\"background-color:#2d7fc7;border-color:#2d7fc7;color:#ffffff\" data-hover-bg-color=\"#963258\" data-hover-text-color=\"#ffffff\" data-hover-border-color=\"#963258\">Descargar<\/a><\/p>\n<p>b) Para postulantes extranjeros, poseer grado acad\u00e9mico de maestro apostillado.<\/p>\n<p>c) Para postulantes nacionales. Grado de maestro o constancia de egresado de maestr\u00eda<\/p>\n<p>d) Copia simple del documento nacional de identidad<\/p>\n<p>e) Comprobante de pago por derecho de admisi\u00f3n: <strong>Banco de la Naci\u00f3n: C\u00f3digo 16 \u2013 Monto S\/798.70<\/strong><\/p>\n<h3><strong><\/strong><\/h3>\n<p style=\"font-weight: bold; font-size: 18px; color: #333;\">\u00a0<span class=\"fontstyle0\">Pago por derecho de Inscripci\u00f3n en Banco de la Naci\u00f3n o <a href=\"http:\/\/pagalo.pe\" target=\"_blank\" rel=\"noopener\">P\u00e1galo.Pe<\/a><\/span>:<\/p>\n<table style=\"width: 100%; border-collapse: collapse; font-size: 16px; margin-top: 10px;\">\n<tbody>\n<tr style=\"background-color: #f2f2f2;\">\n<td style=\"padding: 10px; border: 1px solid #ddd;\">Derecho de Admisi\u00f3n Doctorado:<\/td>\n<td style=\"padding: 10px; border: 1px solid #ddd;\">Pago en el Banco de la Naci\u00f3n &#8211; Transacci\u00f3n 9135 &#8211; C\u00f3digo 16 &#8211; Monto S\/ 798.70<\/td>\n<\/tr>\n<tr>\n<td style=\"padding: 10px; border: 1px solid #ddd;\">Derecho de Admisi\u00f3n Maestr\u00eda:<\/td>\n<td style=\"padding: 10px; border: 1px solid #ddd;\">Pago en el Banco de la Naci\u00f3n &#8211; Transacci\u00f3n 9135 &#8211; C\u00f3digo 15 &#8211; Monto S\/ 510.60<\/td>\n<\/tr>\n<\/tbody>\n<\/table>\n<p>&nbsp;<\/p>\n<p style=\"text-align: center;\"><a style=\"padding: 15px 25px; background-color: #8f173f; color: white; text-decoration: none; border-radius: 5px;\" href=\"https:\/\/admisionposgrado.unp.edu.pe\/\">INSCR\u00cdBETE AQU\u00cd PARA\u00a0 EL EXAMEN DE ADMISI\u00d3N 2026-1<\/a><\/p>\n<p>&nbsp;<\/p>\n<p>La Oficina de Admisi\u00f3n de la Universidad Nacional de Piura est\u00e1 ubicada en el Campus Universitario en Urb. Miraflores S\/N, Castilla, 20002. Horario de atenci\u00f3n: Lunes a Viernes de 8:00 a 4:00 pm y S\u00e1bados de 9:00 am a 12:00 m.<\/p>\n<div class=\"omsc-responsive-box omsc-responsive-box-map\"><iframe loading=\"lazy\" style=\"border: 0;\" src=\"https:\/\/www.google.com\/maps\/embed?pb=!1m18!1m12!1m3!1d15893.902442384879!2d-80.63163503973863!3d-5.187659446739121!2m3!1f0!2f0!3f0!3m2!1i1024!2i768!4f13.1!3m3!1m2!1s0x904a10133154475f%3A0x9997dea228fa21ad!2sUniversidad%20Nacional%20de%20Piura!5e0!3m2!1ses-419!2spe!4v1731346931735!5m2!1ses-419!2spe\" width=\"400\" height=\"300\" allowfullscreen=\"allowfullscreen\"><\/iframe><\/div>\n","protected":false},"excerpt":{"rendered":"<p>&nbsp; &nbsp; &nbsp; &nbsp; &nbsp; &nbsp; &nbsp; &nbsp; &nbsp; &nbsp; &nbsp; &nbsp; Requisitos para postular a una Maestr\u00eda Art. 20\u00b0 El postulante se inscribir\u00e1 en la p\u00e1gina web para postulantes de posgrado de la Direcci\u00f3n de Admisi\u00f3n, adjuntando los siguientes requisitos: a) Curr\u00edculo vitae no documentado b) Postulantes extranjeros, copia de grado acad\u00e9mico de bachiller [&hellip;]<\/p>\n","protected":false},"author":1,"featured_media":0,"parent":0,"menu_order":0,"comment_status":"closed","ping_status":"closed","template":"","meta":{"footnotes":""},"categories":[],"tags":[],"class_list":["post-3383","page","type-page","status-publish","hentry"],"_links":{"self":[{"href":"https:\/\/epg.unp.edu.pe\/eposgrado\/wp-json\/wp\/v2\/pages\/3383","targetHints":{"allow":["GET"]}}],"collection":[{"href":"https:\/\/epg.unp.edu.pe\/eposgrado\/wp-json\/wp\/v2\/pages"}],"about":[{"href":"https:\/\/epg.unp.edu.pe\/eposgrado\/wp-json\/wp\/v2\/types\/page"}],"author":[{"embeddable":true,"href":"https:\/\/epg.unp.edu.pe\/eposgrado\/wp-json\/wp\/v2\/users\/1"}],"replies":[{"embeddable":true,"href":"https:\/\/epg.unp.edu.pe\/eposgrado\/wp-json\/wp\/v2\/comments?post=3383"}],"version-history":[{"count":5,"href":"https:\/\/epg.unp.edu.pe\/eposgrado\/wp-json\/wp\/v2\/pages\/3383\/revisions"}],"predecessor-version":[{"id":4041,"href":"https:\/\/epg.unp.edu.pe\/eposgrado\/wp-json\/wp\/v2\/pages\/3383\/revisions\/4041"}],"wp:attachment":[{"href":"https:\/\/epg.unp.edu.pe\/eposgrado\/wp-json\/wp\/v2\/media?parent=3383"}],"wp:term":[{"taxonomy":"category","embeddable":true,"href":"https:\/\/epg.unp.edu.pe\/eposgrado\/wp-json\/wp\/v2\/categories?post=3383"},{"taxonomy":"post_tag","embeddable":true,"href":"https:\/\/epg.unp.edu.pe\/eposgrado\/wp-json\/wp\/v2\/tags?post=3383"}],"curies":[{"name":"wp","href":"https:\/\/api.w.org\/{rel}","templated":true}]}}