{"id":340,"date":"2018-11-13T19:22:16","date_gmt":"2018-11-13T19:22:16","guid":{"rendered":"https:\/\/epg.unp.edu.pe\/eposgrado\/?page_id=340"},"modified":"2025-08-08T19:53:44","modified_gmt":"2025-08-08T19:53:44","slug":"promacimar","status":"publish","type":"page","link":"https:\/\/epg.unp.edu.pe\/eposgrado\/maestrias\/promacimar\/","title":{"rendered":"Maestr\u00eda en Ciencias del Mar"},"content":{"rendered":"<h2 style=\"text-align: justify;\"><strong>Presentaci\u00f3n<\/strong><\/h2>\n<p style=\"text-align: justify;\">El programa de Maestr\u00eda en Ciencias: Menci\u00f3n Ciencias del Mar est\u00e1 orientadoa proporcionar al posgraduando los elementos de juicio necesarios para abordar de manera transectorial la problem\u00e1tica relacionada con la gesti\u00f3n del medio marino y se respete el ambiente marino en condiciones sostenibles, sin hipotecar a las futuras generaciones.<\/p>\n<p style=\"text-align: justify;\">El Plan de Estudios de la Maestr\u00eda en Ciencias del Mar, est\u00e1 estructurado para abordar el conocimiento de la Oceanograf\u00eda, Geolog\u00eda Marina, as\u00ed como de la Biolog\u00eda Marina y las interacciones entre las poblaciones marinas y su ambiente; igualmente analiza las razones de la distribuci\u00f3n y abundancia de los organismos y la interacci\u00f3n que se establece con el ambiente f\u00edsico y el impacto que generan los problemas derivados de su gesti\u00f3n y manejo. Este conocimiento constituye el marco que permite llevar a cabo en an\u00e1lisis de sistemas naturales, su generaci\u00f3n y el planeamiento de su aprovechamiento.<\/p>\n<div class=\"omsc-tabs\"><ul class=\"omsc-tabs-control omsc-clearfix\"><li><a href=\"#tab-plan-de-estudios\"><span>Plan de Estudios<\/span><\/a><\/li><li><a href=\"#tab-horario-de-clases\"><span>Horario de clases<\/span><\/a><\/li><li><a href=\"#tab-inversion-economica\"><span>Inversi\u00f3n Econ\u00f3mica<\/span><\/a><\/li><\/ul><div class=\"omsc-tabs-tabs\"><\/p>\n<p><div class=\"omsc-tabs-tab omsc-tab-plan-de-estudios\"><\/p>\n<p><div class=\"omsc-accordion\"><\/div><\/p>\n<table class=\"tabla\" border=\"1\">\n<tbody>\n<tr class=\"encabezado\">\n<td class=\"tab1\"><strong>ASIGNATURA<\/strong><\/td>\n<td class=\"tab1\"><strong>CREDITOS<\/strong><\/td>\n<\/tr>\n<tr class=\"resaltado\">\n<td class=\"tab1\" colspan=\"2\"><strong>I CICLO<\/strong><\/td>\n<\/tr>\n<tr class=\"alternar\">\n<td class=\"tab1\">GEOLOGIA MARINA<\/td>\n<td align=\"center\">03<\/td>\n<\/tr>\n<tr class=\"alternar\">\n<td class=\"tab1\">OCEANOGRAF\u00cdA AVANZADA<\/td>\n<td align=\"center\">03<\/td>\n<\/tr>\n<tr class=\"alternar\">\n<td class=\"tab1\">PLANCTONOLOG\u00cdA<\/td>\n<td align=\"center\">03<\/td>\n<\/tr>\n<tr class=\"alternar\">\n<td class=\"tab1\">TESIS I<\/td>\n<td align=\"center\">03<\/td>\n<\/tr>\n<tr class=\"resaltado\">\n<td class=\"tab1\" colspan=\"2\"><strong>II CICLO<\/strong><\/td>\n<\/tr>\n<tr class=\"alternar\">\n<td class=\"tab1\">BENTOS Y NECTON MARINO<\/td>\n<td align=\"center\">03<\/td>\n<\/tr>\n<tr class=\"alternar\">\n<td class=\"tab1\">MICROBIOLOG\u00cdA MARINA<\/td>\n<td align=\"center\">03<\/td>\n<\/tr>\n<tr class=\"alternar\">\n<td class=\"tab1\">METEOROLOG\u00cdA MARINA<\/td>\n<td align=\"center\">03<\/td>\n<\/tr>\n<tr class=\"alternar\">\n<td class=\"tab1\">TESIS II<\/td>\n<td align=\"center\">03<\/td>\n<\/tr>\n<tr class=\"resaltado\">\n<td class=\"tab1\" colspan=\"2\"><strong>III CICLO<\/strong><\/td>\n<\/tr>\n<tr class=\"alternar\">\n<td class=\"tab1\">DIN\u00c1MICA DE POBLACIONES<\/td>\n<td align=\"center\">03<\/td>\n<\/tr>\n<tr class=\"alternar\">\n<td class=\"tab1\">ACUICULTURA MARINA<\/td>\n<td align=\"center\">03<\/td>\n<\/tr>\n<tr class=\"alternar\">\n<td class=\"tab1\">TESIS III<\/td>\n<td align=\"center\">03<\/td>\n<\/tr>\n<tr class=\"alternar\">\n<td class=\"tab1\">BIOESTADISTICA*<\/td>\n<td align=\"center\">03<\/td>\n<\/tr>\n<tr class=\"alternar\">\n<td class=\"tab1\">SISTEMA DE INFORMACION GEOGRAFICA*<\/td>\n<td align=\"center\">03<\/td>\n<\/tr>\n<tr class=\"resaltado\">\n<td class=\"tab1\" colspan=\"2\"><strong>IV CICLO<\/strong><\/td>\n<\/tr>\n<tr class=\"alternar\">\n<td class=\"tab1\">POL\u00cdTICA AMBIENTAL MARINA<\/td>\n<td align=\"center\">03<\/td>\n<\/tr>\n<tr class=\"alternar\">\n<td class=\"tab1\">ADMINISTRACI\u00d3N DE LOS RECURSOS PESQUEROS<\/td>\n<td align=\"center\">03<\/td>\n<\/tr>\n<tr class=\"alternar\">\n<td class=\"tab1\">TESIS IV<\/td>\n<td align=\"center\">03<\/td>\n<\/tr>\n<tr class=\"alternar\">\n<td class=\"tab1\">EVALUACI\u00d3N DE IMPACTO AMBIENTAL*<\/td>\n<td align=\"center\">03<\/td>\n<\/tr>\n<tr class=\"alternar\">\n<td class=\"tab1\">ECOTOXICOLOGIA MARINA*<\/td>\n<td align=\"center\">03<\/td>\n<\/tr>\n<tr class=\"resaltado\">\n<td class=\"tab1\" colspan=\"2\"><strong>TOTAL DE CR\u00c9DITOS : 48<\/strong><\/td>\n<\/tr>\n<tr class=\"alternar\">\n<td class=\"tab1\" colspan=\"2\">* CURSOS ELECTIVOS (SE PUEDE LLEVAR UN CURSO ELECTIVO POR CICLO)<\/td>\n<\/tr>\n<\/tbody>\n<\/table>\n<p><\/div><\/p>\n<p><div class=\"omsc-tabs-tab omsc-tab-horario-de-clases\"><\/p>\n<table class=\"tablahorario\">\n<tbody>\n<tr>\n<td><strong>S\u00e1bados:<\/strong><\/td>\n<td>8:30 a.m. &#8211; 4:30 p.m.<\/td>\n<\/tr>\n<tr>\n<td><strong>Domingos:<\/strong><\/td>\n<td>8:30 a.m. &#8211; 4:30 p.m.<\/td>\n<\/tr>\n<\/tbody>\n<\/table>\n<p style=\"text-align: justify; margin-left: 10px;\">\n<p><\/div><\/p>\n<p><div class=\"omsc-tabs-tab omsc-tab-inversion-economica\"><\/p>\n<table class=\"tabla\" border=\"1\">\n<tbody>\n<tr class=\"resaltado\" align=\"center\">\n<td><strong>CONCEPTO<\/strong><\/td>\n<td><strong>MONTO<\/strong><\/td>\n<\/tr>\n<tr class=\"alternar\">\n<td class=\"tab1\"><strong>Admisi\u00f3n (\u00fanica)<\/strong><\/td>\n<td align=\"center\">S\/. 510.60<\/td>\n<\/tr>\n<tr class=\"alternar\">\n<td class=\"tab1\"><strong>Matr\u00edcula Anual (2, anuales)<\/strong><\/td>\n<td align=\"center\">S\/. 662<\/td>\n<\/tr>\n<tr class=\"alternar\">\n<td class=\"tab1\"><strong>Pensi\u00f3n de Ense\u00f1anza (4, ciclos)<\/strong><\/td>\n<td align=\"center\">S\/. 2700.00<\/td>\n<\/tr>\n<\/tbody>\n<\/table>\n<p><div class=\"omsc-divider omsc-border-large omsc-style-single\" style=\"\"><\/div><\/p>\n<table class=\"tabla\" border=\"1\">\n<tbody>\n<tr class=\"resaltado\" align=\"center\">\n<td colspan=\"2\"><strong>INFORMACI\u00d3N GENERAL<br \/>\nTRANSACCI\u00d3N (9135) &#8211; BANCO DE LA NACI\u00d3N<\/strong><\/td>\n<\/tr>\n<tr class=\"resaltado\" align=\"center\">\n<td><strong>CONCEPTO<\/strong><\/td>\n<td><strong>C\u00d3DIGO<\/strong><\/td>\n<\/tr>\n<tr class=\"alternar\">\n<td class=\"tab1\">Derecho de Admisi\u00f3n<\/td>\n<td align=\"center\">15<\/td>\n<\/tr>\n<tr class=\"alternar\">\n<td class=\"tab1\">Matr\u00edcula de Posgrado<\/td>\n<td align=\"center\">57<\/td>\n<\/tr>\n<tr class=\"alternar\">\n<td class=\"tab1\">Pensi\u00f3n de Ense\u00f1anza Posgrado<\/td>\n<td align=\"center\">63<\/td>\n<\/tr>\n<\/tbody>\n<\/table>\n<ul class=\"omsc-icons-ul fa-ul\">\n<li style=\"text-align: justify;\"><i class=\"fa-li fa fa-check\"><\/i><strong>Los pagos deben ser realizados mediante Ventanilla del Banco de la Naci\u00f3n o Pagalo.pe.<\/strong><\/li>\n<li style=\"text-align: justify;\"><i class=\"fa-li fa fa-check\"><\/i><strong>Realizar los pagos por concepto de Pensi\u00f3n de Ense\u00f1anza Posgrado en un solo voucher (m\u00e1s de una pensi\u00f3n).<\/strong><\/li>\n<li style=\"text-align: justify;\"><i class=\"fa-li fa fa-check\"><\/i><strong>El pago por concepto de Matr\u00edcula se debe realizar en un \u00fanico voucher.<\/strong><\/li>\n<li style=\"text-align: justify;\"><i class=\"fa-li fa fa-check\"><\/i><strong>Los pagos realizados deber\u00e1n ser reportados dentro del mismo mes.<\/strong><\/li>\n<\/ul>\n<p><\/div><br \/>\n<\/div><div class=\"omsc-clear\"><\/div><\/div>\n<a class=\"omsc-button omsc-no-custom-hover omsc-size-medium omsc-with-icon omsc-style-emboss omsc-text-bright\" href=\"https:\/\/drive.google.com\/open?id=1plMnEiFsFPoZvrcLw1L_9SqTJrorvmyL\" target=\"_blank\" style=\"background-color:#922446;border-color:#922446;color:#ffffff\"><i class=\"fa fa-arrow-circle-o-down\"><\/i>PLAN CURRICULAR<\/a>\n<p><strong>Coordinador de la Maestr\u00eda (PROMACIMAR):<\/strong><br \/>\n<strong>Dr. Manuel Jesus Charcape Ravelo<\/strong><br \/>\n<strong>Celular:<\/strong> 949571799<br \/>\n<strong>E-mail:<\/strong> jcharcaper@unp.edu.pe<\/p>\n<p><strong>Personal Administrativo &#8211; Informes<\/strong><br \/>\n<b>Emily Tocto Oliva<\/b><br \/>\n<strong>Celular:<\/strong>\u00a0992 726 243<br \/>\n<strong>E-mail:<\/strong> promacimar@unp.edu.pe<\/p>\n<p><strong>Horario de atenci\u00f3n:<\/strong> Lun-Vie: 8:00am &#8211; 3:00pm<\/p>\n<p><a href=\"https:\/\/epg.unp.edu.pe\/eposgrado\/maestrias\/\">&larr; Maestr\u00edas<\/a><\/p>","protected":false},"excerpt":{"rendered":"<p>Presentaci\u00f3n El programa de Maestr\u00eda en Ciencias: Menci\u00f3n Ciencias del Mar est\u00e1 orientadoa proporcionar al posgraduando los elementos de juicio necesarios para abordar de manera transectorial la problem\u00e1tica relacionada con la gesti\u00f3n del medio marino y se respete el ambiente marino en condiciones sostenibles, sin hipotecar a las futuras generaciones. El Plan de Estudios de [&hellip;]<\/p>\n","protected":false},"author":1,"featured_media":0,"parent":1281,"menu_order":0,"comment_status":"closed","ping_status":"closed","template":"","meta":{"footnotes":""},"categories":[],"tags":[13,16],"class_list":["post-340","page","type-page","status-publish","hentry","tag-ciencias","tag-mar"],"_links":{"self":[{"href":"https:\/\/epg.unp.edu.pe\/eposgrado\/wp-json\/wp\/v2\/pages\/340","targetHints":{"allow":["GET"]}}],"collection":[{"href":"https:\/\/epg.unp.edu.pe\/eposgrado\/wp-json\/wp\/v2\/pages"}],"about":[{"href":"https:\/\/epg.unp.edu.pe\/eposgrado\/wp-json\/wp\/v2\/types\/page"}],"author":[{"embeddable":true,"href":"https:\/\/epg.unp.edu.pe\/eposgrado\/wp-json\/wp\/v2\/users\/1"}],"replies":[{"embeddable":true,"href":"https:\/\/epg.unp.edu.pe\/eposgrado\/wp-json\/wp\/v2\/comments?post=340"}],"version-history":[{"count":5,"href":"https:\/\/epg.unp.edu.pe\/eposgrado\/wp-json\/wp\/v2\/pages\/340\/revisions"}],"predecessor-version":[{"id":3945,"href":"https:\/\/epg.unp.edu.pe\/eposgrado\/wp-json\/wp\/v2\/pages\/340\/revisions\/3945"}],"up":[{"embeddable":true,"href":"https:\/\/epg.unp.edu.pe\/eposgrado\/wp-json\/wp\/v2\/pages\/1281"}],"wp:attachment":[{"href":"https:\/\/epg.unp.edu.pe\/eposgrado\/wp-json\/wp\/v2\/media?parent=340"}],"wp:term":[{"taxonomy":"category","embeddable":true,"href":"https:\/\/epg.unp.edu.pe\/eposgrado\/wp-json\/wp\/v2\/categories?post=340"},{"taxonomy":"post_tag","embeddable":true,"href":"https:\/\/epg.unp.edu.pe\/eposgrado\/wp-json\/wp\/v2\/tags?post=340"}],"curies":[{"name":"wp","href":"https:\/\/api.w.org\/{rel}","templated":true}]}}