{"id":344,"date":"2018-11-13T19:46:26","date_gmt":"2018-11-13T19:46:26","guid":{"rendered":"https:\/\/epg.unp.edu.pe\/eposgrado\/?page_id=344"},"modified":"2025-08-08T19:59:47","modified_gmt":"2025-08-08T19:59:47","slug":"promageso","status":"publish","type":"page","link":"https:\/\/epg.unp.edu.pe\/eposgrado\/maestrias\/promageso\/","title":{"rendered":" Maestr\u00eda en Ciencias Sociales con menci\u00f3n en Gerencia Social"},"content":{"rendered":"<h2 style=\"text-align: justify;\"><strong>Presentaci\u00f3n<\/strong><\/h2>\n<p style=\"text-align: justify;\">El incremento de las inversiones en pol\u00edticas de Desarrollo de Inclusi\u00f3n Social en Am\u00e9rica Latina y el Per\u00fa, en aspectos de medio ambiente, educaci\u00f3n, seguridad social, trabajo y vivienda y la necesidad urgente de aplicar programas de asistencia y promoci\u00f3n para grupos vulnerables como ni\u00f1os ,adolescentes en riesgo, adultos mayores ,mujeres en situaci\u00f3n de peligro. Como la necesidad de reducir los niveles de pobreza, han generado la demanda de profesionales capaces de dise\u00f1ar, ejecutar, dirigir, y monitorear de manera eficiente y productiva pol\u00edticas, programas y servicios sociales del gobierno central, regional y local.<\/p>\n<p style=\"text-align: justify;\">Por lo cual la Escuela de Posgrado de la Universidad Nacional de Piura, a trav\u00e9s de la Unidad de Posgrado de la Facultad de Ciencias Sociales y Educaci\u00f3n, sensible a los problemas y necesidades de la realidad peruana y piurana, que brinda la Maestr\u00eda en Ciencias Sociales: MENCION EN GERENCIA SOCIAL, formando profesionales l\u00edderes, capaces de gestionar pol\u00edticas y programas sociales para impulsar el desarrollo humano en el Per\u00fa y en la regi\u00f3n Piura.<\/p>\n<p>ablece con el ambiente f\u00edsico y el impacto que generan los problemas derivados de su gesti\u00f3n y manejo. Este conocimiento constituye el marco que permite llevar a cabo en an\u00e1lisis de sistemas naturales, su generaci\u00f3n y el planeamiento de su aprovechamiento.<br \/>\n<div class=\"omsc-tabs\"><ul class=\"omsc-tabs-control omsc-clearfix\"><li><a href=\"#tab-plan-de-estudios\"><span>Plan de Estudios<\/span><\/a><\/li><li><a href=\"#tab-horario-de-clases\"><span>Horario de clases<\/span><\/a><\/li><li><a href=\"#tab-inversion-economica\"><span>Inversi\u00f3n Econ\u00f3mica<\/span><\/a><\/li><\/ul><div class=\"omsc-tabs-tabs\"><\/p>\n<div class=\"omsc-tabs-tab omsc-tab-plan-de-estudios\"><\/p>\n<table class=\"tabla\" border=\"1\">\n<tbody>\n<tr class=\"encabezado\">\n<td class=\"tab1\"><strong>ASIGNATURA<\/strong><\/td>\n<td class=\"tab1\"><strong>CREDITOS<\/strong><\/td>\n<\/tr>\n<tr class=\"resaltado\">\n<td class=\"tab1\" colspan=\"2\"><strong>I CICLO<\/strong><\/td>\n<\/tr>\n<tr class=\"alternar\">\n<td class=\"tab1\">PROBLEMAS SOCIALES CONTEMPOR\u00c1NEOS<\/td>\n<td align=\"center\">04<\/td>\n<\/tr>\n<tr class=\"alternar\">\n<td class=\"tab1\">SOCIOLOG\u00cdA APLICADA A LA REALIDAD PERUANA Y LATINOAMERICANA<\/td>\n<td align=\"center\">04<\/td>\n<\/tr>\n<tr class=\"alternar\">\n<td class=\"tab1\">POL\u00cdTICAS SOCIALES Y DESARROLLO<\/td>\n<td align=\"center\">04<\/td>\n<\/tr>\n<tr class=\"alternar\">\n<td class=\"tab1\">METODOLOG\u00cdA DE INVESTIGACI\u00d3N SOCIAL: PARADIGMAS<\/td>\n<td align=\"center\">04<\/td>\n<\/tr>\n<tr class=\"resaltado\">\n<td class=\"tab1\" colspan=\"2\"><strong>II CICLO<\/strong><\/td>\n<\/tr>\n<tr class=\"alternar\">\n<td class=\"tab1\">FUNDAMENTOS DE LA GERENCIA SOCIAL<\/td>\n<td align=\"center\">04<\/td>\n<\/tr>\n<tr class=\"alternar\">\n<td class=\"tab1\">CULTURA Y DESARROLLO SOCIAL<\/td>\n<td align=\"center\">03<\/td>\n<\/tr>\n<tr class=\"alternar\">\n<td class=\"tab1\">DISE\u00d1O Y GESTI\u00d3N DE PROGRAMAS Y PROYECTOS SOCIALES<\/td>\n<td align=\"center\">04<\/td>\n<\/tr>\n<tr class=\"alternar\">\n<td class=\"tab1\">SEMINARIO DE TESIS I<\/td>\n<td align=\"center\">05<\/td>\n<\/tr>\n<tr class=\"resaltado\">\n<td class=\"tab1\" colspan=\"2\"><strong>III CICLO<\/strong><\/td>\n<\/tr>\n<tr class=\"alternar\">\n<td class=\"tab1\">T\u00c9CNICAS Y HERRAMIENTAS DE GERENCIA SOCIAL<\/td>\n<td align=\"center\">04<\/td>\n<\/tr>\n<tr class=\"alternar\">\n<td class=\"tab1\">ENFOQUES DEL DESARROLLO LOCAL<\/td>\n<td align=\"center\">04<\/td>\n<\/tr>\n<tr class=\"alternar\">\n<td class=\"tab1\">SEMINARIO DE TESIS II<\/td>\n<td align=\"center\">06<\/td>\n<\/tr>\n<tr class=\"resaltado\">\n<td class=\"tab1\" colspan=\"2\"><strong>IV CICLO<\/strong><\/td>\n<\/tr>\n<tr class=\"alternar\">\n<td class=\"tab1\">SISTEMA PRESUPUESTARIO EN EL PER\u00da<\/td>\n<td align=\"center\">03<\/td>\n<\/tr>\n<tr class=\"alternar\">\n<td class=\"tab1\">DESARROLLO, MEDIO AMBIENTE Y CONFLICTOS SOCIALES<\/td>\n<td align=\"center\">03<\/td>\n<\/tr>\n<tr class=\"alternar\">\n<td class=\"tab1\">SEMINARIO DE TESIS III<\/td>\n<td align=\"center\">08<\/td>\n<\/tr>\n<tr class=\"resaltado\">\n<td class=\"tab1\" colspan=\"2\"><strong>TOTAL DE CR\u00c9DITOS : 60<\/strong><\/td>\n<\/tr>\n<\/tbody>\n<\/table>\n<p><\/div>\n<div class=\"omsc-tabs-tab omsc-tab-horario-de-clases\">\n<table class=\"tablahorario\">\n<tbody>\n<tr>\n<td><strong>S\u00e1bados:<\/strong><\/td>\n<td>8:00 a.m. &#8211; 1:00 p.m. y 2:00 p.m. &#8211; 7:00 p.m.<\/td>\n<\/tr>\n<tr>\n<td><strong>Domingos:<\/strong><\/td>\n<td>8:00 a.m. &#8211; 1:00 p.m.<\/td>\n<\/tr>\n<\/tbody>\n<\/table>\n<p><\/div><br \/>\n<div class=\"omsc-tabs-tab omsc-tab-inversion-economica\"><\/p>\n<table class=\"tabla\" border=\"1\">\n<tbody>\n<tr class=\"resaltado\" align=\"center\">\n<td><strong>CONCEPTO<\/strong><\/td>\n<td><strong>MONTO<\/strong><\/td>\n<\/tr>\n<tr class=\"alternar\">\n<td class=\"tab1\"><strong>Admisi\u00f3n (\u00fanica)<\/strong><\/td>\n<td align=\"center\">S\/. 510.60<\/td>\n<\/tr>\n<tr class=\"alternar\">\n<td class=\"tab1\"><strong>Matr\u00edcula Anual (2, anuales)<\/strong><\/td>\n<td align=\"center\">S\/. 662<\/td>\n<\/tr>\n<tr class=\"alternar\">\n<td class=\"tab1\"><strong>Pensi\u00f3n de Ense\u00f1anza (20, mensuales)<\/strong><\/td>\n<td align=\"center\">S\/. 350.00<\/td>\n<\/tr>\n<\/tbody>\n<\/table>\n<div class=\"omsc-divider omsc-border-large omsc-style-single\" style=\"\"><\/div>\n<table class=\"tabla\" border=\"1\">\n<tbody>\n<tr class=\"resaltado\" align=\"center\">\n<td colspan=\"2\"><strong>INFORMACI\u00d3N GENERAL<br \/>\nTRANSACCI\u00d3N (9135) &#8211; BANCO DE LA NACI\u00d3N<\/strong><\/td>\n<\/tr>\n<tr class=\"resaltado\" align=\"center\">\n<td><strong>CONCEPTO<\/strong><\/td>\n<td><strong>C\u00d3DIGO<\/strong><\/td>\n<\/tr>\n<tr class=\"alternar\">\n<td class=\"tab1\">Derecho de Admisi\u00f3n<\/td>\n<td align=\"center\">15<\/td>\n<\/tr>\n<tr class=\"alternar\">\n<td class=\"tab1\">Matr\u00edcula de Posgrado<\/td>\n<td align=\"center\">57<\/td>\n<\/tr>\n<tr class=\"alternar\">\n<td class=\"tab1\">Pensi\u00f3n de Ense\u00f1anza Posgrado<\/td>\n<td align=\"center\">67<\/td>\n<\/tr>\n<\/tbody>\n<\/table>\n<ul class=\"omsc-icons-ul fa-ul\">\n<li style=\"text-align: justify;\"><i class=\"fa-li fa fa-check\"><\/i><strong>Los pagos deben ser realizados mediante Ventanilla del Banco de la Naci\u00f3n o Pagalo.pe.<\/strong><\/li>\n<li style=\"text-align: justify;\"><i class=\"fa-li fa fa-check\"><\/i><strong>Realizar los pagos por concepto de Pensi\u00f3n de Ense\u00f1anza Posgrado en un solo voucher (m\u00e1s de una pensi\u00f3n).<\/strong><\/li>\n<li style=\"text-align: justify;\"><i class=\"fa-li fa fa-check\"><\/i><strong>El pago por concepto de Matr\u00edcula se debe realizar en un \u00fanico voucher.<\/strong><\/li>\n<li style=\"text-align: justify;\"><i class=\"fa-li fa fa-check\"><\/i><strong>Los pagos realizados deber\u00e1n ser reportados dentro del mismo mes.<\/strong><\/li>\n<\/ul>\n<p><\/div><br \/>\n<\/div><div class=\"omsc-clear\"><\/div><\/div><\/p>\n<a class=\"omsc-button omsc-no-custom-hover omsc-size-medium omsc-with-icon omsc-style-emboss omsc-text-bright\" href=\"https:\/\/drive.google.com\/open?id=11YsfNHeAXp4VU8myBt4x8JyMtlf4m1x5\" target=\"_blank\" style=\"background-color:#922446;border-color:#922446;color:#ffffff\"><i class=\"fa fa-arrow-circle-o-down\"><\/i>PLAN CURRICULAR<\/a>\n<p><strong>Coordinador de la Maestr\u00eda (PROMAGESO):<\/strong><br \/>\n<strong>Dr. ELAR NILTON TORRES QUIROZ<\/strong><br \/>\n<strong>E-mail:<\/strong> etorresq@unp.edu.pe<\/p>\n<p><strong>Asistente Administrativo<\/strong><\/p>\n<p><strong>Sra. Jessica Marquez Garcia<\/strong><br \/>\n<strong>Celular:<\/strong> 972226756<\/p>\n<p><strong>Horario de atenci\u00f3n:<\/strong> Lun-Vie: 8:00am &#8211; 3:00pm<\/p>\n<p><a href=\"https:\/\/epg.unp.edu.pe\/eposgrado\/maestrias\/\">&larr; Maestr\u00edas<\/a><\/p>","protected":false},"excerpt":{"rendered":"<p>Presentaci\u00f3n El incremento de las inversiones en pol\u00edticas de Desarrollo de Inclusi\u00f3n Social en Am\u00e9rica Latina y el Per\u00fa, en aspectos de medio ambiente, educaci\u00f3n, seguridad social, trabajo y vivienda y la necesidad urgente de aplicar programas de asistencia y promoci\u00f3n para grupos vulnerables como ni\u00f1os ,adolescentes en riesgo, adultos mayores ,mujeres en situaci\u00f3n de [&hellip;]<\/p>\n","protected":false},"author":1,"featured_media":0,"parent":1281,"menu_order":0,"comment_status":"closed","ping_status":"closed","template":"","meta":{"footnotes":""},"categories":[],"tags":[],"class_list":["post-344","page","type-page","status-publish","hentry"],"_links":{"self":[{"href":"https:\/\/epg.unp.edu.pe\/eposgrado\/wp-json\/wp\/v2\/pages\/344","targetHints":{"allow":["GET"]}}],"collection":[{"href":"https:\/\/epg.unp.edu.pe\/eposgrado\/wp-json\/wp\/v2\/pages"}],"about":[{"href":"https:\/\/epg.unp.edu.pe\/eposgrado\/wp-json\/wp\/v2\/types\/page"}],"author":[{"embeddable":true,"href":"https:\/\/epg.unp.edu.pe\/eposgrado\/wp-json\/wp\/v2\/users\/1"}],"replies":[{"embeddable":true,"href":"https:\/\/epg.unp.edu.pe\/eposgrado\/wp-json\/wp\/v2\/comments?post=344"}],"version-history":[{"count":5,"href":"https:\/\/epg.unp.edu.pe\/eposgrado\/wp-json\/wp\/v2\/pages\/344\/revisions"}],"predecessor-version":[{"id":3951,"href":"https:\/\/epg.unp.edu.pe\/eposgrado\/wp-json\/wp\/v2\/pages\/344\/revisions\/3951"}],"up":[{"embeddable":true,"href":"https:\/\/epg.unp.edu.pe\/eposgrado\/wp-json\/wp\/v2\/pages\/1281"}],"wp:attachment":[{"href":"https:\/\/epg.unp.edu.pe\/eposgrado\/wp-json\/wp\/v2\/media?parent=344"}],"wp:term":[{"taxonomy":"category","embeddable":true,"href":"https:\/\/epg.unp.edu.pe\/eposgrado\/wp-json\/wp\/v2\/categories?post=344"},{"taxonomy":"post_tag","embeddable":true,"href":"https:\/\/epg.unp.edu.pe\/eposgrado\/wp-json\/wp\/v2\/tags?post=344"}],"curies":[{"name":"wp","href":"https:\/\/api.w.org\/{rel}","templated":true}]}}