{"id":361,"date":"2018-11-14T02:38:16","date_gmt":"2018-11-14T02:38:16","guid":{"rendered":"https:\/\/epg.unp.edu.pe\/eposgrado\/?page_id=361"},"modified":"2026-02-11T18:01:32","modified_gmt":"2026-02-11T18:01:32","slug":"promadgtics","status":"publish","type":"page","link":"https:\/\/epg.unp.edu.pe\/eposgrado\/maestrias\/promadgtics\/","title":{"rendered":"Maestr\u00eda en Direcci\u00f3n y Gesti\u00f3n de las Tecnolog\u00edas de la Informaci\u00f3n y Comunicaciones"},"content":{"rendered":"<h2 style=\"text-align: justify;\"><strong>Presentaci\u00f3n<\/strong><\/h2>\n<p style=\"text-align: justify;\">Para la competitividad de las empresas y el posicionamiento en el mercado, las Tecnolog\u00edas de Informaci\u00f3n y Comunicaciones (TICs), son base fundamental para aplicarlas, como soporte en las estrategias, procesos y operaciones de la organizaci\u00f3n. Para lograr esto con \u00e9xito, es importante estar capacitado con herramientas, que le permitan Gerenciar y Dirigir, la funci\u00f3n de las TICs en las organizaciones.<\/p>\n<p style=\"text-align: justify;\">La Universidad Nacional de Piura (UNP), cuenta con las condiciones para responder a este programa; teniendo una clara inclinaci\u00f3n por la formaci\u00f3n posgradual, con convenios locales, nacionales e internacionales; condiciones que aseguran un excelente punto de partida para desarrollar y sostener un programa de esta naturaleza.<\/p>\n<p style=\"text-align: justify;\">Por esta raz\u00f3n, la EPG de la UNP presenta este m\u00e1ster de Direcci\u00f3n y Gesti\u00f3n de las Tecnolog\u00edas de la Informaci\u00f3n y Comunicaciones, como una formaci\u00f3n dirigida a profesionales que desean liderar con \u00e9xito la direcci\u00f3n, gesti\u00f3n e implantaci\u00f3n de las TICs en su organizaci\u00f3n y que entiendan el entorno de la sociedad de la informaci\u00f3n en el que se mueven, cuyos resultados podr\u00e1n ser transferidos al medio en forma inmediata y a otras acciones en forma mediata.<\/p>\n<h3 style=\"text-align: justify;\"><strong>Objetivos<\/strong><\/h3>\n<ul class=\"omsc-icons-ul fa-ul\">\n<li style=\"text-align: justify; margin-left: 20px;\"><i class=\"fa-li fa fa-chevron-right\"><\/i>Brindar una alternativa de formaci\u00f3n acad\u00e9mica integral, human\u00edstica y con valores que incorpora al sector empresarial graduandos mag\u00edster\/maestro, con alto nivel de desempe\u00f1o, capaces de participar activamente en organizaciones nacionales e internacionales y que pueden valorar sus procesos en base a la correcta interpretaci\u00f3n de las caracter\u00edsticas de su entorno, de la construcci\u00f3n de propuestas para el uso e implantaci\u00f3n innovadora y eficaz de las tecnolog\u00edas de<br \/>\ninformaci\u00f3n, para dar soluci\u00f3n a problemas espec\u00edficos en el \u00e1mbito de las TICs, cient\u00edfico, econ\u00f3mico y social.<\/li>\n<li style=\"text-align: justify; margin-left: 20px;\"><i class=\"fa-li fa fa-chevron-right\"><\/i>Formar profesionales del m\u00e1s alto nivel cient\u00edfico y t\u00e9cnico, con orientaci\u00f3n human\u00edstica, con conocimientos, habilidades y actitudes necesarias que les permitan desempe\u00f1ar funciones que contribuyan al desarrollo sostenible del pa\u00eds, capaces de analizar, organizar y dirigir los aspectos relacionados con las TICs en las organizaciones.<\/li>\n<li style=\"text-align: justify; margin-left: 20px;\"><i class=\"fa-li fa fa-chevron-right\"><\/i>Formar profesionales altamente capacitados para promover la utilizaci\u00f3n y el desarrollo de las metodolog\u00edas, t\u00e9cnicas que les permitan realizar investigaciones y\/o formular proyectos relacionando los aspectos vinculados a las TICs, en un marco de la interdisciplinariedad.<\/li>\n<\/ul>\n<div class=\"omsc-tabs\"><ul class=\"omsc-tabs-control omsc-clearfix\"><li><a href=\"#tab-plan-de-estudios\"><span>Plan de Estudios<\/span><\/a><\/li><li><a href=\"#tab-horario-de-clases\"><span>Horario de clases<\/span><\/a><\/li><li><a href=\"#tab-inversion-economica\"><span>Inversi\u00f3n Econ\u00f3mica<\/span><\/a><\/li><\/ul><div class=\"omsc-tabs-tabs\"><\/p>\n<p><div class=\"omsc-tabs-tab omsc-tab-plan-de-estudios\"><\/p>\n<table class=\"tabla\" border=\"1\">\n<tbody>\n<tr class=\"encabezado\">\n<td class=\"tab1\"><strong>ASIGNATURA<\/strong><\/td>\n<td class=\"tab1\"><strong>CR\u00c9DITOS<\/strong><\/td>\n<\/tr>\n<tr class=\"resaltado\">\n<td class=\"tab1\" colspan=\"2\"><strong>I CICLO<\/strong><\/td>\n<\/tr>\n<tr class=\"alternar\">\n<td class=\"tab1\">GERENCIA ESTRAT\u00c9GICA<\/td>\n<td align=\"center\">04<\/td>\n<\/tr>\n<tr class=\"alternar\">\n<td class=\"tab1\">GERENCIA E INNOVACI\u00d3N TECNOL\u00d3GICA<\/td>\n<td align=\"center\">04<\/td>\n<\/tr>\n<tr class=\"alternar\">\n<td class=\"tab1\">E-SOCIEDAD: DE LA SOCIEDAD EN RED A LA SOCIEDAD DEL CONOCIMIENTO<\/td>\n<td align=\"center\">04<\/td>\n<\/tr>\n<tr class=\"alternar\">\n<td class=\"tab1\">GESTI\u00d3N DE NEGOCIOS ELECTR\u00d3NICOS<\/td>\n<td align=\"center\">04<\/td>\n<\/tr>\n<tr class=\"resaltado\">\n<td class=\"tab1\" colspan=\"2\"><strong>II CICLO<\/strong><\/td>\n<\/tr>\n<tr class=\"alternar\">\n<td class=\"tab1\">GERENCIA DE RECURSOS HUMANOS<\/td>\n<td align=\"center\">03<\/td>\n<\/tr>\n<tr class=\"alternar\">\n<td class=\"tab1\">GESTI\u00d3N DEL CONOCIMIENTO Y APRENDIZAJE ORGANIZACIONAL<\/td>\n<td align=\"center\">04<\/td>\n<\/tr>\n<tr class=\"alternar\">\n<td class=\"tab1\">SISTEMAS DE GESTI\u00d3N EMPRESARIAL I: CRM, BSC<\/td>\n<td align=\"center\">06<\/td>\n<\/tr>\n<tr class=\"alternar\">\n<td class=\"tab1\">SEMINARIO DE INVESTIGACI\u00d3N I: PROYECTO DE INVESTIGACI\u00d3N<\/td>\n<td align=\"center\">04<\/td>\n<\/tr>\n<tr class=\"resaltado\">\n<td class=\"tab1\" colspan=\"2\"><strong>III CICLO<\/strong><\/td>\n<\/tr>\n<tr class=\"alternar\">\n<td class=\"tab1\">ENTORNOS VIRTUALES DE TRABAJO COLABORATIVO<\/td>\n<td align=\"center\">03<\/td>\n<\/tr>\n<tr class=\"alternar\">\n<td class=\"tab1\">DESARROLLO DE SOFTWARE<\/td>\n<td align=\"center\">03<\/td>\n<\/tr>\n<tr class=\"alternar\">\n<td class=\"tab1\">REDES Y COMUNICACIONES EMPRESARIALES<\/td>\n<td align=\"center\">04<\/td>\n<\/tr>\n<tr class=\"alternar\">\n<td class=\"tab1\">SISTEMAS DE GESTI\u00d3N EMPRESARIAL II: BI, ERP<\/td>\n<td align=\"center\">06<\/td>\n<\/tr>\n<tr class=\"resaltado\">\n<td class=\"tab1\" colspan=\"2\"><strong>IV CICLO<\/strong><\/td>\n<\/tr>\n<tr class=\"alternar\">\n<td class=\"tab1\">DIRECCI\u00d3N Y GESTI\u00d3N EN SEGURIDAD Y COMUNICACIONES<\/td>\n<td align=\"center\">04<\/td>\n<\/tr>\n<tr class=\"alternar\">\n<td class=\"tab1\">GESTI\u00d3N DE LAS TICS EN LA EMPRESA<\/td>\n<td align=\"center\">04<\/td>\n<\/tr>\n<tr class=\"alternar\">\n<td class=\"tab1\">DIRECCI\u00d3N DE PROYECTOS DE TICS<\/td>\n<td align=\"center\">04<\/td>\n<\/tr>\n<tr class=\"alternar\">\n<td class=\"tab1\">SEMINARIO DE INVESTIGACI\u00d3N II: ELABORACI\u00d3N DEL INFORME FINAL DE INVESTIGACI\u00d3N<\/td>\n<td align=\"center\">04<\/td>\n<\/tr>\n<tr class=\"encabezado\">\n<td style=\"text-align: center;\"><strong>TOTAL DE CR\u00c9DITOS<\/strong><\/td>\n<td align=\"center\"><strong>65<\/strong><\/td>\n<\/tr>\n<\/tbody>\n<\/table>\n<p><\/div><\/p>\n<p><div class=\"omsc-tabs-tab omsc-tab-horario-de-clases\"><\/p>\n<table class=\"tablahorario\">\n<tbody>\n<tr>\n<td><strong>S\u00e1bados:<\/strong><\/td>\n<td>4:00 p.m. &#8211; 9:00 p.m.<\/td>\n<\/tr>\n<tr>\n<td><strong>Domingos:<\/strong><\/td>\n<td>8:00 a.m. &#8211; 1:00 p.m.<\/td>\n<\/tr>\n<\/tbody>\n<\/table>\n<p style=\"text-align: justify; margin-left: 10px;\"><strong>\u00abMODALIDAD DE ESTUDIOS: VIRTUAL\u00bb<\/strong><\/p>\n<p><\/div><\/p>\n<p><div class=\"omsc-tabs-tab omsc-tab-inversion-economica\"><\/p>\n<table class=\"tabla\" border=\"1\">\n<tbody>\n<tr class=\"resaltado\" align=\"center\">\n<td><strong>CONCEPTO<\/strong><\/td>\n<td><strong>MONTO<\/strong><\/td>\n<\/tr>\n<tr class=\"alternar\">\n<td class=\"tab1\"><strong>Admisi\u00f3n (\u00fanica)<\/strong><\/td>\n<td align=\"center\">S\/. 510.60<\/td>\n<\/tr>\n<tr class=\"alternar\">\n<td class=\"tab1\"><strong>Matr\u00edcula Anual (2, anuales)<\/strong><\/td>\n<td align=\"center\">S\/. 662<\/td>\n<\/tr>\n<tr class=\"alternar\">\n<td class=\"tab1\"><strong>Pensi\u00f3n de Ense\u00f1anza (24, mensuales)<\/strong><\/td>\n<td align=\"center\">S\/. 400.00<\/td>\n<\/tr>\n<tr class=\"alternar\">\n<td class=\"tab1\"><strong>Fichas de Inscripci\u00f3n<\/strong><\/td>\n<td align=\"center\">S\/. 7.60<\/td>\n<\/tr>\n<\/tbody>\n<\/table>\n<p><div class=\"omsc-divider omsc-border-large omsc-style-single\" style=\"\"><\/div><\/p>\n<table class=\"tabla\" border=\"1\">\n<tbody>\n<tr class=\"resaltado\" align=\"center\">\n<td colspan=\"2\"><strong>INFORMACI\u00d3N GENERAL<br \/>\nTRANSACCI\u00d3N (9135) &#8211; BANCO DE LA NACI\u00d3N<\/strong><\/td>\n<\/tr>\n<tr class=\"resaltado\" align=\"center\">\n<td><strong>CONCEPTO<\/strong><\/td>\n<td><strong>C\u00d3DIGO<\/strong><\/td>\n<\/tr>\n<tr class=\"alternar\">\n<td class=\"tab1\">Derecho de Admisi\u00f3n<\/td>\n<td align=\"center\">15<\/td>\n<\/tr>\n<tr class=\"alternar\">\n<td class=\"tab1\">Matr\u00edcula de Posgrado<\/td>\n<td align=\"center\">57<\/td>\n<\/tr>\n<tr class=\"alternar\">\n<td class=\"tab1\">Pensi\u00f3n de Ense\u00f1anza Posgrado<\/td>\n<td align=\"center\">79<\/td>\n<\/tr>\n<\/tbody>\n<\/table>\n<ul class=\"omsc-icons-ul fa-ul\">\n<li style=\"text-align: justify;\"><i class=\"fa-li fa fa-check\"><\/i><strong>Los pagos deben ser realizados mediante Ventanilla del Banco de la Naci\u00f3n o Pagalo.pe.<\/strong><\/li>\n<li style=\"text-align: justify;\"><i class=\"fa-li fa fa-check\"><\/i><strong>Realizar los pagos por concepto de Pensi\u00f3n de Ense\u00f1anza Posgrado en un solo voucher (m\u00e1s de una pensi\u00f3n).<\/strong><\/li>\n<li style=\"text-align: justify;\"><i class=\"fa-li fa fa-check\"><\/i><strong>El pago por concepto de Matr\u00edcula se debe realizar en un \u00fanico voucher.<\/strong><\/li>\n<li style=\"text-align: justify;\"><i class=\"fa-li fa fa-check\"><\/i><strong>Los pagos realizados deber\u00e1n ser reportados dentro del mismo mes.<\/strong><\/li>\n<\/ul>\n<p><\/div><br \/>\n<\/div><div class=\"omsc-clear\"><\/div><\/div>\n<a class=\"omsc-button omsc-no-custom-hover omsc-size-medium omsc-with-icon omsc-style-emboss omsc-text-bright\" href=\"https:\/\/drive.google.com\/open?id=1kc-PZI1Kl35QW3a2TgmDO7ko00pofWBx\" target=\"_blank\" style=\"background-color:#922446;border-color:#922446;color:#ffffff\"><i class=\"fa fa-arrow-circle-o-down\"><\/i>PLAN CURRICULAR<\/a>\n<p><strong>Coordinador de la Maestr\u00eda (PROMADGTICS):<\/strong><\/p>\n<p><strong>Mg. Luis Armando Saavedra Yarlequ\u00e9<\/strong><br \/>\n<strong>E-mail:<\/strong> lsaavedray@unp.edu.pe<\/p>\n<p><strong>Personal Administrativo &#8211; Informes<\/strong><br \/>\n<strong>CP. Revolledo Alama Manuel A.<\/strong><br \/>\n<strong>E-mail:<\/strong> promadgtics@unp.edu.pe<\/p>\n<p><strong>Horario de atenci\u00f3n:<\/strong> Lun-Vie: 8:00am &#8211; 3:00pm<\/p>\n<p><a href=\"https:\/\/epg.unp.edu.pe\/eposgrado\/maestrias\/\">&larr; Maestr\u00edas<\/a><\/p>","protected":false},"excerpt":{"rendered":"<p>Presentaci\u00f3n Para la competitividad de las empresas y el posicionamiento en el mercado, las Tecnolog\u00edas de Informaci\u00f3n y Comunicaciones (TICs), son base fundamental para aplicarlas, como soporte en las estrategias, procesos y operaciones de la organizaci\u00f3n. Para lograr esto con \u00e9xito, es importante estar capacitado con herramientas, que le permitan Gerenciar y Dirigir, la funci\u00f3n [&hellip;]<\/p>\n","protected":false},"author":1,"featured_media":1174,"parent":1281,"menu_order":0,"comment_status":"closed","ping_status":"closed","template":"","meta":{"footnotes":""},"categories":[],"tags":[18],"class_list":["post-361","page","type-page","status-publish","has-post-thumbnail","hentry","tag-tics"],"_links":{"self":[{"href":"https:\/\/epg.unp.edu.pe\/eposgrado\/wp-json\/wp\/v2\/pages\/361","targetHints":{"allow":["GET"]}}],"collection":[{"href":"https:\/\/epg.unp.edu.pe\/eposgrado\/wp-json\/wp\/v2\/pages"}],"about":[{"href":"https:\/\/epg.unp.edu.pe\/eposgrado\/wp-json\/wp\/v2\/types\/page"}],"author":[{"embeddable":true,"href":"https:\/\/epg.unp.edu.pe\/eposgrado\/wp-json\/wp\/v2\/users\/1"}],"replies":[{"embeddable":true,"href":"https:\/\/epg.unp.edu.pe\/eposgrado\/wp-json\/wp\/v2\/comments?post=361"}],"version-history":[{"count":5,"href":"https:\/\/epg.unp.edu.pe\/eposgrado\/wp-json\/wp\/v2\/pages\/361\/revisions"}],"predecessor-version":[{"id":4048,"href":"https:\/\/epg.unp.edu.pe\/eposgrado\/wp-json\/wp\/v2\/pages\/361\/revisions\/4048"}],"up":[{"embeddable":true,"href":"https:\/\/epg.unp.edu.pe\/eposgrado\/wp-json\/wp\/v2\/pages\/1281"}],"wp:featuredmedia":[{"embeddable":true,"href":"https:\/\/epg.unp.edu.pe\/eposgrado\/wp-json\/wp\/v2\/media\/1174"}],"wp:attachment":[{"href":"https:\/\/epg.unp.edu.pe\/eposgrado\/wp-json\/wp\/v2\/media?parent=361"}],"wp:term":[{"taxonomy":"category","embeddable":true,"href":"https:\/\/epg.unp.edu.pe\/eposgrado\/wp-json\/wp\/v2\/categories?post=361"},{"taxonomy":"post_tag","embeddable":true,"href":"https:\/\/epg.unp.edu.pe\/eposgrado\/wp-json\/wp\/v2\/tags?post=361"}],"curies":[{"name":"wp","href":"https:\/\/api.w.org\/{rel}","templated":true}]}}