{"id":377,"date":"2018-11-14T03:11:14","date_gmt":"2018-11-14T03:11:14","guid":{"rendered":"https:\/\/epg.unp.edu.pe\/eposgrado\/?page_id=377"},"modified":"2025-02-04T15:56:17","modified_gmt":"2025-02-04T15:56:17","slug":"resena-historica","status":"publish","type":"page","link":"https:\/\/epg.unp.edu.pe\/eposgrado\/resena-historica\/","title":{"rendered":"Rese\u00f1a Hist\u00f3rica"},"content":{"rendered":"<p><img loading=\"lazy\" decoding=\"async\" class=\"aligncenter wp-image-15 size-large\" src=\"https:\/\/epg.unp.edu.pe\/eposgrado\/wp-content\/uploads\/2018\/10\/epgsinfondo-1024x258.png\" alt=\"\" width=\"640\" height=\"161\" \/><\/p>\n<p style=\"text-align: justify;\">La Escuela de Posgrado de la Universidad Nacional de Piura fue instituida el 10 de mayo de 1990, mediante Resoluci\u00f3n N\u00b0 420-R-90, la misma que se rige de acuerdo a la Ley Universitaria 23733, el Estatuto\u00a0 y su Reglamento.<\/p>\n<p style=\"text-align: justify;\">Se cre\u00f3 e inicio sus actividades el 04 de mayo de 1991, proponi\u00e9ndose la primera Maestr\u00eda en Desarrollo Rural de la Escuela de Posgrado. Su apertura acad\u00e9mica oficialmente fue el 05 de julio del mismo a\u00f1o, momento en que inicia sus actividades<\/p>\n<p style=\"text-align: justify;\">Actualmente, la direcci\u00f3n de la Escuela de Posgrado est\u00e1 bajo la responsabilidad del Dr. Juan Rivas Valverde, quien realiza la planificaci\u00f3n, organizaci\u00f3n, direcci\u00f3n y control de los procesos de admisi\u00f3n de las maestr\u00edas y doctorados.<\/p>\n<p style=\"text-align: justify;\">Durante los \u00faltimos 5 a\u00f1os ha existido un crecimiento de la poblaci\u00f3n estudiantil por lo que ser\u00e1 necesario crear nuevos ambientes para atender esta demanda y de esta manera brindar servicios de calidad a nuestros estudiantes.<\/p>\n<p style=\"text-align: justify;\">Contamos con el apoyo acad\u00e9mico de docentes de nuestra Universidad, de prestigiosas universidades de Lima y de otras regiones del Per\u00fa, as\u00ed como docentes invitados de universidades de pa\u00edses extranjeros.<\/p>\n","protected":false},"excerpt":{"rendered":"<p>La Escuela de Posgrado de la Universidad Nacional de Piura fue instituida el 10 de mayo de 1990, mediante Resoluci\u00f3n N\u00b0 420-R-90, la misma que se rige de acuerdo a la Ley Universitaria 23733, el Estatuto\u00a0 y su Reglamento. Se cre\u00f3 e inicio sus actividades el 04 de mayo de 1991, proponi\u00e9ndose la primera Maestr\u00eda [&hellip;]<\/p>\n","protected":false},"author":1,"featured_media":0,"parent":0,"menu_order":0,"comment_status":"closed","ping_status":"closed","template":"","meta":{"footnotes":""},"categories":[],"tags":[],"class_list":["post-377","page","type-page","status-publish","hentry"],"_links":{"self":[{"href":"https:\/\/epg.unp.edu.pe\/eposgrado\/wp-json\/wp\/v2\/pages\/377","targetHints":{"allow":["GET"]}}],"collection":[{"href":"https:\/\/epg.unp.edu.pe\/eposgrado\/wp-json\/wp\/v2\/pages"}],"about":[{"href":"https:\/\/epg.unp.edu.pe\/eposgrado\/wp-json\/wp\/v2\/types\/page"}],"author":[{"embeddable":true,"href":"https:\/\/epg.unp.edu.pe\/eposgrado\/wp-json\/wp\/v2\/users\/1"}],"replies":[{"embeddable":true,"href":"https:\/\/epg.unp.edu.pe\/eposgrado\/wp-json\/wp\/v2\/comments?post=377"}],"version-history":[{"count":5,"href":"https:\/\/epg.unp.edu.pe\/eposgrado\/wp-json\/wp\/v2\/pages\/377\/revisions"}],"predecessor-version":[{"id":3597,"href":"https:\/\/epg.unp.edu.pe\/eposgrado\/wp-json\/wp\/v2\/pages\/377\/revisions\/3597"}],"wp:attachment":[{"href":"https:\/\/epg.unp.edu.pe\/eposgrado\/wp-json\/wp\/v2\/media?parent=377"}],"wp:term":[{"taxonomy":"category","embeddable":true,"href":"https:\/\/epg.unp.edu.pe\/eposgrado\/wp-json\/wp\/v2\/categories?post=377"},{"taxonomy":"post_tag","embeddable":true,"href":"https:\/\/epg.unp.edu.pe\/eposgrado\/wp-json\/wp\/v2\/tags?post=377"}],"curies":[{"name":"wp","href":"https:\/\/api.w.org\/{rel}","templated":true}]}}