{"id":435,"date":"2018-11-15T20:17:24","date_gmt":"2018-11-15T20:17:24","guid":{"rendered":"https:\/\/epg.unp.edu.pe\/eposgrado\/?page_id=435"},"modified":"2019-04-01T04:57:07","modified_gmt":"2019-04-01T04:57:07","slug":"promaccof","status":"publish","type":"page","link":"https:\/\/epg.unp.edu.pe\/eposgrado\/maestrias\/promaccof\/","title":{"rendered":"Maestr\u00eda en Ciencias Contables"},"content":{"rendered":"<div class=\"pt-cv-wrapper\"><div class=\"pt-cv-view pt-cv-grid pt-cv-colsys pt-cv-post-border\" id=\"pt-cv-view-2ba2e81mfu\"><div data-id=\"pt-cv-page-1\" class=\"pt-cv-page\" data-cvc=\"2\"><div class=\"col-md-6 col-sm-6 col-xs-12 pt-cv-content-item pt-cv-1-col\"  data-pid=\"1026\"><div class='pt-cv-ifield'><a href=\"https:\/\/epg.unp.edu.pe\/eposgrado\/maestrias\/promaccof\/finanzas-empresariales\/\" class=\"_self pt-cv-href-thumbnail pt-cv-thumb-default cvplbd\" target=\"_self\" ><img loading=\"lazy\" decoding=\"async\" width=\"791\" height=\"272\" src=\"https:\/\/epg.unp.edu.pe\/eposgrado\/wp-content\/uploads\/2019\/03\/banner_finanzas_empresariales.png\" class=\"pt-cv-thumbnail img-none\" alt=\"Finanzas Empresariales\" srcset=\"https:\/\/epg.unp.edu.pe\/eposgrado\/wp-content\/uploads\/2019\/03\/banner_finanzas_empresariales.png 791w, https:\/\/epg.unp.edu.pe\/eposgrado\/wp-content\/uploads\/2019\/03\/banner_finanzas_empresariales-300x103.png 300w, https:\/\/epg.unp.edu.pe\/eposgrado\/wp-content\/uploads\/2019\/03\/banner_finanzas_empresariales-768x264.png 768w, https:\/\/epg.unp.edu.pe\/eposgrado\/wp-content\/uploads\/2019\/03\/banner_finanzas_empresariales-285x98.png 285w\" sizes=\"auto, (max-width: 791px) 100vw, 791px\" \/><\/a>\n<h4 class=\"pt-cv-title\"><a href=\"https:\/\/epg.unp.edu.pe\/eposgrado\/maestrias\/promaccof\/finanzas-empresariales\/\" class=\"_self cvplbd\" target=\"_self\" > Maestr\u00eda en Ciencias Contables con menci\u00f3n en Finanzas Empresariales<\/a><\/h4>\n<div class=\"pt-cv-content\"><div class=\"pt-cv-rmwrap\"><a href=\"https:\/\/epg.unp.edu.pe\/eposgrado\/maestrias\/promaccof\/finanzas-empresariales\/\" class=\"_self pt-cv-readmore btn btn-success cvplbd\" target=\"_self\">M\u00c1S INFORMACI\u00d3N<\/a><\/div><\/div><\/div><\/div>\n<div class=\"col-md-6 col-sm-6 col-xs-12 pt-cv-content-item pt-cv-1-col\"  data-pid=\"1034\"><div class='pt-cv-ifield'><a href=\"https:\/\/epg.unp.edu.pe\/eposgrado\/maestrias\/promaccof\/tributacion\/\" class=\"_self pt-cv-href-thumbnail pt-cv-thumb-default cvplbd\" target=\"_self\" ><img loading=\"lazy\" decoding=\"async\" width=\"791\" height=\"272\" src=\"https:\/\/epg.unp.edu.pe\/eposgrado\/wp-content\/uploads\/2019\/03\/banner_tributacion.png\" class=\"pt-cv-thumbnail img-none\" alt=\"Tributaci\u00f3n\" srcset=\"https:\/\/epg.unp.edu.pe\/eposgrado\/wp-content\/uploads\/2019\/03\/banner_tributacion.png 791w, https:\/\/epg.unp.edu.pe\/eposgrado\/wp-content\/uploads\/2019\/03\/banner_tributacion-300x103.png 300w, https:\/\/epg.unp.edu.pe\/eposgrado\/wp-content\/uploads\/2019\/03\/banner_tributacion-768x264.png 768w, https:\/\/epg.unp.edu.pe\/eposgrado\/wp-content\/uploads\/2019\/03\/banner_tributacion-285x98.png 285w\" sizes=\"auto, (max-width: 791px) 100vw, 791px\" \/><\/a>\n<h4 class=\"pt-cv-title\"><a href=\"https:\/\/epg.unp.edu.pe\/eposgrado\/maestrias\/promaccof\/tributacion\/\" class=\"_self cvplbd\" target=\"_self\" > Maestr\u00eda en Ciencias Contables con menci\u00f3n en Tributaci\u00f3n<\/a><\/h4>\n<div class=\"pt-cv-content\"><div class=\"pt-cv-rmwrap\"><a href=\"https:\/\/epg.unp.edu.pe\/eposgrado\/maestrias\/promaccof\/tributacion\/\" class=\"_self pt-cv-readmore btn btn-success cvplbd\" target=\"_self\">M\u00c1S INFORMACI\u00d3N<\/a><\/div><\/div><\/div><\/div>\n<div class=\"col-md-6 col-sm-6 col-xs-12 pt-cv-content-item pt-cv-1-col\"  data-pid=\"1038\"><div class='pt-cv-ifield'><a href=\"https:\/\/epg.unp.edu.pe\/eposgrado\/maestrias\/promaccof\/auditoria-y-control\/\" class=\"_self pt-cv-href-thumbnail pt-cv-thumb-default cvplbd\" target=\"_self\" ><img loading=\"lazy\" decoding=\"async\" width=\"791\" height=\"272\" src=\"https:\/\/epg.unp.edu.pe\/eposgrado\/wp-content\/uploads\/2019\/03\/banner_auditoria_control.png\" class=\"pt-cv-thumbnail img-none\" alt=\"Auditor\u00eda y Control\" srcset=\"https:\/\/epg.unp.edu.pe\/eposgrado\/wp-content\/uploads\/2019\/03\/banner_auditoria_control.png 791w, https:\/\/epg.unp.edu.pe\/eposgrado\/wp-content\/uploads\/2019\/03\/banner_auditoria_control-300x103.png 300w, https:\/\/epg.unp.edu.pe\/eposgrado\/wp-content\/uploads\/2019\/03\/banner_auditoria_control-768x264.png 768w, https:\/\/epg.unp.edu.pe\/eposgrado\/wp-content\/uploads\/2019\/03\/banner_auditoria_control-285x98.png 285w\" sizes=\"auto, (max-width: 791px) 100vw, 791px\" \/><\/a>\n<h4 class=\"pt-cv-title\"><a href=\"https:\/\/epg.unp.edu.pe\/eposgrado\/maestrias\/promaccof\/auditoria-y-control\/\" class=\"_self cvplbd\" target=\"_self\" > Maestr\u00eda en Ciencias Contables con menci\u00f3n en Auditor\u00eda y Control<\/a><\/h4>\n<div class=\"pt-cv-content\"><div class=\"pt-cv-rmwrap\"><a href=\"https:\/\/epg.unp.edu.pe\/eposgrado\/maestrias\/promaccof\/auditoria-y-control\/\" class=\"_self pt-cv-readmore btn btn-success cvplbd\" target=\"_self\">M\u00c1S INFORMACI\u00d3N<\/a><\/div><\/div><\/div><\/div>\n<div class=\"col-md-6 col-sm-6 col-xs-12 pt-cv-content-item pt-cv-1-col\"  data-pid=\"1043\"><div class='pt-cv-ifield'><a href=\"https:\/\/epg.unp.edu.pe\/eposgrado\/maestrias\/promaccof\/contabilidad-y-gestion-gubernamental\/\" class=\"_self pt-cv-href-thumbnail pt-cv-thumb-default cvplbd\" target=\"_self\" ><img loading=\"lazy\" decoding=\"async\" width=\"791\" height=\"272\" src=\"https:\/\/epg.unp.edu.pe\/eposgrado\/wp-content\/uploads\/2019\/03\/banner_contabilidad_gestion_gubernamental.png\" class=\"pt-cv-thumbnail img-none\" alt=\"Contabilidad y Gesti\u00f3n Gubernamental\" srcset=\"https:\/\/epg.unp.edu.pe\/eposgrado\/wp-content\/uploads\/2019\/03\/banner_contabilidad_gestion_gubernamental.png 791w, https:\/\/epg.unp.edu.pe\/eposgrado\/wp-content\/uploads\/2019\/03\/banner_contabilidad_gestion_gubernamental-300x103.png 300w, https:\/\/epg.unp.edu.pe\/eposgrado\/wp-content\/uploads\/2019\/03\/banner_contabilidad_gestion_gubernamental-768x264.png 768w, https:\/\/epg.unp.edu.pe\/eposgrado\/wp-content\/uploads\/2019\/03\/banner_contabilidad_gestion_gubernamental-285x98.png 285w\" sizes=\"auto, (max-width: 791px) 100vw, 791px\" \/><\/a>\n<h4 class=\"pt-cv-title\"><a href=\"https:\/\/epg.unp.edu.pe\/eposgrado\/maestrias\/promaccof\/contabilidad-y-gestion-gubernamental\/\" class=\"_self cvplbd\" target=\"_self\" > Maestr\u00eda en Ciencias Contables con menci\u00f3n en Contabilidad y Gesti\u00f3n Gubernamental<\/a><\/h4>\n<div class=\"pt-cv-content\"><div class=\"pt-cv-rmwrap\"><a href=\"https:\/\/epg.unp.edu.pe\/eposgrado\/maestrias\/promaccof\/contabilidad-y-gestion-gubernamental\/\" class=\"_self pt-cv-readmore btn btn-success cvplbd\" target=\"_self\">M\u00c1S INFORMACI\u00d3N<\/a><\/div><\/div><\/div><\/div><\/div><\/div><\/div>\t\t\t<style type=\"text\/css\" id=\"pt-cv-inline-style-9434cfbbqx\">#pt-cv-view-2ba2e81mfu.pt-cv-post-border { margin: 0; border-top-width: 1px; border-left-width: 1px }\n#pt-cv-view-2ba2e81mfu.pt-cv-post-border { margin: 0; border-top-style: solid; border-left-style: solid }\n#pt-cv-view-2ba2e81mfu.pt-cv-post-border { margin: 0; border-top-color: #ececec; border-left-color: #ececec }\n#pt-cv-view-2ba2e81mfu.pt-cv-post-border .pt-cv-content-item   { border-right-width: 1px; border-bottom-width: 1px; border-right-style: solid; border-bottom-style: solid; border-right-color: #ececec; border-bottom-color: #ececec; }\n#pt-cv-view-2ba2e81mfu .pt-cv-title a, #pt-cv-view-2ba2e81mfu  .panel-title { font-weight: 600 !important; }\n#pt-cv-view-2ba2e81mfu .pt-cv-readmore  { color: #ffffff !important; background-color: #922446 !important; }\n#pt-cv-view-2ba2e81mfu .pt-cv-readmore:hover  { color: #ffffff !important; background-color: #922446 !important; }\n#pt-cv-view-2ba2e81mfu  + .pt-cv-pagination-wrapper .pt-cv-more , #pt-cv-view-2ba2e81mfu  + .pt-cv-pagination-wrapper .pagination .active a, .pt-cv-pagination[data-sid='2ba2e81mfu'] .active a { color: #ffffff !important; background-color: #00aeef !important; }<\/style>\r\n\t\t\t\n<p><a href=\"https:\/\/epg.unp.edu.pe\/eposgrado\/maestrias\/\">&larr; Maestr\u00edas<\/a><\/p>","protected":false},"excerpt":{"rendered":"","protected":false},"author":1,"featured_media":0,"parent":1281,"menu_order":0,"comment_status":"closed","ping_status":"closed","template":"","meta":{"footnotes":""},"categories":[],"tags":[],"class_list":["post-435","page","type-page","status-publish","hentry"],"_links":{"self":[{"href":"https:\/\/epg.unp.edu.pe\/eposgrado\/wp-json\/wp\/v2\/pages\/435","targetHints":{"allow":["GET"]}}],"collection":[{"href":"https:\/\/epg.unp.edu.pe\/eposgrado\/wp-json\/wp\/v2\/pages"}],"about":[{"href":"https:\/\/epg.unp.edu.pe\/eposgrado\/wp-json\/wp\/v2\/types\/page"}],"author":[{"embeddable":true,"href":"https:\/\/epg.unp.edu.pe\/eposgrado\/wp-json\/wp\/v2\/users\/1"}],"replies":[{"embeddable":true,"href":"https:\/\/epg.unp.edu.pe\/eposgrado\/wp-json\/wp\/v2\/comments?post=435"}],"version-history":[{"count":6,"href":"https:\/\/epg.unp.edu.pe\/eposgrado\/wp-json\/wp\/v2\/pages\/435\/revisions"}],"predecessor-version":[{"id":1058,"href":"https:\/\/epg.unp.edu.pe\/eposgrado\/wp-json\/wp\/v2\/pages\/435\/revisions\/1058"}],"up":[{"embeddable":true,"href":"https:\/\/epg.unp.edu.pe\/eposgrado\/wp-json\/wp\/v2\/pages\/1281"}],"wp:attachment":[{"href":"https:\/\/epg.unp.edu.pe\/eposgrado\/wp-json\/wp\/v2\/media?parent=435"}],"wp:term":[{"taxonomy":"category","embeddable":true,"href":"https:\/\/epg.unp.edu.pe\/eposgrado\/wp-json\/wp\/v2\/categories?post=435"},{"taxonomy":"post_tag","embeddable":true,"href":"https:\/\/epg.unp.edu.pe\/eposgrado\/wp-json\/wp\/v2\/tags?post=435"}],"curies":[{"name":"wp","href":"https:\/\/api.w.org\/{rel}","templated":true}]}}