{"id":441,"date":"2018-11-16T14:08:43","date_gmt":"2018-11-16T14:08:43","guid":{"rendered":"https:\/\/epg.unp.edu.pe\/eposgrado\/?page_id=441"},"modified":"2019-04-01T04:06:20","modified_gmt":"2019-04-01T04:06:20","slug":"promagro","status":"publish","type":"page","link":"https:\/\/epg.unp.edu.pe\/eposgrado\/maestrias\/promagro\/","title":{"rendered":"Maestr\u00eda en Ciencias Agrarias"},"content":{"rendered":"<div class=\"pt-cv-wrapper\"><div class=\"pt-cv-view pt-cv-grid pt-cv-colsys pt-cv-post-border\" id=\"pt-cv-view-840e89al51\"><div data-id=\"pt-cv-page-1\" class=\"pt-cv-page\" data-cvc=\"1\"><div class=\"col-md-12 col-sm-12 col-xs-12 pt-cv-content-item pt-cv-1-col\"  data-pid=\"1020\"><div class='pt-cv-ifield'><a href=\"https:\/\/epg.unp.edu.pe\/eposgrado\/maestrias\/promagro\/agricultura-sostenible-para-exportacion\/\" class=\"_self pt-cv-href-thumbnail pt-cv-thumb-default cvplbd\" target=\"_self\" ><img loading=\"lazy\" decoding=\"async\" width=\"791\" height=\"272\" src=\"https:\/\/epg.unp.edu.pe\/eposgrado\/wp-content\/uploads\/2019\/03\/banner_promagro.png\" class=\"pt-cv-thumbnail img-none\" alt=\"Agricultura Sostenible para Exportaci\u00f3n\" srcset=\"https:\/\/epg.unp.edu.pe\/eposgrado\/wp-content\/uploads\/2019\/03\/banner_promagro.png 791w, https:\/\/epg.unp.edu.pe\/eposgrado\/wp-content\/uploads\/2019\/03\/banner_promagro-300x103.png 300w, https:\/\/epg.unp.edu.pe\/eposgrado\/wp-content\/uploads\/2019\/03\/banner_promagro-768x264.png 768w, https:\/\/epg.unp.edu.pe\/eposgrado\/wp-content\/uploads\/2019\/03\/banner_promagro-285x98.png 285w\" sizes=\"auto, (max-width: 791px) 100vw, 791px\" \/><\/a>\n<h4 class=\"pt-cv-title\"><a href=\"https:\/\/epg.unp.edu.pe\/eposgrado\/maestrias\/promagro\/agricultura-sostenible-para-exportacion\/\" class=\"_self cvplbd\" target=\"_self\" > Maestr\u00eda en Ciencias Agrarias con menci\u00f3n en Agricultura Sostenible para Exportaci\u00f3n<\/a><\/h4>\n<div class=\"pt-cv-content\"><div class=\"pt-cv-rmwrap\"><a href=\"https:\/\/epg.unp.edu.pe\/eposgrado\/maestrias\/promagro\/agricultura-sostenible-para-exportacion\/\" class=\"_self pt-cv-readmore btn btn-success cvplbd\" target=\"_self\">M\u00c1S INFORMACI\u00d3N<\/a><\/div><\/div><\/div><\/div><\/div><\/div><\/div>\t\t\t<style type=\"text\/css\" id=\"pt-cv-inline-style-724e0369t4\">#pt-cv-view-840e89al51.pt-cv-post-border { margin: 0; border-top-width: 1px; border-left-width: 1px }\n#pt-cv-view-840e89al51.pt-cv-post-border { margin: 0; border-top-style: solid; border-left-style: solid }\n#pt-cv-view-840e89al51.pt-cv-post-border { margin: 0; border-top-color: #ececec; border-left-color: #ececec }\n#pt-cv-view-840e89al51.pt-cv-post-border .pt-cv-content-item   { border-right-width: 1px; border-bottom-width: 1px; border-right-style: solid; border-bottom-style: solid; border-right-color: #ececec; border-bottom-color: #ececec; }\n#pt-cv-view-840e89al51 .pt-cv-title a, #pt-cv-view-840e89al51  .panel-title { font-weight: 600 !important; }\n#pt-cv-view-840e89al51 .pt-cv-readmore  { color: #ffffff !important; background-color: #922446 !important; }\n#pt-cv-view-840e89al51 .pt-cv-readmore:hover  { color: #ffffff !important; background-color: #922446 !important; }\n#pt-cv-view-840e89al51  + .pt-cv-pagination-wrapper .pt-cv-more , #pt-cv-view-840e89al51  + .pt-cv-pagination-wrapper .pagination .active a, .pt-cv-pagination[data-sid='840e89al51'] .active a { color: #ffffff !important; background-color: #00aeef !important; }<\/style>\r\n\t\t\t\n<p><a href=\"https:\/\/epg.unp.edu.pe\/eposgrado\/maestrias\/\">&larr; Maestr\u00edas<\/a><\/p>","protected":false},"excerpt":{"rendered":"","protected":false},"author":1,"featured_media":0,"parent":1281,"menu_order":0,"comment_status":"closed","ping_status":"closed","template":"","meta":{"footnotes":""},"categories":[],"tags":[],"class_list":["post-441","page","type-page","status-publish","hentry"],"_links":{"self":[{"href":"https:\/\/epg.unp.edu.pe\/eposgrado\/wp-json\/wp\/v2\/pages\/441","targetHints":{"allow":["GET"]}}],"collection":[{"href":"https:\/\/epg.unp.edu.pe\/eposgrado\/wp-json\/wp\/v2\/pages"}],"about":[{"href":"https:\/\/epg.unp.edu.pe\/eposgrado\/wp-json\/wp\/v2\/types\/page"}],"author":[{"embeddable":true,"href":"https:\/\/epg.unp.edu.pe\/eposgrado\/wp-json\/wp\/v2\/users\/1"}],"replies":[{"embeddable":true,"href":"https:\/\/epg.unp.edu.pe\/eposgrado\/wp-json\/wp\/v2\/comments?post=441"}],"version-history":[{"count":5,"href":"https:\/\/epg.unp.edu.pe\/eposgrado\/wp-json\/wp\/v2\/pages\/441\/revisions"}],"predecessor-version":[{"id":1024,"href":"https:\/\/epg.unp.edu.pe\/eposgrado\/wp-json\/wp\/v2\/pages\/441\/revisions\/1024"}],"up":[{"embeddable":true,"href":"https:\/\/epg.unp.edu.pe\/eposgrado\/wp-json\/wp\/v2\/pages\/1281"}],"wp:attachment":[{"href":"https:\/\/epg.unp.edu.pe\/eposgrado\/wp-json\/wp\/v2\/media?parent=441"}],"wp:term":[{"taxonomy":"category","embeddable":true,"href":"https:\/\/epg.unp.edu.pe\/eposgrado\/wp-json\/wp\/v2\/categories?post=441"},{"taxonomy":"post_tag","embeddable":true,"href":"https:\/\/epg.unp.edu.pe\/eposgrado\/wp-json\/wp\/v2\/tags?post=441"}],"curies":[{"name":"wp","href":"https:\/\/api.w.org\/{rel}","templated":true}]}}