{"id":443,"date":"2018-11-16T14:44:49","date_gmt":"2018-11-16T14:44:49","guid":{"rendered":"https:\/\/epg.unp.edu.pe\/eposgrado\/?page_id=443"},"modified":"2025-02-27T17:26:44","modified_gmt":"2025-02-27T17:26:44","slug":"promaipga","status":"publish","type":"page","link":"https:\/\/epg.unp.edu.pe\/eposgrado\/maestrias\/promaipga\/","title":{"rendered":"Maestr\u00eda en Ingenier\u00eda de Petr\u00f3leo y Gas Natural"},"content":{"rendered":"<h2 style=\"text-align: justify;\"><strong>Presentaci\u00f3n<\/strong><\/h2>\n<p style=\"text-align: justify;\">La Universidad Nacional de Piura, a trav\u00e9s de la Escuela de Posgrado, ofrece el Programa de Maestr\u00eda en Ingenier\u00eda de Petr\u00f3leo y Gas Natural a profesionales y bachilleres que est\u00e1n relacionados con la especialidad ya sea por programas de ingenier\u00eda o ciencias b\u00e1sicas.<\/p>\n<p style=\"text-align: justify;\">La Maestr\u00eda en Ingenier\u00eda de Petr\u00f3leo y Gas Natural proporcionar\u00e1 conocimientos de las estructuras geol\u00f3gicas existentes, perforaci\u00f3n de pozos de gas y petr\u00f3leo, producci\u00f3n, refinaci\u00f3n, transporte, costos y presupuestos, Fracking, pasivos ambientales y la responsabilidad social en el subsector hidrocarburos y otras materiales que sirven de soporte acad\u00e9micos para la toma de decisiones en sus respectivas empresas.<\/p>\n<p style=\"text-align: justify;\">Pero con la generalizaci\u00f3n del desarrollo econ\u00f3mico basado en una mejor industrializaci\u00f3n ha aumentado la acci\u00f3n degradante tanto en extensi\u00f3n como en intensidad, de tal modo que el problema se ha convertido en una preocupaci\u00f3n social y pol\u00edtica prioritaria.<\/p>\n<p style=\"text-align: justify;\">Los ingenieros deben estar relacionados y ser capaces de aplicar los avances tecnol\u00f3gicos que posibiliten reducir el impacto ambiental e incrementar la seguridad industrial a l\u00edmites socialmente aceptables, con un costo igualmente asumible y, de este modo hacer compatibles la explotaci\u00f3n y la transformaci\u00f3n de los recursos con la protecci\u00f3n del entorno natural.<\/p>\n<h3 style=\"text-align: justify;\"><strong>Objetivos<\/strong><\/h3>\n<ul class=\"omsc-icons-ul fa-ul\">\n<li style=\"text-align: justify; margin-left: 20px;\"><i class=\"fa-li fa fa-chevron-right\"><\/i>Elevar el nivel de conocimiento en lo que respecta a la explotaci\u00f3n petrolera los profesionales que se desarrollan en este campo.<\/li>\n<li style=\"text-align: justify; margin-left: 20px;\"><i class=\"fa-li fa fa-chevron-right\"><\/i>Preparar profesionales altamente capacitados para promover la utilizaci\u00f3n y el desarrollo de las metodolog\u00edas, t\u00e9cnicas que les permitan realizar investigaciones y\/o formular proyectos relacionando los aspectos vinculados a la explotaci\u00f3n de petr\u00f3leo y gas natural, en el marco de la interdisciplinariedad.<\/li>\n<li style=\"text-align: justify; margin-left: 20px;\"><i class=\"fa-li fa fa-chevron-right\"><\/i>Ofrecer a los participantes, conocimientos avanzados que les permitan integrar nuevos enfoques de conocimientos, habilidades cient\u00edficas y t\u00e9cnicas para cubrir la creciente demanda de recursos humanos que satisfaga las necesidades de la industria del Petr\u00f3leo y Gas Natural.<\/li>\n<\/ul>\n<div class=\"omsc-tabs\"><ul class=\"omsc-tabs-control omsc-clearfix\"><li><a href=\"#tab-plan-de-estudios\"><span>Plan de Estudios<\/span><\/a><\/li><li><a href=\"#tab-horario-de-clases\"><span>Horario de clases<\/span><\/a><\/li><li><a href=\"#tab-inversion-economica\"><span>Inversi\u00f3n Econ\u00f3mica<\/span><\/a><\/li><\/ul><div class=\"omsc-tabs-tabs\"><\/p>\n<p><div class=\"omsc-tabs-tab omsc-tab-plan-de-estudios\"><\/p>\n<table class=\"tabla\" border=\"1\">\n<tbody>\n<tr class=\"encabezado\">\n<td class=\"tab1\"><strong>ASIGNATURA<\/strong><\/td>\n<td class=\"tab1\"><strong>CR\u00c9DITOS<\/strong><\/td>\n<\/tr>\n<tr class=\"resaltado\">\n<td class=\"tab1\" colspan=\"2\"><strong>I CICLO<\/strong><\/td>\n<\/tr>\n<tr class=\"alternar\">\n<td class=\"tab1\">CONTAMINACI\u00d3N AMBIENTAL PRODUCIDA POR HIDROCARBUROS<\/td>\n<td align=\"center\">04<\/td>\n<\/tr>\n<tr class=\"alternar\">\n<td class=\"tab1\">PROYECTOS EN HIDROCARBUROS<\/td>\n<td align=\"center\">04<\/td>\n<\/tr>\n<tr class=\"alternar\">\n<td class=\"tab1\">MANEJO DE PROBLEMAS QU\u00cdMICOS ASOCIADOS CON LA PRODUCCI\u00d3N DE PETR\u00d3LEO Y GAS NATURAL<\/td>\n<td align=\"center\">04<\/td>\n<\/tr>\n<tr class=\"alternar\">\n<td class=\"tab1\">GESTI\u00d3N DE SEGURIDAD EN LA INDUSTRIA DEL PETR\u00d3LEO Y GAS NATURAL<\/td>\n<td align=\"center\">04<\/td>\n<\/tr>\n<tr class=\"resaltado\">\n<td class=\"tab1\" colspan=\"2\"><strong>II CICLO<\/strong><\/td>\n<\/tr>\n<tr class=\"alternar\">\n<td class=\"tab1\">TECNOLOG\u00cdA MODERNA DE LA INDUSTRIA DE PETR\u00d3LEO Y GAS NATURAL<\/td>\n<td align=\"center\">04<\/td>\n<\/tr>\n<tr class=\"alternar\">\n<td class=\"tab1\">INGENIER\u00cdA DE RESERVORIOS APLICADA I<\/td>\n<td align=\"center\">04<\/td>\n<\/tr>\n<tr class=\"alternar\">\n<td class=\"tab1\">ECONOM\u00cdA DEL PETR\u00d3LEO Y GAS NATURAL<\/td>\n<td align=\"center\">04<\/td>\n<\/tr>\n<tr class=\"alternar\">\n<td class=\"tab1\">RESPONSABILIAD SOCIAL Y SOLUCI\u00d3N DE CONFLICTOS<\/td>\n<td align=\"center\">04<\/td>\n<\/tr>\n<tr class=\"resaltado\">\n<td class=\"tab1\" colspan=\"2\"><strong>III CICLO<\/strong><\/td>\n<\/tr>\n<tr class=\"alternar\">\n<td class=\"tab1\">INGENIER\u00cdA DE PRODUCCI\u00d3N APLICADA<\/td>\n<td align=\"center\">04<\/td>\n<\/tr>\n<tr class=\"alternar\">\n<td class=\"tab1\">SISTEMAS DE TRANSPORTE Y ALMACENAMIENTO DE PETR\u00d3LEO Y GAS NATURAL<\/td>\n<td align=\"center\">04<\/td>\n<\/tr>\n<tr class=\"alternar\">\n<td class=\"tab1\">INGENIER\u00cdA DE RESERVORIOS APLICADA II<\/td>\n<td align=\"center\">04<\/td>\n<\/tr>\n<tr class=\"alternar\">\n<td class=\"tab1\">TRATAMIENTO Y PROCESOS DE SEPARACI\u00d3N Y CONSVERSI\u00d3N<\/td>\n<td align=\"center\">04<\/td>\n<\/tr>\n<tr class=\"resaltado\">\n<td class=\"tab1\" colspan=\"2\"><strong>IV CICLO<\/strong><\/td>\n<\/tr>\n<tr class=\"alternar\">\n<td class=\"tab1\">TALLER DE TESIS<\/td>\n<td align=\"center\">04<\/td>\n<\/tr>\n<tr class=\"alternar\">\n<td class=\"tab1\">SIMULACI\u00d3N MATEM\u00c1TICA DE RESERVORIOS DE PETR\u00d3LEO Y GAS NATURAL<\/td>\n<td align=\"center\">04<\/td>\n<\/tr>\n<tr class=\"alternar\">\n<td class=\"tab1\">PLANEAMIENTO ESTRAT\u00c9GICO EN HIDROCARBUROS<\/td>\n<td align=\"center\">04<\/td>\n<\/tr>\n<tr class=\"alternar\">\n<td class=\"tab1\">SIMULACI\u00d3N MATEM\u00c1TICA DE LOS PROCESOS APLICADA A LOS HIDROCARBUROS<\/td>\n<td align=\"center\">04<\/td>\n<\/tr>\n<tr class=\"encabezado\">\n<td style=\"text-align: center;\"><strong>TOTAL DE CR\u00c9DITOS<\/strong><\/td>\n<td align=\"center\"><strong>64<\/strong><\/td>\n<\/tr>\n<\/tbody>\n<\/table>\n<p><\/div><\/p>\n<p><div class=\"omsc-tabs-tab omsc-tab-horario-de-clases\"><\/p>\n<table class=\"tablahorario\">\n<tbody>\n<tr>\n<td><strong>S\u00e1bados:<\/strong><\/td>\n<td>4:00 p.m. &#8211; 10:00 p.m.<\/td>\n<\/tr>\n<tr>\n<td><strong>Domingos:<\/strong><\/td>\n<td>8:00 a.m. &#8211; 2:00 p.m.<\/td>\n<\/tr>\n<\/tbody>\n<\/table>\n<p style=\"text-align: justify; margin-left: 10px;\"><strong>\u00abMODALIDAD DE ESTUDIOS: PRESENCIAL\/A DISTANCIA\u00bb<\/strong><\/p>\n<p><\/div><\/p>\n<p><div class=\"omsc-tabs-tab omsc-tab-inversion-economica\"><\/p>\n<table class=\"tabla\" border=\"1\">\n<tbody>\n<tr class=\"resaltado\" align=\"center\">\n<td><strong>CONCEPTO<\/strong><\/td>\n<td><strong>MONTO<\/strong><\/td>\n<\/tr>\n<tr class=\"alternar\">\n<td class=\"tab1\"><strong>Admisi\u00f3n (\u00fanica)<\/strong><\/td>\n<td align=\"center\">S\/. 510.60<\/td>\n<\/tr>\n<tr class=\"alternar\">\n<td class=\"tab1\"><strong>Matr\u00edcula Anual (2, anuales)<\/strong><\/td>\n<td align=\"center\">S\/. 662<\/td>\n<\/tr>\n<tr class=\"alternar\">\n<td class=\"tab1\"><strong>Pensi\u00f3n de Ense\u00f1anza (27, mensuales)<\/strong><\/td>\n<td align=\"center\">S\/. 400.00<\/td>\n<\/tr>\n<\/tbody>\n<\/table>\n<p><div class=\"omsc-divider omsc-border-large omsc-style-single\" style=\"\"><\/div><\/p>\n<table class=\"tabla\" border=\"1\">\n<tbody>\n<tr class=\"resaltado\" align=\"center\">\n<td colspan=\"2\"><strong>INFORMACI\u00d3N GENERAL<br \/>\nTRANSACCI\u00d3N (9135) &#8211; BANCO DE LA NACI\u00d3N<\/strong><\/td>\n<\/tr>\n<tr class=\"resaltado\" align=\"center\">\n<td><strong>CONCEPTO<\/strong><\/td>\n<td><strong>C\u00d3DIGO<\/strong><\/td>\n<\/tr>\n<tr class=\"alternar\">\n<td class=\"tab1\">Derecho de Admisi\u00f3n<\/td>\n<td align=\"center\">15<\/td>\n<\/tr>\n<tr class=\"alternar\">\n<td class=\"tab1\">Matr\u00edcula de Posgrado<\/td>\n<td align=\"center\">57<\/td>\n<\/tr>\n<tr class=\"alternar\">\n<td class=\"tab1\">Pensi\u00f3n de Ense\u00f1anza Posgrado<\/td>\n<td align=\"center\">84<\/td>\n<\/tr>\n<\/tbody>\n<\/table>\n<ul class=\"omsc-icons-ul fa-ul\">\n<li style=\"text-align: justify;\"><i class=\"fa-li fa fa-check\"><\/i><strong>Los pagos deben ser realizados mediante Ventanilla del Banco de la Naci\u00f3n o Pagalo.pe.<\/strong><\/li>\n<li style=\"text-align: justify;\"><i class=\"fa-li fa fa-check\"><\/i><strong>Realizar los pagos por concepto de Pensi\u00f3n de Ense\u00f1anza Posgrado en un solo voucher (m\u00e1s de una pensi\u00f3n).<\/strong><\/li>\n<li style=\"text-align: justify;\"><i class=\"fa-li fa fa-check\"><\/i><strong>El pago por concepto de Matr\u00edcula se debe realizar en un \u00fanico voucher.<\/strong><\/li>\n<li style=\"text-align: justify;\"><i class=\"fa-li fa fa-check\"><\/i><strong>Los pagos realizados deber\u00e1n ser reportados dentro del mismo mes.<\/strong><\/li>\n<\/ul>\n<p><\/div><br \/>\n<\/div><div class=\"omsc-clear\"><\/div><\/div>\n<a class=\"omsc-button omsc-no-custom-hover omsc-size-medium omsc-with-icon omsc-style-emboss omsc-text-bright\" href=\"https:\/\/drive.google.com\/open?id=1qPwhsPdRBIU6NjYnSInR17SFNSdQW42w\" target=\"_blank\" style=\"background-color:#922446;border-color:#922446;color:#ffffff\"><i class=\"fa fa-arrow-circle-o-down\"><\/i>PLAN CURRICULAR<\/a>\n<p><strong>Coordinador de la Maestr\u00eda (PROMAIPGA):<\/strong><br \/>\n<strong>DR. JUAN CARLOS TANTARUNA OCSAS<\/strong><br \/>\n<strong>Celular:<\/strong> 956630388<br \/>\n<strong>E-mail:<\/strong> jtantarunao@unp.edu.pe<\/p>\n<p><strong>E-mail de la maestr\u00eda:<\/strong> promaipga@unp.edu.pe<\/p>\n<p><strong>Personal Administrativo &#8211; Informes<\/strong><br \/>\n<strong>Lic. Miriam Flores More\u00a0<\/strong><br \/>\n<strong>E-mail:<\/strong> rfloresm@unp.edu.pe &#8211; <strong>Celular: <\/strong>947 073 026<\/p>\n<p><strong>Horario de atenci\u00f3n:<\/strong> Lun-Vie: 8:00am &#8211; 3:00pm<\/p>\n<p><a href=\"https:\/\/epg.unp.edu.pe\/eposgrado\/maestrias\/\">&larr; Maestr\u00edas<\/a><\/p>","protected":false},"excerpt":{"rendered":"<p>Presentaci\u00f3n La Universidad Nacional de Piura, a trav\u00e9s de la Escuela de Posgrado, ofrece el Programa de Maestr\u00eda en Ingenier\u00eda de Petr\u00f3leo y Gas Natural a profesionales y bachilleres que est\u00e1n relacionados con la especialidad ya sea por programas de ingenier\u00eda o ciencias b\u00e1sicas. La Maestr\u00eda en Ingenier\u00eda de Petr\u00f3leo y Gas Natural proporcionar\u00e1 conocimientos [&hellip;]<\/p>\n","protected":false},"author":1,"featured_media":1173,"parent":1281,"menu_order":0,"comment_status":"closed","ping_status":"closed","template":"","meta":{"footnotes":""},"categories":[],"tags":[19,22],"class_list":["post-443","page","type-page","status-publish","has-post-thumbnail","hentry","tag-ingenieria","tag-petroleo"],"_links":{"self":[{"href":"https:\/\/epg.unp.edu.pe\/eposgrado\/wp-json\/wp\/v2\/pages\/443","targetHints":{"allow":["GET"]}}],"collection":[{"href":"https:\/\/epg.unp.edu.pe\/eposgrado\/wp-json\/wp\/v2\/pages"}],"about":[{"href":"https:\/\/epg.unp.edu.pe\/eposgrado\/wp-json\/wp\/v2\/types\/page"}],"author":[{"embeddable":true,"href":"https:\/\/epg.unp.edu.pe\/eposgrado\/wp-json\/wp\/v2\/users\/1"}],"replies":[{"embeddable":true,"href":"https:\/\/epg.unp.edu.pe\/eposgrado\/wp-json\/wp\/v2\/comments?post=443"}],"version-history":[{"count":5,"href":"https:\/\/epg.unp.edu.pe\/eposgrado\/wp-json\/wp\/v2\/pages\/443\/revisions"}],"predecessor-version":[{"id":3662,"href":"https:\/\/epg.unp.edu.pe\/eposgrado\/wp-json\/wp\/v2\/pages\/443\/revisions\/3662"}],"up":[{"embeddable":true,"href":"https:\/\/epg.unp.edu.pe\/eposgrado\/wp-json\/wp\/v2\/pages\/1281"}],"wp:featuredmedia":[{"embeddable":true,"href":"https:\/\/epg.unp.edu.pe\/eposgrado\/wp-json\/wp\/v2\/media\/1173"}],"wp:attachment":[{"href":"https:\/\/epg.unp.edu.pe\/eposgrado\/wp-json\/wp\/v2\/media?parent=443"}],"wp:term":[{"taxonomy":"category","embeddable":true,"href":"https:\/\/epg.unp.edu.pe\/eposgrado\/wp-json\/wp\/v2\/categories?post=443"},{"taxonomy":"post_tag","embeddable":true,"href":"https:\/\/epg.unp.edu.pe\/eposgrado\/wp-json\/wp\/v2\/tags?post=443"}],"curies":[{"name":"wp","href":"https:\/\/api.w.org\/{rel}","templated":true}]}}