{"id":450,"date":"2018-11-16T16:00:06","date_gmt":"2018-11-16T16:00:06","guid":{"rendered":"https:\/\/epg.unp.edu.pe\/eposgrado\/?page_id=450"},"modified":"2024-05-17T18:04:15","modified_gmt":"2024-05-17T18:04:15","slug":"promaiinfo","status":"publish","type":"page","link":"https:\/\/epg.unp.edu.pe\/eposgrado\/maestrias\/promaiinfo\/","title":{"rendered":"Maestr\u00eda en Ingenier\u00eda Inform\u00e1tica"},"content":{"rendered":"<h2 style=\"text-align: justify;\"><strong>Presentaci\u00f3n<\/strong><\/h2>\n<p style=\"text-align: justify;\">La inform\u00e1tica se constituye actualmente en una de las disciplinas de la ingenier\u00eda de mayor aplicaci\u00f3n y demanda en todos los \u00e1mbitos de la sociedad. Asimismo, la permanente innovaci\u00f3n de las tecnolog\u00edas de la informaci\u00f3n y la comunicaci\u00f3n (TICs) crea la necesidad de contar con profesionales altamente capacitados en esta disciplina.<\/p>\n<p style=\"text-align: justify;\">La Universidad Nacional de Piura, pone a disposici\u00f3n de todos los profesionales que se desempe\u00f1en en el campo de la inform\u00e1tica o afines, la Maestr\u00eda en Inform\u00e1tica a trav\u00e9s de su respectiva Secci\u00f3n de Posgrado cuyo fin es formar profesionales de alta especializaci\u00f3n en las \u00e1reas de ingenier\u00eda inform\u00e1tica y tecnolog\u00edas de la Informaci\u00f3n con capacidad para desempe\u00f1arse a cabalidad en este rubro dentro de la organizaci\u00f3n, contribuyendo al logro de sus objetivos estrat\u00e9gicos y al desarrollo sostenible del pa\u00eds.<\/p>\n<h3 style=\"text-align: justify;\"><strong>Objetivos<\/strong><\/h3>\n<ul class=\"omsc-icons-ul fa-ul\">\n<li style=\"text-align: justify; margin-left: 20px;\"><i class=\"fa-li fa fa-chevron-right\"><\/i>Formar especialistas en ingenier\u00eda inform\u00e1tica altamente calificados para dirigir, gestionar y participar activamente en proyectos inform\u00e1ticos realizados en las organizaciones tanto empresas privadas como instituciones p\u00fablicas.<\/li>\n<li style=\"text-align: justify; margin-left: 20px;\"><i class=\"fa-li fa fa-chevron-right\"><\/i>Contribuir a la formaci\u00f3n de investigadores con car\u00e1cter interdisciplinario, con capacidades en el \u00e1rea de la inform\u00e1tica para emprender tareas de innovaci\u00f3n y soluci\u00f3n a problemas regionales, nacionales e internacionales.<\/li>\n<\/ul>\n<div class=\"omsc-tabs\"><ul class=\"omsc-tabs-control omsc-clearfix\"><li><a href=\"#tab-plan-de-estudios\"><span>Plan de Estudios<\/span><\/a><\/li><li><a href=\"#tab-horario-de-clases\"><span>Horario de clases<\/span><\/a><\/li><li><a href=\"#tab-inversion-economica\"><span>Inversi\u00f3n Econ\u00f3mica<\/span><\/a><\/li><\/ul><div class=\"omsc-tabs-tabs\"><\/p>\n<p><div class=\"omsc-tabs-tab omsc-tab-plan-de-estudios\"><\/p>\n<table class=\"tabla\" border=\"1\">\n<tbody>\n<tr class=\"encabezado\">\n<td class=\"tab1\"><strong>ASIGNATURA<\/strong><\/td>\n<td class=\"tab1\"><strong>CR\u00c9DITOS<\/strong><\/td>\n<\/tr>\n<tr class=\"resaltado\">\n<td class=\"tab1\" colspan=\"2\"><strong>I CICLO<\/strong><\/td>\n<\/tr>\n<tr class=\"alternar\">\n<td class=\"tab1\">PLATAFORMAS TECNOL\u00d3GICAS<\/td>\n<td align=\"center\">04<\/td>\n<\/tr>\n<tr class=\"alternar\">\n<td class=\"tab1\">PROCESO DE CONSTRUCCI\u00d3N DE SOFTWARE<\/td>\n<td align=\"center\">05<\/td>\n<\/tr>\n<tr class=\"alternar\">\n<td class=\"tab1\">GESTI\u00d3N DE PROYECTOS INFORM\u00c1TICOS<\/td>\n<td align=\"center\">04<\/td>\n<\/tr>\n<tr class=\"alternar\">\n<td class=\"tab1\">METODOLOG\u00cdA DE LA INVESTIGACI\u00d3N<\/td>\n<td align=\"center\">03<\/td>\n<\/tr>\n<tr class=\"resaltado\">\n<td class=\"tab1\" colspan=\"2\"><strong>II CICLO<\/strong><\/td>\n<\/tr>\n<tr class=\"alternar\">\n<td class=\"tab1\">HACKING \u00c9TICO<\/td>\n<td align=\"center\">04<\/td>\n<\/tr>\n<tr class=\"alternar\">\n<td class=\"tab1\">TECNOLOG\u00cdA M\u00d3VIL<\/td>\n<td align=\"center\">04<\/td>\n<\/tr>\n<tr class=\"alternar\">\n<td class=\"tab1\">DESARROLLO DE APLICACIONES WEB I<\/td>\n<td align=\"center\">04<\/td>\n<\/tr>\n<tr class=\"alternar\">\n<td class=\"tab1\">INGENIER\u00cdA Y GESTI\u00d3N DEL CONOCIMIENTO<\/td>\n<td align=\"center\">04<\/td>\n<\/tr>\n<tr class=\"resaltado\">\n<td class=\"tab1\" colspan=\"2\"><strong>III CICLO<\/strong><\/td>\n<\/tr>\n<tr class=\"alternar\">\n<td class=\"tab1\">INTELIGENCIA DE NEGOCIOS I<\/td>\n<td align=\"center\">04<\/td>\n<\/tr>\n<tr class=\"alternar\">\n<td class=\"tab1\">DESARROLLO DE APLICACIONES WEB II<\/td>\n<td align=\"center\">04<\/td>\n<\/tr>\n<tr class=\"alternar\">\n<td class=\"tab1\">GESTI\u00d3N DE LA SEGURIDAD INFORM\u00c1TICA<\/td>\n<td align=\"center\">04<\/td>\n<\/tr>\n<tr class=\"alternar\">\n<td class=\"tab1\">SEMINARIO DE TESIS I<\/td>\n<td align=\"center\">04<\/td>\n<\/tr>\n<tr class=\"resaltado\">\n<td class=\"tab1\" colspan=\"2\"><strong>IV CICLO<\/strong><\/td>\n<\/tr>\n<tr class=\"alternar\">\n<td class=\"tab1\">CALIDAD DEL PRODUCTO DE SOFTWARE<\/td>\n<td align=\"center\">04<\/td>\n<\/tr>\n<tr class=\"alternar\">\n<td class=\"tab1\">T\u00d3PICOS AVANZADOS DE DESARROLLO DE APLICACIONES INFORM\u00c1TICAS<\/td>\n<td align=\"center\">04<\/td>\n<\/tr>\n<tr class=\"alternar\">\n<td class=\"tab1\">INTELIGENCIA DE NEGOCIOS II<\/td>\n<td align=\"center\">04<\/td>\n<\/tr>\n<tr class=\"alternar\">\n<td class=\"tab1\">SEMINARIO DE TESIS II<\/td>\n<td align=\"center\">04<\/td>\n<\/tr>\n<tr class=\"encabezado\">\n<td style=\"text-align: center;\"><strong>TOTAL DE CR\u00c9DITOS<\/strong><\/td>\n<td align=\"center\"><strong>64<\/strong><\/td>\n<\/tr>\n<\/tbody>\n<\/table>\n<p><\/div><\/p>\n<p><div class=\"omsc-tabs-tab omsc-tab-horario-de-clases\"><\/p>\n<table class=\"tablahorario\">\n<tbody>\n<tr>\n<td><strong>S\u00e1bados:<\/strong><\/td>\n<td>4:00 p.m. &#8211; 9:00 p.m.<\/td>\n<\/tr>\n<tr>\n<td><strong>Domingos:<\/strong><\/td>\n<td>8:00 a.m. &#8211; 1:00 p.m.<\/td>\n<\/tr>\n<\/tbody>\n<\/table>\n<p style=\"text-align: justify; margin-left: 10px;\"><strong>\u00abMODALIDAD DE ESTUDIOS: VIRTUAL\u00bb<\/strong><\/p>\n<p><\/div><\/p>\n<p><div class=\"omsc-tabs-tab omsc-tab-inversion-economica\"><\/p>\n<table class=\"tabla\" border=\"1\">\n<tbody>\n<tr class=\"resaltado\" align=\"center\">\n<td><strong>CONCEPTO<\/strong><\/td>\n<td><strong>MONTO<\/strong><\/td>\n<\/tr>\n<tr class=\"alternar\">\n<td class=\"tab1\"><strong>Admisi\u00f3n (\u00fanica)<\/strong><\/td>\n<td align=\"center\">S\/. 510.60<\/td>\n<\/tr>\n<tr class=\"alternar\">\n<td class=\"tab1\"><strong>Matr\u00edcula Anual (2, anuales)<\/strong><\/td>\n<td align=\"center\">S\/. 662<\/td>\n<\/tr>\n<tr class=\"alternar\">\n<td class=\"tab1\"><strong>Pensi\u00f3n de Ense\u00f1anza (20, cuotas)<\/strong><\/td>\n<td align=\"center\">S\/. 450.00<\/td>\n<\/tr>\n<\/tbody>\n<\/table>\n<p><div class=\"omsc-divider omsc-border-large omsc-style-single\" style=\"\"><\/div><\/p>\n<table class=\"tabla\" border=\"1\">\n<tbody>\n<tr class=\"resaltado\" align=\"center\">\n<td colspan=\"2\"><strong>INFORMACI\u00d3N GENERAL<br \/>\nTRANSACCI\u00d3N (9135) &#8211; BANCO DE LA NACI\u00d3N<\/strong><\/td>\n<\/tr>\n<tr class=\"resaltado\" align=\"center\">\n<td><strong>CONCEPTO<\/strong><\/td>\n<td><strong>C\u00d3DIGO<\/strong><\/td>\n<\/tr>\n<tr class=\"alternar\">\n<td class=\"tab1\">Derecho de Admisi\u00f3n<\/td>\n<td align=\"center\">15<\/td>\n<\/tr>\n<tr class=\"alternar\">\n<td class=\"tab1\">Matr\u00edcula de Posgrado<\/td>\n<td align=\"center\">57<\/td>\n<\/tr>\n<tr class=\"alternar\">\n<td class=\"tab1\">Pensi\u00f3n de Ense\u00f1anza Posgrado<\/td>\n<td align=\"center\">81<\/td>\n<\/tr>\n<\/tbody>\n<\/table>\n<ul class=\"omsc-icons-ul fa-ul\">\n<li style=\"text-align: justify;\"><i class=\"fa-li fa fa-check\"><\/i><strong>Los pagos deben ser realizados mediante Ventanilla del Banco de la Naci\u00f3n o Pagalo.pe.<\/strong><\/li>\n<li style=\"text-align: justify;\"><i class=\"fa-li fa fa-check\"><\/i><strong>Realizar los pagos por concepto de Pensi\u00f3n de Ense\u00f1anza Posgrado en un solo voucher (m\u00e1s de una pensi\u00f3n).<\/strong><\/li>\n<li style=\"text-align: justify;\"><i class=\"fa-li fa fa-check\"><\/i><strong>El pago por concepto de Matr\u00edcula se debe realizar en un \u00fanico voucher.<\/strong><\/li>\n<li style=\"text-align: justify;\"><i class=\"fa-li fa fa-check\"><\/i><strong>Los pagos realizados deber\u00e1n ser reportados dentro del mismo mes.<\/strong><\/li>\n<\/ul>\n<p><\/div><br \/>\n<\/div><div class=\"omsc-clear\"><\/div><\/div>\n<a class=\"omsc-button omsc-no-custom-hover omsc-size-medium omsc-with-icon omsc-style-emboss omsc-text-bright\" href=\"https:\/\/drive.google.com\/open?id=1X5SMjRevhA5oTNu-XQZH9Ai4AWlX1gch\" target=\"_blank\" style=\"background-color:#922446;border-color:#922446;color:#ffffff\"><i class=\"fa fa-arrow-circle-o-down\"><\/i>PLAN CURRICULAR<\/a>\n<p><strong>Coordinador de la Maestr\u00eda (PROMAIINFO):<\/strong><br \/>\n<strong>Mg. Arturo Sandoval Rivera<\/strong><br \/>\n<strong>Celular:<\/strong> 969380349<br \/>\n<strong>E-mail:<\/strong> asandovalri@unp.edu.pe<\/p>\n<p><strong>Personal Administrativo &#8211; Informes<\/strong><br \/>\n<strong>Ing. Rosa Mendoza Panta<\/strong><br \/>\n<strong>E-mail:<\/strong> promaiinfo@unp.edu.pe<\/p>\n<p><strong>Horario de atenci\u00f3n:<\/strong> Lun-Vie: 8:00am &#8211; 3:00pm<\/p>\n<p><a href=\"https:\/\/epg.unp.edu.pe\/eposgrado\/maestrias\/\">&larr; Maestr\u00edas<\/a><\/p>","protected":false},"excerpt":{"rendered":"<p>Presentaci\u00f3n La inform\u00e1tica se constituye actualmente en una de las disciplinas de la ingenier\u00eda de mayor aplicaci\u00f3n y demanda en todos los \u00e1mbitos de la sociedad. Asimismo, la permanente innovaci\u00f3n de las tecnolog\u00edas de la informaci\u00f3n y la comunicaci\u00f3n (TICs) crea la necesidad de contar con profesionales altamente capacitados en esta disciplina. La Universidad Nacional [&hellip;]<\/p>\n","protected":false},"author":1,"featured_media":1169,"parent":1281,"menu_order":0,"comment_status":"closed","ping_status":"closed","template":"","meta":{"footnotes":""},"categories":[],"tags":[24,19],"class_list":["post-450","page","type-page","status-publish","has-post-thumbnail","hentry","tag-informatica","tag-ingenieria"],"_links":{"self":[{"href":"https:\/\/epg.unp.edu.pe\/eposgrado\/wp-json\/wp\/v2\/pages\/450","targetHints":{"allow":["GET"]}}],"collection":[{"href":"https:\/\/epg.unp.edu.pe\/eposgrado\/wp-json\/wp\/v2\/pages"}],"about":[{"href":"https:\/\/epg.unp.edu.pe\/eposgrado\/wp-json\/wp\/v2\/types\/page"}],"author":[{"embeddable":true,"href":"https:\/\/epg.unp.edu.pe\/eposgrado\/wp-json\/wp\/v2\/users\/1"}],"replies":[{"embeddable":true,"href":"https:\/\/epg.unp.edu.pe\/eposgrado\/wp-json\/wp\/v2\/comments?post=450"}],"version-history":[{"count":5,"href":"https:\/\/epg.unp.edu.pe\/eposgrado\/wp-json\/wp\/v2\/pages\/450\/revisions"}],"predecessor-version":[{"id":3245,"href":"https:\/\/epg.unp.edu.pe\/eposgrado\/wp-json\/wp\/v2\/pages\/450\/revisions\/3245"}],"up":[{"embeddable":true,"href":"https:\/\/epg.unp.edu.pe\/eposgrado\/wp-json\/wp\/v2\/pages\/1281"}],"wp:featuredmedia":[{"embeddable":true,"href":"https:\/\/epg.unp.edu.pe\/eposgrado\/wp-json\/wp\/v2\/media\/1169"}],"wp:attachment":[{"href":"https:\/\/epg.unp.edu.pe\/eposgrado\/wp-json\/wp\/v2\/media?parent=450"}],"wp:term":[{"taxonomy":"category","embeddable":true,"href":"https:\/\/epg.unp.edu.pe\/eposgrado\/wp-json\/wp\/v2\/categories?post=450"},{"taxonomy":"post_tag","embeddable":true,"href":"https:\/\/epg.unp.edu.pe\/eposgrado\/wp-json\/wp\/v2\/tags?post=450"}],"curies":[{"name":"wp","href":"https:\/\/api.w.org\/{rel}","templated":true}]}}