{"id":454,"date":"2018-11-16T16:56:37","date_gmt":"2018-11-16T16:56:37","guid":{"rendered":"https:\/\/epg.unp.edu.pe\/eposgrado\/?page_id=454"},"modified":"2019-04-12T19:06:53","modified_gmt":"2019-04-12T19:06:53","slug":"promamed","status":"publish","type":"page","link":"https:\/\/epg.unp.edu.pe\/eposgrado\/maestrias\/promamed\/","title":{"rendered":"Medicina"},"content":{"rendered":"<div class=\"pt-cv-wrapper\"><div class=\"pt-cv-view pt-cv-grid pt-cv-colsys pt-cv-post-border\" id=\"pt-cv-view-ac531174dt\"><div data-id=\"pt-cv-page-1\" class=\"pt-cv-page\" data-cvc=\"2\"><div class=\"col-md-6 col-sm-6 col-xs-12 pt-cv-content-item pt-cv-1-col\"  data-pid=\"1143\"><div class='pt-cv-ifield'><a href=\"https:\/\/epg.unp.edu.pe\/eposgrado\/maestrias\/promamed\/maestria-en-salud-ocupacional\/\" class=\"_self pt-cv-href-thumbnail pt-cv-thumb-default cvplbd\" target=\"_self\" ><img loading=\"lazy\" decoding=\"async\" width=\"791\" height=\"272\" src=\"https:\/\/epg.unp.edu.pe\/eposgrado\/wp-content\/uploads\/2019\/03\/banner_salud_ocupacional.png\" class=\"pt-cv-thumbnail img-none\" alt=\"Maestr\u00eda en Salud Ocupacional\" srcset=\"https:\/\/epg.unp.edu.pe\/eposgrado\/wp-content\/uploads\/2019\/03\/banner_salud_ocupacional.png 791w, https:\/\/epg.unp.edu.pe\/eposgrado\/wp-content\/uploads\/2019\/03\/banner_salud_ocupacional-300x103.png 300w, https:\/\/epg.unp.edu.pe\/eposgrado\/wp-content\/uploads\/2019\/03\/banner_salud_ocupacional-768x264.png 768w, https:\/\/epg.unp.edu.pe\/eposgrado\/wp-content\/uploads\/2019\/03\/banner_salud_ocupacional-285x98.png 285w\" sizes=\"auto, (max-width: 791px) 100vw, 791px\" \/><\/a>\n<h4 class=\"pt-cv-title\"><a href=\"https:\/\/epg.unp.edu.pe\/eposgrado\/maestrias\/promamed\/maestria-en-salud-ocupacional\/\" class=\"_self cvplbd\" target=\"_self\" >Maestr\u00eda en Salud Ocupacional<\/a><\/h4>\n<div class=\"pt-cv-content\"><div class=\"pt-cv-rmwrap\"><a href=\"https:\/\/epg.unp.edu.pe\/eposgrado\/maestrias\/promamed\/maestria-en-salud-ocupacional\/\" class=\"_self pt-cv-readmore btn btn-success cvplbd\" target=\"_self\">M\u00c1S INFORMACI\u00d3N<\/a><\/div><\/div><\/div><\/div>\n<div class=\"col-md-6 col-sm-6 col-xs-12 pt-cv-content-item pt-cv-1-col\"  data-pid=\"1126\"><div class='pt-cv-ifield'><a href=\"https:\/\/epg.unp.edu.pe\/eposgrado\/maestrias\/promamed\/maestria-en-salud-publica\/\" class=\"_self pt-cv-href-thumbnail pt-cv-thumb-default cvplbd\" target=\"_self\" ><img loading=\"lazy\" decoding=\"async\" width=\"3297\" height=\"1134\" src=\"https:\/\/epg.unp.edu.pe\/eposgrado\/wp-content\/uploads\/2019\/03\/banner_salud_publica.jpg\" class=\"pt-cv-thumbnail img-none\" alt=\"Maestr\u00eda en Salud P\u00fablica\" srcset=\"https:\/\/epg.unp.edu.pe\/eposgrado\/wp-content\/uploads\/2019\/03\/banner_salud_publica.jpg 3297w, https:\/\/epg.unp.edu.pe\/eposgrado\/wp-content\/uploads\/2019\/03\/banner_salud_publica-300x103.jpg 300w, https:\/\/epg.unp.edu.pe\/eposgrado\/wp-content\/uploads\/2019\/03\/banner_salud_publica-768x264.jpg 768w, https:\/\/epg.unp.edu.pe\/eposgrado\/wp-content\/uploads\/2019\/03\/banner_salud_publica-1024x352.jpg 1024w, https:\/\/epg.unp.edu.pe\/eposgrado\/wp-content\/uploads\/2019\/03\/banner_salud_publica-800x275.jpg 800w, https:\/\/epg.unp.edu.pe\/eposgrado\/wp-content\/uploads\/2019\/03\/banner_salud_publica-285x98.jpg 285w\" sizes=\"auto, (max-width: 3297px) 100vw, 3297px\" \/><\/a>\n<h4 class=\"pt-cv-title\"><a href=\"https:\/\/epg.unp.edu.pe\/eposgrado\/maestrias\/promamed\/maestria-en-salud-publica\/\" class=\"_self cvplbd\" target=\"_self\" >Maestr\u00eda en Salud P\u00fablica<\/a><\/h4>\n<div class=\"pt-cv-content\"><div class=\"pt-cv-rmwrap\"><a href=\"https:\/\/epg.unp.edu.pe\/eposgrado\/maestrias\/promamed\/maestria-en-salud-publica\/\" class=\"_self pt-cv-readmore btn btn-success cvplbd\" target=\"_self\">M\u00c1S INFORMACI\u00d3N<\/a><\/div><\/div><\/div><\/div>\n<div class=\"col-md-6 col-sm-6 col-xs-12 pt-cv-content-item pt-cv-1-col\"  data-pid=\"1141\"><div class='pt-cv-ifield'><a href=\"https:\/\/epg.unp.edu.pe\/eposgrado\/maestrias\/promamed\/neuropsicologia\/\" class=\"_self pt-cv-href-thumbnail pt-cv-thumb-default cvplbd\" target=\"_self\" ><img loading=\"lazy\" decoding=\"async\" width=\"791\" height=\"272\" src=\"https:\/\/epg.unp.edu.pe\/eposgrado\/wp-content\/uploads\/2019\/03\/banner_neuro.png\" class=\"pt-cv-thumbnail img-none\" alt=\"Neuropsicolog\u00eda\" srcset=\"https:\/\/epg.unp.edu.pe\/eposgrado\/wp-content\/uploads\/2019\/03\/banner_neuro.png 791w, https:\/\/epg.unp.edu.pe\/eposgrado\/wp-content\/uploads\/2019\/03\/banner_neuro-300x103.png 300w, https:\/\/epg.unp.edu.pe\/eposgrado\/wp-content\/uploads\/2019\/03\/banner_neuro-768x264.png 768w, https:\/\/epg.unp.edu.pe\/eposgrado\/wp-content\/uploads\/2019\/03\/banner_neuro-285x98.png 285w\" sizes=\"auto, (max-width: 791px) 100vw, 791px\" \/><\/a>\n<h4 class=\"pt-cv-title\"><a href=\"https:\/\/epg.unp.edu.pe\/eposgrado\/maestrias\/promamed\/neuropsicologia\/\" class=\"_self cvplbd\" target=\"_self\" > Maestr\u00eda en Psicolog\u00eda Cl\u00ednica con menci\u00f3n en Neuropsicolog\u00eda<\/a><\/h4>\n<div class=\"pt-cv-content\"><div class=\"pt-cv-rmwrap\"><a href=\"https:\/\/epg.unp.edu.pe\/eposgrado\/maestrias\/promamed\/neuropsicologia\/\" class=\"_self pt-cv-readmore btn btn-success cvplbd\" target=\"_self\">M\u00c1S INFORMACI\u00d3N<\/a><\/div><\/div><\/div><\/div>\n<div class=\"col-md-6 col-sm-6 col-xs-12 pt-cv-content-item pt-cv-1-col\"  data-pid=\"1134\"><div class='pt-cv-ifield'><a href=\"https:\/\/epg.unp.edu.pe\/eposgrado\/maestrias\/promamed\/terapia-familiar\/\" class=\"_self pt-cv-href-thumbnail pt-cv-thumb-default cvplbd\" target=\"_self\" ><img loading=\"lazy\" decoding=\"async\" width=\"791\" height=\"272\" src=\"https:\/\/epg.unp.edu.pe\/eposgrado\/wp-content\/uploads\/2019\/03\/banner_terapia.png\" class=\"pt-cv-thumbnail img-none\" alt=\"Terapia Familiar\" srcset=\"https:\/\/epg.unp.edu.pe\/eposgrado\/wp-content\/uploads\/2019\/03\/banner_terapia.png 791w, https:\/\/epg.unp.edu.pe\/eposgrado\/wp-content\/uploads\/2019\/03\/banner_terapia-300x103.png 300w, https:\/\/epg.unp.edu.pe\/eposgrado\/wp-content\/uploads\/2019\/03\/banner_terapia-768x264.png 768w, https:\/\/epg.unp.edu.pe\/eposgrado\/wp-content\/uploads\/2019\/03\/banner_terapia-285x98.png 285w\" sizes=\"auto, (max-width: 791px) 100vw, 791px\" \/><\/a>\n<h4 class=\"pt-cv-title\"><a href=\"https:\/\/epg.unp.edu.pe\/eposgrado\/maestrias\/promamed\/terapia-familiar\/\" class=\"_self cvplbd\" target=\"_self\" > Maestr\u00eda en Psicolog\u00eda con menci\u00f3n en Terapia Familiar<\/a><\/h4>\n<div class=\"pt-cv-content\"><div class=\"pt-cv-rmwrap\"><a href=\"https:\/\/epg.unp.edu.pe\/eposgrado\/maestrias\/promamed\/terapia-familiar\/\" class=\"_self pt-cv-readmore btn btn-success cvplbd\" target=\"_self\">M\u00c1S INFORMACI\u00d3N<\/a><\/div><\/div><\/div><\/div><\/div><\/div><\/div>\t\t\t<style type=\"text\/css\" id=\"pt-cv-inline-style-f0ba83c6zf\">#pt-cv-view-ac531174dt.pt-cv-post-border { margin: 0; border-top-width: 1px; border-left-width: 1px }\n#pt-cv-view-ac531174dt.pt-cv-post-border { margin: 0; border-top-style: solid; border-left-style: solid }\n#pt-cv-view-ac531174dt.pt-cv-post-border { margin: 0; border-top-color: #ececec; border-left-color: #ececec }\n#pt-cv-view-ac531174dt.pt-cv-post-border .pt-cv-content-item   { border-right-width: 1px; border-bottom-width: 1px; border-right-style: solid; border-bottom-style: solid; border-right-color: #ececec; border-bottom-color: #ececec; }\n#pt-cv-view-ac531174dt .pt-cv-title a, #pt-cv-view-ac531174dt  .panel-title { font-weight: 600 !important; }\n#pt-cv-view-ac531174dt .pt-cv-readmore  { color: #ffffff !important; background-color: #922446 !important; }\n#pt-cv-view-ac531174dt .pt-cv-readmore:hover  { color: #ffffff !important; background-color: #922446 !important; }\n#pt-cv-view-ac531174dt  + .pt-cv-pagination-wrapper .pt-cv-more , #pt-cv-view-ac531174dt  + .pt-cv-pagination-wrapper .pagination .active a, .pt-cv-pagination[data-sid='ac531174dt'] .active a { color: #ffffff !important; background-color: #00aeef !important; }<\/style>\r\n\t\t\t\n<p><a href=\"https:\/\/epg.unp.edu.pe\/eposgrado\/maestrias\/\">&larr; Maestr\u00edas<\/a><\/p>","protected":false},"excerpt":{"rendered":"","protected":false},"author":1,"featured_media":0,"parent":1281,"menu_order":0,"comment_status":"closed","ping_status":"closed","template":"","meta":{"footnotes":""},"categories":[],"tags":[25],"class_list":["post-454","page","type-page","status-publish","hentry","tag-medicina"],"_links":{"self":[{"href":"https:\/\/epg.unp.edu.pe\/eposgrado\/wp-json\/wp\/v2\/pages\/454","targetHints":{"allow":["GET"]}}],"collection":[{"href":"https:\/\/epg.unp.edu.pe\/eposgrado\/wp-json\/wp\/v2\/pages"}],"about":[{"href":"https:\/\/epg.unp.edu.pe\/eposgrado\/wp-json\/wp\/v2\/types\/page"}],"author":[{"embeddable":true,"href":"https:\/\/epg.unp.edu.pe\/eposgrado\/wp-json\/wp\/v2\/users\/1"}],"replies":[{"embeddable":true,"href":"https:\/\/epg.unp.edu.pe\/eposgrado\/wp-json\/wp\/v2\/comments?post=454"}],"version-history":[{"count":4,"href":"https:\/\/epg.unp.edu.pe\/eposgrado\/wp-json\/wp\/v2\/pages\/454\/revisions"}],"predecessor-version":[{"id":1384,"href":"https:\/\/epg.unp.edu.pe\/eposgrado\/wp-json\/wp\/v2\/pages\/454\/revisions\/1384"}],"up":[{"embeddable":true,"href":"https:\/\/epg.unp.edu.pe\/eposgrado\/wp-json\/wp\/v2\/pages\/1281"}],"wp:attachment":[{"href":"https:\/\/epg.unp.edu.pe\/eposgrado\/wp-json\/wp\/v2\/media?parent=454"}],"wp:term":[{"taxonomy":"category","embeddable":true,"href":"https:\/\/epg.unp.edu.pe\/eposgrado\/wp-json\/wp\/v2\/categories?post=454"},{"taxonomy":"post_tag","embeddable":true,"href":"https:\/\/epg.unp.edu.pe\/eposgrado\/wp-json\/wp\/v2\/tags?post=454"}],"curies":[{"name":"wp","href":"https:\/\/api.w.org\/{rel}","templated":true}]}}