{"id":458,"date":"2018-11-16T17:03:42","date_gmt":"2018-11-16T17:03:42","guid":{"rendered":"https:\/\/epg.unp.edu.pe\/eposgrado\/?page_id=458"},"modified":"2025-02-27T17:14:39","modified_gmt":"2025-02-27T17:14:39","slug":"promaina","status":"publish","type":"page","link":"https:\/\/epg.unp.edu.pe\/eposgrado\/maestrias\/promaina\/","title":{"rendered":"Maestr\u00eda en Ingenier\u00eda Ambiental y Seguridad Industrial"},"content":{"rendered":"<h2 style=\"text-align: justify;\"><strong>Presentaci\u00f3n<\/strong><\/h2>\n<p style=\"text-align: justify;\">La Universidad Nacional de Piura, a trav\u00e9s de la Escuela de Posgrado, ofrece el Programa de Maestr\u00eda en Ingenier\u00eda Ambiental y Seguridad Industrial a profesionales y bachilleres que est\u00e1n relacionados con la especialidad ya sea por programas de ingenier\u00eda o ciencias b\u00e1sicas.<\/p>\n<p style=\"text-align: justify;\">Hasta hace algunos a\u00f1os, el problema de la protecci\u00f3n de la bi\u00f3sfera estaba circunscrito al \u00e1mbito local de determinadas \u00e1reas industriales, pues el volumen de establecimientos fabriles era muy peque\u00f1o con relaci\u00f3n a la superficie de cada pa\u00eds y por tanto los da\u00f1os que sufr\u00eda el entorno eran limitados y f\u00e1ciles de reparar, aunque no siempre se reparasen.<\/p>\n<p style=\"text-align: justify;\">Pero con la generalizaci\u00f3n del desarrollo econ\u00f3mico basado en una mejor industrializaci\u00f3n ha aumentado la acci\u00f3n degradante tanto en extensi\u00f3n como en intensidad, de tal modo que el problema se ha convertido en una preocupaci\u00f3n social y pol\u00edtica prioritaria.<\/p>\n<p style=\"text-align: justify;\">Los ingenieros deben estar relacionados y ser capaces de aplicar los avances tecnol\u00f3gicos que posibiliten reducir el impacto ambiental e incrementar la seguridad industrial a l\u00edmites socialmente aceptables, con un costo igualmente asumible y, de este modo hacer compatibles la explotaci\u00f3n y la transformaci\u00f3n de los recursos con la protecci\u00f3n del entorno natural.<\/p>\n<h3 style=\"text-align: justify;\"><strong>Objetivos<\/strong><\/h3>\n<ul class=\"omsc-icons-ul fa-ul\">\n<li style=\"text-align: justify; margin-left: 20px;\"><i class=\"fa-li fa fa-chevron-right\"><\/i>Formar profesionales del m\u00e1s alto nivel cient\u00edfico y t\u00e9cnico, con orientaci\u00f3n human\u00edstica, con conocimientos, habilidades y actitudes necesarias que les permitan desempe\u00f1ar funciones que contribuyan al desarrollo sostenible del pa\u00eds, capaces de analizar, organizar y dirigir los aspectos relacionados con el medioambiente y la seguridad industrial.<\/li>\n<li style=\"text-align: justify; margin-left: 20px;\"><i class=\"fa-li fa fa-chevron-right\"><\/i>Formar profesionales en Medioambiente y Seguridad Industrial capacitados para identificar el impacto de proyectos relacionadas con la industria en general y de aplicar las metodolog\u00edas, t\u00e9cnicas y herramientas para subsanar dichos impactos.<\/li>\n<li style=\"text-align: justify; margin-left: 20px;\"><i class=\"fa-li fa fa-chevron-right\"><\/i>Formar investigadores con car\u00e1cter interdisciplinario, con capacidades para emprender tareas de innovaci\u00f3n y desarrollo ambiental; que puedan contribuir a mejorar la calidad de vida y la investigaci\u00f3n en la regi\u00f3n Piura.<\/li>\n<\/ul>\n<div class=\"omsc-tabs\"><ul class=\"omsc-tabs-control omsc-clearfix\"><li><a href=\"#tab-plan-de-estudios\"><span>Plan de Estudios<\/span><\/a><\/li><li><a href=\"#tab-horario-de-clases\"><span>Horario de clases<\/span><\/a><\/li><li><a href=\"#tab-inversion-economica\"><span>Inversi\u00f3n Econ\u00f3mica<\/span><\/a><\/li><\/ul><div class=\"omsc-tabs-tabs\"><\/p>\n<p><div class=\"omsc-tabs-tab omsc-tab-plan-de-estudios\"><\/p>\n<table class=\"tabla\" border=\"1\">\n<tbody>\n<tr class=\"encabezado\">\n<td class=\"tab1\"><strong>ASIGNATURA<\/strong><\/td>\n<td class=\"tab1\"><strong>CREDITOS<\/strong><\/td>\n<\/tr>\n<tr class=\"resaltado\">\n<td class=\"tab1\" colspan=\"2\"><strong>I CICLO<\/strong><\/td>\n<\/tr>\n<tr class=\"alternar\">\n<td class=\"tab1\">ECOLOG\u00cdA AMBIENTAL (CURSO PROPED\u00c9UTICO)<\/td>\n<td align=\"center\"><\/td>\n<\/tr>\n<tr class=\"alternar\">\n<td class=\"tab1\">CONTAMINACI\u00d3N ATMOSF\u00c9RICA Y CONTROL DE EMISIONES<\/td>\n<td align=\"center\">04<\/td>\n<\/tr>\n<tr class=\"alternar\">\n<td class=\"tab1\">CONTAMINACI\u00d3N DE AGUAS Y TRATAMIENTO DE EFLUENTES<\/td>\n<td align=\"center\">04<\/td>\n<\/tr>\n<tr class=\"alternar\">\n<td class=\"tab1\">LEGISLACI\u00d3N AMBIENTAL Y DE SEGURIDAD INDUSTRIAL PARA EL DESAROOLLO SOSTENIBLE<\/td>\n<td align=\"center\">04<\/td>\n<\/tr>\n<tr class=\"alternar\">\n<td class=\"tab1\">SEGURIDAD INDUSTRIAL: CONTROL DE P\u00c9RDIDAS<\/td>\n<td align=\"center\">04<\/td>\n<\/tr>\n<tr class=\"resaltado\">\n<td class=\"tab1\" colspan=\"2\"><strong>II CICLO<\/strong><\/td>\n<\/tr>\n<tr class=\"alternar\">\n<td class=\"tab1\">GESTI\u00d3N DE RESIDUOS S\u00d3LIDOS<\/td>\n<td align=\"center\">03<\/td>\n<\/tr>\n<tr class=\"alternar\">\n<td class=\"tab1\">GESTI\u00d3N DE RESIDUOS INDUSTRIALES<\/td>\n<td align=\"center\">03<\/td>\n<\/tr>\n<tr class=\"alternar\">\n<td class=\"tab1\">CONTAMINACI\u00d3N Y TRATAMIENTO DE SUELOS Y AGUAS SUBTERR\u00c1NEAS<\/td>\n<td align=\"center\">04<\/td>\n<\/tr>\n<tr class=\"alternar\">\n<td class=\"tab1\">MINER\u00cdA Y AMBIENTE<\/td>\n<td align=\"center\">04<\/td>\n<\/tr>\n<tr class=\"alternar\">\n<td class=\"tab1\">GESTI\u00d3N DE SEGURIDAD: PREVENCI\u00d3N DE RIESGOS Y SALUD OCUPACIONAL<\/td>\n<td align=\"center\">04<\/td>\n<\/tr>\n<tr class=\"resaltado\">\n<td class=\"tab1\" colspan=\"2\"><strong>III CICLO<\/strong><\/td>\n<\/tr>\n<tr class=\"alternar\">\n<td class=\"tab1\">CONTAMINACI\u00d3N AC\u00daSTICA Y VIBRACIONES<\/td>\n<td align=\"center\">04<\/td>\n<\/tr>\n<tr class=\"alternar\">\n<td class=\"tab1\">ORDENAMIENTO TERRITORIAL Y MANEJO DE CUENCAS<\/td>\n<td align=\"center\">04<\/td>\n<\/tr>\n<tr class=\"alternar\">\n<td class=\"tab1\">INGENIER\u00cdA AMBIENTAL<\/td>\n<td align=\"center\">04<\/td>\n<\/tr>\n<tr class=\"alternar\">\n<td class=\"tab1\">SISTEMAS DE GESTI\u00d3N AMBIENTAL Y SISTEMAS INTEGRADOS DE GESTI\u00d3N<\/td>\n<td align=\"center\">04<\/td>\n<\/tr>\n<tr class=\"alternar\">\n<td class=\"tab1\">MICROBIOLOG\u00cdA AMBIENTAL (CURSO PROPED\u00c9UTICO)<\/td>\n<td align=\"center\"><\/td>\n<\/tr>\n<tr class=\"resaltado\">\n<td class=\"tab1\" colspan=\"2\"><strong>IV CICLO<\/strong><\/td>\n<\/tr>\n<tr class=\"alternar\">\n<td class=\"tab1\">SEMINARIO DE TESIS<\/td>\n<td align=\"center\">04<\/td>\n<\/tr>\n<tr class=\"alternar\">\n<td class=\"tab1\">AUDITOR\u00cdA DE SISTEMAS INTEGRADOS DE GESTI\u00d3N<\/td>\n<td align=\"center\">04<\/td>\n<\/tr>\n<tr class=\"alternar\">\n<td class=\"tab1\">EVALUACI\u00d3N DE IMPACTOS AMBIENTALES<\/td>\n<td align=\"center\">04<\/td>\n<\/tr>\n<tr class=\"alternar\">\n<td class=\"tab1\">RESPONSABILIAD SOCIAL Y MANEJO DE CONFLICTOS<\/td>\n<td align=\"center\">04<\/td>\n<\/tr>\n<tr class=\"alternar\">\n<td class=\"tab1\">T\u00c9CNICAS DE MUESTREO Y AN\u00c1LISIS (CURSO PROPED\u00c9UTICO)<\/td>\n<td align=\"center\"><\/td>\n<\/tr>\n<tr class=\"encabezado\">\n<td style=\"text-align: center;\"><strong>TOTAL DE CR\u00c9DITOS<\/strong><\/td>\n<td align=\"center\"><strong>66<\/strong><\/td>\n<\/tr>\n<\/tbody>\n<\/table>\n<p><\/div><\/p>\n<p><div class=\"omsc-tabs-tab omsc-tab-horario-de-clases\"><\/p>\n<table class=\"tablahorario\">\n<tbody>\n<tr>\n<td><strong>S\u00e1bados:<\/strong><\/td>\n<td>8:00 a.m. &#8211; 2:00 p.m.<\/td>\n<\/tr>\n<tr>\n<td><strong>Domingos:<\/strong><\/td>\n<td>8:00 a.m. &#8211; 2:00 p.m.<\/td>\n<\/tr>\n<\/tbody>\n<\/table>\n<p style=\"text-align: justify; margin-left: 10px;\"><strong>\u00abMODALIDAD DE ESTUDIOS: PRESENCIAL\/A DISTANCIA\u00bb<\/strong><\/p>\n<p><\/div><\/p>\n<p><div class=\"omsc-tabs-tab omsc-tab-inversion-economica\"><\/p>\n<table class=\"tabla\" border=\"1\">\n<tbody>\n<tr class=\"resaltado\" align=\"center\">\n<td><strong>CONCEPTO<\/strong><\/td>\n<td><strong>MONTO<\/strong><\/td>\n<\/tr>\n<tr class=\"alternar\">\n<td class=\"tab1\"><strong>Admisi\u00f3n (\u00fanica)<\/strong><\/td>\n<td align=\"center\">S\/. 510.60<\/td>\n<\/tr>\n<tr class=\"alternar\">\n<td class=\"tab1\"><strong>Matr\u00edcula Anual (2, anuales)<\/strong><\/td>\n<td align=\"center\">S\/. 662<\/td>\n<\/tr>\n<tr class=\"alternar\">\n<td class=\"tab1\"><strong>Pensi\u00f3n de Ense\u00f1anza (27, mensuales)<\/strong><\/td>\n<td align=\"center\">S\/. 400.00<\/td>\n<\/tr>\n<\/tbody>\n<\/table>\n<p><div class=\"omsc-divider omsc-border-large omsc-style-single\" style=\"\"><\/div><\/p>\n<table class=\"tabla\" border=\"1\">\n<tbody>\n<tr class=\"resaltado\" align=\"center\">\n<td colspan=\"2\"><strong>INFORMACI\u00d3N GENERAL<br \/>\nTRANSACCI\u00d3N (9135) &#8211; BANCO DE LA NACI\u00d3N<\/strong><\/td>\n<\/tr>\n<tr class=\"resaltado\" align=\"center\">\n<td><strong>CONCEPTO<\/strong><\/td>\n<td><strong>C\u00d3DIGO<\/strong><\/td>\n<\/tr>\n<tr class=\"alternar\">\n<td class=\"tab1\">Derecho de Admisi\u00f3n<\/td>\n<td align=\"center\">15<\/td>\n<\/tr>\n<tr class=\"alternar\">\n<td class=\"tab1\">Matr\u00edcula de Posgrado<\/td>\n<td align=\"center\">57<\/td>\n<\/tr>\n<tr class=\"alternar\">\n<td class=\"tab1\">Pensi\u00f3n de Ense\u00f1anza Posgrado<\/td>\n<td align=\"center\">83<\/td>\n<\/tr>\n<\/tbody>\n<\/table>\n<ul class=\"omsc-icons-ul fa-ul\">\n<li style=\"text-align: justify;\"><i class=\"fa-li fa fa-check\"><\/i><strong>Los pagos deben ser realizados mediante Ventanilla del Banco de la Naci\u00f3n o Pagalo.pe.<\/strong><\/li>\n<li style=\"text-align: justify;\"><i class=\"fa-li fa fa-check\"><\/i><strong>Realizar los pagos por concepto de Pensi\u00f3n de Ense\u00f1anza Posgrado en un solo voucher (m\u00e1s de una pensi\u00f3n).<\/strong><\/li>\n<li style=\"text-align: justify;\"><i class=\"fa-li fa fa-check\"><\/i><strong>El pago por concepto de Matr\u00edcula se debe realizar en un \u00fanico voucher.<\/strong><\/li>\n<li style=\"text-align: justify;\"><i class=\"fa-li fa fa-check\"><\/i><strong>Los pagos realizados deber\u00e1n ser reportados dentro del mismo mes.<\/strong><\/li>\n<\/ul>\n<p><\/div><br \/>\n<\/div><div class=\"omsc-clear\"><\/div><\/div>\n<a class=\"omsc-button omsc-no-custom-hover omsc-size-medium omsc-with-icon omsc-style-emboss omsc-text-bright\" href=\"https:\/\/drive.google.com\/open?id=1WueTdcgOufcmA2hTEbYwceB4xLMjGsMG\" target=\"_blank\" style=\"background-color:#922446;border-color:#922446;color:#ffffff\"><i class=\"fa fa-arrow-circle-o-down\"><\/i>PLAN CURRICULAR<\/a>\n<p><strong>Coordinador de la Maestr\u00eda (PROMAINA):<\/strong><br \/>\n<strong>DR. CARLOS ALBERTO CALLE GUTIERREZ<\/strong><br \/>\n<strong>Celular:<\/strong> 924529807<br \/>\n<strong>E-mail de la maestr\u00eda:<\/strong> promaina@unp.edu.pe<\/p>\n<p><strong>Personal Administrativo &#8211; Informes<\/strong><br \/>\n<span data-sheets-root=\"1\">Srta. Isabel Elisa Lozada Chulli\u00a0<\/span><br \/>\n<strong>Celular:<\/strong> 969231390<\/p>\n<p><span data-sheets-root=\"1\">Srta. Solagne Del F\u00e1tima Adanaque Flores<\/span><br \/>\n<strong>Celular:<\/strong> 988959847<\/p>\n<p><strong>Horario de atenci\u00f3n:<\/strong> Lun-Vie: 8:00am &#8211; 3:00pm<\/p>\n<p><a href=\"https:\/\/epg.unp.edu.pe\/eposgrado\/maestrias\/\">&larr; Maestr\u00edas<\/a><\/p>","protected":false},"excerpt":{"rendered":"<p>Presentaci\u00f3n La Universidad Nacional de Piura, a trav\u00e9s de la Escuela de Posgrado, ofrece el Programa de Maestr\u00eda en Ingenier\u00eda Ambiental y Seguridad Industrial a profesionales y bachilleres que est\u00e1n relacionados con la especialidad ya sea por programas de ingenier\u00eda o ciencias b\u00e1sicas. Hasta hace algunos a\u00f1os, el problema de la protecci\u00f3n de la bi\u00f3sfera [&hellip;]<\/p>\n","protected":false},"author":1,"featured_media":1176,"parent":1281,"menu_order":0,"comment_status":"closed","ping_status":"closed","template":"","meta":{"footnotes":""},"categories":[],"tags":[20,19],"class_list":["post-458","page","type-page","status-publish","has-post-thumbnail","hentry","tag-ambiental","tag-ingenieria"],"_links":{"self":[{"href":"https:\/\/epg.unp.edu.pe\/eposgrado\/wp-json\/wp\/v2\/pages\/458","targetHints":{"allow":["GET"]}}],"collection":[{"href":"https:\/\/epg.unp.edu.pe\/eposgrado\/wp-json\/wp\/v2\/pages"}],"about":[{"href":"https:\/\/epg.unp.edu.pe\/eposgrado\/wp-json\/wp\/v2\/types\/page"}],"author":[{"embeddable":true,"href":"https:\/\/epg.unp.edu.pe\/eposgrado\/wp-json\/wp\/v2\/users\/1"}],"replies":[{"embeddable":true,"href":"https:\/\/epg.unp.edu.pe\/eposgrado\/wp-json\/wp\/v2\/comments?post=458"}],"version-history":[{"count":5,"href":"https:\/\/epg.unp.edu.pe\/eposgrado\/wp-json\/wp\/v2\/pages\/458\/revisions"}],"predecessor-version":[{"id":3660,"href":"https:\/\/epg.unp.edu.pe\/eposgrado\/wp-json\/wp\/v2\/pages\/458\/revisions\/3660"}],"up":[{"embeddable":true,"href":"https:\/\/epg.unp.edu.pe\/eposgrado\/wp-json\/wp\/v2\/pages\/1281"}],"wp:featuredmedia":[{"embeddable":true,"href":"https:\/\/epg.unp.edu.pe\/eposgrado\/wp-json\/wp\/v2\/media\/1176"}],"wp:attachment":[{"href":"https:\/\/epg.unp.edu.pe\/eposgrado\/wp-json\/wp\/v2\/media?parent=458"}],"wp:term":[{"taxonomy":"category","embeddable":true,"href":"https:\/\/epg.unp.edu.pe\/eposgrado\/wp-json\/wp\/v2\/categories?post=458"},{"taxonomy":"post_tag","embeddable":true,"href":"https:\/\/epg.unp.edu.pe\/eposgrado\/wp-json\/wp\/v2\/tags?post=458"}],"curies":[{"name":"wp","href":"https:\/\/api.w.org\/{rel}","templated":true}]}}