{"id":461,"date":"2018-11-16T17:18:11","date_gmt":"2018-11-16T17:18:11","guid":{"rendered":"https:\/\/epg.unp.edu.pe\/eposgrado\/?page_id=461"},"modified":"2025-02-27T17:34:07","modified_gmt":"2025-02-27T17:34:07","slug":"promasisor","status":"publish","type":"page","link":"https:\/\/epg.unp.edu.pe\/eposgrado\/maestrias\/promasisor\/","title":{"rendered":"Maestr\u00eda en Seguridad Industrial, Salud Ocupacional y Relaciones Comunitarias"},"content":{"rendered":"<h2 style=\"text-align: justify;\"><strong>Presentaci\u00f3n<\/strong><\/h2>\n<p style=\"text-align: justify;\">Los conocimientos y t\u00e9cnicas empleadas proceden de casi todos los campos de la ciencia, y se desarrollan constantemente debido a la incesante b\u00fasqueda de recursos y optimizaci\u00f3n de la producci\u00f3n, los principios la seguridad industrial, medio ambiente, salud ocupacional y las relaciones comunitarias son aspectos que en estos \u00faltimos a\u00f1os han tomado un auge bastante intenso.<\/p>\n<p style=\"text-align: justify;\">En la industria en general se conforman equipos multidisciplinarios que trabajan en conjunto para encontrar soluciones a diferentes problemas que se presentan. El maestro en seguridad industrial y salud ocupacional y las relaciones comunitarias, tiene la capacidad de interpretar los datos recibidos del medio ambiente, la industria, los problemas de los trabajadores, haciendo uso de todas las tecnolog\u00edas que tenga al alcance.<\/p>\n<p style=\"text-align: justify;\">La Maestr\u00eda en Seguridad Industrial, Salud Ocupacional y Relaciones Comunitarias, tiene como fin contribuir al desarrollo sustentable del pa\u00eds y la regi\u00f3n, desarrollando el programa de postgrado con elevado nivel cient\u00edfico y tecnol\u00f3gico, que permita la formaci\u00f3n de investigadores y especialistas con capacidades, valores y actitudes de excelencia.<\/p>\n<p style=\"text-align: justify;\">Adem\u00e1s, busca alcanzar reconocimiento internacional, basado en nuestra competitividad para la generaci\u00f3n de conocimientos cient\u00edficos tecnol\u00f3gicos y cient\u00edficos adecuados a nuestra especialidad y sustentados en una cultura de investigaci\u00f3n.<\/p>\n<h3 style=\"text-align: justify;\"><strong>Objetivos<\/strong><\/h3>\n<ul class=\"omsc-icons-ul fa-ul\">\n<li style=\"text-align: justify; margin-left: 20px;\"><i class=\"fa-li fa fa-chevron-right\"><\/i>Formar Profesionales capaces de analizar, organizar, dirigir e inspeccionar los aspectos relacionados con la prevenci\u00f3n de los riesgos laborales.<\/li>\n<li style=\"text-align: justify; margin-left: 20px;\"><i class=\"fa-li fa fa-chevron-right\"><\/i>Preparar profesionales altamente capacitados para promover la utilizaci\u00f3n y el desarrollo de las metodolog\u00edas, t\u00e9cnicas que les permitan realizar investigaciones y\/o formular proyectos relacionando los aspectos vinculados a la seguridad industrial, salud ocupacional y las relaciones comunitarias, en un marco de la interdisciplinariedad.<\/li>\n<li style=\"text-align: justify; margin-left: 20px;\"><i class=\"fa-li fa fa-chevron-right\"><\/i>Ofrecer a los participantes, conocimientos avanzados que les permitan integrar nuevos enfoques de conocimientos, habilidades cient\u00edficas y t\u00e9cnicas para cubrir la creciente demanda de recursos humanos que satisfaga las necesidades de la Seguridad Industrial, la Salud Ocupacional y las Relaciones Comunitarias.<\/li>\n<\/ul>\n<div class=\"omsc-tabs\"><ul class=\"omsc-tabs-control omsc-clearfix\"><li><a href=\"#tab-plan-de-estudios\"><span>Plan de Estudios<\/span><\/a><\/li><li><a href=\"#tab-horario-de-clases\"><span>Horario de clases<\/span><\/a><\/li><li><a href=\"#tab-inversion-economica\"><span>Inversi\u00f3n Econ\u00f3mica<\/span><\/a><\/li><\/ul><div class=\"omsc-tabs-tabs\"><\/p>\n<p><div class=\"omsc-tabs-tab omsc-tab-plan-de-estudios\"><\/p>\n<table class=\"tabla\" border=\"1\">\n<tbody>\n<tr class=\"encabezado\">\n<td class=\"tab1\"><strong>ASIGNATURA<\/strong><\/td>\n<td class=\"tab1\"><strong>CR\u00c9DITOS<\/strong><\/td>\n<\/tr>\n<tr class=\"resaltado\">\n<td class=\"tab1\" colspan=\"2\"><strong>I CICLO<\/strong><\/td>\n<\/tr>\n<tr class=\"alternar\">\n<td class=\"tab1\">IDENTIFICACI\u00d3N DE PELIGROS Y EVALUACI\u00d3N DE RIESGOS (IPER)<\/td>\n<td align=\"center\">04<\/td>\n<\/tr>\n<tr class=\"alternar\">\n<td class=\"tab1\">SEGURIDAD E HIGIENE EN EL TRABAJO<\/td>\n<td align=\"center\">04<\/td>\n<\/tr>\n<tr class=\"alternar\">\n<td class=\"tab1\">LA PREVENCI\u00d3N DE RIESGOS EN EL AMBIENTE LABORAL<\/td>\n<td align=\"center\">04<\/td>\n<\/tr>\n<tr class=\"alternar\">\n<td class=\"tab1\">ORGANIZACI\u00d3N Y LEGISLACI\u00d3N LABORAL<\/td>\n<td align=\"center\">04<\/td>\n<\/tr>\n<tr class=\"resaltado\">\n<td class=\"tab1\" colspan=\"2\"><strong>II CICLO<\/strong><\/td>\n<\/tr>\n<tr class=\"alternar\">\n<td class=\"tab1\">METODOLOG\u00cdA DE LA INVESTIGACI\u00d3N DE ACCIDENTES DE TRABAJO<\/td>\n<td align=\"center\">04<\/td>\n<\/tr>\n<tr class=\"alternar\">\n<td class=\"tab1\">ERGONOM\u00cdA Y FISIOLOG\u00cdA DEL TRABAJO<\/td>\n<td align=\"center\">04<\/td>\n<\/tr>\n<tr class=\"alternar\">\n<td class=\"tab1\">GESTI\u00d3N ESTRAT\u00c9GICA DE RELACIONES COMUNITARIAS<\/td>\n<td align=\"center\">04<\/td>\n<\/tr>\n<tr class=\"alternar\">\n<td class=\"tab1\">TRATAMIENTO DE EFLUENTES Y DESECHOS INDUSTRIALES<\/td>\n<td align=\"center\">04<\/td>\n<\/tr>\n<tr class=\"resaltado\">\n<td class=\"tab1\" colspan=\"2\"><strong>III CICLO<\/strong><\/td>\n<\/tr>\n<tr class=\"alternar\">\n<td class=\"tab1\">MEDICINA DEL TRABAJO<\/td>\n<td align=\"center\">04<\/td>\n<\/tr>\n<tr class=\"alternar\">\n<td class=\"tab1\">HIGIENE OCUPACIONAL<\/td>\n<td align=\"center\">04<\/td>\n<\/tr>\n<tr class=\"alternar\">\n<td class=\"tab1\">PLAN DE RESPUESTA A EMERGENCIAS<\/td>\n<td align=\"center\">04<\/td>\n<\/tr>\n<tr class=\"alternar\">\n<td class=\"tab1\">CONTAMINACION EN EL AMBIENTE DE TRABAJO<\/td>\n<td align=\"center\">04<\/td>\n<\/tr>\n<tr class=\"alternar\">\n<td class=\"tab1\">TESIS<\/td>\n<td align=\"center\">03<\/td>\n<\/tr>\n<tr class=\"resaltado\">\n<td class=\"tab1\" colspan=\"2\"><strong>IV CICLO<\/strong><\/td>\n<\/tr>\n<tr class=\"alternar\">\n<td class=\"tab1\">FISIOLOG\u00cdA Y EPIDEMIOLOG\u00cdA DEL TRABAJO<\/td>\n<td align=\"center\">04<\/td>\n<\/tr>\n<tr class=\"alternar\">\n<td class=\"tab1\">SOLUCI\u00d3N DE CONFLICTOS<\/td>\n<td align=\"center\">04<\/td>\n<\/tr>\n<tr class=\"alternar\">\n<td class=\"tab1\">TOXICOLOG\u00cdA OCUPACIONAL<\/td>\n<td align=\"center\">04<\/td>\n<\/tr>\n<tr class=\"alternar\">\n<td class=\"tab1\">SISTEMA DE GESTION DE LA SALUD Y LA SEGURIDAD EN EL TRABAJO (SGSST)<\/td>\n<td align=\"center\">03<\/td>\n<\/tr>\n<tr class=\"encabezado\">\n<td style=\"text-align: center;\"><strong>TOTAL DE CR\u00c9DITOS<\/strong><\/td>\n<td align=\"center\"><strong>66<\/strong><\/td>\n<\/tr>\n<\/tbody>\n<\/table>\n<p><\/div><\/p>\n<p><div class=\"omsc-tabs-tab omsc-tab-horario-de-clases\"><\/p>\n<table class=\"tablahorario\">\n<tbody>\n<tr>\n<td><strong>S\u00e1bados:<\/strong><\/td>\n<td>8:30 a.m. &#8211; 2:00 p.m.<\/td>\n<\/tr>\n<tr>\n<td><strong>Domingos:<\/strong><\/td>\n<td>8:30 a.m. &#8211; 2:00 p.m.<\/td>\n<\/tr>\n<\/tbody>\n<\/table>\n<p style=\"text-align: justify; margin-left: 10px;\"><strong>\u00abMODALIDAD DE ESTUDIOS: PRESENCIAL\/A DISTANCIA\u00bb<\/strong><\/p>\n<p><\/div><\/p>\n<p><div class=\"omsc-tabs-tab omsc-tab-inversion-economica\"><\/p>\n<table class=\"tabla\" border=\"1\">\n<tbody>\n<tr class=\"resaltado\" align=\"center\">\n<td><strong>CONCEPTO<\/strong><\/td>\n<td><strong>MONTO<\/strong><\/td>\n<\/tr>\n<tr class=\"alternar\">\n<td class=\"tab1\"><strong>Admisi\u00f3n (\u00fanica)<\/strong><\/td>\n<td align=\"center\">S\/. 510.60<\/td>\n<\/tr>\n<tr class=\"alternar\">\n<td class=\"tab1\"><strong>Matr\u00edcula Anual (2, anuales)<\/strong><\/td>\n<td align=\"center\">S\/. 662<\/td>\n<\/tr>\n<tr class=\"alternar\">\n<td class=\"tab1\"><strong>Pensi\u00f3n de Ense\u00f1anza (18, mensuales)<\/strong><\/td>\n<td align=\"center\">S\/. 600.00<\/td>\n<\/tr>\n<\/tbody>\n<\/table>\n<p><div class=\"omsc-divider omsc-border-large omsc-style-single\" style=\"\"><\/div><\/p>\n<table class=\"tabla\" border=\"1\">\n<tbody>\n<tr class=\"resaltado\" align=\"center\">\n<td colspan=\"2\"><strong>INFORMACI\u00d3N GENERAL<br \/>\nTRANSACCI\u00d3N (9135) &#8211; BANCO DE LA NACI\u00d3N<\/strong><\/td>\n<\/tr>\n<tr class=\"resaltado\" align=\"center\">\n<td><strong>CONCEPTO<\/strong><\/td>\n<td><strong>C\u00d3DIGO<\/strong><\/td>\n<\/tr>\n<tr class=\"alternar\">\n<td class=\"tab1\">Derecho de Admisi\u00f3n<\/td>\n<td align=\"center\">15<\/td>\n<\/tr>\n<tr class=\"alternar\">\n<td class=\"tab1\">Matr\u00edcula de Posgrado<\/td>\n<td align=\"center\">57<\/td>\n<\/tr>\n<tr class=\"alternar\">\n<td class=\"tab1\">Pensi\u00f3n de Ense\u00f1anza Posgrado<\/td>\n<td align=\"center\">85<\/td>\n<\/tr>\n<\/tbody>\n<\/table>\n<ul class=\"omsc-icons-ul fa-ul\">\n<li style=\"text-align: justify;\"><i class=\"fa-li fa fa-check\"><\/i><strong>Los pagos deben ser realizados mediante Ventanilla del Banco de la Naci\u00f3n o Pagalo.pe.<\/strong><\/li>\n<li style=\"text-align: justify;\"><i class=\"fa-li fa fa-check\"><\/i><strong>Realizar los pagos por concepto de Pensi\u00f3n de Ense\u00f1anza Posgrado en un solo voucher (m\u00e1s de una pensi\u00f3n).<\/strong><\/li>\n<li style=\"text-align: justify;\"><i class=\"fa-li fa fa-check\"><\/i><strong>El pago por concepto de Matr\u00edcula se debe realizar en un \u00fanico voucher.<\/strong><\/li>\n<li style=\"text-align: justify;\"><i class=\"fa-li fa fa-check\"><\/i><strong>Los pagos realizados deber\u00e1n ser reportados dentro del mismo mes.<\/strong><\/li>\n<\/ul>\n<p><\/div><br \/>\n<\/div><div class=\"omsc-clear\"><\/div><\/div>\n<a class=\"omsc-button omsc-no-custom-hover omsc-size-medium omsc-with-icon omsc-style-emboss omsc-text-bright\" href=\"https:\/\/drive.google.com\/open?id=1ilaFMBKme-Xp2gIvXOV49KnwMNhXQa_c\" target=\"_blank\" style=\"background-color:#922446;border-color:#922446;color:#ffffff\"><i class=\"fa fa-arrow-circle-o-down\"><\/i>PLAN CURRICULAR<\/a>\n<p><strong>Coordinador de la Maestr\u00eda (PROMASISORC):<\/strong><br \/>\n<strong>DR. Vicente Segundo Ruiz Jacinto<\/strong><br \/>\n<strong>Celular:<\/strong> 969 640 267<br \/>\n<strong>E-mail:<\/strong> vruizj@unp.edu.pe<\/p>\n<p><strong>E-mail de la maestr\u00eda:<\/strong> promasisorc@unp.edu.pe<\/p>\n<p><strong>Personal Administrativo &#8211; Informes<\/strong><br \/>\n<strong>Enmanuel Guti\u00e9rrez Mendoza<\/strong><br \/>\n<strong>Celular: <\/strong>971607731<\/p>\n<p><strong>Horario de atenci\u00f3n:<\/strong> Lun-Vie: 8:00am &#8211; 3:00pm<\/p>\n<p><a href=\"https:\/\/epg.unp.edu.pe\/eposgrado\/maestrias\/\">&larr; Maestr\u00edas<\/a><\/p>","protected":false},"excerpt":{"rendered":"<p>Presentaci\u00f3n Los conocimientos y t\u00e9cnicas empleadas proceden de casi todos los campos de la ciencia, y se desarrollan constantemente debido a la incesante b\u00fasqueda de recursos y optimizaci\u00f3n de la producci\u00f3n, los principios la seguridad industrial, medio ambiente, salud ocupacional y las relaciones comunitarias son aspectos que en estos \u00faltimos a\u00f1os han tomado un auge [&hellip;]<\/p>\n","protected":false},"author":1,"featured_media":1178,"parent":1281,"menu_order":0,"comment_status":"closed","ping_status":"closed","template":"","meta":{"footnotes":""},"categories":[],"tags":[28,27],"class_list":["post-461","page","type-page","status-publish","has-post-thumbnail","hentry","tag-salud-ocupacional","tag-seguridad-industrial"],"_links":{"self":[{"href":"https:\/\/epg.unp.edu.pe\/eposgrado\/wp-json\/wp\/v2\/pages\/461","targetHints":{"allow":["GET"]}}],"collection":[{"href":"https:\/\/epg.unp.edu.pe\/eposgrado\/wp-json\/wp\/v2\/pages"}],"about":[{"href":"https:\/\/epg.unp.edu.pe\/eposgrado\/wp-json\/wp\/v2\/types\/page"}],"author":[{"embeddable":true,"href":"https:\/\/epg.unp.edu.pe\/eposgrado\/wp-json\/wp\/v2\/users\/1"}],"replies":[{"embeddable":true,"href":"https:\/\/epg.unp.edu.pe\/eposgrado\/wp-json\/wp\/v2\/comments?post=461"}],"version-history":[{"count":5,"href":"https:\/\/epg.unp.edu.pe\/eposgrado\/wp-json\/wp\/v2\/pages\/461\/revisions"}],"predecessor-version":[{"id":3663,"href":"https:\/\/epg.unp.edu.pe\/eposgrado\/wp-json\/wp\/v2\/pages\/461\/revisions\/3663"}],"up":[{"embeddable":true,"href":"https:\/\/epg.unp.edu.pe\/eposgrado\/wp-json\/wp\/v2\/pages\/1281"}],"wp:featuredmedia":[{"embeddable":true,"href":"https:\/\/epg.unp.edu.pe\/eposgrado\/wp-json\/wp\/v2\/media\/1178"}],"wp:attachment":[{"href":"https:\/\/epg.unp.edu.pe\/eposgrado\/wp-json\/wp\/v2\/media?parent=461"}],"wp:term":[{"taxonomy":"category","embeddable":true,"href":"https:\/\/epg.unp.edu.pe\/eposgrado\/wp-json\/wp\/v2\/categories?post=461"},{"taxonomy":"post_tag","embeddable":true,"href":"https:\/\/epg.unp.edu.pe\/eposgrado\/wp-json\/wp\/v2\/tags?post=461"}],"curies":[{"name":"wp","href":"https:\/\/api.w.org\/{rel}","templated":true}]}}